{"id":9996,"date":"2015-12-04T14:15:00","date_gmt":"2015-12-04T13:15:00","guid":{"rendered":"https:\/\/www.next-food.net\/product\/grillons-au-piment-doux\/"},"modified":"2026-04-24T11:45:01","modified_gmt":"2026-04-24T10:45:01","slug":"grillons-au-piment-doux","status":"publish","type":"product","link":"https:\/\/www.next-food.net\/fr\/produit\/grillons-au-piment-doux\/","title":{"rendered":"Grillon (petits) | Insecte Comestible \u00ab\u00a0Piment Doux\u00a0\u00bb"},"content":{"rendered":"<h2>Grillon : Subtilit\u00e9 et saveurs pour cet insecte comestible<\/h2>\n<p>La douceur du sucre et le piquant du piment : c\u2019est ce que Next-Food vous propose en toute simplicit\u00e9 pour aromatiser les c\u00e9l\u00e8bres <em>grillons<\/em> comestibles. C\u2019est en vrai r\u00e9gal pour les entomophages et une occasion pour go\u00fbter aux d\u00e9lices des <em>insectes comestibles<\/em> pour ceux qui n\u2019en ont jamais pris.<\/p>\n<h3>Ideal comme Insecte apero ou salade<\/h3>\n<p>Afin de concocter des <em>grillons<\/em> au piment doux, Next-Food s\u00e9lectionne les meilleurs sp\u00e9cimens de son \u00e9levage \u00e9co-responsable.<\/p>\n<p>Afin de respecter les normes, ces <em>insectes \u00e0 manger<\/em> sont bouillis avant de passer aux s\u00e9chages et au conditionnement en sachet des 25 g.<\/p>\n<p>Next Food garantit la fra\u00eecheur des <em>insectes comestibles<\/em> avant toute pr\u00e9paration et permet de pr\u00e9server l\u2019authenticit\u00e9 du go\u00fbt des <em>grillons<\/em> comestibles.<\/p>\n<p>En ap\u00e9ritif, en soupe ou en int\u00e9grant des recettes bien connues, cet <em>insecte comestible<\/em> remplace \u00e0 merveille les chips, les cacahu\u00e8tes, les viandes et m\u00eame les poissons.<\/p>\n<p>Disponibles sur next-food.net, ces <em>insectes alimentaires<\/em> apportent des saveurs qui raviront les papilles des entomophages et qui surprendront les n\u00e9ophytes. Pour en commander, consultez le site next-food.net !<\/p>\n<h2>L\u2019entomophagie : prot\u00e9ine insecte<\/h2>\n<p>Actuellement, l\u2019\u00e9levage intensif d&rsquo;animaux fournit l\u2019essentiel des prot\u00e9ines que l&rsquo;on consomme dans le monde. Pourtant, cette pratique est connue pour ses impacts environnementaux \u00e0 cause des gaz \u00e0 effet de serre et de l\u2019ammoniac.<\/p>\n<p>En optant pour l\u2019e<em>levage d\u2019insecte<\/em> comme le <em>grillon<\/em>, le , les <em>vers \u00e0 soie<\/em>\u2026 Next Food mise sur des pratiques nettement moins polluantes et plus particuli\u00e8rement moins \u00e9nergivores.<\/p>\n<p>En effet, par rapport \u00e0 l\u2019\u00e9levage de cochon, un \u00e9levage de <em>grillon<\/em> par exemple compte 4 fois moins de dioxyde de carbone et de l\u2019oxyde nitreux, 5 fois moins de m\u00e9thane et 10 fois moins d\u2019ammoniac. Par ailleurs, les <em>insectes comestibles<\/em> transmettent moins de maladies \u00e0 l\u2019homme. Le risque d\u2019attraper une grippe apr\u00e8s la consommation d&rsquo;<em>insectes<\/em> <em>grill\u00e9s <\/em>est quasi-inexistant.<\/p>\n<p>Aujourd\u2019hui, nous comptons pas moins de 1 400 esp\u00e8ces d\u2019insectes comestibles. Beaucoup d\u2019entre eux nous sont familiers. C\u2019est le cas des grillons, des fourmis, des chenilles et des criquets. Par ailleurs, il y a diff\u00e9rentes mani\u00e8res de les d\u00e9guster. On peut les manger en bouillie, en ap\u00e9ritif, en <strong>chocolat insecte<\/strong>, caram\u00e9lis\u00e9\u2026 Alors, achetez sur next-food.net toutes sortes d\u2019insectes comestibles !<\/p>\n","protected":false},"excerpt":{"rendered":"        <div id=\"woocommerce-multi-currency-1\"\r\n             class=\"woocommerce-multi-currency wmc-shortcode plain-horizontal layout3 \"\r\n             data-layout=\"layout3\" data-flag_size=\"0.6\">\r\n            <input type=\"hidden\" class=\"wmc-current-url\" value=\"\/fr\/wp-json\/wp\/v2\/product\/9996\">\r\n\t\t\t                <div class=\"wmc-currency wmc-active\">\r\n\t\t\t\t\t                    <a rel=\"nofollow\" title=\"European Union\" class=\"wmc-currency-redirect\"\r\n                       href=\"\/fr\/wp-json\/wp\/v2\/product\/9996?wmc-currency=EUR\" data-currency=\"EUR\">\r\n                        <i style=\"transform: scale(0.6); margin: -8px -12px\"\r\n                           class=\"vi-flag-64 flag-eu \"><\/i>\r\n                    <\/a>\r\n                <\/div>\r\n\t\t\t\t                <div class=\"wmc-currency \">\r\n\t\t\t\t\t                    <a rel=\"nofollow\" title=\"Etats-Unis (USA)\" class=\"wmc-currency-redirect\"\r\n                       href=\"\/fr\/wp-json\/wp\/v2\/product\/9996?wmc-currency=USD\" data-currency=\"USD\">\r\n                        <i style=\"transform: scale(0.6); margin: -8px -12px\"\r\n                           class=\"vi-flag-64 flag-us \"><\/i>\r\n                    <\/a>\r\n                <\/div>\r\n\t\t\t\t        <\/div>\r\n\t\t Choisir la devise<\/p>\n<p>Petit\u00a0<em>Grillon, <a href=\"https:\/\/www.next-food.net\/fr\/produit\/tarentulas-haplopelma-albostriatum\/\">insectes Comestibles<\/a><\/em> pr\u00e9par\u00e9s au piment doux &#8211; Gryllus Bimaculatus<br \/>\n(Le sachet de 25 gr)<\/p>\n<p>Le <em>grillon,\u00a0<\/em> excellent <em>insecte comestible<\/em> au go\u00fbt sauce piment doux. Un r\u00e9gal avec le piment m\u00e9lang\u00e9 au sucre\u2026 Un Go\u00fbt de \u00ab\u00a0reviensy \u00a0\u00bb !<\/p>\n","protected":false},"featured_media":9997,"comment_status":"open","ping_status":"closed","template":"","meta":[],"product_brand":[],"product_cat":[369],"product_tag":[],"class_list":{"0":"post-9996","1":"product","2":"type-product","3":"status-publish","4":"has-post-thumbnail","6":"product_cat-flavoured-fr","8":"first","9":"instock","10":"shipping-taxable","11":"purchasable","12":"product-type-simple"},"_links":{"self":[{"href":"https:\/\/www.next-food.net\/fr\/wp-json\/wp\/v2\/product\/9996","targetHints":{"allow":["GET"]}}],"collection":[{"href":"https:\/\/www.next-food.net\/fr\/wp-json\/wp\/v2\/product"}],"about":[{"href":"https:\/\/www.next-food.net\/fr\/wp-json\/wp\/v2\/types\/product"}],"replies":[{"embeddable":true,"href":"https:\/\/www.next-food.net\/fr\/wp-json\/wp\/v2\/comments?post=9996"}],"wp:featuredmedia":[{"embeddable":true,"href":"https:\/\/www.next-food.net\/fr\/wp-json\/wp\/v2\/media\/9997"}],"wp:attachment":[{"href":"https:\/\/www.next-food.net\/fr\/wp-json\/wp\/v2\/media?parent=9996"}],"wp:term":[{"taxonomy":"product_brand","embeddable":true,"href":"https:\/\/www.next-food.net\/fr\/wp-json\/wp\/v2\/product_brand?post=9996"},{"taxonomy":"product_cat","embeddable":true,"href":"https:\/\/www.next-food.net\/fr\/wp-json\/wp\/v2\/product_cat?post=9996"},{"taxonomy":"product_tag","embeddable":true,"href":"https:\/\/www.next-food.net\/fr\/wp-json\/wp\/v2\/product_tag?post=9996"}],"curies":[{"name":"wp","href":"https:\/\/api.w.org\/{rel}","templated":true}]}}