{"id":9990,"date":"2015-03-12T10:37:50","date_gmt":"2015-03-12T09:37:50","guid":{"rendered":"https:\/\/www.next-food.net\/product\/grillons-au-curry-thai\/"},"modified":"2025-12-03T12:12:04","modified_gmt":"2025-12-03T11:12:04","slug":"grillons-au-curry-thai","status":"publish","type":"product","link":"https:\/\/www.next-food.net\/fr\/produit\/grillons-au-curry-thai\/","title":{"rendered":"Grillon (petits) | Insecte Comestible au \u00ab\u00a0Curry Thai\u00a0\u00bb"},"content":{"rendered":"<h2>Les Saveurs d&rsquo;Asie : Insecte Comestible \u00ab\u00a0Grillons au Curry Tha\u00ef\u00a0\u00bb<\/h2>\n<p>Les <em>grillons comestibles<\/em> au curry tha\u00ef ne manquent pas de s\u00e9duire les adeptes de la cuisine orientale. En effet, ces <em>insectes alimentaires<\/em> aromatis\u00e9s sont un concentr\u00e9 d\u2019ar\u00f4mes et de go\u00fbt typiques de la Tha\u00eflande et de l\u2019Inde.<\/p>\n<h3>Grillon et Curry : Le \u00ab\u00a0mix\u00a0\u00bb exceptionnel !<\/h3>\n<p>Pour le grand plaisir des adeptes de l&rsquo;<em>entomophagie<\/em> et afin de concilier les r\u00e9ticents, Nex-Food et son chef proposent les <em>Grillons comestibles<\/em> au Curry Tha\u00ef en s\u2019inspirant du boo paht pong karee ou le crabe au curry tha\u00ef. C\u2019est un plat qui illustre paradoxalement la simplicit\u00e9 de la cuisine tha\u00efe et la richesse d\u2019ar\u00f4mes et de saveurs qu\u2019on y retrouve.<\/p>\n<p>En go\u00fbtant \u00e0 ce d\u00e9lice, les amateurs d\u2019<em>insecte apero<\/em> n\u2019auront aucun mal \u00e0 se d\u00e9barrasser des habituelles cacahu\u00e8tes. Tout en apportant de la prot\u00e9ine, ils apportent la joie de la d\u00e9gustation sans se soucier des mati\u00e8res grasses.<\/p>\n<p>En effet, les <em>grillons comestibles<\/em> sont pauvres en lipide, ce qui en fait un ap\u00e9ro light par excellence. En plus, les fibres qu\u2019ils contiennent sont tr\u00e8s b\u00e9n\u00e9fiques pour la sant\u00e9 en aidant \u00e0 la digestion. Par ailleurs, ils apportent de l\u2019om\u00e9ga 3 indispensable pour l\u2019homme. Alors, trouvez de nouvelles saveurs, \u00ab\u00a0<em>acheter insectes comestibles<\/em>\u00a0\u00bb chez next-food.net<strong>.<\/strong><\/p>\n<h2>Entomophagie : se nourrir avec plaisir et faire du bien \u00e0 son corps !<\/h2>\n<p>Pour \u00eatre en bonne sant\u00e9, l\u2019homme a besoin de 90 g de prot\u00e9ines par 1 kg de poids corporel par jour. Un homme de 70 kg a donc un besoin journalier de 63 g. En France, plus de la moiti\u00e9 de ces prot\u00e9ines sont d\u2019origine animale. Pourtant, le choix de la <em>proteine insecte<\/em> est aussi une excellente option.<\/p>\n<p>En effet, 100 g de viande de poulet par exemple n\u2019apporte que la moiti\u00e9 de ce besoin nutritionnel. Pour sa part, \u00e0 poids \u00e9gal, les <em>grillons comestibles<\/em> en couvrent la totalit\u00e9. De plus la production d\u2019<em>insectes comestibles<\/em> est nettement moins co\u00fbteuse et a un impact tr\u00e8s limit\u00e9 sur l\u2019environnement.<\/p>\n<p>Ainsi, pour vous convertir \u00e0 l\u2019<em>entomophagie<\/em>, consultez notre site next-food.net et commandez des <em>grillons comestibles<\/em> conditionn\u00e9s dans des sachets de 25 g. Les entomophages avertis choisissent nos produits pour leur qualit\u00e9 et pour leur saveur. Ces <em>insectes alimentaires<\/em> respectent les normes d\u2019hygi\u00e8nes et les r\u00e9glementations fran\u00e7aises.<\/p>\n","protected":false},"excerpt":{"rendered":"        <div id=\"woocommerce-multi-currency-1\"\r\n             class=\"woocommerce-multi-currency wmc-shortcode plain-horizontal layout3 \"\r\n             data-layout=\"layout3\" data-flag_size=\"0.6\">\r\n            <input type=\"hidden\" class=\"wmc-current-url\" value=\"\/fr\/wp-json\/wp\/v2\/product\/9990\">\r\n\t\t\t                <div class=\"wmc-currency wmc-active\">\r\n\t\t\t\t\t                    <a rel=\"nofollow\" title=\"European Union\" class=\"wmc-currency-redirect\"\r\n                       href=\"\/fr\/wp-json\/wp\/v2\/product\/9990?wmc-currency=EUR\" data-currency=\"EUR\">\r\n                        <i style=\"transform: scale(0.6); margin: -8px -12px\"\r\n                           class=\"vi-flag-64 flag-eu \"><\/i>\r\n                    <\/a>\r\n                <\/div>\r\n\t\t\t\t                <div class=\"wmc-currency \">\r\n\t\t\t\t\t                    <a rel=\"nofollow\" title=\"Etats-Unis (USA)\" class=\"wmc-currency-redirect\"\r\n                       href=\"\/fr\/wp-json\/wp\/v2\/product\/9990?wmc-currency=USD\" data-currency=\"USD\">\r\n                        <i style=\"transform: scale(0.6); margin: -8px -12px\"\r\n                           class=\"vi-flag-64 flag-us \"><\/i>\r\n                    <\/a>\r\n                <\/div>\r\n\t\t\t\t        <\/div>\r\n\t\t Choisir la devise<\/p>\n<p>Petit\u00a0<em>Grillon, insectes Comestibles<\/em> pr\u00e9par\u00e9s au \u00ab Curry Tha\u00ef \u00bb \u2013 Gryllus Bimaculatus<br \/>\n(Le sachet de 25 gr)<\/p>\n<p>Vous \u00eates fan de saveurs Asiatiques, exotiques ?<\/p>\n<p>Notre chef s\u2019est inspir\u00e9 du plat boo paht pong karee (curry tha\u00ef au crabe) en pr\u00e9parant les <a href=\"https:\/\/www.next-food.net\/fr\/produit\/tarentulas-haplopelma-albostriatum\/\"><em>insectes comestibles<\/em><\/a> \u00ab\u00a0<em>grillon<\/em>\u00ab\u00a0, de la m\u00eame mani\u00e8re ! c\u2019est d\u00e9licieux ! \u00c9voque la cuisine indienne et chinoise\u2026<\/p>\n","protected":false},"featured_media":9991,"comment_status":"open","ping_status":"closed","template":"","meta":[],"product_brand":[],"product_cat":[369],"product_tag":[],"class_list":{"0":"post-9990","1":"product","2":"type-product","3":"status-publish","4":"has-post-thumbnail","6":"product_cat-flavoured-fr","8":"first","9":"instock","10":"shipping-taxable","11":"purchasable","12":"product-type-simple"},"_links":{"self":[{"href":"https:\/\/www.next-food.net\/fr\/wp-json\/wp\/v2\/product\/9990","targetHints":{"allow":["GET"]}}],"collection":[{"href":"https:\/\/www.next-food.net\/fr\/wp-json\/wp\/v2\/product"}],"about":[{"href":"https:\/\/www.next-food.net\/fr\/wp-json\/wp\/v2\/types\/product"}],"replies":[{"embeddable":true,"href":"https:\/\/www.next-food.net\/fr\/wp-json\/wp\/v2\/comments?post=9990"}],"wp:featuredmedia":[{"embeddable":true,"href":"https:\/\/www.next-food.net\/fr\/wp-json\/wp\/v2\/media\/9991"}],"wp:attachment":[{"href":"https:\/\/www.next-food.net\/fr\/wp-json\/wp\/v2\/media?parent=9990"}],"wp:term":[{"taxonomy":"product_brand","embeddable":true,"href":"https:\/\/www.next-food.net\/fr\/wp-json\/wp\/v2\/product_brand?post=9990"},{"taxonomy":"product_cat","embeddable":true,"href":"https:\/\/www.next-food.net\/fr\/wp-json\/wp\/v2\/product_cat?post=9990"},{"taxonomy":"product_tag","embeddable":true,"href":"https:\/\/www.next-food.net\/fr\/wp-json\/wp\/v2\/product_tag?post=9990"}],"curies":[{"name":"wp","href":"https:\/\/api.w.org\/{rel}","templated":true}]}}