{"id":9984,"date":"2015-12-04T13:16:12","date_gmt":"2015-12-04T12:16:12","guid":{"rendered":"https:\/\/www.next-food.net\/product\/grillons-au-citron-vert\/"},"modified":"2026-04-17T20:50:53","modified_gmt":"2026-04-17T19:50:53","slug":"grillons-au-citron-vert","status":"publish","type":"product","link":"https:\/\/www.next-food.net\/fr\/produit\/grillons-au-citron-vert\/","title":{"rendered":"Grillon | Insecte Comestible au \u00ab\u00a0Citron Vert\u00a0\u00bb"},"content":{"rendered":"<h2>Insecte Comestible au citron vert : Excellent !<\/h2>\n<p>Les grillons grill\u00e9s font partie des <em>insectes grill\u00e9s<\/em> les plus consomm\u00e9s au monde. En grillade, en brochette ou avec des recettes plus \u00e9labor\u00e9es, ces insectes alimentaires apportent des saveurs proches de l\u2019amande ou de la noisette.<\/p>\n<h3>Grillons comestibles : un plaisir pour le palais<\/h3>\n<p>Pour votre d\u00e9gustation, nous proposons des <em>grillons comestibles<\/em> au citron vert. L\u2019acidul\u00e9 de l\u2019agrume all\u00e8gera le go\u00fbt tout en apportant une touche de fra\u00eecheur aux <em>insectes comestibles<\/em>. Ceci en fait un tr\u00e8s bon ap\u00e9ritif pour vos soir\u00e9es familiales ou entre amis. En plus, ils vous apporteront des vitamines C en plus.<\/p>\n<p>En outre, les <em>grillons comestibles<\/em> au citron constituent d\u2019excellents ingr\u00e9dients pour un sorbet aux <em>grillons comestibles<\/em>. C\u2019est \u00e9galement le cas des <em>insectes alimentaires<\/em> en gel\u00e9e.<\/p>\n<p>La pr\u00e9paration de cet <em>insecte \u00e0 manger<\/em> est assez simple. Il suffit de se procurer une bo\u00eete d\u2019<em>insectes comestibles<\/em> et pr\u00e9parer la gel\u00e9e en respectant la notice sur l\u2019emballage. Ensuite, incorporer les <em>grillons comestibles<\/em> citronn\u00e9s avant que la mati\u00e8re ne g\u00e8le.<\/p>\n<p>Pour r\u00e9ussir ces types de recette, il vous faut les meilleurs <strong>insectes comestibles<\/strong>. Alors, rendez-vous sur next-food.net et commandez les grillons comestibles au citron vert.<\/p>\n<h2>Tent\u00e9(e)s par l&rsquo;entomophagie ?<\/h2>\n<p>Pour certains d\u2019entre nous, devenir adepte de l&rsquo;<em>entomophagie<\/em> est impensable. Pourtant, \u00e0 en croire les sp\u00e9cialistes, chaque Fran\u00e7ais mange en moyenne 500 g d\u2019insectes par an. En effet, la plupart des colorants alimentaires sont \u00e0 base d\u2019extrait d\u2019insectes.<\/p>\n<p>Ainsi, en consommant de la bi\u00e8re, de la chips, du chocolat, du biscuit\u2026 on y go\u00fbte sans le savoir. Donc, prendre un <strong>insecte apero<\/strong> n\u2019est pas si dramatique que cela. Alors pour une premi\u00e8re exp\u00e9rience, choisissez des insectes dont la forme vous est famili\u00e8re ou vous s\u00e9duit.<\/p>\n<p>Pour cela, vous n\u2019avez qu\u2019\u00e0 consulter notre site next-food.net o\u00f9 vous trouverez de nombreux types d\u2019<em>insectes \u00e0 manger<\/em>. Commandez alors des <em>insectes comestibles<\/em> issus de notre centre d\u2019\u00e9levage \u00e9co-responsable. Les <em>insectes alimentaires<\/em> y sont \u00e9lev\u00e9s suivant des techniques et des proc\u00e9d\u00e9s totalement \u00e9cologiques. Par ailleurs, la pr\u00e9paration et le conditionnement de chaque produit sont effectu\u00e9s de mani\u00e8re \u00e0 conserver toutes les saveurs des insectes comestibles.<\/p>\n<p>Pour les d\u00e9butants, ses farines d\u2019<em>insectes comestibles<\/em> constituent une excellente option. Tout en apportant de la prot\u00e9ine, ils apportent de la saveur aux plats. En g\u00e9n\u00e9ral, le go\u00fbt des insectes comestibles s\u2019apparente \u00e0 ceux de la noisette et de l\u2019amande. Aucune appr\u00e9hension \u00e0 avoir donc, car on y trouvera des saveurs famili\u00e8res.<\/p>\n","protected":false},"excerpt":{"rendered":"        <div id=\"woocommerce-multi-currency-1\"\r\n             class=\"woocommerce-multi-currency wmc-shortcode plain-horizontal layout3 \"\r\n             data-layout=\"layout3\" data-flag_size=\"0.6\">\r\n            <input type=\"hidden\" class=\"wmc-current-url\" value=\"\/fr\/wp-json\/wp\/v2\/product\/9984\">\r\n\t\t\t                <div class=\"wmc-currency wmc-active\">\r\n\t\t\t\t\t                    <a rel=\"nofollow\" title=\"European Union\" class=\"wmc-currency-redirect\"\r\n                       href=\"\/fr\/wp-json\/wp\/v2\/product\/9984?wmc-currency=EUR\" data-currency=\"EUR\">\r\n                        <i style=\"transform: scale(0.6); margin: -8px -12px\"\r\n                           class=\"vi-flag-64 flag-eu \"><\/i>\r\n                    <\/a>\r\n                <\/div>\r\n\t\t\t\t                <div class=\"wmc-currency \">\r\n\t\t\t\t\t                    <a rel=\"nofollow\" title=\"Etats-Unis (USA)\" class=\"wmc-currency-redirect\"\r\n                       href=\"\/fr\/wp-json\/wp\/v2\/product\/9984?wmc-currency=USD\" data-currency=\"USD\">\r\n                        <i style=\"transform: scale(0.6); margin: -8px -12px\"\r\n                           class=\"vi-flag-64 flag-us \"><\/i>\r\n                    <\/a>\r\n                <\/div>\r\n\t\t\t\t        <\/div>\r\n\t\t Choisir la devise<\/p>\n<p>Petit\u00a0<em>Grillon, insectes Comestibles<\/em> pr\u00e9par\u00e9s au \u00ab Citron Vert \u00bb Gryllus Bimaculatus<br \/>\n(Le sachet de 25 gr)<\/p>\n<p>Les grillons au citron vert ont un gout acidul\u00e9 et rafra\u00eechissant, tr\u00e8s agr\u00e9able. Tr\u00e8s riche en vitamine C, le citron vert am\u00e8ne une note exotique \u00e0 notre <em>insecte comestible<\/em> qu&rsquo;est le <em>Grillon<\/em>.<\/p>\n","protected":false},"featured_media":9985,"comment_status":"open","ping_status":"closed","template":"","meta":[],"product_brand":[],"product_cat":[369],"product_tag":[],"class_list":{"0":"post-9984","1":"product","2":"type-product","3":"status-publish","4":"has-post-thumbnail","6":"product_cat-flavoured-fr","8":"first","9":"instock","10":"shipping-taxable","11":"purchasable","12":"product-type-simple"},"_links":{"self":[{"href":"https:\/\/www.next-food.net\/fr\/wp-json\/wp\/v2\/product\/9984","targetHints":{"allow":["GET"]}}],"collection":[{"href":"https:\/\/www.next-food.net\/fr\/wp-json\/wp\/v2\/product"}],"about":[{"href":"https:\/\/www.next-food.net\/fr\/wp-json\/wp\/v2\/types\/product"}],"replies":[{"embeddable":true,"href":"https:\/\/www.next-food.net\/fr\/wp-json\/wp\/v2\/comments?post=9984"}],"wp:featuredmedia":[{"embeddable":true,"href":"https:\/\/www.next-food.net\/fr\/wp-json\/wp\/v2\/media\/9985"}],"wp:attachment":[{"href":"https:\/\/www.next-food.net\/fr\/wp-json\/wp\/v2\/media?parent=9984"}],"wp:term":[{"taxonomy":"product_brand","embeddable":true,"href":"https:\/\/www.next-food.net\/fr\/wp-json\/wp\/v2\/product_brand?post=9984"},{"taxonomy":"product_cat","embeddable":true,"href":"https:\/\/www.next-food.net\/fr\/wp-json\/wp\/v2\/product_cat?post=9984"},{"taxonomy":"product_tag","embeddable":true,"href":"https:\/\/www.next-food.net\/fr\/wp-json\/wp\/v2\/product_tag?post=9984"}],"curies":[{"name":"wp","href":"https:\/\/api.w.org\/{rel}","templated":true}]}}