{"id":9784,"date":"2015-01-24T15:06:17","date_gmt":"2015-01-24T14:06:17","guid":{"rendered":"https:\/\/www.next-food.net\/produit\/vers-de-palmier-rhynchophorus-ferrugineus\/"},"modified":"2026-04-01T09:42:36","modified_gmt":"2026-04-01T08:42:36","slug":"vers-de-palmier-rhynchophorus-ferrugineus","status":"publish","type":"product","link":"https:\/\/www.next-food.net\/fr\/produit\/vers-de-palmier-rhynchophorus-ferrugineus\/","title":{"rendered":"Vers de palmier | Insecte Comestible \u00ab\u00a0Rhynchophorus Ferrugineus\u00a0\u00bb"},"content":{"rendered":"<h2>Vers de Palmier\u00a0 et le Charan\u00e7on<\/h2>\n<p>\u00c9galement connus sous l\u2019appellation de vers de sagou, les <a title=\"vers de palmier comestibles\" href=\"https:\/\/www.next-food.net\/fr\/produit\/vers-de-palmier-rhynchophorus-ferrugineus\/\">vers de palmier comestibles<\/a> tiennent leur nom de l\u2019arbre dans lequel ils vivent. Ce sont les larves du <em>charan\u00e7on<\/em> rouge : le <em>Rhynchophorus Ferrugineus<\/em>.<\/p>\n<h2>Proteine insecte Charen\u00e7on<\/h2>\n<p>Tr\u00e8s voraces, ils mesurent en moyenne 50 mm de long et 20 mm de large. On remarque que sa consommation est \u00e9cologique, car ils occasionnent de v\u00e9ritables d\u00e9g\u00e2ts sur de nombreuses vari\u00e9t\u00e9s de palmier.<\/p>\n<p>Next-Food vous offre la possibilit\u00e9 de tester les <em>vers de palmier<\/em> comestibles issus de son centre d\u2019\u00e9levage d\u2019insectes. Soigneusement nourris au naturel, cet <em>insecte alimentaire<\/em> est \u00e9lev\u00e9, s\u00e9lectionn\u00e9, trait\u00e9 et conditionn\u00e9 sur place. Chaque produit est donc tra\u00e7able et respecte les normes d\u2019hygi\u00e8ne en vigueur en France. Alors, n\u2019h\u00e9sitez pas \u00e0 acheter des <em>vers comestibles<\/em> sur <a title=\"www.next-food.net\" href=\"https:\/\/www.next-food.net\/fr\">next-food.net<\/a> !<\/p>\n<p>Pour ceux qui ne sont pas encore convaincus, son go\u00fbt se rapprochant du fromage finira peut-\u00eatre par les persuader de tenter une premi\u00e8re exp\u00e9rience. En tout cas, les adeptes de l&rsquo;<em>entomophagie<\/em> les choisissent pour leur saveur, mais \u00e9galement pour leur valeur nutritionnelle. En effet, ils font partie des insectes les plus riches en prot\u00e9ines, en magn\u00e9sium, en calcium, en fer et en phosphore.<\/p>\n<h3>Insecte alimentaire \u00e0 consommer cru ou pr\u00e9par\u00e9<\/h3>\n<p>Pour la d\u00e9gustation, le <em>Vers de palmier<\/em> se mangent crus ou cuits. Pour la premi\u00e8re option, une sauce \u00e0 base de chili peut \u00eatre utile, surtout pour ceux qui redoutent le go\u00fbt. Pour les n\u00e9ophytes, on recommande des <em>vers de palmier<\/em> comestibles grill\u00e9s ou en brochette. C\u2019est la meilleure option pour commencer en douceur. A l&rsquo;issue de la premi\u00e8re bouch\u00e9e, vous serez conquis(e)<\/p>\n<p>Pour les gourmets, les <em>vers de palmier<\/em> au gingembre sont un vrai r\u00e9gal.<\/p>\n<p>Afin de les pr\u00e9parer au mieux, nous commen\u00e7ons par les hydrater.<\/p>\n<p>Une fois les <em>insectes \u00e0 manger<\/em>, pr\u00eats, Mettez-les dans une casserole avec quelques gouttes d\u2019huile et on laisse sur un feu doux. Pr\u00e9parez le basilic, l\u2019ail, l\u2019oignon et le gingembre que vous rajoutez de suite.<\/p>\n<p>Continuer la cuisson sur feu doux jusqu\u2019\u00e0 ce qu\u2019il ne reste plus que de l\u2019huile puis servir avec du riz. Pr\u00e9par\u00e9s et conditionn\u00e9s en sachet de 25 g et de 1 kg, les <em>vers de palmier<\/em> comestibles disponibles sur next-food.net facilitent la pr\u00e9paration de cette recette. Alors, commandez-en d\u00e8s \u00e0 pr\u00e9sent !<\/p>\n","protected":false},"excerpt":{"rendered":"        <div id=\"woocommerce-multi-currency-1\"\r\n             class=\"woocommerce-multi-currency wmc-shortcode plain-horizontal layout3 \"\r\n             data-layout=\"layout3\" data-flag_size=\"0.6\">\r\n            <input type=\"hidden\" class=\"wmc-current-url\" value=\"\/fr\/wp-json\/wp\/v2\/product\/9784\">\r\n\t\t\t                <div class=\"wmc-currency wmc-active\">\r\n\t\t\t\t\t                    <a rel=\"nofollow\" title=\"European Union\" class=\"wmc-currency-redirect\"\r\n                       href=\"\/fr\/wp-json\/wp\/v2\/product\/9784?wmc-currency=EUR\" data-currency=\"EUR\">\r\n                        <i style=\"transform: scale(0.6); margin: -8px -12px\"\r\n                           class=\"vi-flag-64 flag-eu \"><\/i>\r\n                    <\/a>\r\n                <\/div>\r\n\t\t\t\t                <div class=\"wmc-currency \">\r\n\t\t\t\t\t                    <a rel=\"nofollow\" title=\"Etats-Unis (USA)\" class=\"wmc-currency-redirect\"\r\n                       href=\"\/fr\/wp-json\/wp\/v2\/product\/9784?wmc-currency=USD\" data-currency=\"USD\">\r\n                        <i style=\"transform: scale(0.6); margin: -8px -12px\"\r\n                           class=\"vi-flag-64 flag-us \"><\/i>\r\n                    <\/a>\r\n                <\/div>\r\n\t\t\t\t        <\/div>\r\n\t\t Choisir la devise<\/p>\n<p>Vers de palmier, <em>Insectes comestibles<\/em> &#8211; Rhynchophorus Ferrugineus<\/p>\n<p>Le <em>vers de palmier<\/em> est un <em>insecte comestible<\/em> vivant principalement \u00e0 l\u2019int\u00e9rieur du tronc d\u2019arbre \u00e9ponyme.<br \/>\nPouvant \u00eatre cuisin\u00e9 de multiples fa\u00e7ons, cet incroyable insecte comestible s\u2019assimilera parfaitement \u00e0 vos recettes vous permettant de les transformer en pr\u00e9parations exotiques .<\/p>\n<p>Le gout de cet <em>insecte alimentaire<\/em> se rapproche de celui du fromage<\/p>\n","protected":false},"featured_media":9785,"comment_status":"open","ping_status":"closed","template":"","meta":[],"product_brand":[],"product_cat":[359],"product_tag":[],"class_list":{"0":"post-9784","1":"product","2":"type-product","3":"status-publish","4":"has-post-thumbnail","6":"product_cat-plain-insects-fr","8":"first","9":"outofstock","10":"sale","11":"shipping-taxable","12":"purchasable","13":"product-type-variable","14":"has-default-attributes"},"_links":{"self":[{"href":"https:\/\/www.next-food.net\/fr\/wp-json\/wp\/v2\/product\/9784","targetHints":{"allow":["GET"]}}],"collection":[{"href":"https:\/\/www.next-food.net\/fr\/wp-json\/wp\/v2\/product"}],"about":[{"href":"https:\/\/www.next-food.net\/fr\/wp-json\/wp\/v2\/types\/product"}],"replies":[{"embeddable":true,"href":"https:\/\/www.next-food.net\/fr\/wp-json\/wp\/v2\/comments?post=9784"}],"wp:featuredmedia":[{"embeddable":true,"href":"https:\/\/www.next-food.net\/fr\/wp-json\/wp\/v2\/media\/9785"}],"wp:attachment":[{"href":"https:\/\/www.next-food.net\/fr\/wp-json\/wp\/v2\/media?parent=9784"}],"wp:term":[{"taxonomy":"product_brand","embeddable":true,"href":"https:\/\/www.next-food.net\/fr\/wp-json\/wp\/v2\/product_brand?post=9784"},{"taxonomy":"product_cat","embeddable":true,"href":"https:\/\/www.next-food.net\/fr\/wp-json\/wp\/v2\/product_cat?post=9784"},{"taxonomy":"product_tag","embeddable":true,"href":"https:\/\/www.next-food.net\/fr\/wp-json\/wp\/v2\/product_tag?post=9784"}],"curies":[{"name":"wp","href":"https:\/\/api.w.org\/{rel}","templated":true}]}}