{"id":9763,"date":"2014-11-17T07:51:11","date_gmt":"2014-11-17T06:51:11","guid":{"rendered":"https:\/\/www.next-food.net\/produit\/vers-de-farine-tenebrio-molitor\/"},"modified":"2025-09-18T10:47:40","modified_gmt":"2025-09-18T09:47:40","slug":"vers-de-farine-tenebrio-molitor","status":"publish","type":"product","link":"https:\/\/www.next-food.net\/fr\/produit\/vers-de-farine-tenebrio-molitor\/","title":{"rendered":"Vers de farine | Insecte Comestible \u00ab\u00a0Tenebrio Molitor\u00a0\u00bb"},"content":{"rendered":"<h2>Vers de farine : Le Molitor, un insecte alimentaire excellent !<\/h2>\n<p>L\u2019int\u00e9r\u00eat pour les <a title=\"insectes comestibles\" href=\"https:\/\/www.next-food.net\/fr\/\">insectes comestibles<\/a> a gagn\u00e9 du terrain ces temps-ci. Il faut reconna\u00eetre que l\u2019initiative de FAO qui en fait la promotion en le pr\u00e9sentant comme la nourriture du futur n\u2019y est pas \u00e9trang\u00e8re. Le <a title=\"vers de farine comestible\" href=\"https:\/\/www.next-food.net\/fr\/boutique\/vers-de-farine\/\">vers de farine comestible<\/a> est une de ces sources de prot\u00e9ines pl\u00e9biscit\u00e9es !<\/p>\n<h3>Elevage Insecte : Manger des insectes tels que le Molitor<\/h3>\n<p>C\u2019est dans ce contexte qu\u2019on red\u00e9couvre des <a title=\"insectes \u00e0 manger\" href=\"https:\/\/www.next-food.net\/fr\/insectes-comestibles-nature\/\">insectes \u00e0 manger<\/a> comme les <em>vers de farine<\/em> comestibles ou la larve du Tenebrio <em>Le<\/em> <i>Molitor<\/i> ou tout simplement les <em>t\u00e9n\u00e9brions<\/em>. De la famille des <em>col\u00e9opt\u00e8res<\/em>, on les trouve habituellement dans la farine de bl\u00e9 qui lui sert de nourriture. Si les conditions sanitaires des boulangeries ne sont plus propices \u00e0 leur d\u00e9veloppement, l\u2019\u00e9levage assure leur production en abondance.<\/p>\n<p>Souvent, on constate que les <em>insectes comestibles<\/em> tiennent entre autres leur saveur de leur nourriture. Le n\u00e9ophyte ne devrait donc pas appr\u00e9hender leur go\u00fbt. C\u2019est tout naturel donc qu\u2019on y retrouve la saveur de la chips. Cependant, cuisin\u00e9s sucr\u00e9s, ils s\u2019apparentent \u00e0 la noisette ou \u00e0 l\u2019amande. En option sal\u00e9e et \u00e9pic\u00e9e, on peut croire qu\u2019on d\u00e9guste du poulet grill\u00e9.<\/p>\n<h2>Vers de farine : Comment les cuisiner ?<\/h2>\n<p>Tr\u00e8s pratiques en <a title=\"insecte ap\u00e9ritif\" href=\"https:\/\/www.next-food.net\/fr\/insectes-comestibles-nature\/\">insecte ap\u00e9ritif<\/a>, ils se d\u00e9gustent comme du biscuit. Disponibles en sachet de 25 g \u00e0 1 kg, ils sont en vente dans la boutique en ligne \u00ab\u00a0d\u2019<em>insecte cuisine<\/em>\u00a0\u00bb next-food.net. Aussi, vous pouvez les accompagner de sauce tomate-basilic ou les pr\u00e9parer en salade. En tout cas, ils s\u2019impr\u00e8gnent facilement des saveurs des autres ingr\u00e9dients.<\/p>\n<p>Pour ceux qui sont en qu\u00eate d&rsquo;une recette simple qui rehausse les saveurs de cet <em>insecte comestible<\/em>, le saut\u00e9 de <em>vers de farine<\/em> comestibles est difficile \u00e0 rater. Commencez par chauffer une huile v\u00e9g\u00e9tale \u00e0 la po\u00eale. D\u00e8s que l\u2019huile fr\u00e9mit, ajoutez les <em>vers de farine<\/em> jusqu\u2019\u00e0 ce qu\u2019ils brunissent l\u00e9g\u00e8rement.<\/p>\n<p>Faites attention \u00e0 ne pas les br\u00fbler, faute de quoi,\u00a0 toutes les saveurs laisseront la place \u00e0 un go\u00fbt amer. Salez et assaisonnez en herbe aromatique et ail avant de retirer la po\u00eale sur le feu. Servi chaud, le plat lib\u00e8re toutes les saveurs des <em>vers de farine<\/em>. Pour r\u00e9ussir cette recette, commandez les <em>vers de farine<\/em> comestibles sur next-food.net !<\/p>\n","protected":false},"excerpt":{"rendered":"        <div id=\"woocommerce-multi-currency-1\"\r\n             class=\"woocommerce-multi-currency wmc-shortcode plain-horizontal layout3 \"\r\n             data-layout=\"layout3\" data-flag_size=\"0.6\">\r\n            <input type=\"hidden\" class=\"wmc-current-url\" value=\"\/fr\/wp-json\/wp\/v2\/product\/9763\">\r\n\t\t\t                <div class=\"wmc-currency wmc-active\">\r\n\t\t\t\t\t                    <a rel=\"nofollow\" title=\"European Union\" class=\"wmc-currency-redirect\"\r\n                       href=\"\/fr\/wp-json\/wp\/v2\/product\/9763?wmc-currency=EUR\" data-currency=\"EUR\">\r\n                        <i style=\"transform: scale(0.6); margin: -8px -12px\"\r\n                           class=\"vi-flag-64 flag-eu \"><\/i>\r\n                    <\/a>\r\n                <\/div>\r\n\t\t\t\t                <div class=\"wmc-currency \">\r\n\t\t\t\t\t                    <a rel=\"nofollow\" title=\"Etats-Unis (USA)\" class=\"wmc-currency-redirect\"\r\n                       href=\"\/fr\/wp-json\/wp\/v2\/product\/9763?wmc-currency=USD\" data-currency=\"USD\">\r\n                        <i style=\"transform: scale(0.6); margin: -8px -12px\"\r\n                           class=\"vi-flag-64 flag-us \"><\/i>\r\n                    <\/a>\r\n                <\/div>\r\n\t\t\t\t        <\/div>\r\n\t\t Choisir la devise<\/p>\n<p><em>Vers de farine<\/em>, <em>Insectes comestibles<\/em> &#8211; <em>T\u00e9n\u00e9brion<\/em> ou <em>le Molitor<\/em><\/p>\n<p>Les <em>vers de farine<\/em> se d\u00e9gustent comme des biscuits d\u2019ap\u00e9ritif. Appr\u00e9ci\u00e9s nature pour leur go\u00fbt naturel de chips, ces <a href=\"https:\/\/www.next-food.net\/fr\/produit\/tarentulas-haplopelma-albostriatum\/\"><em>insectes comestibles<\/em><\/a> se marient parfaitement avec de nombreuses \u00e9pices curry, herbes tha\u00ef, galangal\u2026 Une exp\u00e9rience aux parfums d\u2019Orient.<\/p>\n","protected":false},"featured_media":9764,"comment_status":"open","ping_status":"closed","template":"","meta":[],"product_brand":[],"product_cat":[359],"product_tag":[],"class_list":{"0":"post-9763","1":"product","2":"type-product","3":"status-publish","4":"has-post-thumbnail","6":"product_cat-plain-insects-fr","8":"first","9":"outofstock","10":"sale","11":"shipping-taxable","12":"purchasable","13":"product-type-variable","14":"has-default-attributes"},"_links":{"self":[{"href":"https:\/\/www.next-food.net\/fr\/wp-json\/wp\/v2\/product\/9763","targetHints":{"allow":["GET"]}}],"collection":[{"href":"https:\/\/www.next-food.net\/fr\/wp-json\/wp\/v2\/product"}],"about":[{"href":"https:\/\/www.next-food.net\/fr\/wp-json\/wp\/v2\/types\/product"}],"replies":[{"embeddable":true,"href":"https:\/\/www.next-food.net\/fr\/wp-json\/wp\/v2\/comments?post=9763"}],"wp:featuredmedia":[{"embeddable":true,"href":"https:\/\/www.next-food.net\/fr\/wp-json\/wp\/v2\/media\/9764"}],"wp:attachment":[{"href":"https:\/\/www.next-food.net\/fr\/wp-json\/wp\/v2\/media?parent=9763"}],"wp:term":[{"taxonomy":"product_brand","embeddable":true,"href":"https:\/\/www.next-food.net\/fr\/wp-json\/wp\/v2\/product_brand?post=9763"},{"taxonomy":"product_cat","embeddable":true,"href":"https:\/\/www.next-food.net\/fr\/wp-json\/wp\/v2\/product_cat?post=9763"},{"taxonomy":"product_tag","embeddable":true,"href":"https:\/\/www.next-food.net\/fr\/wp-json\/wp\/v2\/product_tag?post=9763"}],"curies":[{"name":"wp","href":"https:\/\/api.w.org\/{rel}","templated":true}]}}