{"id":9741,"date":"2016-02-29T12:27:28","date_gmt":"2016-02-29T11:27:28","guid":{"rendered":"https:\/\/www.next-food.net\/produit\/vers-de-bambou-omphisa-fuscidentalis\/"},"modified":"2026-02-23T11:44:39","modified_gmt":"2026-02-23T10:44:39","slug":"vers-de-bambou-omphisa-fuscidentalis","status":"publish","type":"product","link":"https:\/\/www.next-food.net\/fr\/produit\/vers-de-bambou-omphisa-fuscidentalis\/","title":{"rendered":"Vers de bambou | Insecte Comestible \u00ab\u00a0Omphisa Fuscidentalis\u00a0\u00bb"},"content":{"rendered":"<h2>Insectes Comestibles : Vers du bambou<\/h2>\n<p>Autrefois, les <em>vers du bambou<\/em> ne pouvaient \u00eatre trouv\u00e9s qu\u2019en Asie du Sud-est et particuli\u00e8rement en Tha\u00eflande o\u00f9 ils constituent la base de nombreuses sp\u00e9cialit\u00e9s locales. Aujourd\u2019hui, on en trouve un peu partout dans le monde.<\/p>\n<h2>Ver du Bambou : Go\u00fbt entre le ma\u00efs et le fromage<\/h2>\n<p>Cependant, pour leur saveur, <a title=\"les vers de bambou comestibles\" href=\"https:\/\/www.next-food.net\/fr\/produit\/vers-de-bambou-omphisa-fuscidentalis\/\">les vers du bambou comestibles<\/a> collect\u00e9s dans cette r\u00e9gion sont encore tr\u00e8s pris\u00e9s par les adeptes d&rsquo;<em>entomophagie<\/em>. Pour les uns, ils ont le go\u00fbt du ma\u00efs grill\u00e9 et pour certains, leur saveur s\u2019apparente \u00e0 du fromage grill\u00e9. Se situant entre ma\u00efs et fromage donc, le n\u00e9ophyte y retrouvera des saveurs famili\u00e8res. Si vous pensez y go\u00fbter, rendez-vous sur next-food.net pour votre <a title=\"achat insecte\" href=\"https:\/\/www.next-food.net\/fr\/\">achat insecte<\/a>.<\/p>\n<p><em>Vers comestible<\/em>, il est consomm\u00e9 aussi bien pour son go\u00fbt que pour son apport nutritif. En effet, pour 100 g de <em>vers du bambou<\/em> comestibles, on a 30 g de prot\u00e9ines et pas moins de 430 kcal. \u00c0 part les vitamines et les min\u00e9raux, ils contiennent \u00e9galement des graisses polyinsatur\u00e9es ou om\u00e9ga 3 qui sont tr\u00e8s b\u00e9n\u00e9fiques pour notre organisme.<\/p>\n<p>Connaissant ou non ses vertus, comme leurs voisins, les Asiatiques les grignotent \u00e0 toute heure de la journ\u00e9e. Tr\u00e8s \u00e9nergisants, ils constituent de v\u00e9ritables en-cas comparables aux chips, aux sandwichs ou m\u00eame aux petits fours, mais avec les mati\u00e8res grasses satur\u00e9es en moins. Pour les adeptes de friandise, on peut en trouver dans le <em>chocolat aux insectes<\/em>.<\/p>\n<h2>Insecte Alimentaire : La collecte de vers du bambou<\/h2>\n<p>Pour rappel, le <em>vers du bambou<\/em> est la chenille de l\u2019<strong>Omphisa Fuscidentalis<\/strong>, un papillon de nuit du Sud-est asiatique. Apr\u00e8s l\u2019accouplement qui s\u2019effectue au mois de juillet et ao\u00fbt, les femelles pondent leurs \u0153ufs entre les n\u0153uds de bambou. Apr\u00e8s l\u2019\u00e9closion, les larves creusent et p\u00e9n\u00e8trent dans les tiges afin de se nourrir de leur pulpe.<\/p>\n<p>Ils sont collect\u00e9s quand leur taille atteint 3,5 \u00e0 4 cm. Cette op\u00e9ration n\u2019est pas du tout ais\u00e9e, car il faut souvent marcher durant de longues heures pour en trouver. Cependant, pour le grand plaisir des adeptes de l&rsquo;<em>entomophagie<\/em> et de ceux qui veulent d\u00e9couvrir de nouvelles saveurs, on peut <a href=\"https:\/\/www.next-food.net\/fr\/insectes-comestibles-nature\/\">commander des insectes en ligne<\/a> et notamment des <em>vers du bambou<\/em>\u00a0comestibles via next-food.net. Alors, venez faire vos achats sur notre site.<\/p>\n","protected":false},"excerpt":{"rendered":"        <div id=\"woocommerce-multi-currency-1\"\r\n             class=\"woocommerce-multi-currency wmc-shortcode plain-horizontal layout3 \"\r\n             data-layout=\"layout3\" data-flag_size=\"0.6\">\r\n            <input type=\"hidden\" class=\"wmc-current-url\" value=\"\/fr\/wp-json\/wp\/v2\/product\/9741\">\r\n\t\t\t                <div class=\"wmc-currency wmc-active\">\r\n\t\t\t\t\t                    <a rel=\"nofollow\" title=\"European Union\" class=\"wmc-currency-redirect\"\r\n                       href=\"\/fr\/wp-json\/wp\/v2\/product\/9741?wmc-currency=EUR\" data-currency=\"EUR\">\r\n                        <i style=\"transform: scale(0.6); margin: -8px -12px\"\r\n                           class=\"vi-flag-64 flag-eu \"><\/i>\r\n                    <\/a>\r\n                <\/div>\r\n\t\t\t\t                <div class=\"wmc-currency \">\r\n\t\t\t\t\t                    <a rel=\"nofollow\" title=\"Etats-Unis (USA)\" class=\"wmc-currency-redirect\"\r\n                       href=\"\/fr\/wp-json\/wp\/v2\/product\/9741?wmc-currency=USD\" data-currency=\"USD\">\r\n                        <i style=\"transform: scale(0.6); margin: -8px -12px\"\r\n                           class=\"vi-flag-64 flag-us \"><\/i>\r\n                    <\/a>\r\n                <\/div>\r\n\t\t\t\t        <\/div>\r\n\t\t Choisir la devise<\/p>\n<p>Vers du Bambou<em>, insectes Comestibles<\/em> &#8211; (Omphisa fuscidentalis)<\/p>\n<p>Cet <em>insecte comestible<\/em> se d\u00e9veloppe dans les bosquets de bambous du nord de la Tha\u00eflande, du Laos et de la Birmanie, ainsi que dans la province chinoise du Yunnan. Les habitants de ces r\u00e9gions le consid\u00e8rent comme un met de qualit\u00e9 et il est particuli\u00e8rement appr\u00e9ci\u00e9.<\/p>\n<p><em>Insecte \u00e0 manger<\/em> avec une sensation de chips qui fond en bouche, une fois frit<\/p>\n","protected":false},"featured_media":9742,"comment_status":"open","ping_status":"closed","template":"","meta":[],"product_brand":[],"product_cat":[359],"product_tag":[],"class_list":{"0":"post-9741","1":"product","2":"type-product","3":"status-publish","4":"has-post-thumbnail","6":"product_cat-plain-insects-fr","8":"first","9":"outofstock","10":"sale","11":"shipping-taxable","12":"purchasable","13":"product-type-variable","14":"has-default-attributes"},"_links":{"self":[{"href":"https:\/\/www.next-food.net\/fr\/wp-json\/wp\/v2\/product\/9741","targetHints":{"allow":["GET"]}}],"collection":[{"href":"https:\/\/www.next-food.net\/fr\/wp-json\/wp\/v2\/product"}],"about":[{"href":"https:\/\/www.next-food.net\/fr\/wp-json\/wp\/v2\/types\/product"}],"replies":[{"embeddable":true,"href":"https:\/\/www.next-food.net\/fr\/wp-json\/wp\/v2\/comments?post=9741"}],"wp:featuredmedia":[{"embeddable":true,"href":"https:\/\/www.next-food.net\/fr\/wp-json\/wp\/v2\/media\/9742"}],"wp:attachment":[{"href":"https:\/\/www.next-food.net\/fr\/wp-json\/wp\/v2\/media?parent=9741"}],"wp:term":[{"taxonomy":"product_brand","embeddable":true,"href":"https:\/\/www.next-food.net\/fr\/wp-json\/wp\/v2\/product_brand?post=9741"},{"taxonomy":"product_cat","embeddable":true,"href":"https:\/\/www.next-food.net\/fr\/wp-json\/wp\/v2\/product_cat?post=9741"},{"taxonomy":"product_tag","embeddable":true,"href":"https:\/\/www.next-food.net\/fr\/wp-json\/wp\/v2\/product_tag?post=9741"}],"curies":[{"name":"wp","href":"https:\/\/api.w.org\/{rel}","templated":true}]}}