{"id":9697,"date":"2015-03-06T09:24:14","date_gmt":"2015-03-06T08:24:14","guid":{"rendered":"https:\/\/www.next-food.net\/produit\/tarentulas-haplopelma-albostriatum\/"},"modified":"2025-12-11T10:47:13","modified_gmt":"2025-12-11T09:47:13","slug":"tarentulas-haplopelma-albostriatum","status":"publish","type":"product","link":"https:\/\/www.next-food.net\/fr\/produit\/tarentulas-haplopelma-albostriatum\/","title":{"rendered":"Araign\u00e9e Tarentule | Insecte Comestible \u00ab\u00a0Haplopelma Albostriatum\u00a0\u00bb"},"content":{"rendered":"<h2>Tarentule : Un insecte \u00e0 manger de choix !<\/h2>\n<p>Les <a href=\"https:\/\/www.next-food.net\/fr\/boutique\/tarentules\/\">tarentules comestibles<\/a> ou <i>Haplopelma Albostriatum<\/i> (noms scientifiques) sont aussi appel\u00e9es les tarentules z\u00e8bres. Durant la dictature des Khmers rouges quand la nourriture se faisait rare, elles constituaient une source importante de prot\u00e9ines pour les Cambodgiens. Aujourd\u2019hui, elle fait partie int\u00e9grante des mets les plus appr\u00e9ci\u00e9s par les adeptes de l&rsquo;<em>entomophagie<\/em><\/p>\n<h3>Araign\u00e9e : une explosion de saveur pour cet insecte alimentaire<\/h3>\n<p>La <strong>tarentule <\/strong>comestible se mange nature et en <em>insecte apero<\/em>. Pour appr\u00e9cier leur go\u00fbt unique, il suffit de les frire et de les assaisonner d\u00e9licatement. En les d\u00e9gustant, on d\u00e9couvre alors des pattes \u00e0 la texture croustillante et des abdomens moelleux. On retrouve une viande blanche et d\u00e9licate dans les autres parties. La <em>Tarentule<\/em> <em>Insecte comestible<\/em>, a \u00e9t\u00e9 bouillie et d\u00e9shydrat\u00e9e pendant plusieurs heures. Ce processus les rend quelque peu fragiles, mais cela n\u2019affecte en rien leur go\u00fbt ou le plaisir que l\u2019on peut ressentir \u00e0 les manger.<\/p>\n<p>Pour la d\u00e9gustation, la <em>tarentule<\/em> comestible se mange sans accompagnement. En revanche, on peut les tremper dans une sauce et les prendre avec du riz si on appr\u00e9hende le go\u00fbt. Justement, les avis divergent sur la saveur. Les uns parlent d\u2019un arri\u00e8re-go\u00fbt de noisette ou d\u2019amande, d\u2019autres y trouvent le go\u00fbt du crabe.<\/p>\n<p>Pourtant, ce qui est s\u00fbr c\u2019est que tout le monde est presque unanime sur leur qualit\u00e9 gustative. Pour d\u00e9couvrir vous-m\u00eame le go\u00fbt de la <em>tarentule<\/em> comestibles ou pour mettre en r\u00e9serve des <em>araign\u00e9es<\/em> comestibles chez vous, n\u2019h\u00e9sitez pas \u00e0 les commander sur <a title=\"www.next-food.net\" href=\"https:\/\/www.next-food.net\/fr\">next-food.net<\/a> !<\/p>\n<h2>Araign\u00e9e | Tarentule : Valeur nutritive<\/h2>\n<p>Comme la <em>tarentule<\/em>, les <a title=\"insectes comestibles\" href=\"https:\/\/www.next-food.net\/fr\/insectes-comestibles-nature\/\">insectes comestibles<\/a> constituent probablement l\u2019une des plus importantes sources de nourriture du futur. En effet, en tenant compte du taux de conversion de nourriture, 10 kg d\u2019aliments donne 1 kg de viande de b\u0153uf, 3 kg de porc, 5 kg de volaille et 9 kg d\u2019insecte. Ce chiffre t\u00e9moigne de toute la potentialit\u00e9 des <em>insectes comestibles<\/em> dans la production de prot\u00e9ines.<\/p>\n<p>Par rapport aux \u00e9levages classiques, l\u2019entomoculture ne mobilise qu\u2019une infime ressource. Dans cette perspective, l\u2019impact environnemental de l\u2019\u00e9levage d\u2019<em>insectes \u00e0 manger<\/em> est tr\u00e8s limit\u00e9. Par exemple, un \u00e9levage de b\u0153uf rejette 80 fois plus de CO2 par rapport \u00e0 l\u2019\u00e9levage de <em>grillon<\/em>.<\/p>\n<p>Conscient de ces potentialit\u00e9s, l\u2019entomoculture commence \u00e0 prendre de l\u2019ampleur en France. Alors, comme les nombreux adepte d&rsquo;<em>entomophagie<\/em> du pays, venez faire vos emplettes sur notre site !<\/p>\n","protected":false},"excerpt":{"rendered":"        <div id=\"woocommerce-multi-currency-1\"\r\n             class=\"woocommerce-multi-currency wmc-shortcode plain-horizontal layout3 \"\r\n             data-layout=\"layout3\" data-flag_size=\"0.6\">\r\n            <input type=\"hidden\" class=\"wmc-current-url\" value=\"\/fr\/wp-json\/wp\/v2\/product\/9697\">\r\n\t\t\t                <div class=\"wmc-currency wmc-active\">\r\n\t\t\t\t\t                    <a rel=\"nofollow\" title=\"European Union\" class=\"wmc-currency-redirect\"\r\n                       href=\"\/fr\/wp-json\/wp\/v2\/product\/9697?wmc-currency=EUR\" data-currency=\"EUR\">\r\n                        <i style=\"transform: scale(0.6); margin: -8px -12px\"\r\n                           class=\"vi-flag-64 flag-eu \"><\/i>\r\n                    <\/a>\r\n                <\/div>\r\n\t\t\t\t                <div class=\"wmc-currency \">\r\n\t\t\t\t\t                    <a rel=\"nofollow\" title=\"Etats-Unis (USA)\" class=\"wmc-currency-redirect\"\r\n                       href=\"\/fr\/wp-json\/wp\/v2\/product\/9697?wmc-currency=USD\" data-currency=\"USD\">\r\n                        <i style=\"transform: scale(0.6); margin: -8px -12px\"\r\n                           class=\"vi-flag-64 flag-us \"><\/i>\r\n                    <\/a>\r\n                <\/div>\r\n\t\t\t\t        <\/div>\r\n\t\t Choisir la devise<\/p>\n<p><em>Araign\u00e9e<\/em> Tarentule<em>, insectes Comestibles<\/em>\u00a0 \u2013 Haplopelma Albostriatum<\/p>\n<p>M\u00e9lange de textures et Saveurs pour cet insecte comestible qui est un des plus fins avec son go\u00fbt de noisette, crabe<\/p>\n<p>En friture, cet <em>insecte alimentaire<\/em> est un d\u00e9lice !<\/p>\n","protected":false},"featured_media":9698,"comment_status":"open","ping_status":"closed","template":"","meta":[],"product_brand":[],"product_cat":[359],"product_tag":[],"class_list":{"0":"post-9697","1":"product","2":"type-product","3":"status-publish","4":"has-post-thumbnail","6":"product_cat-plain-insects-fr","8":"first","9":"outofstock","10":"shipping-taxable","11":"purchasable","12":"product-type-simple"},"_links":{"self":[{"href":"https:\/\/www.next-food.net\/fr\/wp-json\/wp\/v2\/product\/9697","targetHints":{"allow":["GET"]}}],"collection":[{"href":"https:\/\/www.next-food.net\/fr\/wp-json\/wp\/v2\/product"}],"about":[{"href":"https:\/\/www.next-food.net\/fr\/wp-json\/wp\/v2\/types\/product"}],"replies":[{"embeddable":true,"href":"https:\/\/www.next-food.net\/fr\/wp-json\/wp\/v2\/comments?post=9697"}],"wp:featuredmedia":[{"embeddable":true,"href":"https:\/\/www.next-food.net\/fr\/wp-json\/wp\/v2\/media\/9698"}],"wp:attachment":[{"href":"https:\/\/www.next-food.net\/fr\/wp-json\/wp\/v2\/media?parent=9697"}],"wp:term":[{"taxonomy":"product_brand","embeddable":true,"href":"https:\/\/www.next-food.net\/fr\/wp-json\/wp\/v2\/product_brand?post=9697"},{"taxonomy":"product_cat","embeddable":true,"href":"https:\/\/www.next-food.net\/fr\/wp-json\/wp\/v2\/product_cat?post=9697"},{"taxonomy":"product_tag","embeddable":true,"href":"https:\/\/www.next-food.net\/fr\/wp-json\/wp\/v2\/product_tag?post=9697"}],"curies":[{"name":"wp","href":"https:\/\/api.w.org\/{rel}","templated":true}]}}