{"id":12484,"date":"2018-09-04T19:27:07","date_gmt":"2018-09-04T18:29:41","guid":{"rendered":"https:\/\/www.next-food.net\/?post_type=product&#038;p=12484"},"modified":"2025-12-06T10:47:09","modified_gmt":"2025-12-06T09:47:09","slug":"scorpion-comestible","status":"publish","type":"product","link":"https:\/\/www.next-food.net\/fr\/produit\/scorpion-comestible\/","title":{"rendered":"Le Scorpion | Insecte Comestible \u00ab\u00a0Dor\u00e9 de Manchouri\u00a0\u00bb"},"content":{"rendered":"<h2>Le Scorpion : Le Top des insectes comestibles<\/h2>\n<p>Conditionn\u00e9 en sachet de 4 scorpions, cet <em>insecte comestible<\/em> va vous surprendre et \u00e9patez sans aucun doute vos invit\u00e9s\u00a0!<\/p>\n<p>A d\u00e9guster en <em>insecte apero <\/em>ou \u00e0 toute heure de la journ\u00e9e telle une friandise <em>le scorpion<\/em> est succulent, inattendu et tr\u00e8s nutritif.<\/p>\n<p>Bien entendu, la consommation de cet <em>insecte alimentaire<\/em> \u00ab\u00a0le Scorpion\u00a0\u00bb est absolument sans risque puisqu&rsquo;il est trait\u00e9 soigneusement et sp\u00e9cifiquement puis frit de fa\u00e7on \u00e0 neutraliser totalement son venin.<\/p>\n<p>Bien s\u00fbr, \u00a0<em>manger des insectes<\/em> tel que \u00ab\u00a0<em>le scorpion<\/em>\u00a0\u00bb ne pr\u00e9sente donc aucun risque, bien au contraire, c&rsquo;est un <em>insecte comestible<\/em> aux apports nutritionnels et \u00e9nerg\u00e9tiques exceptionnels.<\/p>\n<p>En r\u00e9alit\u00e9, il n&rsquo;est pas \u00e0 proprement parler un insecte puisqu&rsquo;il fait partie des esp\u00e8ces class\u00e9es dans les arachnides (araign\u00e9es) ; cependant il devient en quelque sorte un insecte \u00e0 partir du moment o\u00f9 le traitement et la cuisson le rende <em>Insecte comestible<\/em>.<\/p>\n<p>Les connaisseurs comme les d\u00e9gustateurs occasionnels vous diront lui trouver d&rsquo;excellentes qualit\u00e9s gustatives, un go\u00fbt prononc\u00e9 de pop corn, puis de bacon d\u00e9licieusement \u00e9pic\u00e9 en font un en-cas appr\u00e9ci\u00e9 et qui ne manque pas d&rsquo;originalit\u00e9.<\/p>\n<h2>Le Scorpion : cet insecte comestible venu d&rsquo;Asie qui vous veut du bien !<\/h2>\n<p><em>Le scorpion<\/em> comestible est depuis tr\u00e8s longtemps consomm\u00e9 en Chine et autres pays asiatiques d&rsquo;o\u00f9 il provient, et il est d&rsquo;ailleurs tr\u00e8s utilis\u00e9 en m\u00e9decine traditionnelle chinoise et ce depuis de tr\u00e8s nombreuses ann\u00e9es puisqu&rsquo;on lui pr\u00eate des bienfaits sur la circulation, les maladies cardio vasculaires, l&rsquo;urticaire, les fonctions biliaires, les troubles de la vision et les crises d&rsquo;\u00e9pilepsie. Ce qui n&rsquo;est pas si surprenant, le scorpion \u00e9tant un animal des plus r\u00e9sistants face aux conditions atmosph\u00e9riques et environnementales extr\u00eames.<br \/>\n<em>Acheter des insectes comestibles<\/em> tel que \u00ab\u00a0<em>le scorpion<\/em> dor\u00e9s \u00ab\u00a0 et les d\u00e9guster en famille et entre amis, c&rsquo;est vous assurer un moment convivial, original et innovant. Et c&rsquo;est aussi l&rsquo;occasion de profiter des bienfaits nutritionnels d&rsquo;un insecte comestible aux vertus reconnues.<\/p>\n","protected":false},"excerpt":{"rendered":"        <div id=\"woocommerce-multi-currency-1\"\r\n             class=\"woocommerce-multi-currency wmc-shortcode plain-horizontal layout3 \"\r\n             data-layout=\"layout3\" data-flag_size=\"0.6\">\r\n            <input type=\"hidden\" class=\"wmc-current-url\" value=\"\/fr\/wp-json\/wp\/v2\/product\/12484\">\r\n\t\t\t                <div class=\"wmc-currency wmc-active\">\r\n\t\t\t\t\t                    <a rel=\"nofollow\" title=\"European Union\" class=\"wmc-currency-redirect\"\r\n                       href=\"\/fr\/wp-json\/wp\/v2\/product\/12484?wmc-currency=EUR\" data-currency=\"EUR\">\r\n                        <i style=\"transform: scale(0.6); margin: -8px -12px\"\r\n                           class=\"vi-flag-64 flag-eu \"><\/i>\r\n                    <\/a>\r\n                <\/div>\r\n\t\t\t\t                <div class=\"wmc-currency \">\r\n\t\t\t\t\t                    <a rel=\"nofollow\" title=\"Etats-Unis (USA)\" class=\"wmc-currency-redirect\"\r\n                       href=\"\/fr\/wp-json\/wp\/v2\/product\/12484?wmc-currency=USD\" data-currency=\"USD\">\r\n                        <i style=\"transform: scale(0.6); margin: -8px -12px\"\r\n                           class=\"vi-flag-64 flag-us \"><\/i>\r\n                    <\/a>\r\n                <\/div>\r\n\t\t\t\t        <\/div>\r\n\t\t Choisir la devise<\/p>\n<p><em>Le Scorpion<\/em> dor\u00e9 de Manchouri, <em>insecte comestible<\/em> par excellence a une saveur de noisette, pop corn.<\/p>\n<p>Cet <em>insecte a manger<\/em>, peut l\u2019\u00eatre \u00ab\u00a0frit\u00a0\u00bb tel un <em>insecte grill\u00e9<\/em> pour l\u2019ap\u00e9ritif par exemple. Certains l\u2019utilisent m\u00eame dans des boissons alcoolis\u00e9es<\/p>\n<p>Pour une premi\u00e8re exp\u00e9rience en entomophagie, commencez par d\u00e9guster cet <em>insecte alimentaire <\/em>en apero, dans une ambiance festive\u00a0!<\/p>\n","protected":false},"featured_media":12476,"comment_status":"open","ping_status":"closed","template":"","meta":[],"product_brand":[],"product_cat":[359],"product_tag":[],"class_list":{"0":"post-12484","1":"product","2":"type-product","3":"status-publish","4":"has-post-thumbnail","6":"product_cat-plain-insects-fr","8":"first","9":"outofstock","10":"shipping-taxable","11":"purchasable","12":"product-type-simple"},"_links":{"self":[{"href":"https:\/\/www.next-food.net\/fr\/wp-json\/wp\/v2\/product\/12484","targetHints":{"allow":["GET"]}}],"collection":[{"href":"https:\/\/www.next-food.net\/fr\/wp-json\/wp\/v2\/product"}],"about":[{"href":"https:\/\/www.next-food.net\/fr\/wp-json\/wp\/v2\/types\/product"}],"replies":[{"embeddable":true,"href":"https:\/\/www.next-food.net\/fr\/wp-json\/wp\/v2\/comments?post=12484"}],"wp:featuredmedia":[{"embeddable":true,"href":"https:\/\/www.next-food.net\/fr\/wp-json\/wp\/v2\/media\/12476"}],"wp:attachment":[{"href":"https:\/\/www.next-food.net\/fr\/wp-json\/wp\/v2\/media?parent=12484"}],"wp:term":[{"taxonomy":"product_brand","embeddable":true,"href":"https:\/\/www.next-food.net\/fr\/wp-json\/wp\/v2\/product_brand?post=12484"},{"taxonomy":"product_cat","embeddable":true,"href":"https:\/\/www.next-food.net\/fr\/wp-json\/wp\/v2\/product_cat?post=12484"},{"taxonomy":"product_tag","embeddable":true,"href":"https:\/\/www.next-food.net\/fr\/wp-json\/wp\/v2\/product_tag?post=12484"}],"curies":[{"name":"wp","href":"https:\/\/api.w.org\/{rel}","templated":true}]}}