{"id":12422,"date":"2018-08-24T15:12:05","date_gmt":"2018-08-24T14:12:05","guid":{"rendered":"https:\/\/www.next-food.net\/product\/les-fourmis-noires-comestibles\/"},"modified":"2026-04-09T10:47:10","modified_gmt":"2026-04-09T09:47:10","slug":"les-fourmis-noires-comestibles","status":"publish","type":"product","link":"https:\/\/www.next-food.net\/fr\/produit\/les-fourmis-noires-comestibles\/","title":{"rendered":"Fourmi | Insectes Comestibles \u00ab\u00a0Fourmi Noire\u00a0\u00bb"},"content":{"rendered":"<h2>Fourmi | Insecte alimentaire \u00e9pic\u00e9 !<\/h2>\n<p>D\u00e9shydrat\u00e9es et Conditionn\u00e9es en sachet de 10gr<\/p>\n<p>Dans les ann\u00e9es \u00e0 venir, il va falloir compter sur de nouvelles fa\u00e7ons de se nourrir, de nombreux pays du monde en Am\u00e9rique centrale, en Afrique, en Asie et de plus en plus en Europe l&rsquo;ont bien compris : Les <em>insectes comestibles<\/em> sont d importantes et saines sources de prot\u00e9ines, et sont donc une excellente substitution \u00e0 la viande.<\/p>\n<p>La <em>fourmi<\/em> noire fait partie des <em>insectes \u00e0 manger<\/em> parfaitement comestibles et sont m\u00eame succulentes, vous pouvez en agr\u00e9menter la plupart de vos plats, elles y apporteront un cot\u00e9 piquant, croustillant et original, de quoi ravir vos papilles et cr\u00e9er la surprise et marquer les esprits de vos invit\u00e9s.<\/p>\n<p>La <em>fourmi<\/em> noire peut \u00e9galement se d\u00e9guster en ap\u00e9ritifs et remplace avantageusement chips et cacahu\u00e8tes d&rsquo;un point de vue di\u00e9t\u00e9tique.<\/p>\n<h2>Fourmi | Un insecte Comestible d\u00e9tonnant !<\/h2>\n<p>La <em>fourmi<\/em> noire se mange avec tout, leur gout acidul\u00e9, sucr\u00e9 et leur c\u00f4t\u00e9 croustillant agr\u00e9mentent agr\u00e9ablement vos entr\u00e9es, plats, salades et desserts.<\/p>\n<p>Aucune transformation n&rsquo;est n\u00e9cessaire, la <em>fourmi<\/em> noire, <em>Insecte comestible<\/em> en sachet est d\u00e9shydrat\u00e9e et pr\u00eate \u00e0 l&#8217;emploi, ainsi vous pouvez les d\u00e9guster telles quelles comme une friandise ou pour accompagner vos ap\u00e9ritifs ou les utiliser dans vos plats pr\u00e9f\u00e9r\u00e9s, comme un condiment ou un ingr\u00e9dient de composition \u00e0 part enti\u00e8re.<\/p>\n<p>Laissez libre cours \u00e0 votre imagination et \u00e0 votre cr\u00e9ativit\u00e9, vous serez sans aucun doute agr\u00e9ablement surpris de constater combien votre cuisine va gagner en qualit\u00e9 gustative, nutritive et originalit\u00e9.<\/p>\n<h2>Fourmi | Un insecte \u00e0 manger, Un bienfait pour votre sant\u00e9<\/h2>\n<p>La population de notre belle plan\u00e8te augmente sans cesse, l&rsquo;\u00e9levage et la production de viande animale co\u00fbte cher et n&rsquo;est pas possible dans certains coins du monde sans la construction d&rsquo;infra structures importantes et donc inaccessibles \u00e0 des populations d\u00e9j\u00e0 d\u00e9favoris\u00e9es. M\u00eame dans nos pays d\u00e9velopp\u00e9s, acheter de la viande r\u00e9guli\u00e8rement n&rsquo;est pas \u00e0 la port\u00e9e de tous, loin de l\u00e0. Voil\u00e0 pourquoi l&rsquo;ONU et les OMG intervenants dans les pays d\u00e9favoris\u00e9s incitent de plus en plus les populations \u00e0 consommer des insectes comestibles.<\/p>\n<p>La <em>fourmi<\/em> noire, <em>insecte alimentaire<\/em>, entre autres constituent un excellent apport en prot\u00e9ines, sels min\u00e9raux et vitamines permettant de se substituer \u00e0 la viande ou d&rsquo;en r\u00e9duire la consommation.<\/p>\n<p>Les <em>insectes comestibles<\/em> en g\u00e9n\u00e9ral, les fourmis noires en particulier ont donc de beaux jours devant eux et vont, sans nul doute, faire rapidement partie int\u00e9grante de notre alimentation.<\/p>\n","protected":false},"excerpt":{"rendered":"        <div id=\"woocommerce-multi-currency-1\"\r\n             class=\"woocommerce-multi-currency wmc-shortcode plain-horizontal layout3 \"\r\n             data-layout=\"layout3\" data-flag_size=\"0.6\">\r\n            <input type=\"hidden\" class=\"wmc-current-url\" value=\"\/fr\/wp-json\/wp\/v2\/product\/12422\">\r\n\t\t\t                <div class=\"wmc-currency wmc-active\">\r\n\t\t\t\t\t                    <a rel=\"nofollow\" title=\"European Union\" class=\"wmc-currency-redirect\"\r\n                       href=\"\/fr\/wp-json\/wp\/v2\/product\/12422?wmc-currency=EUR\" data-currency=\"EUR\">\r\n                        <i style=\"transform: scale(0.6); margin: -8px -12px\"\r\n                           class=\"vi-flag-64 flag-eu \"><\/i>\r\n                    <\/a>\r\n                <\/div>\r\n\t\t\t\t                <div class=\"wmc-currency \">\r\n\t\t\t\t\t                    <a rel=\"nofollow\" title=\"Etats-Unis (USA)\" class=\"wmc-currency-redirect\"\r\n                       href=\"\/fr\/wp-json\/wp\/v2\/product\/12422?wmc-currency=USD\" data-currency=\"USD\">\r\n                        <i style=\"transform: scale(0.6); margin: -8px -12px\"\r\n                           class=\"vi-flag-64 flag-us \"><\/i>\r\n                    <\/a>\r\n                <\/div>\r\n\t\t\t\t        <\/div>\r\n\t\t Choisir la devise<br \/>\nLa <em>fourmi<\/em> noire est un insecte comestible \u00e9tonnant par sa diversit\u00e9 d&rsquo;utilisation. Succulentes, cet <em>insecte a manger<\/em> vous permettra d&rsquo;agr\u00e9menter la plupart de vos plats, elles y apporteront un cot\u00e9 piquant, croustillant et original, de quoi ravir vos papilles et cr\u00e9er la surprise et marquer les esprits de vos invit\u00e9s.<\/p>\n","protected":false},"featured_media":12408,"comment_status":"open","ping_status":"closed","template":"","meta":[],"product_brand":[],"product_cat":[359],"product_tag":[],"class_list":{"0":"post-12422","1":"product","2":"type-product","3":"status-publish","4":"has-post-thumbnail","6":"product_cat-plain-insects-fr","8":"first","9":"outofstock","10":"shipping-taxable","11":"purchasable","12":"product-type-simple"},"_links":{"self":[{"href":"https:\/\/www.next-food.net\/fr\/wp-json\/wp\/v2\/product\/12422","targetHints":{"allow":["GET"]}}],"collection":[{"href":"https:\/\/www.next-food.net\/fr\/wp-json\/wp\/v2\/product"}],"about":[{"href":"https:\/\/www.next-food.net\/fr\/wp-json\/wp\/v2\/types\/product"}],"replies":[{"embeddable":true,"href":"https:\/\/www.next-food.net\/fr\/wp-json\/wp\/v2\/comments?post=12422"}],"wp:featuredmedia":[{"embeddable":true,"href":"https:\/\/www.next-food.net\/fr\/wp-json\/wp\/v2\/media\/12408"}],"wp:attachment":[{"href":"https:\/\/www.next-food.net\/fr\/wp-json\/wp\/v2\/media?parent=12422"}],"wp:term":[{"taxonomy":"product_brand","embeddable":true,"href":"https:\/\/www.next-food.net\/fr\/wp-json\/wp\/v2\/product_brand?post=12422"},{"taxonomy":"product_cat","embeddable":true,"href":"https:\/\/www.next-food.net\/fr\/wp-json\/wp\/v2\/product_cat?post=12422"},{"taxonomy":"product_tag","embeddable":true,"href":"https:\/\/www.next-food.net\/fr\/wp-json\/wp\/v2\/product_tag?post=12422"}],"curies":[{"name":"wp","href":"https:\/\/api.w.org\/{rel}","templated":true}]}}