{"id":10355,"date":"2015-01-24T14:24:20","date_gmt":"2015-01-24T13:24:20","guid":{"rendered":"https:\/\/www.next-food.net\/product\/criquets-pantanga-succinct\/"},"modified":"2025-10-02T13:05:21","modified_gmt":"2025-10-02T12:05:21","slug":"criquets-pantanga-succinct","status":"publish","type":"product","link":"https:\/\/www.next-food.net\/fr\/produit\/criquets-pantanga-succinct\/","title":{"rendered":"Criquet | Insecte Comestible \u00ab\u00a0Pantanga Succinct\u00a0\u00bb"},"content":{"rendered":"<h2>Entomophagie et insecte a manger : Le Criquet<i><\/i><\/h2>\n<p>Le <em>criquet<\/em> migrateur est un met particuli\u00e8rement appr\u00e9ci\u00e9 des adeptes de l&rsquo;entomophagie et les recettes pour l\u2019accommoder sont extr\u00eamement vari\u00e9es. Particuli\u00e8rement ravageurs, le <em>criquet<\/em> migrateurs ne reste pas moins un mets de qualit\u00e9. En effet, ils peuvent facilement remplacer les chips en guise d\u2019ap\u00e9ritif. \u00c9tant le produit phare parmi les <em>insectes comestibles<\/em>, sa pr\u00e9paration peut se faire de diverses mani\u00e8res : bouillis, grill\u00e9s, crus\u2026<\/p>\n<h2>Insectes \u00e0 manger nature, en salade ou insecte apero !<\/h2>\n<p>Le <em>criquet<\/em> convient parfaitement \u00e0 la pr\u00e9paration de brochettes tel un <em>insecte grill\u00e9<\/em>. Pour cela, on commence par passer les criquets comestibles au micro-onde pendant une dizaine de secondes. Ensuite, on enfile alternativement criquet et oignon, poivron, tomate\u2026 Apr\u00e8s un assaisonnement en sel et en herbes aromatiques, thym ou herbes de Provence, on grille la brochette sur la braise. Particuli\u00e8rement recherch\u00e9s par les adeptes de l&rsquo;<em>entomophagie<\/em>, ils se distinguent par un go\u00fbt riche et savoureux. Pour ceux qui pr\u00e9f\u00e8rent les criquets frais en salades, il faut les faire cuire \u00e0 200\u00b0C pendant 90 minutes ou les faire bouillir. Une fois que la cuisson arrive \u00e0 terme, on l\u2019enl\u00e8ve et on y ajoute des tranches de tomates et quelques feuilles de salade et le plat est pr\u00eat. Ils sont \u00e9galement tr\u00e8s app\u00e9tissants en nature ou en ap\u00e9ritif. Ainsi, on commence par faire cuire les criquets comestibles dans l\u2019huile. Une fois croquants, on l\u2019enl\u00e8ve afin de les saler et les pimenter avant de les d\u00e9guster. Pour r\u00e9ussir vos recettes, commandez d\u00e8s \u00e0 pr\u00e9sent des criquets comestibles sur next-food.net.<\/p>\n<h3>Insectes comestibles : le Criquet<\/h3>\n<p>Comme la plupart des <em>insectes \u00e0 manger<\/em>, les criquets pr\u00e9sentent des apports nutritifs sup\u00e9rieurs \u00e0 la viande, au poisson et aux produits laitiers. En effet, ils ont un taux de prot\u00e9ine 3 fois plus important contre un taux de mati\u00e8re grasse inf\u00e9rieur \u00e0 20 %. En outre, en contenant des nutriments comme l\u2019om\u00e9ga 3, ils constituent un excellent moyen pour pr\u00e9venir les maladies cardiovasculaires et les cancers. On retrouve g\u00e9n\u00e9ralement le <em>criquet<\/em> dans les champs ou dans les jardins. Cependant, le <em>criquet<\/em> Pantanga Succinct ou le <em>criquet<\/em> migrateur que propose Next-Food est d&rsquo;une excellente qualit\u00e9 et fra\u00eecheur. Pour le grand plaisir des amateurs, la soci\u00e9t\u00e9 a d\u00e9velopp\u00e9 des techniques d\u2019entomoculture pour proposer les meilleurs <em>insectes comestible<\/em>s \u00e0 ses clients. Alors, consultez notre site next-food.net et vous pourrez commander des criquets comestibles conditionn\u00e9s en sachets de 25 g !<\/p>\n","protected":false},"excerpt":{"rendered":"        <div id=\"woocommerce-multi-currency-1\"\r\n             class=\"woocommerce-multi-currency wmc-shortcode plain-horizontal layout3 \"\r\n             data-layout=\"layout3\" data-flag_size=\"0.6\">\r\n            <input type=\"hidden\" class=\"wmc-current-url\" value=\"\/fr\/wp-json\/wp\/v2\/product\/10355\">\r\n\t\t\t                <div class=\"wmc-currency wmc-active\">\r\n\t\t\t\t\t                    <a rel=\"nofollow\" title=\"European Union\" class=\"wmc-currency-redirect\"\r\n                       href=\"\/fr\/wp-json\/wp\/v2\/product\/10355?wmc-currency=EUR\" data-currency=\"EUR\">\r\n                        <i style=\"transform: scale(0.6); margin: -8px -12px\"\r\n                           class=\"vi-flag-64 flag-eu \"><\/i>\r\n                    <\/a>\r\n                <\/div>\r\n\t\t\t\t                <div class=\"wmc-currency \">\r\n\t\t\t\t\t                    <a rel=\"nofollow\" title=\"Etats-Unis (USA)\" class=\"wmc-currency-redirect\"\r\n                       href=\"\/fr\/wp-json\/wp\/v2\/product\/10355?wmc-currency=USD\" data-currency=\"USD\">\r\n                        <i style=\"transform: scale(0.6); margin: -8px -12px\"\r\n                           class=\"vi-flag-64 flag-us \"><\/i>\r\n                    <\/a>\r\n                <\/div>\r\n\t\t\t\t        <\/div>\r\n\t\t Choisir la devise<\/p>\n<p><em>Criquet<\/em>, <em>Insectes comestibles<\/em> \u2013 Pantanga Succinct<\/p>\n<p>Particuli\u00e8rement appr\u00e9ci\u00e9 des amateurs d\u2019<em>insectes comestibles<\/em>, le <em>criquet<\/em> migrateur vendu dans notre boutique est une sp\u00e9cialit\u00e9 culinaire. Cet <em>insecte alimentaire<\/em> dernier s\u2019accommode aussi bien dans la cuisine traditionnelle que pour remplacer des chips \u00e0 l\u2019ap\u00e9ritif. \u00c0 offrir pour l\u2019ap\u00e9ritif, effet de surprise garanti !<\/p>\n","protected":false},"featured_media":10356,"comment_status":"open","ping_status":"closed","template":"","meta":[],"product_brand":[],"product_cat":[359],"product_tag":[],"class_list":{"0":"post-10355","1":"product","2":"type-product","3":"status-publish","4":"has-post-thumbnail","6":"product_cat-plain-insects-fr","8":"first","9":"outofstock","10":"sale","11":"shipping-taxable","12":"purchasable","13":"product-type-variable","14":"has-default-attributes"},"_links":{"self":[{"href":"https:\/\/www.next-food.net\/fr\/wp-json\/wp\/v2\/product\/10355","targetHints":{"allow":["GET"]}}],"collection":[{"href":"https:\/\/www.next-food.net\/fr\/wp-json\/wp\/v2\/product"}],"about":[{"href":"https:\/\/www.next-food.net\/fr\/wp-json\/wp\/v2\/types\/product"}],"replies":[{"embeddable":true,"href":"https:\/\/www.next-food.net\/fr\/wp-json\/wp\/v2\/comments?post=10355"}],"wp:featuredmedia":[{"embeddable":true,"href":"https:\/\/www.next-food.net\/fr\/wp-json\/wp\/v2\/media\/10356"}],"wp:attachment":[{"href":"https:\/\/www.next-food.net\/fr\/wp-json\/wp\/v2\/media?parent=10355"}],"wp:term":[{"taxonomy":"product_brand","embeddable":true,"href":"https:\/\/www.next-food.net\/fr\/wp-json\/wp\/v2\/product_brand?post=10355"},{"taxonomy":"product_cat","embeddable":true,"href":"https:\/\/www.next-food.net\/fr\/wp-json\/wp\/v2\/product_cat?post=10355"},{"taxonomy":"product_tag","embeddable":true,"href":"https:\/\/www.next-food.net\/fr\/wp-json\/wp\/v2\/product_tag?post=10355"}],"curies":[{"name":"wp","href":"https:\/\/api.w.org\/{rel}","templated":true}]}}