{"id":10328,"date":"2015-11-24T13:38:16","date_gmt":"2015-11-24T12:38:16","guid":{"rendered":"https:\/\/www.next-food.net\/product\/grillons-gryllus-bimaculatus\/"},"modified":"2026-04-14T19:37:01","modified_gmt":"2026-04-14T18:37:01","slug":"grillons-gryllus-bimaculatus","status":"publish","type":"product","link":"https:\/\/www.next-food.net\/fr\/produit\/grillons-gryllus-bimaculatus\/","title":{"rendered":"Grillon | Insecte Comestible \u00ab\u00a0Gryllus Bimaculatus\u00a0\u00bb"},"content":{"rendered":"<h2>Grillon, Criquet ou sauterelle ?<\/h2>\n<p style=\"text-align: justify;\">Tous les trois sont des <em>insectes comestibles<\/em> mais comment les diff\u00e9rencier.<\/p>\n<ul>\n<li>Impossible de distinguer ces <em>insectes comestibles<\/em> par leur couleur, car il existe des criquets verts et des sauterelles grises voire inversement<\/li>\n<li>Tous, sont des <em>insectes<\/em> \u00ab\u00a0chanteurs\u00a0\u00bb<\/li>\n<\/ul>\n<p>Mais alors ? comment les distinguer ?<\/p>\n<ul>\n<li>Le <em>criquet<\/em>, notre <em>insecte comestible<\/em>, poss\u00e8de des antennes courtes<\/li>\n<li>La diff\u00e9rence entre le <em>grillon<\/em> et la <em>sauterelle<\/em> peut s&rsquo;\u00e9tudier par la couleur, le <em>grillon<\/em> n&rsquo;est pas vert !<\/li>\n<li>Les pattes arri\u00e8re du grillon sont tr\u00e8s \u00e9cart\u00e9es de leur corps<\/li>\n<li>Enfin, le grillon poss\u00e8de deux appendices au bout de leur abdomen<\/li>\n<\/ul>\n<p style=\"text-align: justify;\">Les <em>grillons comestibles<\/em> a manger de Next-Food ont \u00e9t\u00e9 s\u00e9lectionn\u00e9s avec soin pour leur go\u00fbt, leurs belles formes et la qualit\u00e9 de l\u2019\u00e9levage dont ils sont issus. En effet, ces insectes proviennent de notre ferme qui utilise des techniques novatrices et respectueuses de l\u2019environnement. Les <em>grillons comestibles<\/em> sont \u00e9lev\u00e9s et pr\u00e9par\u00e9s sur place selon des crit\u00e8res de qualit\u00e9 strict. Avant d\u2019\u00eatre conditionn\u00e9s, les <em>insectes comestibles<\/em> sont bouillis puis d\u00e9shydrat\u00e9s par un proc\u00e9d\u00e9 unique utilisant des \u00e9nergies renouvelables. Ils sont ensuite assaisonn\u00e9s ou simplement sal\u00e9s.<\/p>\n<p>Avec le <em>criquet<\/em> comestibles, le <em>grillon<\/em> fait partie des insectes les plus consomm\u00e9s au monde. Ils sont pr\u00e9sents dans la cuisine des pays qui ne se distinguent pourtant pas pour leur entomophagie, notamment au Laos.<\/p>\n<h2>Manger des insectes : oui ! Quid des apports nutritifs !<\/h2>\n<p>Les <em>grillons comestibles<\/em> sont connus pour leur apport nutritif. Riches en prot\u00e9ine et en fibre, ils ont un taux de mati\u00e8re grasse avoisinant les 16 %. <em>Manger Insectes<\/em> pr\u00e9sentent donc tous les avantages de la viande avec les cholest\u00e9rols en moins. En outre, on y trouve du calcium, du magn\u00e9sium, du fer et du phosphore. En somme, c\u2019est un concentr\u00e9 de nutriments<\/p>\n<p>Concernant le go\u00fbt, le grillon est un <em>insecte a manger<\/em> tr\u00e8s savoureux qui s\u00e9duisent au-del\u00e0 des habituels entomovores. Se situant entre l\u2019amande et la noisette, il est assez familier, m\u00eame pour ceux qui n\u2019en ont jamais go\u00fbt\u00e9. Pour les connaisseurs, ils se rapproche des <em>vers \u00e0 farine comestible<\/em>, avec une saveur plus cors\u00e9e. Aussi croquants que savoureux, ils peuvent tr\u00e8s bien remplacer les cacahu\u00e8tes en ap\u00e9ritif.<\/p>\n<p>Pour r\u00e9ussir la recette insecte, Next-Food pr\u00e9sente des grillons en sachet de 25 g issus de sa propre ferme, utilisant des techniques d\u2019\u00e9levage novatrices et respectueuses de l\u2019environnement.<\/p>\n<h3>Criquet Comestible : Polenta au grillon<\/h3>\n<p>Les frites de polenta aux grillons sont une possibilit\u00e9 qui permet de d\u00e9couvrir les saveurs de cet <em>insecte comestible<\/em> \u00e0 travers une recette plus \u00e9labor\u00e9e. Ainsi, elle n\u00e9cessite 500 g de polenta, 120 g de parmesan r\u00e2p\u00e9, 100 g de grillon comestible, 50 g de beurre. Enfin, il faut de l\u2019huile de canola pour la friture et bien s\u00fbr du sel pour l\u2019assaisonnement.<\/p>\n<p>Pour la pr\u00e9paration, les grillons r\u00e9duits en farine sont m\u00e9lang\u00e9s \u00e0 la polenta d\u00e9j\u00e0 pr\u00e9par\u00e9e suivant les instructions. 5 minutes avant que la cuisson ne soit termin\u00e9e, on y verse le parmesan et le sel. Ensuite, on laisse la pr\u00e9paration au repos pendant une heure avant de d\u00e9couper la polenta en b\u00e2tonnet. Enfin, on frit 3 minutes de chaque c\u00f4t\u00e9 et le plat est pr\u00eat.<\/p>\n<p>Il faut apporter une petite touche d\u00e9corative et le tour est jou\u00e9. On n\u2019oublie pas quand m\u00eame la mayonnaise \u00e0 la truffe, le sweet and chili\u2026 pour l\u2019accompagnement. Commandez des <em>grillons comestibles<\/em> sur next-food.net !<\/p>\n<p style=\"text-align: justify;\">Nous vous proposons ces grillons comestibles \u00e0 diff\u00e9rentes saveurs : tha\u00ef, curry piment, BBQ\u2026<\/p>\n","protected":false},"excerpt":{"rendered":"        <div id=\"woocommerce-multi-currency-1\"\r\n             class=\"woocommerce-multi-currency wmc-shortcode plain-horizontal layout3 \"\r\n             data-layout=\"layout3\" data-flag_size=\"0.6\">\r\n            <input type=\"hidden\" class=\"wmc-current-url\" value=\"\/fr\/wp-json\/wp\/v2\/product\/10328\">\r\n\t\t\t                <div class=\"wmc-currency wmc-active\">\r\n\t\t\t\t\t                    <a rel=\"nofollow\" title=\"European Union\" class=\"wmc-currency-redirect\"\r\n                       href=\"\/fr\/wp-json\/wp\/v2\/product\/10328?wmc-currency=EUR\" data-currency=\"EUR\">\r\n                        <i style=\"transform: scale(0.6); margin: -8px -12px\"\r\n                           class=\"vi-flag-64 flag-eu \"><\/i>\r\n                    <\/a>\r\n                <\/div>\r\n\t\t\t\t                <div class=\"wmc-currency \">\r\n\t\t\t\t\t                    <a rel=\"nofollow\" title=\"Etats-Unis (USA)\" class=\"wmc-currency-redirect\"\r\n                       href=\"\/fr\/wp-json\/wp\/v2\/product\/10328?wmc-currency=USD\" data-currency=\"USD\">\r\n                        <i style=\"transform: scale(0.6); margin: -8px -12px\"\r\n                           class=\"vi-flag-64 flag-us \"><\/i>\r\n                    <\/a>\r\n                <\/div>\r\n\t\t\t\t        <\/div>\r\n\t\t Choisir la devise<\/p>\n<p>Grillon,\u00a0<em>Insectes comestibles<\/em> &#8211; Gryllus Bimaculatus<\/p>\n<p>C\u2019est l&rsquo;<em>insecte a manger<\/em> le plus demand\u00e9 de notre production, l\u2019incontournable de la gastronomie entomophage. Pl\u00e9biscit\u00e9s par les croqueurs d\u2019<em>insectes comestibles<\/em> pour leur go\u00fbt subtil. Nos <em>grillons comestibles<\/em> a manger sont pr\u00e9par\u00e9s selon une recette traditionnelle.<\/p>\n","protected":false},"featured_media":10329,"comment_status":"open","ping_status":"closed","template":"","meta":[],"product_brand":[],"product_cat":[359],"product_tag":[],"class_list":{"0":"post-10328","1":"product","2":"type-product","3":"status-publish","4":"has-post-thumbnail","6":"product_cat-plain-insects-fr","8":"first","9":"instock","10":"shipping-taxable","11":"purchasable","12":"product-type-variable","13":"has-default-attributes"},"_links":{"self":[{"href":"https:\/\/www.next-food.net\/fr\/wp-json\/wp\/v2\/product\/10328","targetHints":{"allow":["GET"]}}],"collection":[{"href":"https:\/\/www.next-food.net\/fr\/wp-json\/wp\/v2\/product"}],"about":[{"href":"https:\/\/www.next-food.net\/fr\/wp-json\/wp\/v2\/types\/product"}],"replies":[{"embeddable":true,"href":"https:\/\/www.next-food.net\/fr\/wp-json\/wp\/v2\/comments?post=10328"}],"wp:featuredmedia":[{"embeddable":true,"href":"https:\/\/www.next-food.net\/fr\/wp-json\/wp\/v2\/media\/10329"}],"wp:attachment":[{"href":"https:\/\/www.next-food.net\/fr\/wp-json\/wp\/v2\/media?parent=10328"}],"wp:term":[{"taxonomy":"product_brand","embeddable":true,"href":"https:\/\/www.next-food.net\/fr\/wp-json\/wp\/v2\/product_brand?post=10328"},{"taxonomy":"product_cat","embeddable":true,"href":"https:\/\/www.next-food.net\/fr\/wp-json\/wp\/v2\/product_cat?post=10328"},{"taxonomy":"product_tag","embeddable":true,"href":"https:\/\/www.next-food.net\/fr\/wp-json\/wp\/v2\/product_tag?post=10328"}],"curies":[{"name":"wp","href":"https:\/\/api.w.org\/{rel}","templated":true}]}}