{"id":10303,"date":"2014-12-17T13:09:33","date_gmt":"2014-12-17T12:09:33","guid":{"rendered":"https:\/\/www.next-food.net\/product\/scarabee-plongeur-cybister-limbatus\/"},"modified":"2026-04-07T08:05:59","modified_gmt":"2026-04-07T07:05:59","slug":"scarabee-plongeur-cybister-limbatus","status":"publish","type":"product","link":"https:\/\/www.next-food.net\/fr\/produit\/scarabee-plongeur-cybister-limbatus\/","title":{"rendered":"Scarab\u00e9e \u00ab\u00a0Plongeur\u00a0\u00bb | Insecte Comestible (Cybister limbatus)"},"content":{"rendered":"<h2>Sacarab\u00e9e : Manger des insectes au go\u00fbt subtil<\/h2>\n<p>De la famille des <em>col\u00e9opt\u00e8res<\/em>, le <em>scarab\u00e9e<\/em> plongeur comestible ou le Cybister limbatus est reconnaissable par sa couleur noire et l\u2019\u00e9lytre qui prot\u00e8ge ses ailes et par sa forme ovale. Se nourrissant de petits poissons et de crustac\u00e9s, il a un go\u00fbt typique \u00e9pic\u00e9. Ils sont nettoy\u00e9s puis bouillis avant d\u2019\u00eatre d\u00e9shydrat\u00e9s. Il poss\u00e8de un aiguillon tr\u00e8s pointu (pensez \u00e0 l\u2019enlever avant de le manger). On le trouve dans plusieurs endroits du monde, entre autres : l\u2019Asie du sud-est, le Japon, le Mexique, la Nouvelle Guin\u00e9e\u2026<\/p>\n<h2>Scarab\u00e9e noir : insecte mangeable et plus encore !<\/h2>\n<p>Avant d\u2019\u00eatre exp\u00e9di\u00e9s, Le <em>scarab\u00e9e<\/em> plongeur comestible de Next-Food sont pr\u00e9par\u00e9s et conditionn\u00e9s sur place. Apr\u00e8s la collecte, ils sont bouillis et d\u00e9shydrat\u00e9s avant d\u2019\u00eatre empaquet\u00e9s dans des sachets. Ils arrivent donc en excellente condition. Ceci est donc le garant d\u2019un produit d\u2019une excellente qualit\u00e9 pour r\u00e9ussir une <em>recette insecte<\/em> \u00e0 base de <em>scarab\u00e9e<\/em> plongeur comestible.<\/p>\n<p>De saveur exquise, ils se mangent en ap\u00e9ritif. Tr\u00e8s croquants et se rapprochant de la crevette, ils s\u00e9duiront s\u00fbrement le n\u00e9ophyte qui a su d\u00e9passer ses appr\u00e9hensions. Alors, consultez notre site next-food.net et vous pourrez commander des scarab\u00e9es plongeurs comestibles conditionn\u00e9s en sachet de 25 g.<\/p>\n<h3>Scarab\u00e9e : un insecte qui se mange<\/h3>\n<p>Comme tous les <em>insectes comestibles<\/em>, les scarab\u00e9es plongeurs sont tr\u00e8s riches en nutriments, notamment en prot\u00e9ines. Pour vous donner une id\u00e9e, 100g de viande apporte 143 calories contre 500 calories pour 100 d\u2019<em>insectes comestibles<\/em>. En cons\u00e9quence, une soupe de petits grillons par exemple est plus nutritive qu\u2019un ragout de viande, mais avec les mati\u00e8res graisses satur\u00e9es en moins.<\/p>\n<p>En revanche, ils sont pauvres en mati\u00e8res grasses, ce qui n\u2019est pas le cas de la viande en g\u00e9n\u00e9ral. En outre, ils pr\u00e9sentent un taux important d\u2019acides gras polyinsatur\u00e9s, ce qui les rapproche des poissons gras comme le thon ou les saumons.<\/p>\n<p>B\u00e9n\u00e9fiques pour la sant\u00e9, ils apportent des nutriments qui contribuent au bon fonctionnement du corps humain en r\u00e9duisant le pourcentage des risques de maladies cardiovasculaire et de cancer. L\u2019om\u00e9ga 3 acc\u00e9l\u00e8re \u00e9galement la perte de poids et pr\u00e9vient des maladies comme le diab\u00e8te.<\/p>\n<p>Accessibles et nutritifs, les <em>insectes \u00e0 manger<\/em> peuvent constituer donc une base de r\u00e9gime alimentaire tr\u00e8s int\u00e9ressant pour les personnes en qu\u00eate de r\u00e9gime amincissant ou tout simplement di\u00e9t\u00e9tique. Alors, commandez d\u00e8s \u00e0 pr\u00e9sent des scarab\u00e9es plongeurs comestibles sur next-food.net !<\/p>\n<p>Accessibles et nutritifs, les <em>insectes \u00e0 manger<\/em> peuvent constituer donc une base de r\u00e9gime alimentaire tr\u00e8s int\u00e9ressant pour les personnes en qu\u00eate de r\u00e9gime amincissant ou tout simplement di\u00e9t\u00e9tique. Alors, commandez d\u00e8s \u00e0 pr\u00e9sent des scarab\u00e9es plongeurs comestibles sur next-food.net !<\/p>\n","protected":false},"excerpt":{"rendered":"        <div id=\"woocommerce-multi-currency-1\"\r\n             class=\"woocommerce-multi-currency wmc-shortcode plain-horizontal layout3 \"\r\n             data-layout=\"layout3\" data-flag_size=\"0.6\">\r\n            <input type=\"hidden\" class=\"wmc-current-url\" value=\"\/fr\/wp-json\/wp\/v2\/product\/10303\">\r\n\t\t\t                <div class=\"wmc-currency wmc-active\">\r\n\t\t\t\t\t                    <a rel=\"nofollow\" title=\"European Union\" class=\"wmc-currency-redirect\"\r\n                       href=\"\/fr\/wp-json\/wp\/v2\/product\/10303?wmc-currency=EUR\" data-currency=\"EUR\">\r\n                        <i style=\"transform: scale(0.6); margin: -8px -12px\"\r\n                           class=\"vi-flag-64 flag-eu \"><\/i>\r\n                    <\/a>\r\n                <\/div>\r\n\t\t\t\t                <div class=\"wmc-currency \">\r\n\t\t\t\t\t                    <a rel=\"nofollow\" title=\"Etats-Unis (USA)\" class=\"wmc-currency-redirect\"\r\n                       href=\"\/fr\/wp-json\/wp\/v2\/product\/10303?wmc-currency=USD\" data-currency=\"USD\">\r\n                        <i style=\"transform: scale(0.6); margin: -8px -12px\"\r\n                           class=\"vi-flag-64 flag-us \"><\/i>\r\n                    <\/a>\r\n                <\/div>\r\n\t\t\t\t        <\/div>\r\n\t\t Choisir la devise<\/p>\n<p>Un d\u00e9licieux <em>insecte comestible<\/em> natif d\u2019Asie du sud-est, du Japon, du Mexique, ou encore de la Nouvelle Guin\u00e9e\u2026 Voyagez ?<\/p>\n<p>D\u00e9couvrez son go\u00fbt de Bacon \u00e9pic\u00e9 !<\/p>\n","protected":false},"featured_media":10304,"comment_status":"open","ping_status":"closed","template":"","meta":[],"product_brand":[],"product_cat":[359],"product_tag":[],"class_list":{"0":"post-10303","1":"product","2":"type-product","3":"status-publish","4":"has-post-thumbnail","6":"product_cat-plain-insects-fr","8":"first","9":"outofstock","10":"sale","11":"shipping-taxable","12":"purchasable","13":"product-type-variable","14":"has-default-attributes"},"_links":{"self":[{"href":"https:\/\/www.next-food.net\/fr\/wp-json\/wp\/v2\/product\/10303","targetHints":{"allow":["GET"]}}],"collection":[{"href":"https:\/\/www.next-food.net\/fr\/wp-json\/wp\/v2\/product"}],"about":[{"href":"https:\/\/www.next-food.net\/fr\/wp-json\/wp\/v2\/types\/product"}],"replies":[{"embeddable":true,"href":"https:\/\/www.next-food.net\/fr\/wp-json\/wp\/v2\/comments?post=10303"}],"wp:featuredmedia":[{"embeddable":true,"href":"https:\/\/www.next-food.net\/fr\/wp-json\/wp\/v2\/media\/10304"}],"wp:attachment":[{"href":"https:\/\/www.next-food.net\/fr\/wp-json\/wp\/v2\/media?parent=10303"}],"wp:term":[{"taxonomy":"product_brand","embeddable":true,"href":"https:\/\/www.next-food.net\/fr\/wp-json\/wp\/v2\/product_brand?post=10303"},{"taxonomy":"product_cat","embeddable":true,"href":"https:\/\/www.next-food.net\/fr\/wp-json\/wp\/v2\/product_cat?post=10303"},{"taxonomy":"product_tag","embeddable":true,"href":"https:\/\/www.next-food.net\/fr\/wp-json\/wp\/v2\/product_tag?post=10303"}],"curies":[{"name":"wp","href":"https:\/\/api.w.org\/{rel}","templated":true}]}}