{"id":10276,"date":"2015-03-06T09:26:51","date_gmt":"2015-03-06T08:26:51","guid":{"rendered":"https:\/\/www.next-food.net\/product\/petits-grillons-acheta-domesticus\/"},"modified":"2026-04-07T08:06:01","modified_gmt":"2026-04-07T07:06:01","slug":"petits-grillons-acheta-domesticus","status":"publish","type":"product","link":"https:\/\/www.next-food.net\/fr\/produit\/petits-grillons-acheta-domesticus\/","title":{"rendered":"Grillon (petits) | Insecte Comestible \u00ab\u00a0Acheta Domesticus\u00a0\u00bb"},"content":{"rendered":"<h2>Grillon : Manger des insectes ! Oui !<\/h2>\n<p style=\"text-align: justify;\">Le petit <em>grillon<\/em> de Next-Food a \u00e9t\u00e9 s\u00e9lectionn\u00e9 avec soin pour son go\u00fbt, sa belle forme et sa qualit\u00e9 de l\u2019\u00e9levage dont ils sont issus. En effet, ces <em>insectes \u00e0 manger<\/em> proviennent de notre ferme qui utilise des techniques novatrices et respectueuses de l\u2019environnement. Les grillons sont \u00e9lev\u00e9s et pr\u00e9par\u00e9s sur place selon des crit\u00e8res de qualit\u00e9 strict. Avant d\u2019\u00eatre conditionn\u00e9s, l&rsquo;<em>insecte alimentaire<\/em> est bouilli puis d\u00e9shydrat\u00e9 par un proc\u00e9d\u00e9 unique utilisant des \u00e9nergies renouvelables. Ils sont ensuite assaisonn\u00e9s ou simplement sal\u00e9s. Le <em>grillon comestible<\/em> domestique a un go\u00fbt intense rappelant celui de la crevette et poss\u00e8de une texture distinctement charnue. Met de choix dans de nombreuses parties du monde telles que l\u2019Afrique, l\u2019Asie du Sud-Est ou certaines r\u00e9gions d\u2019Am\u00e9rique du Sud et centrale, le petit <em>grillon<\/em> comestible devient de plus en plus consomm\u00e9 en Europe et en Am\u00e9rique du Nord. Cette nourriture du futur poss\u00e8de de nombreux avantages \u00e0 la consommation. Les petits grillons sont tr\u00e8s riches en prot\u00e9ines. Un seul kilo de <em>grillons comestibles<\/em> contient 317 grammes de prot\u00e9ines. De plus, les grillons sont une source \u00e9tonnante de nombreux oligo-\u00e9l\u00e9ments essentiels au corps, tels que le Fer, le Calcium ou le Magn\u00e9sium.<\/p>\n<h2>Achat Insecte &amp; Insecte Cuisine<\/h2>\n<p>Le <em>grillon insecte<\/em> domestique peut \u00eatre consomm\u00e9 tout simplement tel un <em>insecte grill\u00e9<\/em>, frit ou encore cuit au four. Une fois cuit et sal\u00e9, il aura la texture et le go\u00fbt du bacon grill\u00e9. En Asie, les grillons domestiques grill\u00e9s sont ensuite pr\u00e9par\u00e9s avec de la moutarde et du miel ou incorpor\u00e9s \u00e0 des p\u00e2tisseries et mang\u00e9s comme des friandises. De nombreuses autres \u00e9pices peuvent \u00eatre utilis\u00e9es pour assaisonner les grillons domestiques. Une fois grill\u00e9s ou frits, ils pourront \u00eatre servis tel un <em>insecte apero<\/em> accompagn\u00e9 d\u2019une sauce salsa \u00e9pic\u00e9e, d\u2019une sauce cocktail ou de guacamole. Enfin, n\u2019h\u00e9sitez pas \u00e0 organiser une d\u00e9gustation d\u2019insectes et \u00e0 accompagner vos grillons d\u2019autres<em> insectes comestibles<\/em> grill\u00e9s pour les faire d\u00e9couvrir \u00e0 vos proches.<\/p>\n<h3>O\u00f9 acheter des insectes comestibles comme ds grillons comestibles ?<\/h3>\n<p>En France, il est souvent tr\u00e8s difficile de trouver des <em>grillons comestibles<\/em> en magasin. Seules les boutiques d\u2019<em>insectes comestibles<\/em> sp\u00e9cialis\u00e9es vendent les grillons domestiques. C\u2019est pour cela qu\u2019il est souvent plus pratique de commander ses grillons \u00e0 manger en ligne. Plus rapide, la commande en ligne sur notre site permet de recevoir des insectes comestibles directement chez soi. Les grillons domestiques ou petits grillons vendus sur notre boutique en ligne sont bouillis, d\u00e9shydrat\u00e9s et sal\u00e9s. N\u2019h\u00e9sitez pas \u00e0 parcourir notre site pour d\u00e9couvrir toutes nos vari\u00e9t\u00e9s d\u2019insectes comestibles.<\/p>\n","protected":false},"excerpt":{"rendered":"        <div id=\"woocommerce-multi-currency-1\"\r\n             class=\"woocommerce-multi-currency wmc-shortcode plain-horizontal layout3 \"\r\n             data-layout=\"layout3\" data-flag_size=\"0.6\">\r\n            <input type=\"hidden\" class=\"wmc-current-url\" value=\"\/fr\/wp-json\/wp\/v2\/product\/10276\">\r\n\t\t\t                <div class=\"wmc-currency wmc-active\">\r\n\t\t\t\t\t                    <a rel=\"nofollow\" title=\"European Union\" class=\"wmc-currency-redirect\"\r\n                       href=\"\/fr\/wp-json\/wp\/v2\/product\/10276?wmc-currency=EUR\" data-currency=\"EUR\">\r\n                        <i style=\"transform: scale(0.6); margin: -8px -12px\"\r\n                           class=\"vi-flag-64 flag-eu \"><\/i>\r\n                    <\/a>\r\n                <\/div>\r\n\t\t\t\t                <div class=\"wmc-currency \">\r\n\t\t\t\t\t                    <a rel=\"nofollow\" title=\"Etats-Unis (USA)\" class=\"wmc-currency-redirect\"\r\n                       href=\"\/fr\/wp-json\/wp\/v2\/product\/10276?wmc-currency=USD\" data-currency=\"USD\">\r\n                        <i style=\"transform: scale(0.6); margin: -8px -12px\"\r\n                           class=\"vi-flag-64 flag-us \"><\/i>\r\n                    <\/a>\r\n                <\/div>\r\n\t\t\t\t        <\/div>\r\n\t\t Choisir la devise<\/p>\n<p>Petit Grillon,\u00a0<em>Insectes comestibles<\/em> &#8211; Acheta Domesticus<\/p>\n<p>Une collation populaire \u00e0 forte valeur nutritive. Petit <em>grillon<\/em> d\u00e9shydrat\u00e9, pr\u00eat a manger en ap\u00e9ritif ou a cuisiner.<\/p>\n","protected":false},"featured_media":10277,"comment_status":"open","ping_status":"closed","template":"","meta":[],"product_brand":[],"product_cat":[359],"product_tag":[],"class_list":{"0":"post-10276","1":"product","2":"type-product","3":"status-publish","4":"has-post-thumbnail","6":"product_cat-plain-insects-fr","8":"first","9":"outofstock","10":"sale","11":"shipping-taxable","12":"purchasable","13":"product-type-variable","14":"has-default-attributes"},"_links":{"self":[{"href":"https:\/\/www.next-food.net\/fr\/wp-json\/wp\/v2\/product\/10276","targetHints":{"allow":["GET"]}}],"collection":[{"href":"https:\/\/www.next-food.net\/fr\/wp-json\/wp\/v2\/product"}],"about":[{"href":"https:\/\/www.next-food.net\/fr\/wp-json\/wp\/v2\/types\/product"}],"replies":[{"embeddable":true,"href":"https:\/\/www.next-food.net\/fr\/wp-json\/wp\/v2\/comments?post=10276"}],"wp:featuredmedia":[{"embeddable":true,"href":"https:\/\/www.next-food.net\/fr\/wp-json\/wp\/v2\/media\/10277"}],"wp:attachment":[{"href":"https:\/\/www.next-food.net\/fr\/wp-json\/wp\/v2\/media?parent=10276"}],"wp:term":[{"taxonomy":"product_brand","embeddable":true,"href":"https:\/\/www.next-food.net\/fr\/wp-json\/wp\/v2\/product_brand?post=10276"},{"taxonomy":"product_cat","embeddable":true,"href":"https:\/\/www.next-food.net\/fr\/wp-json\/wp\/v2\/product_cat?post=10276"},{"taxonomy":"product_tag","embeddable":true,"href":"https:\/\/www.next-food.net\/fr\/wp-json\/wp\/v2\/product_tag?post=10276"}],"curies":[{"name":"wp","href":"https:\/\/api.w.org\/{rel}","templated":true}]}}