{"id":10249,"date":"2015-02-11T11:29:37","date_gmt":"2015-02-11T10:29:37","guid":{"rendered":"https:\/\/www.next-food.net\/product\/grillons-geants-brachytrupes-portentosus\/"},"modified":"2026-04-07T08:06:00","modified_gmt":"2026-04-07T07:06:00","slug":"grillons-geants-brachytrupes-portentosus","status":"publish","type":"product","link":"https:\/\/www.next-food.net\/fr\/produit\/grillons-geants-brachytrupes-portentosus\/","title":{"rendered":"Grillon (G\u00e9ants) | Insecte Comestible &#8211; Brachytrupes portentosus"},"content":{"rendered":"<h2>Insecte a manger ou insecte apero !<\/h2>\n<p>Se rapprochant de la crevette pour la forme et de la noisette et de l\u2019amande pour le go\u00fbt, le <em>grillon<\/em> g\u00e9ant est un met tr\u00e8s appr\u00e9ci\u00e9 autant par les adeptes de l&rsquo;<em>entomophagie<\/em> que par les mangeurs d\u2019insectes occasionnels.<\/p>\n<h3>Grillon Insecte : Son \u00e9levage<\/h3>\n<p>Le <em>grillon<\/em> g\u00e9ant comestible ou les Brachytrupes portentosus est une esp\u00e8ce que l&rsquo;on rencontre g\u00e9n\u00e9ralement en Afrique et en Asie. Next-Food a r\u00e9ussi \u00e0 les domestiquer pour le plus grand plaisir des adeptes de l&rsquo;<em>entomophagie<\/em> et pour la pr\u00e9servation des ressources naturelles. En effet, de cette mani\u00e8re, il \u00e9vite le pillage de l\u2019\u00e9cosyst\u00e8me tout en satisfaisant la demande du march\u00e9.<\/p>\n<p>En ce qui concerne l\u2019\u00e9levage, ses <em>insectes comestibles<\/em> se nourrissent exclusivement d\u2019aliments naturels. Ils ne re\u00e7oivent pas non plus de m\u00e9dication ni d\u2019acc\u00e9l\u00e9rateur de croissance. Ceux-ci sont conformes \u00e0 l\u2019exigence des fins connaisseurs d&rsquo;<em>insecte \u00e0 manger<\/em>. Alors, rendez-vous sur next-food.net afin de vous procurer des grillons g\u00e9ants.<\/p>\n<h2>Vers alimentaire et apport nutritif<\/h2>\n<p>Ce <em>vers alimentaire<\/em> g\u00e9ant comestible poss\u00e8de des apports nutritifs insoup\u00e7onnables. Par exemple, ils fournissent 3 voire 4 fois plus de prot\u00e9ines que les viandes, ce qui est \u00e9norme pour un r\u00e9gime alimentaire. \u00c0 part les vitamines et les min\u00e9raux, ils contiennent \u00e9galement d\u2019acide gras comme l\u2019om\u00e9ga 3, un \u00e9l\u00e9ment indispensable pour pr\u00e9venir le cancer.<\/p>\n<p>Tr\u00e8s nutritifs, ils ne sont pas pour autant gras. En effet, ils contiennent trois fois moins de mati\u00e8res grasses que les viandes. Peu caloriques, ils contiennent \u00e9galement des fibres et surtout des glucides. Ainsi, commandez d\u00e8s \u00e0 pr\u00e9sent des grillons g\u00e9ants comestibles sur next-food.net.<\/p>\n<h2>Grillon, Vers alimentaire : La recette !<\/h2>\n<p>Les grillons g\u00e9ants comestibles s\u2019apparentent \u00e0 des crevettes et ont un soup\u00e7on d\u2019amande ou de noisette. Gr\u00e2ce \u00e0 ces go\u00fbts et \u00e0 cette forme relativement familiers, ils constituent un excellent choix pour s\u2019initier \u00e0 l\u2019<em>entomophagie<\/em>. La meilleure option consiste \u00e0 les consommer nature.<\/p>\n<p>Au milieu, on peut les proposer en ap\u00e9ro au milieu des classiques g\u00e2teaux ap\u00e9ritifs, cacahu\u00e8tes\u2026 Sinon, ils constituent une option \u00e0 part enti\u00e8re pour recevoir les invit\u00e9s. En effet, ils accompagnent tr\u00e8s bien les divers cocktails ou autres boissons naturelles, soda ou alcoolis\u00e9es. Enfin, consultez notre site next-food.net et commandez des grillons g\u00e9ants comestibles conditionn\u00e9s en sachets de 25 g.<\/p>\n","protected":false},"excerpt":{"rendered":"        <div id=\"woocommerce-multi-currency-1\"\r\n             class=\"woocommerce-multi-currency wmc-shortcode plain-horizontal layout3 \"\r\n             data-layout=\"layout3\" data-flag_size=\"0.6\">\r\n            <input type=\"hidden\" class=\"wmc-current-url\" value=\"\/fr\/wp-json\/wp\/v2\/product\/10249\">\r\n\t\t\t                <div class=\"wmc-currency wmc-active\">\r\n\t\t\t\t\t                    <a rel=\"nofollow\" title=\"European Union\" class=\"wmc-currency-redirect\"\r\n                       href=\"\/fr\/wp-json\/wp\/v2\/product\/10249?wmc-currency=EUR\" data-currency=\"EUR\">\r\n                        <i style=\"transform: scale(0.6); margin: -8px -12px\"\r\n                           class=\"vi-flag-64 flag-eu \"><\/i>\r\n                    <\/a>\r\n                <\/div>\r\n\t\t\t\t                <div class=\"wmc-currency \">\r\n\t\t\t\t\t                    <a rel=\"nofollow\" title=\"Etats-Unis (USA)\" class=\"wmc-currency-redirect\"\r\n                       href=\"\/fr\/wp-json\/wp\/v2\/product\/10249?wmc-currency=USD\" data-currency=\"USD\">\r\n                        <i style=\"transform: scale(0.6); margin: -8px -12px\"\r\n                           class=\"vi-flag-64 flag-us \"><\/i>\r\n                    <\/a>\r\n                <\/div>\r\n\t\t\t\t        <\/div>\r\n\t\t Choisir la devise<\/p>\n<p><em>Grillon<\/em> G\u00e9ant, <a href=\"https:\/\/www.next-food.net\/fr\/produit\/tarentulas-haplopelma-albostriatum\/\"><em>Insectes comestibles<\/em><\/a> &#8211; Brachytrupes portentosus<\/p>\n<p>Ce <em>grillon<\/em> g\u00e9ant est une esp\u00e8ce sauvage \u00e0 l\u2019origine que l\u2019on trouve aussi bien en Asie qu\u2019en Afrique.<\/p>\n<p>Cet <em>insecte \u00e0 manger<\/em> vous \u00e9tonnera par ses saveurs de crevette, amande et noisette<\/p>\n<p>&nbsp;<\/p>\n","protected":false},"featured_media":10250,"comment_status":"open","ping_status":"closed","template":"","meta":[],"product_brand":[],"product_cat":[359],"product_tag":[],"class_list":{"0":"post-10249","1":"product","2":"type-product","3":"status-publish","4":"has-post-thumbnail","6":"product_cat-plain-insects-fr","8":"first","9":"outofstock","10":"sale","11":"shipping-taxable","12":"purchasable","13":"product-type-variable","14":"has-default-attributes"},"_links":{"self":[{"href":"https:\/\/www.next-food.net\/fr\/wp-json\/wp\/v2\/product\/10249","targetHints":{"allow":["GET"]}}],"collection":[{"href":"https:\/\/www.next-food.net\/fr\/wp-json\/wp\/v2\/product"}],"about":[{"href":"https:\/\/www.next-food.net\/fr\/wp-json\/wp\/v2\/types\/product"}],"replies":[{"embeddable":true,"href":"https:\/\/www.next-food.net\/fr\/wp-json\/wp\/v2\/comments?post=10249"}],"wp:featuredmedia":[{"embeddable":true,"href":"https:\/\/www.next-food.net\/fr\/wp-json\/wp\/v2\/media\/10250"}],"wp:attachment":[{"href":"https:\/\/www.next-food.net\/fr\/wp-json\/wp\/v2\/media?parent=10249"}],"wp:term":[{"taxonomy":"product_brand","embeddable":true,"href":"https:\/\/www.next-food.net\/fr\/wp-json\/wp\/v2\/product_brand?post=10249"},{"taxonomy":"product_cat","embeddable":true,"href":"https:\/\/www.next-food.net\/fr\/wp-json\/wp\/v2\/product_cat?post=10249"},{"taxonomy":"product_tag","embeddable":true,"href":"https:\/\/www.next-food.net\/fr\/wp-json\/wp\/v2\/product_tag?post=10249"}],"curies":[{"name":"wp","href":"https:\/\/api.w.org\/{rel}","templated":true}]}}