{"id":10221,"date":"2015-01-24T14:58:27","date_gmt":"2015-01-24T13:58:27","guid":{"rendered":"https:\/\/www.next-food.net\/product\/fourmis-tisserandes-oecophylla-smaragdina\/"},"modified":"2025-05-13T09:03:38","modified_gmt":"2025-05-13T08:03:38","slug":"fourmis-tisserandes-oecophylla-smaragdina","status":"publish","type":"product","link":"https:\/\/www.next-food.net\/fr\/produit\/fourmis-tisserandes-oecophylla-smaragdina\/","title":{"rendered":"Fourmi (Tisserande) | Insecte Comestible \u00ab\u00a0Oecophylla Smaragdina\u00a0\u00bb"},"content":{"rendered":"<h2>Fourmi : Encore un insecte a manger !<\/h2>\n<p>La <em>fourmi<\/em> tisserande fabrique son nid \u00e0 partir de feuilles cousues avec la soie produite par leurs larves. On les retrouve dans les arbres, sur une hauteur perch\u00e9e. Les colonies de fourmis tisserandes sont fond\u00e9es par une femelle, la <a href=\"https:\/\/www.next-food.net\/wp-content\/uploads\/2018\/03\/edible-ants.jpg\"><img decoding=\"async\" class=\" wp-image-10577 alignright\" src=\"https:\/\/www.next-food.net\/wp-content\/uploads\/2018\/03\/edible-ants.jpg\" alt=\"\" width=\"248\" height=\"440\" title=\"\" srcset=\"https:\/\/www.next-food.net\/wp-content\/uploads\/2018\/03\/edible-ants.jpg 1800w, https:\/\/www.next-food.net\/wp-content\/uploads\/2018\/03\/edible-ants-169x300.jpg 169w, https:\/\/www.next-food.net\/wp-content\/uploads\/2018\/03\/edible-ants-768x1365.jpg 768w, https:\/\/www.next-food.net\/wp-content\/uploads\/2018\/03\/edible-ants-576x1024.jpg 576w, https:\/\/www.next-food.net\/wp-content\/uploads\/2018\/03\/edible-ants-295x524.jpg 295w, https:\/\/www.next-food.net\/wp-content\/uploads\/2018\/03\/edible-ants-590x1048.jpg 590w, https:\/\/www.next-food.net\/wp-content\/uploads\/2018\/03\/edible-ants-600x1067.jpg 600w\" sizes=\"(max-width: 248px) 100vw, 248px\" \/><\/a>reine, qui pond son premier chapelet d\u2019\u0153ufs sur une feuille et les prot\u00e8ge jusqu\u2019\u00e0 ce qu\u2019ils se transforment en travailleurs d\u2019\u00e2ge m\u00fbr. Les travailleurs vont alors construire des nids de feuilles. Les colonies peuvent \u00eatre extr\u00eamement importantes, constitu\u00e9es de plus d\u2019une centaine de nids couvrant de nombreux arbres et pouvant contenir plus d\u2019un demi-million de travailleurs. Dans des sachets de 25 g, Next-Food en propose aux adaptes de l&rsquo;<em>entomophagie<\/em> confirm\u00e9s et \u00e0 ceux qui sont en qu\u00eate de d\u00e9couverte ou de d\u00e9fi.<\/p>\n<h2>La Fourmi, un insecte alimentaire en salade ou en chocolat<\/h2>\n<p>C\u2019est un mets tr\u00e8s pris\u00e9 en Asie du Sud-est. Cependant, en raison de la difficult\u00e9 de la collecte qui est limit\u00e9e \u00e0 quelques mois de l\u2019ann\u00e9e, elles deviennent aussi rares que pr\u00e9cieuses. De ce fait, la consommation est r\u00e9serv\u00e9e \u00e0 des moments particuliers. Consultez notre site next-food.net et vous pourrez commander des fourmis tisserands comestibles conditionn\u00e9es en sachets de 25 g !<\/p>\n<p>La <em>fourmi<\/em> tisserande est reconnaissable \u00e0 son go\u00fbt acidul\u00e9 et l\u00e9g\u00e8rement \u00e9pic\u00e9, ce qui en fait un excellent <em>insecte apero<\/em>. Elles accompagnent \u00e9galement \u00e0 merveille les salades de saisons, tandis que d\u2019autres les pr\u00e9f\u00e8rent en dessert, avec du chocolat.<\/p>\n<h3>Fourmis Tisserandes : La recette<\/h3>\n<p>Il n\u2019y a rien de mieux que des recettes insectes o\u00f9 les condiments sont bien dos\u00e9s pour r\u00e9v\u00e9ler toutes leurs saveurs. Les verrines aux <em>fourmis tisserandes<\/em> en font partie. Elle comprend 60 g de fourmis, 4 yaourts grecs, un concombre, 3 cuiller\u00e9es \u00e0 caf\u00e9 de cumin, de la menthe, du poivre et du sel.<\/p>\n<p>Pour la pr\u00e9paration, le concombre en d\u00e9s et le yaourt sont m\u00e9lang\u00e9s dans un saladier avant d\u2019y ajouter les fourmis, la menthe cisel\u00e9e et le cumin. Finissez par un assaisonnement en sel et en poivre. Durant une heure, mettre le saladier couvert de papier film au r\u00e9frig\u00e9rateur. Pr\u00e9sentez la pr\u00e9paration dans les verrines. Servez avec quelques touches de d\u00e9coration. Commandez d\u00e8s \u00e0 pr\u00e9sent des <em>fourmis tisserandes<\/em> comestibles sur next-food.net !<\/p>\n<h2>Entomophagie : et les vitamines ?<\/h2>\n<p>Comme la plupart des <em>insectes comestibles<\/em>, les <em>fourmis tisserandes<\/em> sont riches en nutriment. Gr\u00e2ce \u00e0 la particularit\u00e9 de leur r\u00e9gime alimentaire fait essentiellement de feuilles, elles sont tr\u00e8s riches en vitamine C. La <em>fourmi<\/em> pr\u00e9sente \u00e9galement un apport consid\u00e9rable en calcium avec un taux de mati\u00e8re lipide inf\u00e9rieur \u00e0 17 %.<\/p>\n<p>La <em>fourmi<\/em> comestible contient \u00e9galement un taux int\u00e9ressant de glucide qu\u2019on ne trouve pas dans la viande. En somme, elles constituent un excellent aliment d\u2019appoint pour r\u00e9duire les risques de maladie cardiovasculaire.<\/p>\n","protected":false},"excerpt":{"rendered":"        <div id=\"woocommerce-multi-currency-1\"\r\n             class=\"woocommerce-multi-currency wmc-shortcode plain-horizontal layout3 \"\r\n             data-layout=\"layout3\" data-flag_size=\"0.6\">\r\n            <input type=\"hidden\" class=\"wmc-current-url\" value=\"\/fr\/wp-json\/wp\/v2\/product\/10221\">\r\n\t\t\t                <div class=\"wmc-currency wmc-active\">\r\n\t\t\t\t\t                    <a rel=\"nofollow\" title=\"European Union\" class=\"wmc-currency-redirect\"\r\n                       href=\"\/fr\/wp-json\/wp\/v2\/product\/10221?wmc-currency=EUR\" data-currency=\"EUR\">\r\n                        <i style=\"transform: scale(0.6); margin: -8px -12px\"\r\n                           class=\"vi-flag-64 flag-eu \"><\/i>\r\n                    <\/a>\r\n                <\/div>\r\n\t\t\t\t                <div class=\"wmc-currency \">\r\n\t\t\t\t\t                    <a rel=\"nofollow\" title=\"Etats-Unis (USA)\" class=\"wmc-currency-redirect\"\r\n                       href=\"\/fr\/wp-json\/wp\/v2\/product\/10221?wmc-currency=USD\" data-currency=\"USD\">\r\n                        <i style=\"transform: scale(0.6); margin: -8px -12px\"\r\n                           class=\"vi-flag-64 flag-us \"><\/i>\r\n                    <\/a>\r\n                <\/div>\r\n\t\t\t\t        <\/div>\r\n\t\t Choisir la devise<\/p>\n<p><em>Fourmi<\/em> Tisserande, <em>Insectes comestibles <\/em>\u2013 Oecophylla Smaragdina<\/p>\n<p>La <em>fourmi<\/em> avec son petit go\u00fbt \u00e9pic\u00e9 se marie parfaitement avec de nombreux plats et permet de les incorporer dans de multiples mets traditionnels, dont elles rel\u00e8veront d\u00e9licatement le go\u00fbt, mais peuvent tout autant se consommer nature !<\/p>\n","protected":false},"featured_media":10222,"comment_status":"open","ping_status":"closed","template":"","meta":[],"product_brand":[],"product_cat":[359],"product_tag":[],"class_list":{"0":"post-10221","1":"product","2":"type-product","3":"status-publish","4":"has-post-thumbnail","6":"product_cat-plain-insects-fr","8":"first","9":"outofstock","10":"sale","11":"shipping-taxable","12":"purchasable","13":"product-type-variable","14":"has-default-attributes"},"_links":{"self":[{"href":"https:\/\/www.next-food.net\/fr\/wp-json\/wp\/v2\/product\/10221","targetHints":{"allow":["GET"]}}],"collection":[{"href":"https:\/\/www.next-food.net\/fr\/wp-json\/wp\/v2\/product"}],"about":[{"href":"https:\/\/www.next-food.net\/fr\/wp-json\/wp\/v2\/types\/product"}],"replies":[{"embeddable":true,"href":"https:\/\/www.next-food.net\/fr\/wp-json\/wp\/v2\/comments?post=10221"}],"wp:featuredmedia":[{"embeddable":true,"href":"https:\/\/www.next-food.net\/fr\/wp-json\/wp\/v2\/media\/10222"}],"wp:attachment":[{"href":"https:\/\/www.next-food.net\/fr\/wp-json\/wp\/v2\/media?parent=10221"}],"wp:term":[{"taxonomy":"product_brand","embeddable":true,"href":"https:\/\/www.next-food.net\/fr\/wp-json\/wp\/v2\/product_brand?post=10221"},{"taxonomy":"product_cat","embeddable":true,"href":"https:\/\/www.next-food.net\/fr\/wp-json\/wp\/v2\/product_cat?post=10221"},{"taxonomy":"product_tag","embeddable":true,"href":"https:\/\/www.next-food.net\/fr\/wp-json\/wp\/v2\/product_tag?post=10221"}],"curies":[{"name":"wp","href":"https:\/\/api.w.org\/{rel}","templated":true}]}}