{"id":10146,"date":"2015-01-24T17:49:10","date_gmt":"2015-01-24T16:49:10","guid":{"rendered":"https:\/\/www.next-food.net\/product\/punaise-deau-geante-belostomatidae\/"},"modified":"2025-09-14T10:49:18","modified_gmt":"2025-09-14T09:49:18","slug":"punaise-deau-geante-belostomatidae","status":"publish","type":"product","link":"https:\/\/www.next-food.net\/fr\/produit\/punaise-deau-geante-belostomatidae\/","title":{"rendered":"Punaise d\u2019eau g\u00e9ante | Insecte Comestible \u00ab\u00a0Belostomatidae\u00a0\u00bb"},"content":{"rendered":"<h2 style=\"text-align: justify\">Insecte Comestible au go\u00fbt de la Gambas grill\u00e9e<\/h2>\n<p style=\"text-align: justify\">(Le sachet de 2 pi\u00e8ces)<\/p>\n<p style=\"text-align: justify\">Son aspect en fait l\u2019un des <em>insectes comestibles<\/em> qui suscitera le moins l\u2019app\u00e9tit, mais ce serait une erreur de croire que cet insecte ne renferme pas autant de qualit\u00e9s gustatives que ses autres cong\u00e9n\u00e8res. Et oui, <em>manger des insectes<\/em> demande une l\u00e9g\u00e8re remise en question. Rappelez-vous de l\u2019arriv\u00e9e des Sushis et des craintes li\u00e9es \u00e0 la consommation de poisson cru et vous r\u00e9aliserez ais\u00e9ment que se mettre \u00e0 <em>manger des insectes<\/em> est un obstacle qui n\u2019est pas insurmontable\u2026 Et la punaise d\u2019eau g\u00e9ante, c\u2019est la garantie de faire la d\u00e9couverte de saveurs in\u00e9dites et innovantes !<br \/>\n<a href=\"https:\/\/www.next-food.net\/wp-content\/uploads\/2015\/01\/Giant-water-bug3-300x225.jpg\"><img decoding=\"async\" class=\"size-medium wp-image-10147 aligncenter\" src=\"https:\/\/www.next-food.net\/wp-content\/uploads\/2015\/01\/Giant-water-bug3-300x225.jpg\" alt=\"\" width=\"300\" height=\"225\" title=\"\" srcset=\"https:\/\/www.next-food.net\/wp-content\/uploads\/2015\/01\/Giant-water-bug3-300x225.jpg 300w, https:\/\/www.next-food.net\/wp-content\/uploads\/2015\/01\/Giant-water-bug3-393x295.jpg 393w, https:\/\/www.next-food.net\/wp-content\/uploads\/2015\/01\/Giant-water-bug3-600x450.jpg 600w, https:\/\/www.next-food.net\/wp-content\/uploads\/2015\/01\/Giant-water-bug3.jpg 650w\" sizes=\"(max-width: 300px) 100vw, 300px\" \/><\/a><br \/>\nDe couleur brune, la <strong>punaise d\u2019eau g\u00e9ante comestible<\/strong> ou scorpion d\u2019eau g\u00e9ante est reconnaissable \u00e0 sa forme ovale, \u00e0 son corps aplati et \u00e0 ses 3 paires de longues pattes. Carnivores, les punaises d\u2019eau g\u00e9antes sont des insectes qui vivent dans les \u00e9tangs et les lacs. Leurs pattes ant\u00e9rieures leur servent \u00e0 attraper leurs proies, ce qui rappelle le scorpion, d\u2019o\u00f9 leur appellation de \u00ab scorpions d\u2019eau \u00bb. \u00c0 cause d\u2019une apparence semblable \u00e0 celle du scorpion et d\u2019une corpulence des plus importantes pour un insecte, il est souvent impensable pour la plupart des gens de consommer ces <em>insectes alimentaires<\/em>. Leur vue provoque chez vous une h\u00e9sitation ou de l\u2019appr\u00e9hension ? C\u2019est une r\u00e9action normale mais ne vous laissez pas tromper : les <em>punaises d\u2019eau g\u00e9antes<\/em> comestibles a manger ont un go\u00fbt \u00e9tonnant et des valeurs nutritives incomparables.<\/p>\n<h2>Entomophagie et insectes alimentaires : une explosion de saveurs<\/h2>\n<p>\u00c0 priori, la <em>punaise d\u2019eau g\u00e9ante<\/em> comestible est peu rago\u00fbtante ; pourtant, \u00e0 en croire les adeptes de l&rsquo;<em>entomophagie<\/em>, se fier \u00e0 cet instinct est une erreur. En effet, cet <em>insecte comestible<\/em> se distingue par sa saveur qui se rapproche des gambas grill\u00e9es, ce qui est tr\u00e8s succulent. Autrefois enrob\u00e9 de ma\u00efs par les Azt\u00e8ques, elle est tr\u00e8s appr\u00e9ci\u00e9e aujourd\u2019hui encore par les Mexicains et se retrouve dans les recettes typiques de la r\u00e9gion. Tr\u00e8s friands de cet <em>insecte \u00e0 manger<\/em>, les Tha\u00eflandais le r\u00e9duisent en pur\u00e9e avant de le m\u00e9langer avec des condiments.<\/p>\n<p>C\u2019est ainsi qu\u2019on obtient le <em>nam prik mangda<\/em> qui accompagne habituellement les l\u00e9gumes et le riz. Alors, si vous n\u2019avez pas encore go\u00fbt\u00e9 \u00e0 la saveur de cette gourmandise, autorisez-vous une petite aventure gustative en commandant un sachet de 25 g de <em>punaises d\u2019eau g\u00e9antes<\/em> comestibles sur next-food.net.<\/p>\n<h3><strong>Et pour votre sant\u00e9 : Proteine insecte<\/strong><\/h3>\n<p>Pour ceux qui ne sont pas encore conquis le wok \u00e0 huit insectes, il faut commencer par un ap\u00e9ritif de <em>punaises d\u2019eau g\u00e9antes<\/em> comestibles. En la mettant \u00e0 la place des habituelles chips ou cacahu\u00e8tes, on assiste \u00e0 une v\u00e9ritable explosion de saveurs en bouche. D\u2019ailleurs, les enfants le d\u00e9gustent comme des friandise en Tha\u00eflande. \u00c0 l\u2019instar de tous les <em>insectes comestibles<\/em>, la <em>punaise d\u2019eau g\u00e9ante<\/em> a un apport nutritif important. De la prot\u00e9ine \u00e0 l\u2019om\u00e9ga 3, en passant par les vitamines, le glucide et les min\u00e9raux, les nutriments qu\u2019elle contient sont plus importants que ce qu\u2019on trouve dans la viande, dans le lait, dans le poisson\u2026<\/p>\n<p>Pour se faire une id\u00e9e, un adulte de 70 kg a besoin d\u2019un apport journalier de 58 g de prot\u00e9ines. Il faut donc 100 g de viande s\u00e9ch\u00e9e pour le combler. Pourtant, en optant pour des farines d\u2019insectes ou pour <em>une punaise d\u2019eau g\u00e9ante<\/em> s\u00e9ch\u00e9e, un peu moins de 78 g suffisent. Si vous \u00eates tent\u00e9s ou tout simplement adeptes de l\u2019<em>entomophagie<\/em>, achetez sur next-food.net toutes sortes d\u2019<em>insectes \u00e0 manger<\/em>.<\/p>\n","protected":false},"excerpt":{"rendered":"        <div id=\"woocommerce-multi-currency-1\"\r\n             class=\"woocommerce-multi-currency wmc-shortcode plain-horizontal layout3 \"\r\n             data-layout=\"layout3\" data-flag_size=\"0.6\">\r\n            <input type=\"hidden\" class=\"wmc-current-url\" value=\"\/fr\/wp-json\/wp\/v2\/product\/10146\">\r\n\t\t\t                <div class=\"wmc-currency wmc-active\">\r\n\t\t\t\t\t                    <a rel=\"nofollow\" title=\"European Union\" class=\"wmc-currency-redirect\"\r\n                       href=\"\/fr\/wp-json\/wp\/v2\/product\/10146?wmc-currency=EUR\" data-currency=\"EUR\">\r\n                        <i style=\"transform: scale(0.6); margin: -8px -12px\"\r\n                           class=\"vi-flag-64 flag-eu \"><\/i>\r\n                    <\/a>\r\n                <\/div>\r\n\t\t\t\t                <div class=\"wmc-currency \">\r\n\t\t\t\t\t                    <a rel=\"nofollow\" title=\"Etats-Unis (USA)\" class=\"wmc-currency-redirect\"\r\n                       href=\"\/fr\/wp-json\/wp\/v2\/product\/10146?wmc-currency=USD\" data-currency=\"USD\">\r\n                        <i style=\"transform: scale(0.6); margin: -8px -12px\"\r\n                           class=\"vi-flag-64 flag-us \"><\/i>\r\n                    <\/a>\r\n                <\/div>\r\n\t\t\t\t        <\/div>\r\n\t\t Choisir la devise<\/p>\n<p>Punaise d&rsquo;eau g\u00e9ante, <em>Insecte Comestible<\/em> \u00ab\u00a0Belostomatidae\u00a0\u00bb<i><\/i><\/p>\n<p>Le sachet de 2 pi\u00e8ces<\/p>\n<p>Son aspect en fait l\u2019un des <em>insectes comestible<\/em>s a manger qui suscitera le moins l\u2019app\u00e9tit, mais il serait une erreur de croire que cet insecte ne renferme pas autant de qualit\u00e9s gustatives que ses autres cong\u00e9n\u00e8res.<\/p>\n<p>Son go\u00fbt : Une note de gambas grill\u00e9e !<\/p>\n","protected":false},"featured_media":10149,"comment_status":"open","ping_status":"closed","template":"","meta":[],"product_brand":[],"product_cat":[359],"product_tag":[],"class_list":{"0":"post-10146","1":"product","2":"type-product","3":"status-publish","4":"has-post-thumbnail","6":"product_cat-plain-insects-fr","8":"first","9":"outofstock","10":"shipping-taxable","11":"purchasable","12":"product-type-simple"},"_links":{"self":[{"href":"https:\/\/www.next-food.net\/fr\/wp-json\/wp\/v2\/product\/10146","targetHints":{"allow":["GET"]}}],"collection":[{"href":"https:\/\/www.next-food.net\/fr\/wp-json\/wp\/v2\/product"}],"about":[{"href":"https:\/\/www.next-food.net\/fr\/wp-json\/wp\/v2\/types\/product"}],"replies":[{"embeddable":true,"href":"https:\/\/www.next-food.net\/fr\/wp-json\/wp\/v2\/comments?post=10146"}],"wp:featuredmedia":[{"embeddable":true,"href":"https:\/\/www.next-food.net\/fr\/wp-json\/wp\/v2\/media\/10149"}],"wp:attachment":[{"href":"https:\/\/www.next-food.net\/fr\/wp-json\/wp\/v2\/media?parent=10146"}],"wp:term":[{"taxonomy":"product_brand","embeddable":true,"href":"https:\/\/www.next-food.net\/fr\/wp-json\/wp\/v2\/product_brand?post=10146"},{"taxonomy":"product_cat","embeddable":true,"href":"https:\/\/www.next-food.net\/fr\/wp-json\/wp\/v2\/product_cat?post=10146"},{"taxonomy":"product_tag","embeddable":true,"href":"https:\/\/www.next-food.net\/fr\/wp-json\/wp\/v2\/product_tag?post=10146"}],"curies":[{"name":"wp","href":"https:\/\/api.w.org\/{rel}","templated":true}]}}