{"id":10125,"date":"2015-01-24T15:24:25","date_gmt":"2015-01-24T14:24:25","guid":{"rendered":"https:\/\/www.next-food.net\/product\/sauterelles-orthoptera\/"},"modified":"2026-02-05T10:24:15","modified_gmt":"2026-02-05T09:24:15","slug":"sauterelles-orthoptera","status":"publish","type":"product","link":"https:\/\/www.next-food.net\/fr\/produit\/sauterelles-orthoptera\/","title":{"rendered":"Sauterelle | Insecte Comestible \u00ab\u00a0Orthoptera\u00a0\u00bb"},"content":{"rendered":"<h2>Sauterelle : Humm ! Sauterelle grill\u00e9e en brochette !<\/h2>\n<p>Le <em>criquet<\/em> et <em>sauterelle<\/em> sont consomm\u00e9s en Asie, Afrique et Am\u00e9rique Latine de mani\u00e8re courante. Dans certaines r\u00e9gions agricoles ils d\u00e9truisent les r\u00e9coltes et sont alors les seules sources d\u2019alimentation pour la population. Avec les grillons et les criquets, les sauterelles sont les <em>insectes comestibles<\/em> les plus appr\u00e9ci\u00e9s. En effet, sa consommation, m\u00eame occasionnelle, va au-del\u00e0 des cercles des adeptes de l&rsquo;<em>entomophagie<\/em>. Et pour cause, elles sont consomm\u00e9es de mani\u00e8re courante et constituent un mets d\u00e9licieux.<\/p>\n<h2>Insecte a manger : Sauterelle grill\u00e9e ou Chocolat aux insectes<\/h2>\n<p>Se diff\u00e9renciant du <em>criquet comestible<\/em> gr\u00e2ce \u00e0 ses longues antennes, la <em>sauterelle<\/em>\u00a0comestible a un go\u00fbt savoureux et familier qui se situe entre le bacon grill\u00e9, la pomme de terre au four et de verdure. C\u2019est l\u2019un des meilleurs choix donc pour s\u2019initier \u00e0 l\u2019<em>entomophagie<\/em>. Par ailleurs, sa texture charnue facilite sa pr\u00e9paration.<\/p>\n<p>C\u2019est presque naturellement donc que des chefs culinaires s\u2019en emparent pour pr\u00e9senter des plats qui sont de l\u2019ordinaire. C\u2019est ainsi que l&rsquo;on retrouve des recettes comme les p\u00e2tes aux sauterelles, des sauterelles \u00e0 la fondue au chocolat\u2026 Comme les professionnels, optez pour les <em>insectes \u00e0 manger<\/em> conditionn\u00e9s et pr\u00e9par\u00e9s. Ils sont disponibles sur next-food.net.<\/p>\n<p>Cependant, si l\u2019envie de les go\u00fbter en toute simplicit\u00e9 vous tente, il y a toujours la classique <em>sauterelles grill\u00e9es<\/em>. Un petit passage d\u2019une heure au r\u00e9frig\u00e9rateur puis au four avant de les porter sur les braises suffit pour qu\u2019elles lib\u00e8rent toutes leur saveur. Il ne faut pas quand m\u00eame qu\u2019elles br\u00fblent au risque de perdre le go\u00fbt.<\/p>\n<h2>Entomophagie : Le s\u00e9rieux de NEXT FOOD<\/h2>\n<p>Afin de proposer les meilleurs <em>insectes comestibles<\/em> \u00e0 ses clients, le Next-Food obtient ces sauterelles de collecteurs qui les consomme depuis toujours. Alors, achetez sur next-food.net les insectes comestibles de votre choix !<\/p>\n<p>En arrivant \u00e0 maturit\u00e9 donc, les sauterelles sont tri\u00e9es et celles qui satisfont les crit\u00e8res sont pr\u00e9par\u00e9es et conditionn\u00e9es. Elles sont bouillies avant d\u2019\u00eatre s\u00e9ch\u00e9es et conditionn\u00e9es. Ces \u00e9tapes s\u2019effectuent avec des \u00e9nergies 100 % renouvelable tout en garantissant la conservation optimale du go\u00fbt de l\u2019<em>insecte<\/em>.<\/p>\n<p>Next-Food est convaincu que les insectes comestibles constituent la nourriture du futur. C\u2019est pour cela qu\u2019il s\u2019investit dans le secteur pour devenir le premier producteur et distributeur d\u2019insectes comestibles \u00e0 l\u2019international.<\/p>\n<p>Aujourd\u2019hui avec le d\u00e9veloppement de l\u2019<em>entomophagie<\/em> comme solution \u00e9conomique viable et indispensable pour relever le d\u00e9fi alimentaire mondial, le <em>criquet<\/em> sauvage devient pour les populations qui redoutaient leur arriv\u00e9e une source de revenu alternatif int\u00e9ressante.<\/p>\n","protected":false},"excerpt":{"rendered":"        <div id=\"woocommerce-multi-currency-1\"\r\n             class=\"woocommerce-multi-currency wmc-shortcode plain-horizontal layout3 \"\r\n             data-layout=\"layout3\" data-flag_size=\"0.6\">\r\n            <input type=\"hidden\" class=\"wmc-current-url\" value=\"\/fr\/wp-json\/wp\/v2\/product\/10125\">\r\n\t\t\t                <div class=\"wmc-currency wmc-active\">\r\n\t\t\t\t\t                    <a rel=\"nofollow\" title=\"European Union\" class=\"wmc-currency-redirect\"\r\n                       href=\"\/fr\/wp-json\/wp\/v2\/product\/10125?wmc-currency=EUR\" data-currency=\"EUR\">\r\n                        <i style=\"transform: scale(0.6); margin: -8px -12px\"\r\n                           class=\"vi-flag-64 flag-eu \"><\/i>\r\n                    <\/a>\r\n                <\/div>\r\n\t\t\t\t                <div class=\"wmc-currency \">\r\n\t\t\t\t\t                    <a rel=\"nofollow\" title=\"Etats-Unis (USA)\" class=\"wmc-currency-redirect\"\r\n                       href=\"\/fr\/wp-json\/wp\/v2\/product\/10125?wmc-currency=USD\" data-currency=\"USD\">\r\n                        <i style=\"transform: scale(0.6); margin: -8px -12px\"\r\n                           class=\"vi-flag-64 flag-us \"><\/i>\r\n                    <\/a>\r\n                <\/div>\r\n\t\t\t\t        <\/div>\r\n\t\t Choisir la devise<\/p>\n<p>Sauterelle, <em>Insectes comestibles<\/em> &#8211; Orthoptera<\/p>\n<p>Avec un go\u00fbt \u00e0 mi-chemin entre le bacon grill\u00e9 et la pomme de terre au four, les sauterelles sont consomm\u00e9es de mani\u00e8re courante.<\/p>\n<p><em>Sauterelles grill\u00e9es<\/em> : un r\u00e9gal !<\/p>\n","protected":false},"featured_media":10126,"comment_status":"open","ping_status":"closed","template":"","meta":[],"product_brand":[],"product_cat":[359],"product_tag":[],"class_list":{"0":"post-10125","1":"product","2":"type-product","3":"status-publish","4":"has-post-thumbnail","6":"product_cat-plain-insects-fr","8":"first","9":"outofstock","10":"sale","11":"shipping-taxable","12":"purchasable","13":"product-type-variable","14":"has-default-attributes"},"_links":{"self":[{"href":"https:\/\/www.next-food.net\/fr\/wp-json\/wp\/v2\/product\/10125","targetHints":{"allow":["GET"]}}],"collection":[{"href":"https:\/\/www.next-food.net\/fr\/wp-json\/wp\/v2\/product"}],"about":[{"href":"https:\/\/www.next-food.net\/fr\/wp-json\/wp\/v2\/types\/product"}],"replies":[{"embeddable":true,"href":"https:\/\/www.next-food.net\/fr\/wp-json\/wp\/v2\/comments?post=10125"}],"wp:featuredmedia":[{"embeddable":true,"href":"https:\/\/www.next-food.net\/fr\/wp-json\/wp\/v2\/media\/10126"}],"wp:attachment":[{"href":"https:\/\/www.next-food.net\/fr\/wp-json\/wp\/v2\/media?parent=10125"}],"wp:term":[{"taxonomy":"product_brand","embeddable":true,"href":"https:\/\/www.next-food.net\/fr\/wp-json\/wp\/v2\/product_brand?post=10125"},{"taxonomy":"product_cat","embeddable":true,"href":"https:\/\/www.next-food.net\/fr\/wp-json\/wp\/v2\/product_cat?post=10125"},{"taxonomy":"product_tag","embeddable":true,"href":"https:\/\/www.next-food.net\/fr\/wp-json\/wp\/v2\/product_tag?post=10125"}],"curies":[{"name":"wp","href":"https:\/\/api.w.org\/{rel}","templated":true}]}}