{"id":10092,"date":"2015-01-24T18:01:00","date_gmt":"2015-01-24T17:01:00","guid":{"rendered":"https:\/\/www.next-food.net\/product\/mini-sauterelles-schistocerca\/"},"modified":"2026-03-26T19:57:19","modified_gmt":"2026-03-26T18:57:19","slug":"mini-sauterelles-schistocerca","status":"publish","type":"product","link":"https:\/\/www.next-food.net\/fr\/produit\/mini-sauterelles-schistocerca\/","title":{"rendered":"Sauterelle (Mini) | Insecte Comestible \u00ab\u00a0Schistocerca\u00a0\u00bb"},"content":{"rendered":"<h2>Sauterelle : un insecte a manger savoureux !<\/h2>\n<p>Croustillantes et savoureuses, id\u00e9ales \u00e0 l\u2019ap\u00e9ritif, la mini-<em>sauterelle<\/em> comestible est un mets tr\u00e8s appr\u00e9ci\u00e9 aussi bien par les grands amateurs d\u2019<em>insectes comestibles<\/em> que par les curieux. Elle est r\u00e9sistante gr\u00e2ce \u00e0 son exosquelette, ce qui en fait d\u2019excellent <em>insecte mangeable<\/em> adapt\u00e9 \u00e0 la grillade et \u00e0 la cuisson \u00e0 forte chaleur.<\/p>\n<h3>Sauterelle : La recette de cet insecte alimentaire<\/h3>\n<p>Pour la pr\u00e9paration, la recette de <em>sauterelle<\/em> grill\u00e9e est s\u00fbrement la plus populaire. Pour la r\u00e9ussir, il faut les congeler durant une heure. Ensuite, on les met dans un four pr\u00e9chauff\u00e9 \u00e0 90\u00b0C pendant 1 \u00e0 2 heures. Pour tester la cuisson, on les \u00e9crase avec une cuill\u00e8re. On les enl\u00e8ve d\u00e8s que la texture est croquante. Afin de relever le go\u00fbt, on peut les assaisonner avec de l\u2019huile d\u2019olive, du sel et du poivre.<\/p>\n<p>La mini-<em>sauterelle<\/em> comestible frite au beurre et \u00e0 l\u2019ail est \u00e9galement un r\u00e9gal. Tr\u00e8s simple, la recette consiste \u00e0 faire fondre et r\u00e9duire le beurre sur un feu doux avant de dorer l\u2019ail. Ajoutez, ensuite, les <em>insectes comestibles<\/em> que l&rsquo;on fait revenir, pendant 10 \u00e0 15 minutes en remuant r\u00e9guli\u00e8rement. Pour vous faciliter la t\u00e2che, optez pour nos sachets de 25 g de mini-sauterelles comestibles disponibles sur next-food.net.<\/p>\n<h2>Proteine Insecte : La Sauterelle<\/h2>\n<p>Les orthopt\u00e8res, auxquels les mini-sauterelles comestibles appartiennent, sont les <em>insectes \u00e0 manger<\/em> qui contiennent le plus de prot\u00e9ine. En revanche, elles ont un taux de mati\u00e8res grasses avoisinant les 16 %. En outre, elles contiennent des nutriments tr\u00e8s pr\u00e9cieux pour la sant\u00e9 comme les vitamines, le calcium est surtout l\u2019om\u00e9ga 3 dont l\u2019apport ne peut \u00eatre que nutritionnel.<\/p>\n<p>Si les bienfaits des mini-sauterelles comestibles sont acquis, il ne faut pas pour autant se hasarder \u00e0 les attraper dans vos jardins. Vu leur taille et leur couleur, elles se confondent facilement avec les sauterelles dangereuses. Par ailleurs, elles sont susceptibles d\u2019\u00eatre recouvertes de r\u00e9sidus de pesticides.<\/p>\n<p>En cons\u00e9quence, les adeptes de l&rsquo;<em>entomophagie<\/em> avertis recommandent \u00e0 ceux qui veulent go\u00fbter \u00e0 la saveur des <em>insectes comestibles<\/em> de s\u2019en procurer aupr\u00e8s des boutiques sp\u00e9cialis\u00e9es. Ainsi, Next-Food a mis en place un dispositif d\u2019entomoculture pour produire des insectes de qualit\u00e9 qui respectent le cycle naturel des insectes et les normes sanitaires en vigueur. Alors, consultez le site next-food.net pour commander des mini-sauterelles comestibles.<\/p>\n","protected":false},"excerpt":{"rendered":"        <div id=\"woocommerce-multi-currency-1\"\r\n             class=\"woocommerce-multi-currency wmc-shortcode plain-horizontal layout3 \"\r\n             data-layout=\"layout3\" data-flag_size=\"0.6\">\r\n            <input type=\"hidden\" class=\"wmc-current-url\" value=\"\/fr\/wp-json\/wp\/v2\/product\/10092\">\r\n\t\t\t                <div class=\"wmc-currency wmc-active\">\r\n\t\t\t\t\t                    <a rel=\"nofollow\" title=\"European Union\" class=\"wmc-currency-redirect\"\r\n                       href=\"\/fr\/wp-json\/wp\/v2\/product\/10092?wmc-currency=EUR\" data-currency=\"EUR\">\r\n                        <i style=\"transform: scale(0.6); margin: -8px -12px\"\r\n                           class=\"vi-flag-64 flag-eu \"><\/i>\r\n                    <\/a>\r\n                <\/div>\r\n\t\t\t\t                <div class=\"wmc-currency \">\r\n\t\t\t\t\t                    <a rel=\"nofollow\" title=\"Etats-Unis (USA)\" class=\"wmc-currency-redirect\"\r\n                       href=\"\/fr\/wp-json\/wp\/v2\/product\/10092?wmc-currency=USD\" data-currency=\"USD\">\r\n                        <i style=\"transform: scale(0.6); margin: -8px -12px\"\r\n                           class=\"vi-flag-64 flag-us \"><\/i>\r\n                    <\/a>\r\n                <\/div>\r\n\t\t\t\t        <\/div>\r\n\t\t Choisir la devise<\/p>\n<p><em>Sauterelle<\/em> (mini), <em>Insectes comestibles<\/em> &#8211; Schistocerca<\/p>\n<p>En <em>insecte apero<\/em> ou <em>insecte grill\u00e9<\/em>, cette petite sauterelle croustillante et savoureuse vous enchanteront<\/p>\n","protected":false},"featured_media":10093,"comment_status":"open","ping_status":"closed","template":"","meta":[],"product_brand":[],"product_cat":[359],"product_tag":[],"class_list":{"0":"post-10092","1":"product","2":"type-product","3":"status-publish","4":"has-post-thumbnail","6":"product_cat-plain-insects-fr","8":"first","9":"outofstock","10":"sale","11":"shipping-taxable","12":"purchasable","13":"product-type-variable","14":"has-default-attributes"},"_links":{"self":[{"href":"https:\/\/www.next-food.net\/fr\/wp-json\/wp\/v2\/product\/10092","targetHints":{"allow":["GET"]}}],"collection":[{"href":"https:\/\/www.next-food.net\/fr\/wp-json\/wp\/v2\/product"}],"about":[{"href":"https:\/\/www.next-food.net\/fr\/wp-json\/wp\/v2\/types\/product"}],"replies":[{"embeddable":true,"href":"https:\/\/www.next-food.net\/fr\/wp-json\/wp\/v2\/comments?post=10092"}],"wp:featuredmedia":[{"embeddable":true,"href":"https:\/\/www.next-food.net\/fr\/wp-json\/wp\/v2\/media\/10093"}],"wp:attachment":[{"href":"https:\/\/www.next-food.net\/fr\/wp-json\/wp\/v2\/media?parent=10092"}],"wp:term":[{"taxonomy":"product_brand","embeddable":true,"href":"https:\/\/www.next-food.net\/fr\/wp-json\/wp\/v2\/product_brand?post=10092"},{"taxonomy":"product_cat","embeddable":true,"href":"https:\/\/www.next-food.net\/fr\/wp-json\/wp\/v2\/product_cat?post=10092"},{"taxonomy":"product_tag","embeddable":true,"href":"https:\/\/www.next-food.net\/fr\/wp-json\/wp\/v2\/product_tag?post=10092"}],"curies":[{"name":"wp","href":"https:\/\/api.w.org\/{rel}","templated":true}]}}