{"id":10071,"date":"2018-03-13T21:33:15","date_gmt":"2018-03-13T20:33:15","guid":{"rendered":"https:\/\/www.next-food.net\/product\/hannetons-phyllophaga\/"},"modified":"2026-02-23T11:44:38","modified_gmt":"2026-02-23T10:44:38","slug":"hannetons-phyllophaga","status":"publish","type":"product","link":"https:\/\/www.next-food.net\/fr\/produit\/hannetons-phyllophaga\/","title":{"rendered":"Hanneton | Insecte Comestible Scarab\u00e9e (Phyllophaga)"},"content":{"rendered":"<h2>Hanneton (scarab\u00e9es) \u2013 Encore un insecte Comestible de choix !<\/h2>\n<p>Avec leur croquant unique, le <em>hanneton<\/em> est une excellente source de prot\u00e9ines et de calcium. Hanneton | Insecte Comestible Scarab\u00e9e (Phyllophaga). Vivants, ces petites cr\u00e9atures sont nocturnes, donc si vous voulez \u00eatre sensible \u00e0 leurs habitudes, d\u00e9gustez les dans la soir\u00e9e comme une collation, garniture de pizza, tremp\u00e9s dans la sauce chili ou comme bon vous semble : c\u2019est ce qu\u2019ils auraient voulu\u2026<\/p>\n<p>On trouve facilement ces <em>insectes s\u00e9ch\u00e9s<\/em> tels que le <em>hanneton<\/em> comestible dans les jardins sans se rendre compte de ce qu\u2019il pourrait apporter. En effet, ils pr\u00e9sentent des vertus nutritives exceptionnelles.<\/p>\n<h3>Insecte qui se mange : Le Hanneton<\/h3>\n<p>Le <em>hanneton<\/em> comestible fait partie de la famille des <em>col\u00e9opt\u00e8res<\/em>. Avec un cycle de vie de 3 ans, ses larves vivent dans le sol et se nourrissent de racines de plantes. Une fois adultes, ils sortent de la terre et s\u2019envolent vers la fin du printemps. \u00c0 cette \u00e9tape, ils mangent les tendres feuilles des bourgeons.<\/p>\n<p>Une fois r\u00e9colt\u00e9s, ces <em>insectes comestibles<\/em> sont imm\u00e9diatement nettoy\u00e9s, cuits et d\u00e9shydrat\u00e9s pour pr\u00e9server leur contenu nutritif.<\/p>\n<p>De cette mani\u00e8re, on est en mesure de satisfaire un adepte de l&rsquo;<em>entomophagie<\/em> exigeant. Alors, n\u2019h\u00e9sitez plus \u00e0 consulter le site next-food.net pour commander des hannetons comestibles conditionn\u00e9s en sachets de 25 g.<\/p>\n<h2><em>Hanneton : insecte<\/em> \u00e0 d\u00e9guster savoureusement<\/h2>\n<p>Pour une m\u00eame quantit\u00e9 de viande, les hannetons comestibles pr\u00e9sentent cinq fois plus de prot\u00e9ines et trois fois moins de mati\u00e8res grasses. Avec leur forme arrondie, ils pr\u00e9sentent plus de nutriments que certains <em>insectes comestibles<\/em>. En outre, avec un taux raisonnable de glucide, de calcium et surtout d\u2019om\u00e9ga 3, ils constituent un mets de choix et de qualit\u00e9.<\/p>\n<p>\u00c0 la fois croquants et fondants, les hannetons comestibles ont des go\u00fbts assez familiers. Les uns y retrouvent la saveur du ma\u00efs souffl\u00e9 et les autres se rappellent du bacon quand ils sont saut\u00e9s au beurre. Entomophages avertis ou aventuriers du go\u00fbt, rendez-vous sur next-food.net pour vous procurez des hannetons comestibles !<\/p>\n<h2>Des recettes savoureuses pour des insectes alimentaires<\/h2>\n<p>Il y a diff\u00e9rentes mani\u00e8res de d\u00e9guster le <em>hanneton<\/em> comestible. On peut le manger en <em>insecte apero<\/em> accompagn\u00e9 de mayonnaise, de chili ou d\u2019autres sauces. On peut \u00e9galement les mettre en garniture de pizza ou tout simplement les savourer en <em>insectes grill\u00e9s<\/em>.<\/p>\n<p>Pour une pr\u00e9paration plus \u00e9labor\u00e9e tout en restant dans la simplicit\u00e9, on fait sauter les hannetons \u00e0 manger avec de l\u2019huile ou du beurre pendant 5 minutes. Apr\u00e8s avoir enlev\u00e9 l\u2019exc\u00e8s de gras, on y ajoute de la sauce de soja avant de le remettre sur le feu. On rajoute \u00e9ventuellement du curry ou de sauce \u00e9pic\u00e9e pour donner plus de go\u00fbt au plat.<\/p>\n","protected":false},"excerpt":{"rendered":"        <div id=\"woocommerce-multi-currency-1\"\r\n             class=\"woocommerce-multi-currency wmc-shortcode plain-horizontal layout3 \"\r\n             data-layout=\"layout3\" data-flag_size=\"0.6\">\r\n            <input type=\"hidden\" class=\"wmc-current-url\" value=\"\/fr\/wp-json\/wp\/v2\/product\/10071\">\r\n\t\t\t                <div class=\"wmc-currency wmc-active\">\r\n\t\t\t\t\t                    <a rel=\"nofollow\" title=\"European Union\" class=\"wmc-currency-redirect\"\r\n                       href=\"\/fr\/wp-json\/wp\/v2\/product\/10071?wmc-currency=EUR\" data-currency=\"EUR\">\r\n                        <i style=\"transform: scale(0.6); margin: -8px -12px\"\r\n                           class=\"vi-flag-64 flag-eu \"><\/i>\r\n                    <\/a>\r\n                <\/div>\r\n\t\t\t\t                <div class=\"wmc-currency \">\r\n\t\t\t\t\t                    <a rel=\"nofollow\" title=\"Etats-Unis (USA)\" class=\"wmc-currency-redirect\"\r\n                       href=\"\/fr\/wp-json\/wp\/v2\/product\/10071?wmc-currency=USD\" data-currency=\"USD\">\r\n                        <i style=\"transform: scale(0.6); margin: -8px -12px\"\r\n                           class=\"vi-flag-64 flag-us \"><\/i>\r\n                    <\/a>\r\n                <\/div>\r\n\t\t\t\t        <\/div>\r\n\t\t Choisir la devise<\/p>\n<p>&nbsp;<\/p>\n<p>Le <em>Hanneton, insectes Comestibles<\/em> &#8211; Phyllophaga<\/p>\n<p>Cet insecte \u00e0 manger de \u00ab\u00a0choix\u00a0\u00bb a un go\u00fbt de ma\u00efs souffl\u00e9 !<\/p>\n<p>Excellent choix pour cet <em>insecte apero<\/em> !<\/p>\n","protected":false},"featured_media":10072,"comment_status":"open","ping_status":"closed","template":"","meta":[],"product_brand":[],"product_cat":[359],"product_tag":[],"class_list":{"0":"post-10071","1":"product","2":"type-product","3":"status-publish","4":"has-post-thumbnail","6":"product_cat-plain-insects-fr","8":"first","9":"outofstock","10":"shipping-taxable","11":"purchasable","12":"product-type-variable","13":"has-default-attributes"},"_links":{"self":[{"href":"https:\/\/www.next-food.net\/fr\/wp-json\/wp\/v2\/product\/10071","targetHints":{"allow":["GET"]}}],"collection":[{"href":"https:\/\/www.next-food.net\/fr\/wp-json\/wp\/v2\/product"}],"about":[{"href":"https:\/\/www.next-food.net\/fr\/wp-json\/wp\/v2\/types\/product"}],"replies":[{"embeddable":true,"href":"https:\/\/www.next-food.net\/fr\/wp-json\/wp\/v2\/comments?post=10071"}],"wp:featuredmedia":[{"embeddable":true,"href":"https:\/\/www.next-food.net\/fr\/wp-json\/wp\/v2\/media\/10072"}],"wp:attachment":[{"href":"https:\/\/www.next-food.net\/fr\/wp-json\/wp\/v2\/media?parent=10071"}],"wp:term":[{"taxonomy":"product_brand","embeddable":true,"href":"https:\/\/www.next-food.net\/fr\/wp-json\/wp\/v2\/product_brand?post=10071"},{"taxonomy":"product_cat","embeddable":true,"href":"https:\/\/www.next-food.net\/fr\/wp-json\/wp\/v2\/product_cat?post=10071"},{"taxonomy":"product_tag","embeddable":true,"href":"https:\/\/www.next-food.net\/fr\/wp-json\/wp\/v2\/product_tag?post=10071"}],"curies":[{"name":"wp","href":"https:\/\/api.w.org\/{rel}","templated":true}]}}