{"id":10056,"date":"2018-03-13T21:51:03","date_gmt":"2018-03-13T20:51:03","guid":{"rendered":"https:\/\/www.next-food.net\/product\/cigale-cicadidae\/"},"modified":"2026-04-24T11:45:01","modified_gmt":"2026-04-24T10:45:01","slug":"cigale-cicadidae","status":"publish","type":"product","link":"https:\/\/www.next-food.net\/fr\/produit\/cigale-cicadidae\/","title":{"rendered":"Cigale | Insecte Comestible"},"content":{"rendered":"<h2><strong>Cigale | Un insecte Comestible de choix !<\/strong><\/h2>\n<p>Le sachet de 20g<\/p>\n<p>Pour la d\u00e9licatesse de son go\u00fbt, la <em>cigale<\/em> est un <em>insecte comestible<\/em> tr\u00e8s recherch\u00e9 par les amateurs d\u2019<em>entomophagie<\/em>. Un r\u00e9gal ! la <em>cigale<\/em> est consomm\u00e9e dans plusieurs pays.<\/p>\n<p>En effet, cet <em>insecte \u00e0 manger<\/em> \u00ab\u00a0la <em>cigale<\/em>\u00a0\u00bb se nourrit de s\u00e8ve ce qui lui apporte un gout unique proche de la noix.<\/p>\n<p>Pour la d\u00e9licatesse de son go\u00fbt, la cigale est un <em>insecte alimentaire<\/em> tr\u00e8s recherch\u00e9 par les amateurs d\u2019<em>insectes comestibles<\/em>.<\/p>\n<p>Tr\u00e8s friand de ce mets, Aristote et les Grecs en g\u00e9n\u00e9ral, en font m\u00eame l\u2019\u00e9loge. Pour le grand plaisir des <strong>entomophages<\/strong> voire pour les personnes qui veulent s&rsquo;essayer \u00e0 simplement go\u00fbter \u00e0 cet insecte comestible.<\/p>\n<p>Next-Food propose des cigales en sachet de 20 g.<\/p>\n<h2><strong>Vous voulez tester : \u00ab\u00a0Manger des insectes\u00a0\u00bb ?<\/strong><\/h2>\n<p>Les connaisseurs d\u00e9crivent \u00e0 leur mani\u00e8re le go\u00fbt de la cigale.<\/p>\n<p>Ainsi, ces derniers parlent d\u2019un go\u00fbt qui se rapproche des noix. Ceci est d\u00fb \u00e0 la s\u00e8ve dont elle se nourrit.<\/p>\n<p>Par ailleurs, certains y retrouvent la saveur de la crevette. En tout cas, les avis s\u2019accordent sur un point : la <em>cigale<\/em> est de saveur exquise.<\/p>\n<p>Cependant, pour appr\u00e9cier la saveur unique de cet <strong>insecte comestible<\/strong>, on recommande une pr\u00e9paration simple :<\/p>\n<p style=\"padding-left: 40px\">Une pointe de sel, de l\u2019oignon et quelques gouttes d\u2019huile pour la friture suffisent pour qu\u2019elle lib\u00e8re son go\u00fbt en toute simplicit\u00e9.<\/p>\n<p>La <em>Cigale<\/em> peut se manger en d\u00eener ou en \u00ab\u00a0<em>insecte apero\u00a0\u00bb<\/em>.<\/p>\n<p>C\u2019est encore en toute simplicit\u00e9 qu\u2019on retrouve la recette insecte de <em>cigale<\/em> grill\u00e9e \u00e0 la menthe sauvage.<\/p>\n<p>Une petite recommandation est quand m\u00eame n\u00e9cessaire pour les adeptes de la friture : quelques secondes suffisent pour faire cuire la cigale.<\/p>\n<p>Trouvez ici des cigales comestibles nature de qualit\u00e9 et pas ch\u00e8res !<\/p>\n<h2>La cigale : Encore un insecte comestible qui vous veut du bien !<\/h2>\n<p>Par rapport aux divers probl\u00e8mes d\u2019alimentation, les <em>insectes comestibles<\/em> constituent une v\u00e9ritable alternative alimentaire.<\/p>\n<p>En effet, selon les sp\u00e9cialistes, elle pr\u00e9sente un apport de prot\u00e9ine plus riche que les viandes et les produits laitiers, les \u0153ufs et les l\u00e9gumes. Ainsi, le protide peut atteindre le trois quarts du poids sec.<\/p>\n<p>En outre, comme les <strong>insectes comestibles<\/strong> en g\u00e9n\u00e9ral, la <em>cigale<\/em> ne pr\u00e9sente que 16 % de mati\u00e8re grasse, alors que la viande affiche un taux \u00e0 48 %. Ceci en fait un excellent menu de substitution pour ceux qui veulent garder la ligne tout en faisant le plein d\u2019\u00e9nergie. Enfin, les sp\u00e9cialistes soutiennent que les <em>insectes \u00e0 manger <\/em>sont une source alimentaire. En effet, \u00e0 l\u2019inverse des animaux d\u2019\u00e9levage traditionnel, ils ne pr\u00e9sentent que de tr\u00e8s rares maladies communes avec l\u2019homme. Achetez sur next-food.net toutes sortes d\u2019insectes comestibles !<\/p>\n<p>Petite info certaines cigales aux USA ont un cycle de reproduction de 17 ans avant de laisser entendre leur chant et en Chine on depose une cigale en jade dans la bouche des morts, symbole de vie \u00e9ternelle et de r\u00e9surrection dans l\u2019au-del\u00e0. Il y a 3390 des esp\u00e8ces de Cicadid\u00e9s dans le monde.<\/p>\n","protected":false},"excerpt":{"rendered":"        <div id=\"woocommerce-multi-currency-1\"\r\n             class=\"woocommerce-multi-currency wmc-shortcode plain-horizontal layout3 \"\r\n             data-layout=\"layout3\" data-flag_size=\"0.6\">\r\n            <input type=\"hidden\" class=\"wmc-current-url\" value=\"\/fr\/wp-json\/wp\/v2\/product\/10056\">\r\n\t\t\t                <div class=\"wmc-currency wmc-active\">\r\n\t\t\t\t\t                    <a rel=\"nofollow\" title=\"European Union\" class=\"wmc-currency-redirect\"\r\n                       href=\"\/fr\/wp-json\/wp\/v2\/product\/10056?wmc-currency=EUR\" data-currency=\"EUR\">\r\n                        <i style=\"transform: scale(0.6); margin: -8px -12px\"\r\n                           class=\"vi-flag-64 flag-eu \"><\/i>\r\n                    <\/a>\r\n                <\/div>\r\n\t\t\t\t                <div class=\"wmc-currency \">\r\n\t\t\t\t\t                    <a rel=\"nofollow\" title=\"Etats-Unis (USA)\" class=\"wmc-currency-redirect\"\r\n                       href=\"\/fr\/wp-json\/wp\/v2\/product\/10056?wmc-currency=USD\" data-currency=\"USD\">\r\n                        <i style=\"transform: scale(0.6); margin: -8px -12px\"\r\n                           class=\"vi-flag-64 flag-us \"><\/i>\r\n                    <\/a>\r\n                <\/div>\r\n\t\t\t\t        <\/div>\r\n\t\t Choisir la devise<\/p>\n<p>La <em>Cigale<\/em>, Un des <em>insectes comestibles<\/em> les plus appr\u00e9ci\u00e9s par les sp\u00e9cialistes de l&rsquo;<em>entomophagie<\/em>. Un go\u00fbt subtil de Noix ravira vos papilles<\/p>\n","protected":false},"featured_media":10060,"comment_status":"open","ping_status":"closed","template":"","meta":[],"product_brand":[],"product_cat":[359],"product_tag":[],"class_list":{"0":"post-10056","1":"product","2":"type-product","3":"status-publish","4":"has-post-thumbnail","6":"product_cat-plain-insects-fr","8":"first","9":"instock","10":"shipping-taxable","11":"purchasable","12":"product-type-simple"},"_links":{"self":[{"href":"https:\/\/www.next-food.net\/fr\/wp-json\/wp\/v2\/product\/10056","targetHints":{"allow":["GET"]}}],"collection":[{"href":"https:\/\/www.next-food.net\/fr\/wp-json\/wp\/v2\/product"}],"about":[{"href":"https:\/\/www.next-food.net\/fr\/wp-json\/wp\/v2\/types\/product"}],"replies":[{"embeddable":true,"href":"https:\/\/www.next-food.net\/fr\/wp-json\/wp\/v2\/comments?post=10056"}],"wp:featuredmedia":[{"embeddable":true,"href":"https:\/\/www.next-food.net\/fr\/wp-json\/wp\/v2\/media\/10060"}],"wp:attachment":[{"href":"https:\/\/www.next-food.net\/fr\/wp-json\/wp\/v2\/media?parent=10056"}],"wp:term":[{"taxonomy":"product_brand","embeddable":true,"href":"https:\/\/www.next-food.net\/fr\/wp-json\/wp\/v2\/product_brand?post=10056"},{"taxonomy":"product_cat","embeddable":true,"href":"https:\/\/www.next-food.net\/fr\/wp-json\/wp\/v2\/product_cat?post=10056"},{"taxonomy":"product_tag","embeddable":true,"href":"https:\/\/www.next-food.net\/fr\/wp-json\/wp\/v2\/product_tag?post=10056"}],"curies":[{"name":"wp","href":"https:\/\/api.w.org\/{rel}","templated":true}]}}