{"id":10050,"date":"2017-07-10T12:21:52","date_gmt":"2017-07-10T11:21:52","guid":{"rendered":"https:\/\/www.next-food.net\/product\/petit-grillons-comestibles-hot-and-spicy\/"},"modified":"2025-11-13T17:35:34","modified_gmt":"2025-11-13T16:35:34","slug":"petit-grillons-comestibles-hot-and-spicy","status":"publish","type":"product","link":"https:\/\/www.next-food.net\/fr\/produit\/petit-grillons-comestibles-hot-and-spicy\/","title":{"rendered":"Grillon (petits) | Insecte Comestible \u00ab\u00a0Hot &amp; Spicy\u00a0\u00bb"},"content":{"rendered":"<h2><strong>Grillon | Insectes \u00e0 manger en apero : Attention les papilles !<\/strong><\/h2>\n<p>Pour les personnes qui aiment les <em>insectes comestibles<\/em> et les piments, Next-Food leur a concoct\u00e9 les petits grillons comestibles hots and spicy\u2026<\/p>\n<h2>Manger Insectes et proteine Insectes<\/h2>\n<p>Le piment est un condiment r\u00e9guli\u00e8rement utilis\u00e9 dans les cuisines orientales. Certains vantent ses vertus aphrodisiaques, alors que d\u2019autres les prennent tout simplement pour le plaisir.<\/p>\n<p>Pour ceux qui appr\u00e9cient \u00e9galement les <em>insectes comestibles<\/em>, les petits grillons comestibles hots and spicy leurs sont destin\u00e9s.<\/p>\n<p>Par ailleurs, des sp\u00e9cialistes de renom soutiennent que le piment aide \u00e0 la ligne. En associant ce bienfait \u00e0 la faible teneur en mati\u00e8res grasses et \u00e0 la richesse en prot\u00e9ine des grillons comestibles, on obtient le meilleur alli\u00e9 de ceux qui veulent perdre du poids.<\/p>\n<p>En outre, les petits grillons comestibles pr\u00e9sentent un apport d\u2019om\u00e9ga 3 int\u00e9ressant. En effet, le corps humain ne peut pas produire ce type de nutriment pourtant n\u00e9cessaire \u00e0 l\u2019organisme. Un apport ext\u00e9rieur est donc plus que n\u00e9cessaire. Alors, commandez d\u00e8s \u00e0 pr\u00e9sent vos petits <strong>grillons<\/strong> comestibles hots and spicy sur next-food.net !<\/p>\n<h2><strong>L&rsquo;entomophagie : Hop un grillon !<\/strong><\/h2>\n<p>Dans certains pays, l\u2019<strong>entomophagie<\/strong> est ancr\u00e9e dans leur culture. En Europe, les <em>insectes comestibles<\/em> ont le statut de \u00ab nouvel aliment \u00bb si l&rsquo;on se ref\u00e9re \u00e0 la r\u00e9glementation de la Commission Europ\u00e9enne.<\/p>\n<p>Pour autant, les insectes comestibles se d\u00e9couvrent sous de nombreuses facettes pour convaincre les plus r\u00e9ticents.<\/p>\n<p>Cependant, la meilleure mani\u00e8re de prendre sa premi\u00e8re bouch\u00e9e d\u2019<em>insectes \u00e0 manger<\/em> passe par les <em>insectes<\/em> aromatis\u00e9s.<\/p>\n<p>Ainsi, le n\u00e9ophyte aura la possibilit\u00e9 de se concentrer uniquement sur les saveurs que notre chef travaillent naturellement<\/p>\n<p>Pour cela, il faut commencer par fermer les yeux et se concentrer sur les ar\u00f4mes. Une fois impr\u00e9gn\u00e9 de ces parfums, on peut prolonger les plaisirs par une petite bouch\u00e9e d&rsquo;<em>insectes grill\u00e9s<\/em> que l&rsquo;on croque d\u00e9licatement pour d\u00e9couvrir les saveurs.<\/p>\n<p>L\u2019<strong>insecte comestible<\/strong> aux formes famili\u00e8res est \u00e9galement efficace pour faire le grand saut dans l\u2019<em>entomophagie<\/em>. Pour cette option, les petits grillons qui sont visuellement tr\u00e8s proches des frites de pommes de terre sont excellents. Alors, connectez-vous sur next-food.net et commandez les <em>insectes comestibles<\/em> aromatis\u00e9s qui vous conviennent !<\/p>\n","protected":false},"excerpt":{"rendered":"        <div id=\"woocommerce-multi-currency-1\"\r\n             class=\"woocommerce-multi-currency wmc-shortcode plain-horizontal layout3 \"\r\n             data-layout=\"layout3\" data-flag_size=\"0.6\">\r\n            <input type=\"hidden\" class=\"wmc-current-url\" value=\"\/fr\/wp-json\/wp\/v2\/product\/10050\">\r\n\t\t\t                <div class=\"wmc-currency wmc-active\">\r\n\t\t\t\t\t                    <a rel=\"nofollow\" title=\"European Union\" class=\"wmc-currency-redirect\"\r\n                       href=\"\/fr\/wp-json\/wp\/v2\/product\/10050?wmc-currency=EUR\" data-currency=\"EUR\">\r\n                        <i style=\"transform: scale(0.6); margin: -8px -12px\"\r\n                           class=\"vi-flag-64 flag-eu \"><\/i>\r\n                    <\/a>\r\n                <\/div>\r\n\t\t\t\t                <div class=\"wmc-currency \">\r\n\t\t\t\t\t                    <a rel=\"nofollow\" title=\"Etats-Unis (USA)\" class=\"wmc-currency-redirect\"\r\n                       href=\"\/fr\/wp-json\/wp\/v2\/product\/10050?wmc-currency=USD\" data-currency=\"USD\">\r\n                        <i style=\"transform: scale(0.6); margin: -8px -12px\"\r\n                           class=\"vi-flag-64 flag-us \"><\/i>\r\n                    <\/a>\r\n                <\/div>\r\n\t\t\t\t        <\/div>\r\n\t\t Choisir la devise<\/p>\n<p>Petit Grillon, <a href=\"https:\/\/www.next-food.net\/fr\/produit\/tarentulas-haplopelma-albostriatum\/\"><em>Insectes comestibles<\/em><\/a> pr\u00e9par\u00e9s Hot and Spicy\u2013 Acheta Domesticus<br \/>\n(Le sachet de 25 gr)<\/p>\n<p>Entre amis, en famille ou tout simplement le soir : un <em>insecte apero<\/em> pr\u00e9par\u00e9 par notre chef, l\u00e9g\u00e8rement piment\u00e9 !<\/p>\n","protected":false},"featured_media":10051,"comment_status":"open","ping_status":"closed","template":"","meta":[],"product_brand":[],"product_cat":[369],"product_tag":[],"class_list":{"0":"post-10050","1":"product","2":"type-product","3":"status-publish","4":"has-post-thumbnail","6":"product_cat-flavoured-fr","8":"first","9":"instock","10":"shipping-taxable","11":"purchasable","12":"product-type-simple"},"_links":{"self":[{"href":"https:\/\/www.next-food.net\/fr\/wp-json\/wp\/v2\/product\/10050","targetHints":{"allow":["GET"]}}],"collection":[{"href":"https:\/\/www.next-food.net\/fr\/wp-json\/wp\/v2\/product"}],"about":[{"href":"https:\/\/www.next-food.net\/fr\/wp-json\/wp\/v2\/types\/product"}],"replies":[{"embeddable":true,"href":"https:\/\/www.next-food.net\/fr\/wp-json\/wp\/v2\/comments?post=10050"}],"wp:featuredmedia":[{"embeddable":true,"href":"https:\/\/www.next-food.net\/fr\/wp-json\/wp\/v2\/media\/10051"}],"wp:attachment":[{"href":"https:\/\/www.next-food.net\/fr\/wp-json\/wp\/v2\/media?parent=10050"}],"wp:term":[{"taxonomy":"product_brand","embeddable":true,"href":"https:\/\/www.next-food.net\/fr\/wp-json\/wp\/v2\/product_brand?post=10050"},{"taxonomy":"product_cat","embeddable":true,"href":"https:\/\/www.next-food.net\/fr\/wp-json\/wp\/v2\/product_cat?post=10050"},{"taxonomy":"product_tag","embeddable":true,"href":"https:\/\/www.next-food.net\/fr\/wp-json\/wp\/v2\/product_tag?post=10050"}],"curies":[{"name":"wp","href":"https:\/\/api.w.org\/{rel}","templated":true}]}}