{"id":10044,"date":"2017-07-10T11:08:31","date_gmt":"2017-07-10T10:08:31","guid":{"rendered":"https:\/\/www.next-food.net\/product\/petits-grillons-comestibles-gout-sauce-bbq\/"},"modified":"2026-04-07T09:14:36","modified_gmt":"2026-04-07T08:14:36","slug":"petits-grillons-comestibles-gout-sauce-bbq","status":"publish","type":"product","link":"https:\/\/www.next-food.net\/fr\/produit\/petits-grillons-comestibles-gout-sauce-bbq\/","title":{"rendered":"Grillon (petits) | Insecte Comestible \u00ab\u00a0Sauce BBQ\u00a0\u00bb"},"content":{"rendered":"<h2><strong>Chips go\u00fbt BBQ ou Faites-vous du bien naturellement : Insectes \u00e0 Manger<\/strong><\/h2>\n<p>En adoptant une alimentation diff\u00e9rente de celle des amateurs de viande, les entomophages s\u2019approvisionnent essentiellement en prot\u00e9ine gr\u00e2ce aux <em>insectes comestibles<\/em>. Pour diversifier les saveurs et les plaisirs, Next-Food pr\u00e9sente les petits <strong>grillons<\/strong> comestibles go\u00fbt sauce BBQ\u2026<\/p>\n<h2>Bien tester l&rsquo;entomophagie pour la premi\u00e8re fois<\/h2>\n<p>Originaire des \u00c9tats-Unis, le BBQ est une sauce brune compos\u00e9e de moutarde, de sauce soja, sauce worcester, de vinaigre de cidre de miel liquide et d&rsquo;oignon. Ces ingr\u00e9dients en fait une mixture brune qui accompagne d\u00e9licieusement les barbecues.<\/p>\n<p>Pour le grand plaisir des amateurs d\u2019<strong>insectes comestibles<\/strong>, les petits grillons qu\u2019ils prennent r\u00e9guli\u00e8rement en ap\u00e9ritif sont d\u00e9clin\u00e9s en sauce BBQ par Next-Food.<\/p>\n<p>Ces <em>insectes comestibles<\/em> remplacent tr\u00e8s bien les crevettes dans les recettes comme le riz cantonais ou la pa\u00eblla. Avec les prot\u00e9ines et l\u2019om\u00e9ga 3 en plus donc, les insectes comestibles aromatis\u00e9s n\u2019ont rien \u00e0 envier aux steaks.<\/p>\n<p>En outre, ils constituent le produit id\u00e9al pour une premi\u00e8re d\u00e9gustation d\u2019<strong>insectes<\/strong> <strong>\u00e0 manger<\/strong>. En effet, les n\u00e9ophytes n\u2019auront aucun mal \u00e0 retrouver le go\u00fbt de la viande dans les petits grillons comestibles go\u00fbt sauce BBQ. Alors, faites un tour sur next-food.net pour commander les petits grillons en ap\u00e9ritif, d\u00e9clin\u00e9s en sauce BBQ !<\/p>\n<h3><strong>Insecte alimentaire : l\u2019entomophagie pour n\u00e9ophytes<\/strong><\/h3>\n<p>Apr\u00e8s avoir franchi l\u2019\u00e9tape de la premi\u00e8re d\u00e9gustation d\u2019insectes comestibles, le nouvel <strong>entomophage<\/strong> peut entamer une aventure gustative. Pour cela, le site next-food.net propose de nombreux ar\u00f4mes avec ses <em>insectes comestibles<\/em>.<\/p>\n<p>Du basilic tha\u00ef aux algues aonori en passant par le citron vert, le piment doux, le satay, le wasabi\u2026 chacun aura de quoi enrichir sa culture gustative dans un voyage \u00e0 travers les \u00e9pices et les condiments qui font la renomm\u00e9e de l\u2019Orient.<\/p>\n<p>Pour accompagner l\u2019entomophage dans sa qu\u00eate, Next-Food propose \u00e0 ses clients des insectes de qualit\u00e9 provenant de ses fermes eco-responsable. \u00c9lev\u00e9s avec des techniques novatrices, ils se d\u00e9veloppent dans des conditions naturelles qui optimisent leur qualit\u00e9. Alors, connectez-vous sur next-food.net pour commander les insectes comestibles de votre choix !<\/p>\n<p>Lors de ces diff\u00e9rentes \u00e9tapes, les insectes comestibles sont trait\u00e9s de mani\u00e8re \u00e0 optimiser leur go\u00fbt. Ils permettent donc \u00e0 chacun d\u2019apporter une pointe d\u2019originalit\u00e9 \u00e0 leur menu. En plus, les recettes adapt\u00e9es aux insectes ne manquent pas.<\/p>\n","protected":false},"excerpt":{"rendered":"        <div id=\"woocommerce-multi-currency-1\"\r\n             class=\"woocommerce-multi-currency wmc-shortcode plain-horizontal layout3 \"\r\n             data-layout=\"layout3\" data-flag_size=\"0.6\">\r\n            <input type=\"hidden\" class=\"wmc-current-url\" value=\"\/fr\/wp-json\/wp\/v2\/product\/10044\">\r\n\t\t\t                <div class=\"wmc-currency wmc-active\">\r\n\t\t\t\t\t                    <a rel=\"nofollow\" title=\"European Union\" class=\"wmc-currency-redirect\"\r\n                       href=\"\/fr\/wp-json\/wp\/v2\/product\/10044?wmc-currency=EUR\" data-currency=\"EUR\">\r\n                        <i style=\"transform: scale(0.6); margin: -8px -12px\"\r\n                           class=\"vi-flag-64 flag-eu \"><\/i>\r\n                    <\/a>\r\n                <\/div>\r\n\t\t\t\t                <div class=\"wmc-currency \">\r\n\t\t\t\t\t                    <a rel=\"nofollow\" title=\"Etats-Unis (USA)\" class=\"wmc-currency-redirect\"\r\n                       href=\"\/fr\/wp-json\/wp\/v2\/product\/10044?wmc-currency=USD\" data-currency=\"USD\">\r\n                        <i style=\"transform: scale(0.6); margin: -8px -12px\"\r\n                           class=\"vi-flag-64 flag-us \"><\/i>\r\n                    <\/a>\r\n                <\/div>\r\n\t\t\t\t        <\/div>\r\n\t\t Choisir la devise<\/p>\n<p>Petit\u00a0<em>Grillon, insectes Comestibles<\/em> pr\u00e9par\u00e9s au Go\u00fbt Sauce BBQ \u2013 Acheta Domesticus<br \/>\n(Le sachet de 25 gr)<\/p>\n<p>Vous connaissez cette sensation insatiable de la sauce BBQ !<\/p>\n<p>Le Top de l\u2019<em>entomophagie<\/em>, les insectes comestibles : grillons go\u00fbt sauce BBQ!<\/p>\n","protected":false},"featured_media":10045,"comment_status":"open","ping_status":"closed","template":"","meta":[],"product_brand":[],"product_cat":[369],"product_tag":[],"class_list":{"0":"post-10044","1":"product","2":"type-product","3":"status-publish","4":"has-post-thumbnail","6":"product_cat-flavoured-fr","8":"first","9":"instock","10":"shipping-taxable","11":"purchasable","12":"product-type-simple"},"_links":{"self":[{"href":"https:\/\/www.next-food.net\/fr\/wp-json\/wp\/v2\/product\/10044","targetHints":{"allow":["GET"]}}],"collection":[{"href":"https:\/\/www.next-food.net\/fr\/wp-json\/wp\/v2\/product"}],"about":[{"href":"https:\/\/www.next-food.net\/fr\/wp-json\/wp\/v2\/types\/product"}],"replies":[{"embeddable":true,"href":"https:\/\/www.next-food.net\/fr\/wp-json\/wp\/v2\/comments?post=10044"}],"wp:featuredmedia":[{"embeddable":true,"href":"https:\/\/www.next-food.net\/fr\/wp-json\/wp\/v2\/media\/10045"}],"wp:attachment":[{"href":"https:\/\/www.next-food.net\/fr\/wp-json\/wp\/v2\/media?parent=10044"}],"wp:term":[{"taxonomy":"product_brand","embeddable":true,"href":"https:\/\/www.next-food.net\/fr\/wp-json\/wp\/v2\/product_brand?post=10044"},{"taxonomy":"product_cat","embeddable":true,"href":"https:\/\/www.next-food.net\/fr\/wp-json\/wp\/v2\/product_cat?post=10044"},{"taxonomy":"product_tag","embeddable":true,"href":"https:\/\/www.next-food.net\/fr\/wp-json\/wp\/v2\/product_tag?post=10044"}],"curies":[{"name":"wp","href":"https:\/\/api.w.org\/{rel}","templated":true}]}}