{"id":10038,"date":"2018-01-17T14:35:17","date_gmt":"2018-01-17T13:35:17","guid":{"rendered":"https:\/\/www.next-food.net\/product\/insectes-petits-grillons-comestibles-sel-et-vinaigre\/"},"modified":"2026-03-31T19:28:08","modified_gmt":"2026-03-31T18:28:08","slug":"insectes-petits-grillons-comestibles-sel-et-vinaigre","status":"publish","type":"product","link":"https:\/\/www.next-food.net\/fr\/produit\/insectes-petits-grillons-comestibles-sel-et-vinaigre\/","title":{"rendered":"Grillon (petits) | Insecte Comestible \u00ab\u00a0Sel et Vinaigre\u00a0\u00bb"},"content":{"rendered":"<h2><strong>Grillon | Insecte Comestible ou Cacahu\u00e8te ?<\/strong><\/h2>\n<p>Next-Food Artisan Producteur eco-responsable d\u2019<strong>insectes comestibles<\/strong> vous propose de faire un essai et de substituer les produits d&rsquo;ap\u00e9ritif \u00ab\u00a0industriels\u00a0\u00bb par des <em>insectes comestibles<\/em> naturels !<\/p>\n<p>Next Food, vous offre une large gamme d&rsquo;<em>insecte \u00e0 manger<\/em>, \u00e0 tester, \u00e0 go\u00fbter, cuisin\u00e9s par notre Chef !<\/p>\n<h2><strong>Grillon | Une autre fa\u00e7on de manger des insectes<\/strong><\/h2>\n<p>Pour les adeptes \u00e0 la recherche d\u2019un ap\u00e9ritif original et d\u00e9sireux de remplacer les produits industriels gras contenant des produits douteux, nous vous sugg\u00e9rons avec la prot\u00e9ine en plus, les insectes petits <strong>grillons<\/strong> comestibles sel et vinaigre.<\/p>\n<p>En effet, ces <em>insectes grill\u00e9s<\/em> constituent une excellente mise en bouches en ouvrant l\u2019app\u00e9tit des convives.<\/p>\n<p>Le petit <em>grillon<\/em> est aussi l\u2019ingr\u00e9dient id\u00e9al pour pr\u00e9parer des salades l\u00e9g\u00e8res et prot\u00e9in\u00e9es. Ces <em>insectes alimentaires<\/em> apporteront de la saveur \u00e0 votre pr\u00e9paration.<\/p>\n<p>Vous pourrez \u00e9galement agr\u00e9menter vos l\u00e9gumes et ma\u00efs avec ce petit <em>grillon<\/em>. Un petit tour dans la po\u00eale les rendra croquants. Pour cela, quelques minutes suffisent. Une l\u00e9g\u00e8re touche d&rsquo;huile d&rsquo;olive ou de s\u00e9same et hop ! le tour est jou\u00e9 !<\/p>\n<p>La valeur nutritionnelle du <strong>grillon<\/strong>, va vous \u00e9tonner. Ils sont riches en prot\u00e9ine et en fibre avec un taux de mati\u00e8re grasse inf\u00e9rieur \u00e0 6 %.<\/p>\n<p>Aussi, on y trouve de l\u2019Om\u00e9ga 3, du calcium, du magn\u00e9sium&#8230; Alors, consulter le site next-food.net et commander vos <em>insectes<\/em> petits grillons comestibles sel et vinaigre.<\/p>\n<h2>Testez l&rsquo;entomophagie et commencez par le Grillon !<\/h2>\n<p>La premi\u00e8re fois, nous avons tendance \u00e0 appr\u00e9hender la premi\u00e8re bouch\u00e9e d\u2019<em>insecte comestible.<\/em><\/p>\n<p>Notre conseil est de commencer par de la <strong>farine insecte<\/strong> que l&rsquo;on peut int\u00e9grer dans la pr\u00e9paration de pain ou de biscuits.<\/p>\n<p>Pour les adeptes de la cuisine \u00e0 la maison et de la p\u00e2te fra\u00eeche, la <em>farine insecte<\/em> comestible vous offre la possibilit\u00e9 de pr\u00e9parer des p\u00e2tes \u00e0 faible teneur en <strong>gluten<\/strong>. Pour cela, il suffit de remplacer une partie plus ou moins importante de la farine de bl\u00e9 par la farine de grillons par exemple.<\/p>\n<p>En qu\u00eate d\u2019ingr\u00e9dients de qualit\u00e9 pour votre pr\u00e9paration culinaire ou p\u00e2tissi\u00e8re, allez faire un tour sur notre site next-food.net afin de commander la <strong>farine de grillons<\/strong>. Comme la r\u00e9glementation europ\u00e9enne l\u2019exige, apr\u00e8s un tri minutieux, les insectes comestibles sont bouillis, et d\u00e9shydrat\u00e9s avant le conditionnement tout autre pr\u00e9paration. Alors, faites comme les entomophages avertis en commandant vos <em>insectes comestibles<\/em> sur next-food.net.<\/p>\n","protected":false},"excerpt":{"rendered":"        <div id=\"woocommerce-multi-currency-1\"\r\n             class=\"woocommerce-multi-currency wmc-shortcode plain-horizontal layout3 \"\r\n             data-layout=\"layout3\" data-flag_size=\"0.6\">\r\n            <input type=\"hidden\" class=\"wmc-current-url\" value=\"\/fr\/wp-json\/wp\/v2\/product\/10038\">\r\n\t\t\t                <div class=\"wmc-currency wmc-active\">\r\n\t\t\t\t\t                    <a rel=\"nofollow\" title=\"European Union\" class=\"wmc-currency-redirect\"\r\n                       href=\"\/fr\/wp-json\/wp\/v2\/product\/10038?wmc-currency=EUR\" data-currency=\"EUR\">\r\n                        <i style=\"transform: scale(0.6); margin: -8px -12px\"\r\n                           class=\"vi-flag-64 flag-eu \"><\/i>\r\n                    <\/a>\r\n                <\/div>\r\n\t\t\t\t                <div class=\"wmc-currency \">\r\n\t\t\t\t\t                    <a rel=\"nofollow\" title=\"Etats-Unis (USA)\" class=\"wmc-currency-redirect\"\r\n                       href=\"\/fr\/wp-json\/wp\/v2\/product\/10038?wmc-currency=USD\" data-currency=\"USD\">\r\n                        <i style=\"transform: scale(0.6); margin: -8px -12px\"\r\n                           class=\"vi-flag-64 flag-us \"><\/i>\r\n                    <\/a>\r\n                <\/div>\r\n\t\t\t\t        <\/div>\r\n\t\t Choisir la devise<\/p>\n<p>Petit <em>Grillon, insectes Comestibles<\/em> pr\u00e9par\u00e9s en sel et vinaigre \u2013 Acheta Domesticus<br \/>\n(Le sachet de 25 gr)<\/p>\n<p>Le Must de l&rsquo;<em>insecte Apero<\/em> : L&rsquo;<em>insecte comestible<\/em> \u00ab\u00a0petits grillons au sel et vinaigre\u00a0\u00bb pr\u00e9par\u00e9s par notre Chef !<\/p>\n","protected":false},"featured_media":10039,"comment_status":"open","ping_status":"closed","template":"","meta":[],"product_brand":[],"product_cat":[369],"product_tag":[],"class_list":{"0":"post-10038","1":"product","2":"type-product","3":"status-publish","4":"has-post-thumbnail","6":"product_cat-flavoured-fr","8":"first","9":"instock","10":"shipping-taxable","11":"purchasable","12":"product-type-simple"},"_links":{"self":[{"href":"https:\/\/www.next-food.net\/fr\/wp-json\/wp\/v2\/product\/10038","targetHints":{"allow":["GET"]}}],"collection":[{"href":"https:\/\/www.next-food.net\/fr\/wp-json\/wp\/v2\/product"}],"about":[{"href":"https:\/\/www.next-food.net\/fr\/wp-json\/wp\/v2\/types\/product"}],"replies":[{"embeddable":true,"href":"https:\/\/www.next-food.net\/fr\/wp-json\/wp\/v2\/comments?post=10038"}],"wp:featuredmedia":[{"embeddable":true,"href":"https:\/\/www.next-food.net\/fr\/wp-json\/wp\/v2\/media\/10039"}],"wp:attachment":[{"href":"https:\/\/www.next-food.net\/fr\/wp-json\/wp\/v2\/media?parent=10038"}],"wp:term":[{"taxonomy":"product_brand","embeddable":true,"href":"https:\/\/www.next-food.net\/fr\/wp-json\/wp\/v2\/product_brand?post=10038"},{"taxonomy":"product_cat","embeddable":true,"href":"https:\/\/www.next-food.net\/fr\/wp-json\/wp\/v2\/product_cat?post=10038"},{"taxonomy":"product_tag","embeddable":true,"href":"https:\/\/www.next-food.net\/fr\/wp-json\/wp\/v2\/product_tag?post=10038"}],"curies":[{"name":"wp","href":"https:\/\/api.w.org\/{rel}","templated":true}]}}