{"id":10032,"date":"2016-05-23T22:52:49","date_gmt":"2016-05-23T21:52:49","guid":{"rendered":"https:\/\/www.next-food.net\/product\/grillons-tom-yum\/"},"modified":"2026-04-20T17:12:28","modified_gmt":"2026-04-20T16:12:28","slug":"grillons-tom-yum","status":"publish","type":"product","link":"https:\/\/www.next-food.net\/fr\/produit\/grillons-tom-yum\/","title":{"rendered":"Grillon (petits) | Insecte Comestible \u00ab\u00a0Tom Yum\u00a0\u00bb"},"content":{"rendered":"<h2>Grillon : Le TOP Chef des insectes comestibles !<\/h2>\n<p>Aujourd\u2019hui, les produits et les recettes d\u2019<em>insectes comestibles<\/em> se multiplient et les entomophages ont l\u2019embarras des choix. Encore une fois, Next-Food les enrichit gr\u00e2ce aux grillons Tom Yum.<\/p>\n<h3>Criquet Comestible : la recette qui ne vous laisse pas indiff\u00e9rent(e)<\/h3>\n<p>Ceux qui connaissent la Tha\u00eflande et ses saveurs reconna\u00eetront les saveurs d&rsquo;une\u00a0 soupe Tom Yum.<\/p>\n<p>La citronnelle et les feuilles de combava apportent des ar\u00f4mes rafra\u00eechissants et l\u2019acidit\u00e9 du citron rel\u00e8ve le go\u00fbt des grillons. Enfin, une petite touche de piment ouvrira s\u00fbrement votre app\u00e9tit.<\/p>\n<p>Particuli\u00e8rement recherch\u00e9s par les entomophages, les grillons comestibles se distinguent par un go\u00fbt riche et sa texture. Pour ceux qui les pr\u00e9f\u00e8rent avec les crudit\u00e9s, il faut juste pr\u00e9parer les salades avec un l\u00e9ger assaisonnement avant d\u2019y ajouter les <strong>grillons<\/strong> tom yum qui transmettront leur saveur \u00e0 la pr\u00e9paration. Excellents en <strong>insecte apero<\/strong>, ils sont disponibles en sachet de sur next-food.net. Alors, faites votre commande.<\/p>\n<h2>Insectes comestibles : \u00e0 la conqu\u00eate de l&rsquo;Ouest !<\/h2>\n<p>Les a priori sont tenaces, mais le temps change et les habitudes \u00e9voluent. Les <em>insectes comestibles<\/em> commencent \u00e0 appara\u00eetre r\u00e9guli\u00e8rement dans les assiettes de certains m\u00e9nages fran\u00e7ais. En effet, les sp\u00e9cialistes d\u00e9clinent les grillons grill\u00e9s, les <em>vers de farine<\/em>, les <em>criquets<\/em> comestibles\u2026 sous diff\u00e9rentes recettes pour s\u00e9duire m\u00eame les plus irr\u00e9ductibles amateurs de steaks de viande.<\/p>\n<p>C\u2019est tout naturellement donc que nous retrouvons les <em>insectes alimentaires<\/em> en brochette ou grill\u00e9s au milieu des ap\u00e9ritifs classiques comme les charcuteries, les fromages, les cacahu\u00e8tes\u2026 Dans certaines soir\u00e9es, les amuse-bouches habituels sont carr\u00e9ment remplac\u00e9s par des <em>insectes apero<\/em><strong>.<\/strong><\/p>\n<h2>Insecte apero ou Insecte en Salade : l\u00e9g\u00e8ret\u00e9, se faire du bien !<\/h2>\n<p>Ce choix s\u2019explique souvent par la saveur ou m\u00eame la tendance \u00e9cologique du moment. Cependant, la raison qui revient le plus souvent concerne l\u2019apport nutritif qui pr\u00e9sente une quantit\u00e9 importante de prot\u00e9ine et surtout le faible taux de mati\u00e8res grasses que contient l&rsquo;<em>insecte comestible<\/em><\/p>\n<p>Du fait de ses qualit\u00e9s nutritives, les <em>insectes comestibles<\/em> sont appropri\u00e9s pour un grignotage \u00e0 toute heure. En effet, contrairement aux aliments riches en mati\u00e8res grasses et en sucre, ils ne pr\u00e9sentent pas de risques pour majeurs comme l\u2019ob\u00e9sit\u00e9 ou le diab\u00e8te. Au contraire, on les consid\u00e8re comme light ou l\u00e9ger.<\/p>\n<p>Alors, pour une occasion sp\u00e9ciale ou pour une simple d\u00e9gustation, faites un tour sur next-food.net et commandez les insectes comestibles qui vous conviennent.<\/p>\n","protected":false},"excerpt":{"rendered":"        <div id=\"woocommerce-multi-currency-1\"\r\n             class=\"woocommerce-multi-currency wmc-shortcode plain-horizontal layout3 \"\r\n             data-layout=\"layout3\" data-flag_size=\"0.6\">\r\n            <input type=\"hidden\" class=\"wmc-current-url\" value=\"\/fr\/wp-json\/wp\/v2\/product\/10032\">\r\n\t\t\t                <div class=\"wmc-currency wmc-active\">\r\n\t\t\t\t\t                    <a rel=\"nofollow\" title=\"European Union\" class=\"wmc-currency-redirect\"\r\n                       href=\"\/fr\/wp-json\/wp\/v2\/product\/10032?wmc-currency=EUR\" data-currency=\"EUR\">\r\n                        <i style=\"transform: scale(0.6); margin: -8px -12px\"\r\n                           class=\"vi-flag-64 flag-eu \"><\/i>\r\n                    <\/a>\r\n                <\/div>\r\n\t\t\t\t                <div class=\"wmc-currency \">\r\n\t\t\t\t\t                    <a rel=\"nofollow\" title=\"Etats-Unis (USA)\" class=\"wmc-currency-redirect\"\r\n                       href=\"\/fr\/wp-json\/wp\/v2\/product\/10032?wmc-currency=USD\" data-currency=\"USD\">\r\n                        <i style=\"transform: scale(0.6); margin: -8px -12px\"\r\n                           class=\"vi-flag-64 flag-us \"><\/i>\r\n                    <\/a>\r\n                <\/div>\r\n\t\t\t\t        <\/div>\r\n\t\t Choisir la devise<\/p>\n<p>Petit\u00a0<em>Grillon, insectes Comestibles<\/em> pr\u00e9par\u00e9s en Tom Yum &#8211;\u00a0 Gryllus Bimaculatus<br \/>\n(Le sachet de 25 gr)<\/p>\n<p>Le plat tha\u00eflandais le plus connu \u00e0 travers le monde, met traditionnel du centre de la Tha\u00eflande et du Laos. Dans cette soupe claire, \u00e9pic\u00e9e et aigre-douce, on retrouve des ingr\u00e9dients comme la citronnelle, la feuille de lime, le galangal, le piment : un m\u00e9lange d\u2019\u00e9pices saines. Une recette d&rsquo;<em>insectes comestibles<\/em> pr\u00e9par\u00e9e par notre Chef, fa\u00e7on <em>entomophagie<\/em>, avec des grillons.<\/p>\n","protected":false},"featured_media":10033,"comment_status":"open","ping_status":"closed","template":"","meta":[],"product_brand":[],"product_cat":[369],"product_tag":[],"class_list":{"0":"post-10032","1":"product","2":"type-product","3":"status-publish","4":"has-post-thumbnail","6":"product_cat-flavoured-fr","8":"first","9":"instock","10":"shipping-taxable","11":"purchasable","12":"product-type-simple"},"_links":{"self":[{"href":"https:\/\/www.next-food.net\/fr\/wp-json\/wp\/v2\/product\/10032","targetHints":{"allow":["GET"]}}],"collection":[{"href":"https:\/\/www.next-food.net\/fr\/wp-json\/wp\/v2\/product"}],"about":[{"href":"https:\/\/www.next-food.net\/fr\/wp-json\/wp\/v2\/types\/product"}],"replies":[{"embeddable":true,"href":"https:\/\/www.next-food.net\/fr\/wp-json\/wp\/v2\/comments?post=10032"}],"wp:featuredmedia":[{"embeddable":true,"href":"https:\/\/www.next-food.net\/fr\/wp-json\/wp\/v2\/media\/10033"}],"wp:attachment":[{"href":"https:\/\/www.next-food.net\/fr\/wp-json\/wp\/v2\/media?parent=10032"}],"wp:term":[{"taxonomy":"product_brand","embeddable":true,"href":"https:\/\/www.next-food.net\/fr\/wp-json\/wp\/v2\/product_brand?post=10032"},{"taxonomy":"product_cat","embeddable":true,"href":"https:\/\/www.next-food.net\/fr\/wp-json\/wp\/v2\/product_cat?post=10032"},{"taxonomy":"product_tag","embeddable":true,"href":"https:\/\/www.next-food.net\/fr\/wp-json\/wp\/v2\/product_tag?post=10032"}],"curies":[{"name":"wp","href":"https:\/\/api.w.org\/{rel}","templated":true}]}}