{"id":10026,"date":"2015-12-04T13:38:27","date_gmt":"2015-12-04T12:38:27","guid":{"rendered":"https:\/\/www.next-food.net\/product\/grillons-namtok\/"},"modified":"2025-05-07T10:48:15","modified_gmt":"2025-05-07T09:48:15","slug":"grillons-namtok","status":"publish","type":"product","link":"https:\/\/www.next-food.net\/fr\/produit\/grillons-namtok\/","title":{"rendered":"Grillon (petits) | Insecte Comestible pr\u00e9par\u00e9 en \u00ab\u00a0Namtok\u00a0\u00bb"},"content":{"rendered":"<h2>Insectes \u00e0 Manger : Grillons Namtok<\/h2>\n<p>Pour le grand plaisir des adeptes de l&rsquo;<em>entomophagie<\/em> et pour inviter ceux qui n\u2019ont jamais go\u00fbt\u00e9 aux <em>insectes comestibles<\/em>, notre chef a concoct\u00e9 les grillons namtok, une recette inspir\u00e9e d\u2019un plat typiquement tha\u00eflandais.<\/p>\n<h2>Des insectes alimentaires en Aigre-Doux \u00e0 la menthe<\/h2>\n<p>Le <em>grillon<\/em> namtok se distingue par son go\u00fbt aigre-doux, par les subtiles nuances de noix qui trouvent leurs sources dans le riz toast\u00e9 qui compose la recette. En outre, la fra\u00eecheur de la menthe apporte une touche de l\u00e9g\u00e8ret\u00e9 aux <em>insectes comestibles<\/em>.<\/p>\n<p>Ils sont parfaits en <em>insecte apero<\/em> et se d\u00e9gustent comme des cacahu\u00e8tes. Les habitu\u00e9s des <em>grillons comestibles<\/em> n\u2019auront aucun mal \u00e0 les adopter. Ils constituent m\u00eame une occasion pour d\u00e9couvrir les nouvelles saveurs de la sauce namtok.<\/p>\n<p>Pour ceux qui go\u00fbtent pour la premi\u00e8re fois les <em>insectes comestibles<\/em>, ce produit est un excellent choix. L\u00e9gers et savoureux, les grillons namtok permettent de d\u00e9couvrir les insectes comestibles en douceurs. Alors, n\u2019h\u00e9sitez pas \u00e0 les commander sur next-food.net.<\/p>\n<h3>L&rsquo;entomophagie : une tendance ?<\/h3>\n<p>La consommation d\u2019<em>insectes \u00e0 manger<\/em> constitue plus qu\u2019une habitude culinaire dans les pays du Sud-est asiatique. En effet, les <em>insectes alimentaires<\/em> repr\u00e9sentent une source de prot\u00e9ines tr\u00e8s importante pour ces populations. Ce n\u2019est pas le cas les pays occidentaux o\u00f9 les grillons grill\u00e9s ou le <em>chocolat aux insectes<\/em> ne sont pas encore appr\u00e9ci\u00e9s \u00e0 leur juste valeur gustative et nutritionnelle.<\/p>\n<p>Pourtant, la mayonnaise commence \u00e0 prendre et on per\u00e7oit que la tendance <em>entomophage<\/em> progresse. En effet, en pr\u00e9sentant les insectes comestibles comme des sources de prot\u00e9ine de haute qualit\u00e9 ont incit\u00e9 les des entreprises europ\u00e9ennes \u00e0 investir dans le secteur.<\/p>\n<h2>O\u00f9 acheter des insectes comestibles<\/h2>\n<p>C\u2019est ainsi qu\u2019on retrouve des rayons insectes comestibles dans les grandes surfaces de certains pays europ\u00e9ens ou une vente d\u2019<em>insectes comestibles<\/em> en ligne. Parall\u00e8lement, certains restaurants proposent une <em>d\u00e9gustation insectes<\/em>, ce qui fait progresser le nombre d\u2019entomophages notamment en France.<\/p>\n<p>Au d\u00e9but, la plupart d\u2019entre eux ont go\u00fbt\u00e9 au d\u00e9lice de l\u2019insecte lors d\u2019un voyage en Tha\u00eflande, au Cambodge, en Malaisie, en Indon\u00e9sie, au Vietnam\u2026 Plus tard, de nouveaux entomovores convaincus par cet aliment hyperprot\u00e9in\u00e9 et tr\u00e8s pauvre en mati\u00e8res grasses grossissent le rang des habitu\u00e9s. Vous aussi, rendez-vous sur next-food.net pour commander des <em>insectes apero<\/em> !<\/p>\n","protected":false},"excerpt":{"rendered":"        <div id=\"woocommerce-multi-currency-1\"\r\n             class=\"woocommerce-multi-currency wmc-shortcode plain-horizontal layout3 \"\r\n             data-layout=\"layout3\" data-flag_size=\"0.6\">\r\n            <input type=\"hidden\" class=\"wmc-current-url\" value=\"\/fr\/wp-json\/wp\/v2\/product\/10026\">\r\n\t\t\t                <div class=\"wmc-currency wmc-active\">\r\n\t\t\t\t\t                    <a rel=\"nofollow\" title=\"European Union\" class=\"wmc-currency-redirect\"\r\n                       href=\"\/fr\/wp-json\/wp\/v2\/product\/10026?wmc-currency=EUR\" data-currency=\"EUR\">\r\n                        <i style=\"transform: scale(0.6); margin: -8px -12px\"\r\n                           class=\"vi-flag-64 flag-eu \"><\/i>\r\n                    <\/a>\r\n                <\/div>\r\n\t\t\t\t                <div class=\"wmc-currency \">\r\n\t\t\t\t\t                    <a rel=\"nofollow\" title=\"Etats-Unis (USA)\" class=\"wmc-currency-redirect\"\r\n                       href=\"\/fr\/wp-json\/wp\/v2\/product\/10026?wmc-currency=USD\" data-currency=\"USD\">\r\n                        <i style=\"transform: scale(0.6); margin: -8px -12px\"\r\n                           class=\"vi-flag-64 flag-us \"><\/i>\r\n                    <\/a>\r\n                <\/div>\r\n\t\t\t\t        <\/div>\r\n\t\t Choisir la devise<\/p>\n<p>Petit\u00a0<em>Grillon, insectes Comestibles<\/em> pr\u00e9par\u00e9s \u00e0 la fa\u00e7on \u00ab Namtok \u00bb &#8211; Gryllus Bimaculatus<br \/>\n(Le sachet de 25 gr)<\/p>\n<p>C\u2019est un plat originaire du Nord-est de la Tha\u00eflande, empli de saveurs Tha\u00efs. Un go\u00fbt aigre-doux avec des nuances de noix qui vient du riz toast\u00e9 et le go\u00fbt rafraichissant de la menthe. Namtok est litt\u00e9ralement traduit par \u2018\u2019cascade\u2019\u2019, mais en Tha\u00eflande, la signification est \u2018\u2019jus qui coule\u2019\u2019. Recette pr\u00e9par\u00e9 par notre Chef, fa\u00e7on entomophage, avec des <em>insectes alimentaires<\/em> : grillons.<\/p>\n","protected":false},"featured_media":10027,"comment_status":"open","ping_status":"closed","template":"","meta":[],"product_brand":[],"product_cat":[369],"product_tag":[],"class_list":{"0":"post-10026","1":"product","2":"type-product","3":"status-publish","4":"has-post-thumbnail","6":"product_cat-flavoured-fr","8":"first","9":"outofstock","10":"shipping-taxable","11":"purchasable","12":"product-type-simple"},"_links":{"self":[{"href":"https:\/\/www.next-food.net\/fr\/wp-json\/wp\/v2\/product\/10026","targetHints":{"allow":["GET"]}}],"collection":[{"href":"https:\/\/www.next-food.net\/fr\/wp-json\/wp\/v2\/product"}],"about":[{"href":"https:\/\/www.next-food.net\/fr\/wp-json\/wp\/v2\/types\/product"}],"replies":[{"embeddable":true,"href":"https:\/\/www.next-food.net\/fr\/wp-json\/wp\/v2\/comments?post=10026"}],"wp:featuredmedia":[{"embeddable":true,"href":"https:\/\/www.next-food.net\/fr\/wp-json\/wp\/v2\/media\/10027"}],"wp:attachment":[{"href":"https:\/\/www.next-food.net\/fr\/wp-json\/wp\/v2\/media?parent=10026"}],"wp:term":[{"taxonomy":"product_brand","embeddable":true,"href":"https:\/\/www.next-food.net\/fr\/wp-json\/wp\/v2\/product_brand?post=10026"},{"taxonomy":"product_cat","embeddable":true,"href":"https:\/\/www.next-food.net\/fr\/wp-json\/wp\/v2\/product_cat?post=10026"},{"taxonomy":"product_tag","embeddable":true,"href":"https:\/\/www.next-food.net\/fr\/wp-json\/wp\/v2\/product_tag?post=10026"}],"curies":[{"name":"wp","href":"https:\/\/api.w.org\/{rel}","templated":true}]}}