{"id":10020,"date":"2015-12-04T13:56:17","date_gmt":"2015-12-04T12:56:17","guid":{"rendered":"https:\/\/www.next-food.net\/product\/grillons-aux-algues-aonori\/"},"modified":"2025-12-15T12:51:29","modified_gmt":"2025-12-15T11:51:29","slug":"grillons-aux-algues-aonori","status":"publish","type":"product","link":"https:\/\/www.next-food.net\/fr\/produit\/grillons-aux-algues-aonori\/","title":{"rendered":"Grillon | Insecte Comestible aux \u00ab\u00a0Algues Aonori\u00a0\u00bb"},"content":{"rendered":"<h2>Grillon : Les saveurs de l&rsquo;Entomophagie !<\/h2>\n<p>Les entomophages connaissent s\u00fbrement le go\u00fbt du <em>grillon<\/em> comestibles. Cependant, pour cette fois-ci, en plus de ses saveurs, ils vous font d\u00e9couvrir celles des aonori, des algues marines riches en magn\u00e9sium, en calcium, en min\u00e9raux, en vitamines A, C, E et B, en acide amin\u00e9\u2026<\/p>\n<h2>Une recette d&rsquo;insecte \u00e0 manger \u00e0 la Japonaise<\/h2>\n<p>Tr\u00e8s pris\u00e9e par les Japonais, cette algue aromatise agr\u00e9ablement les plats. C\u2019est ainsi qu\u2019elle accompagne r\u00e9guli\u00e8rement les sushis. En plus de l&rsquo;apport <em>proteine insecte<\/em>, les grillons aux algues Aonori apportent des nutriments tr\u00e8s b\u00e9n\u00e9fiques pour la sant\u00e9. Alors, commandez d\u00e8s \u00e0 pr\u00e9sent des Grillons aux algues Aonori sur Next-food.net.<\/p>\n<p>Excellent en ap\u00e9ritif ou en en-cas, on peut le d\u00e9guster le \u00ab\u00a0<em>grillon<\/em>\u00a0\u00bb nature comme des cacahu\u00e8tes, des chips, ou des biscuits ou tremp\u00e9s dans une sauce de votre choix. En revanche, il faut faire attention \u00e0 l\u2019exc\u00e8s d\u2019\u00e9pice au risque de masquer la saveur et l\u2019arome de l\u2019algue. En brochette, ils accompagnent tr\u00e8s bien les bi\u00e8res<\/p>\n<h3>Insecte alimentaire : Une des solutions pour notre future alimentation<\/h3>\n<p>D\u2019ici 2050, la terre comptera pas moins de 9 milliards d\u2019individus, ce qui constitue un v\u00e9ritable d\u00e9fi pour l\u2019humanit\u00e9. En effet, pour satisfaire le besoin alimentaire de cette population, la production agricole doit tout simplement augmenter de 70 % selon les chiffes de la FAO. Dans cette perspective, l\u2019option <strong>insectes alimentaires<\/strong> devient une solution presque \u00e9vidente.<\/p>\n<p>En outre, en mangeant, tous les animaux convertissent les aliments en prot\u00e9ine, en mati\u00e8re grasse et autres nutriments pour grossir. Le taux de cette conversion est ph\u00e9nom\u00e9nal chez les insectes. Par exemple, pour 10 kg de nourriture permettent respectivement au porc et au poulet de gagner 3 kg et 5 kg. En ce qui concerne les <em>insectes comestibles<\/em>, il atteint les 9 kg.<\/p>\n<p>Sans aucun risque pour la sant\u00e9, les <strong>insectes comestibles<\/strong> que nous vous proposons sur next-food.net vous feront changer d\u2019avis. En effet, ces insectes comestibles sont \u00e9lev\u00e9s dans des conditions naturelles et optimales.<\/p>\n<p>Notre processus et notre s\u00e9lection intraitable d&rsquo;<em>insecte comestible<\/em> nous am\u00e8ne \u00e0 les \u00e9bouillanter puis \u00e0 les s\u00e9cher. Le tout dans une optique totalement \u00e9co-responsable.<\/p>\n<p>Aussi, nous faisons tr\u00e8s attention \u00e0 conserver les saveurs et les qualit\u00e9s nutritives de l&rsquo;<em>insecte alimentaire<\/em><\/p>\n","protected":false},"excerpt":{"rendered":"        <div id=\"woocommerce-multi-currency-1\"\r\n             class=\"woocommerce-multi-currency wmc-shortcode plain-horizontal layout3 \"\r\n             data-layout=\"layout3\" data-flag_size=\"0.6\">\r\n            <input type=\"hidden\" class=\"wmc-current-url\" value=\"\/fr\/wp-json\/wp\/v2\/product\/10020\">\r\n\t\t\t                <div class=\"wmc-currency wmc-active\">\r\n\t\t\t\t\t                    <a rel=\"nofollow\" title=\"European Union\" class=\"wmc-currency-redirect\"\r\n                       href=\"\/fr\/wp-json\/wp\/v2\/product\/10020?wmc-currency=EUR\" data-currency=\"EUR\">\r\n                        <i style=\"transform: scale(0.6); margin: -8px -12px\"\r\n                           class=\"vi-flag-64 flag-eu \"><\/i>\r\n                    <\/a>\r\n                <\/div>\r\n\t\t\t\t                <div class=\"wmc-currency \">\r\n\t\t\t\t\t                    <a rel=\"nofollow\" title=\"Etats-Unis (USA)\" class=\"wmc-currency-redirect\"\r\n                       href=\"\/fr\/wp-json\/wp\/v2\/product\/10020?wmc-currency=USD\" data-currency=\"USD\">\r\n                        <i style=\"transform: scale(0.6); margin: -8px -12px\"\r\n                           class=\"vi-flag-64 flag-us \"><\/i>\r\n                    <\/a>\r\n                <\/div>\r\n\t\t\t\t        <\/div>\r\n\t\t Choisir la devise<\/p>\n<p><em>Grillon, <a href=\"https:\/\/www.next-food.net\/fr\/produit\/tarentulas-haplopelma-albostriatum\/\">insectes Comestibles<\/a><\/em> pr\u00e9par\u00e9s aux \u00ab\u00a0Algues Aonori\u00a0\u00bb &#8211;\u00a0 Gryllus Bimaculatus<br \/>\n(Le sachet de 25 gr)<\/p>\n<p>Pour les amateurs de saveur japonaise, notre chef a pr\u00e9par\u00e9 cet <em>insecte alimentaire<\/em> avec des algues marines Aonori. Les algues marines aonori sont riches en min\u00e9raux comme le calcium, le magn\u00e9sium, le lithium, \u00e9galement en vitamines et acides amin\u00e9s : une combinaison parfaite du point de vue di\u00e9t\u00e9tique.<\/p>\n<p>L&rsquo;algue Aonori am\u00e8ne un gout \u00ab\u00a0Iod\u00e9\u00a0\u00bb au <em>Grillon<\/em><\/p>\n","protected":false},"featured_media":10021,"comment_status":"open","ping_status":"closed","template":"","meta":[],"product_brand":[],"product_cat":[369],"product_tag":[],"class_list":{"0":"post-10020","1":"product","2":"type-product","3":"status-publish","4":"has-post-thumbnail","6":"product_cat-flavoured-fr","8":"first","9":"instock","10":"shipping-taxable","11":"purchasable","12":"product-type-simple"},"_links":{"self":[{"href":"https:\/\/www.next-food.net\/fr\/wp-json\/wp\/v2\/product\/10020","targetHints":{"allow":["GET"]}}],"collection":[{"href":"https:\/\/www.next-food.net\/fr\/wp-json\/wp\/v2\/product"}],"about":[{"href":"https:\/\/www.next-food.net\/fr\/wp-json\/wp\/v2\/types\/product"}],"replies":[{"embeddable":true,"href":"https:\/\/www.next-food.net\/fr\/wp-json\/wp\/v2\/comments?post=10020"}],"wp:featuredmedia":[{"embeddable":true,"href":"https:\/\/www.next-food.net\/fr\/wp-json\/wp\/v2\/media\/10021"}],"wp:attachment":[{"href":"https:\/\/www.next-food.net\/fr\/wp-json\/wp\/v2\/media?parent=10020"}],"wp:term":[{"taxonomy":"product_brand","embeddable":true,"href":"https:\/\/www.next-food.net\/fr\/wp-json\/wp\/v2\/product_brand?post=10020"},{"taxonomy":"product_cat","embeddable":true,"href":"https:\/\/www.next-food.net\/fr\/wp-json\/wp\/v2\/product_cat?post=10020"},{"taxonomy":"product_tag","embeddable":true,"href":"https:\/\/www.next-food.net\/fr\/wp-json\/wp\/v2\/product_tag?post=10020"}],"curies":[{"name":"wp","href":"https:\/\/api.w.org\/{rel}","templated":true}]}}