{"id":10008,"date":"2015-12-04T13:00:52","date_gmt":"2015-12-04T12:00:52","guid":{"rendered":"https:\/\/www.next-food.net\/product\/grillons-au-teriyaki\/"},"modified":"2025-12-06T10:47:15","modified_gmt":"2025-12-06T09:47:15","slug":"grillons-au-teriyaki","status":"publish","type":"product","link":"https:\/\/www.next-food.net\/fr\/produit\/grillons-au-teriyaki\/","title":{"rendered":"Grillon (petits) | Insecte Comestible pr\u00e9par\u00e9 en \u00ab\u00a0Teriyaki\u00a0\u00bb"},"content":{"rendered":"<h2>Savoureux ces insectes \u00e0 manger au Teriyaki<\/h2>\n<p>Les <em>grillons comestibles<\/em> sont tr\u00e8s croustillants et ont un go\u00fbt assez proche de la noisette ou de la cacahu\u00e8te. Les adeptes de l&rsquo;<em>entomophagie<\/em> les d\u00e9gustent en fritures.<\/p>\n<h3>Insectes Comestibles : Une sauce au Sak\u00e9<\/h3>\n<p>Le Teriyaki accompagne g\u00e9n\u00e9ralement des plats japonais. Il est essentiellement compos\u00e9 de sauce soja sucr\u00e9e au mirin, une mixture jaune ambr\u00e9e contenant du sak\u00e9 avec un degr\u00e9 d\u2019alcool situ\u00e9 entre 11 et 18\u00b0. Avec des saveurs tr\u00e8s subtiles, il rel\u00e8ve agr\u00e9ablement le go\u00fbt des <em>grillons comestibles<\/em>.<\/p>\n<p>Les grillons au teriyaki se mangent tr\u00e8s bien en <em>insecte apero<\/em>. Il suffit de les pr\u00e9senter sur une tasse et laisser les convives les d\u00e9guster.<\/p>\n<p>Une autre mani\u00e8re de <em>manger des insectes<\/em>, en pr\u00e9parant votre pa\u00eblla, vous pouvez remplacer les crevettes par des insectes aromatis\u00e9s. Ceci n\u2019alt\u00e8re pas ses saveurs. Pour r\u00e9ussir ce plat, optez pour nos sachets de 25 g de grillons au teriyaki disponibles sur next-food.net, une boutique d\u2019<em>insectes comestibles<\/em> en ligne.<\/p>\n<h2>L&rsquo;Entomophagie : Une nouvelle mani\u00e8re de vivre !<\/h2>\n<p>En g\u00e9n\u00e9ral, les <em>insectes comestibles<\/em> pr\u00e9sentent des avantages. De point de vue nutritif, pour le m\u00eame poids, ils apportent plus de prot\u00e9ines que les viandes dites classiques. En plus, ces <em>insectes alimentaires<\/em> sont pauvres en mati\u00e8res grasses satur\u00e9es tout en pr\u00e9sentant d\u2019autres pr\u00e9cieux nutriments comme l\u2019om\u00e9ga 3 qui contribue au bon fonctionnement du syst\u00e8me cardiovasculaire et au renouvellement des cellules.<\/p>\n<p>En outre, l\u2019entomoculture a peu d\u2019impact environnemental, car elle rejette moins de gaz \u00e0 effet de serre par rapport \u00e0 l\u2019\u00e9levage bovin ou porcin par exemple. En plus, la production d\u2019insectes comestibles n\u00e9cessite nettement moins d\u2019espace par rapport aux \u00e9levages classiques. Alors en devenant entomophage, vous contribuez \u00e0 la protection de l\u2019environnement.<\/p>\n<h2>Insecte alimentation : Le choix de l&rsquo;\u00e9levage d&rsquo;insectes<\/h2>\n<p>Pour la consommation, les adeptes de l&rsquo;<em>entomophagie<\/em> avertis recommandent l'\u00a0\u00bb<em>insecte cuisine<\/em>\u00a0\u00bb issus d\u2019\u00e9levage qui se distinguent par leur qualit\u00e9. En revanche, bien qu\u2019il soit tr\u00e8s pratique de cuisiner les insectes qu\u2019on attrape dans le jardin, le risque sanitaire qu\u2019ils repr\u00e9sentent est \u00e9norme.<\/p>\n<p>En effet, ils peuvent contenir des r\u00e9sidus d\u2019insecticides qui pourraient nuire \u00e0 la sant\u00e9. En outre, un n\u00e9ophyte peut se tromper et consommer des insectes incomestibles. Dans ce cas, commander vos <em>grillons comestibles<\/em> sur notre site next-food.net est plus qu\u2019une garantie, c\u2019est un gage pour votre sant\u00e9.<\/p>\n","protected":false},"excerpt":{"rendered":"        <div id=\"woocommerce-multi-currency-1\"\r\n             class=\"woocommerce-multi-currency wmc-shortcode plain-horizontal layout3 \"\r\n             data-layout=\"layout3\" data-flag_size=\"0.6\">\r\n            <input type=\"hidden\" class=\"wmc-current-url\" value=\"\/fr\/wp-json\/wp\/v2\/product\/10008\">\r\n\t\t\t                <div class=\"wmc-currency wmc-active\">\r\n\t\t\t\t\t                    <a rel=\"nofollow\" title=\"European Union\" class=\"wmc-currency-redirect\"\r\n                       href=\"\/fr\/wp-json\/wp\/v2\/product\/10008?wmc-currency=EUR\" data-currency=\"EUR\">\r\n                        <i style=\"transform: scale(0.6); margin: -8px -12px\"\r\n                           class=\"vi-flag-64 flag-eu \"><\/i>\r\n                    <\/a>\r\n                <\/div>\r\n\t\t\t\t                <div class=\"wmc-currency \">\r\n\t\t\t\t\t                    <a rel=\"nofollow\" title=\"Etats-Unis (USA)\" class=\"wmc-currency-redirect\"\r\n                       href=\"\/fr\/wp-json\/wp\/v2\/product\/10008?wmc-currency=USD\" data-currency=\"USD\">\r\n                        <i style=\"transform: scale(0.6); margin: -8px -12px\"\r\n                           class=\"vi-flag-64 flag-us \"><\/i>\r\n                    <\/a>\r\n                <\/div>\r\n\t\t\t\t        <\/div>\r\n\t\t Choisir la devise<\/p>\n<p>Petit\u00a0<em>Grillon, insectes Comestibles<\/em> pr\u00e9par\u00e9s en Teriyaki \u2013 Gryllus Bimaculatus<br \/>\n(Le sachet de 25 gr)<\/p>\n<p>Le <em>grillon<\/em> au go\u00fbt sauce teriyaki. Le teriyaki est originaire du Japon. C\u2019est un m\u00e9lange de sauce de soja, de sucre, de mirin et de sake, qui apporte un subtil go\u00fbt sucr\u00e9-sal\u00e9 \u00e0 nos <em>insectes \u00e0 manger<\/em><\/p>\n","protected":false},"featured_media":10009,"comment_status":"open","ping_status":"closed","template":"","meta":[],"product_brand":[],"product_cat":[369],"product_tag":[],"class_list":{"0":"post-10008","1":"product","2":"type-product","3":"status-publish","4":"has-post-thumbnail","6":"product_cat-flavoured-fr","8":"first","9":"outofstock","10":"shipping-taxable","11":"purchasable","12":"product-type-simple"},"_links":{"self":[{"href":"https:\/\/www.next-food.net\/fr\/wp-json\/wp\/v2\/product\/10008","targetHints":{"allow":["GET"]}}],"collection":[{"href":"https:\/\/www.next-food.net\/fr\/wp-json\/wp\/v2\/product"}],"about":[{"href":"https:\/\/www.next-food.net\/fr\/wp-json\/wp\/v2\/types\/product"}],"replies":[{"embeddable":true,"href":"https:\/\/www.next-food.net\/fr\/wp-json\/wp\/v2\/comments?post=10008"}],"wp:featuredmedia":[{"embeddable":true,"href":"https:\/\/www.next-food.net\/fr\/wp-json\/wp\/v2\/media\/10009"}],"wp:attachment":[{"href":"https:\/\/www.next-food.net\/fr\/wp-json\/wp\/v2\/media?parent=10008"}],"wp:term":[{"taxonomy":"product_brand","embeddable":true,"href":"https:\/\/www.next-food.net\/fr\/wp-json\/wp\/v2\/product_brand?post=10008"},{"taxonomy":"product_cat","embeddable":true,"href":"https:\/\/www.next-food.net\/fr\/wp-json\/wp\/v2\/product_cat?post=10008"},{"taxonomy":"product_tag","embeddable":true,"href":"https:\/\/www.next-food.net\/fr\/wp-json\/wp\/v2\/product_tag?post=10008"}],"curies":[{"name":"wp","href":"https:\/\/api.w.org\/{rel}","templated":true}]}}