{"id":10002,"date":"2015-12-04T13:53:12","date_gmt":"2015-12-04T12:53:12","guid":{"rendered":"https:\/\/www.next-food.net\/product\/grillons-au-satay\/"},"modified":"2022-12-24T22:32:29","modified_gmt":"2022-12-24T21:32:29","slug":"grillons-au-satay","status":"publish","type":"product","link":"https:\/\/www.next-food.net\/fr\/produit\/grillons-au-satay\/","title":{"rendered":"Grillon  (petits) | Insecte Comestible pr\u00e9par\u00e9 au \u00a0\u00bb Satay \u00ab\u00a0"},"content":{"rendered":"<h2>Insectes Comestibles : L&rsquo;entomophagie aux saveurs d&rsquo;Asie<\/h2>\n<p>Un voyage gustatif en Orient vous tente-t-il ? Suivez-nous alors sur la route des Indes orientales et d\u00e9couvrez notre Top de l&rsquo;<em>insecte \u00e0 manger<\/em> : Le <em>grillon<\/em> au satay. Ils vous emporteront loin, tr\u00e8s loin gr\u00e2ce \u00e0 ses multiples saveurs qui se lib\u00e8rent agr\u00e9ablement en bouche.<\/p>\n<h2>Insectes Comestibles : Nature &amp; Decouverte<\/h2>\n<p>C\u2019est dans le Sud-est Asiatique que l\u2019on trouve le satay. C\u2019est un m\u00e9lange d\u2019\u00e9pices en poudre de couleur rouge que l\u2019on retrouve sp\u00e9cialement dans la cuisine indon\u00e9sienne, mais \u00e9galement la cuisine tha\u00efe, chinoise, indienne\u2026<\/p>\n<p>Il est compos\u00e9 de piment, de s\u00e9same, de curcuma, de graines de fenouil, de coriandre, d\u2019ail s\u00e9ch\u00e9, de cannelle, d\u2019arachide, d\u2019huile de soja, de badiane, de crevettes, de sel et sucre\u2026 En g\u00e9n\u00e9ral, il accompagne \u00e0 merveille les viandes, les poissons, les pommes de terre\u2026. Il sublime \u00e9galement le go\u00fbt d&rsquo;un de nos <em>insectes \u00e0 manger<\/em> \u00ab\u00a0phare\u00a0\u00bb : le <em>grillon<\/em> .<\/p>\n<p>Comme \u00e0 notre habitude, nous proposons les meilleurs <em>insectes comestibles<\/em> de notre centre d\u2019\u00e9levage \u00e9co-responsable.<\/p>\n<p>A maturit\u00e9, les insectes alimentaires de notre production artisanale sont tri\u00e9s rigoureusement, pr\u00e9par\u00e9s et fra\u00eechement envoy\u00e9s par sache de 25g.<\/p>\n<p>Rien que pour la d\u00e9couverte gustative donc, ce produit vaut doublement le d\u00e9tour. Alors, commandez d\u00e8s \u00e0 pr\u00e9sent des grillons \u00e0 manger sur next-food.net.<\/p>\n<h3>Les atouts des insectes comestibles<\/h3>\n<p>Les <em>insectes comestibles<\/em> pr\u00e9sentent de nombreux atouts pour la sant\u00e9. En premier, certains d\u2019entre eux constituent des concentr\u00e9s de prot\u00e9ines avec un teneur allant jusqu\u2019\u00e0 75 % de leur poids sec. Contrairement au poulet ou \u00e0 la viande, ils contiennent de l\u2019om\u00e9ga 3 que le corps humain n\u2019est pas en mesure de produire. En plus, ils pr\u00e9sentent des fibres et des micronutriments b\u00e9n\u00e9fiques \u00e0 la sant\u00e9.<\/p>\n<p>En outre, les <em>insectes comestibles<\/em> sont pauvres en mati\u00e8res graisses satur\u00e9es. En optant pour un <em>insecte ap\u00e9ro<\/em> donc, on peut faire le plein de prot\u00e9ines et avoir le go\u00fbt et le croquant des chips, avec le cholest\u00e9rol en moins. Sinon, on peut aussi d\u00e9guster un chocolat insecte, un vrai r\u00e9gal pour les connaisseurs.<\/p>\n<p>Pour vos ap\u00e9ritifs et autres, faites comme les \u00ab\u00a0convaincus d&rsquo;<em>entomophagie<\/em>\u00a0\u00bb avertis et commandez vos grillons comestibles sur next-food.net. Nous proposons des produits de qualit\u00e9 issus de notre site d&rsquo;\u00e9levage d&rsquo;<em>insecte \u00e0 manger<\/em> \u00e9co-responsable. Notre ferme d&rsquo;<em>elevage insecte<\/em> est intransigeante et a opt\u00e9 pour le 100 % \u00e9cologique<\/p>\n","protected":false},"excerpt":{"rendered":"        <div id=\"woocommerce-multi-currency-1\"\r\n             class=\"woocommerce-multi-currency wmc-shortcode plain-horizontal layout3 \"\r\n             data-layout=\"layout3\" data-flag_size=\"0.6\">\r\n            <input type=\"hidden\" class=\"wmc-current-url\" value=\"\/fr\/wp-json\/wp\/v2\/product\/10002\">\r\n\t\t\t                <div class=\"wmc-currency wmc-active\">\r\n\t\t\t\t\t                    <a rel=\"nofollow\" title=\"European Union\" class=\"wmc-currency-redirect\"\r\n                       href=\"\/fr\/wp-json\/wp\/v2\/product\/10002?wmc-currency=EUR\" data-currency=\"EUR\">\r\n                        <i style=\"transform: scale(0.6); margin: -8px -12px\"\r\n                           class=\"vi-flag-64 flag-eu \"><\/i>\r\n                    <\/a>\r\n                <\/div>\r\n\t\t\t\t                <div class=\"wmc-currency \">\r\n\t\t\t\t\t                    <a rel=\"nofollow\" title=\"Etats-Unis (USA)\" class=\"wmc-currency-redirect\"\r\n                       href=\"\/fr\/wp-json\/wp\/v2\/product\/10002?wmc-currency=USD\" data-currency=\"USD\">\r\n                        <i style=\"transform: scale(0.6); margin: -8px -12px\"\r\n                           class=\"vi-flag-64 flag-us \"><\/i>\r\n                    <\/a>\r\n                <\/div>\r\n\t\t\t\t        <\/div>\r\n\t\t Choisir la devise<\/p>\n<p>Petit\u00a0<em>Grillon, insectes Comestibles<\/em> pr\u00e9par\u00e9s au \u00ab\u00a0Satay\u00a0\u00bb \u2013 Gryllus Bimaculatus<br \/>\n(Le sachet de 25 gr)<\/p>\n<p>Le <em>grillon<\/em> au go\u00fbt satay. Le satay (\u00e0 base d\u2019arachides) originaire de Java est un plat national devenu tr\u00e8s populaire en Asie du sud-est. Recette issue du \u00ab kebab \u00bb indien, amen\u00e9 par les marchands musulman, il est un h\u00e9ritage du Moyen-Orient.<\/p>\n<p>Un excellent m\u00e9lange entre l&rsquo;<em>insecte Comestible<\/em> et la cacahu\u00e8te<\/p>\n","protected":false},"featured_media":10003,"comment_status":"open","ping_status":"closed","template":"","meta":[],"product_brand":[],"product_cat":[369],"product_tag":[],"class_list":{"0":"post-10002","1":"product","2":"type-product","3":"status-publish","4":"has-post-thumbnail","6":"product_cat-flavoured-fr","8":"first","9":"outofstock","10":"shipping-taxable","11":"purchasable","12":"product-type-simple"},"_links":{"self":[{"href":"https:\/\/www.next-food.net\/fr\/wp-json\/wp\/v2\/product\/10002","targetHints":{"allow":["GET"]}}],"collection":[{"href":"https:\/\/www.next-food.net\/fr\/wp-json\/wp\/v2\/product"}],"about":[{"href":"https:\/\/www.next-food.net\/fr\/wp-json\/wp\/v2\/types\/product"}],"replies":[{"embeddable":true,"href":"https:\/\/www.next-food.net\/fr\/wp-json\/wp\/v2\/comments?post=10002"}],"wp:featuredmedia":[{"embeddable":true,"href":"https:\/\/www.next-food.net\/fr\/wp-json\/wp\/v2\/media\/10003"}],"wp:attachment":[{"href":"https:\/\/www.next-food.net\/fr\/wp-json\/wp\/v2\/media?parent=10002"}],"wp:term":[{"taxonomy":"product_brand","embeddable":true,"href":"https:\/\/www.next-food.net\/fr\/wp-json\/wp\/v2\/product_brand?post=10002"},{"taxonomy":"product_cat","embeddable":true,"href":"https:\/\/www.next-food.net\/fr\/wp-json\/wp\/v2\/product_cat?post=10002"},{"taxonomy":"product_tag","embeddable":true,"href":"https:\/\/www.next-food.net\/fr\/wp-json\/wp\/v2\/product_tag?post=10002"}],"curies":[{"name":"wp","href":"https:\/\/api.w.org\/{rel}","templated":true}]}}