{"id":10469,"date":"2018-04-13T10:43:01","date_gmt":"2018-04-13T09:43:01","guid":{"rendered":"https:\/\/www.next-food.net\/?page_id=10469"},"modified":"2023-01-24T05:26:38","modified_gmt":"2023-01-24T04:26:38","slug":"livraison","status":"publish","type":"page","link":"https:\/\/www.next-food.net\/fr\/livraison\/","title":{"rendered":"Exp\u00e9dition"},"content":{"rendered":"<section class=\"fw-main-row-custom fw-main-row-top fw-section-no-padding auto fw-section-position-back tf-sh-6536f47f010cb9a8605565401d25a5eb\">\n<div class=\"fw-container\">\n<div class=\"fw-row\">\n<div id=\"column-5e88f2eb37255\" class=\"fw-col-sm-12 tf-sh-2d22911387a5951a932b5ca909d897aa\">\n<div class=\"fw-wrap-col-inner clearfix \">\n<div class=\"fw-col-inner\">\n<div class=\"fw-heading fw-heading-center tf-sh-1e713c9f4b9876960818cbefe00e30bf\">\n<h2 class=\"fw-special-title\">Next-Food insectes comestibles \u00e0 vendre &#8211; Exp\u00e9dition<\/h2>\n<\/div>\n<\/div>\n<\/div>\n<\/div>\n<\/div>\n<\/div>\n<\/section>\n<section class=\"fw-main-row-custom fw-section-no-padding auto fw-section-position-back tf-sh-addd745870bd4db88ff154c44b714d92\">\n<div class=\"fw-container\">\n<div class=\"fw-row\">\n<div id=\"column-5e88f2eb3787e\" class=\"fw-col-sm-12 tf-sh-2d22911387a5951a932b5ca909d897aa\">\n<div class=\"fw-wrap-col-inner clearfix \">\n<div class=\"fw-col-inner\">\n<div class=\"fw-text-box tf-sh-a06315d3faba5a003d42f3b7c9bebc5f \">\n<div class=\"fw-text-inner\">\n<h4>Informations g\u00e9n\u00e9rales sur l&rsquo;exp\u00e9dition<\/h4>\n<p>Les articles en stock seront exp\u00e9di\u00e9s dans un d\u00e9lai de 1 \u00e0 2 jours ouvrables. Les articles qui ne sont pas en stock sont signal\u00e9s comme tels sur le site.<\/p>\n<p>Si vous avez besoin d&rsquo;une commande programm\u00e9e avec des options sp\u00e9ciales, veuillez nous contacter par e-mail avec notre formulaire de contact.<\/p>\n<p>Toutes les commandes sont envoy\u00e9es par avion dans le monde entier (7 \u00e0 15 jours ouvrables environ). Vous pouvez choisir d&rsquo;avoir un num\u00e9ro de suivi pour un co\u00fbt suppl\u00e9mentaire de 2 euros, sinon la commande sera envoy\u00e9e sans suivi.<\/p>\n<h4>Livraisons et retours<\/h4>\n<p>Gr\u00e2ce \u00e0 son r\u00e9seau de distributeurs, Next-Food vous livre o\u00f9 que vous soyez dans un d\u00e9lai de 7 \u00e0 15 jours avec le moins de frais possible.<\/p>\n<p>Commander chez Next-Food, c&rsquo;est l&rsquo;assurance de la plus haute qualit\u00e9 aux meilleurs prix, livr\u00e9e chez vous en toute s\u00e9curit\u00e9.<\/p>\n<p>Livraison gratuite avec un panier total de produits \u00e9gal ou sup\u00e9rieur \u00e0 49$.<\/p>\n<\/div>\n<\/div>\n<\/div>\n<\/div>\n<\/div>\n<\/div>\n<\/div>\n<\/section>\n<p><!-- d4ed00a2e4db1b57dc2df4e174412179 --><\/p>\n<div class=\"row align-equal\"  id=\"row-328841567\">\n\n\t<div id=\"col-162006406\" class=\"col medium-4 small-12 large-4\"  >\n\t\t\t\t<div class=\"col-inner\"  >\n\t\t\t\n\t\t\t\n\t<div class=\"img has-hover x md-x lg-x y md-y lg-y\" id=\"image_650026998\">\n\t\t\t\t\t\t\t\t<div class=\"img-inner dark\" >\n\t\t\t<img decoding=\"async\" width=\"225\" height=\"300\" src=\"https:\/\/www.next-food.net\/wp-content\/uploads\/2018\/03\/Shipping.jpg\" class=\"attachment-large size-large\" alt=\"Insecte comestible : la magnanerie\" title=\"\">\t\t\t\t\t\t\n\t\t\t\t\t<\/div>\n\t\t\t\t\t\t\t\t\n<style>\n#image_650026998 {\n  width: 100%;\n}\n<\/style>\n\t<\/div>\n\t\n\t\t<\/div>\n\t\t\t\t\t<\/div>\n\n\t\n\n\t<div id=\"col-1891061308\" class=\"col medium-8 small-12 large-8\"  >\n\t\t\t\t<div class=\"col-inner\"  >\n\t\t\t\n\t\t\t\n<h4>Frais de douane<\/h4>\n<p>Votre commande peut faire l&rsquo;objet de frais de douane (taxes, droits, frais de traitement, frais de courtage, etc.) \u00e0 son arriv\u00e9e. Veuillez v\u00e9rifier aupr\u00e8s de la douane de votre pays si vous souhaitez avoir plus de d\u00e9tails \u00e0 ce sujet.<\/p>\n<p>Les frais d&rsquo;exp\u00e9dition que vous payez lorsque vous commandez avec Next FOOD ne comprennent pas les frais de douane, les taxes \u00e0 l&rsquo;importation, les frais de courtage ou les droits. Si vous ne payez pas les frais de douane \u00e0 l&rsquo;arriv\u00e9e de votre commande, vous ne serez pas rembours\u00e9.<\/p>\n<p>Il est possible que la livraison de votre commande soit retard\u00e9e en raison des formalit\u00e9s douani\u00e8res. Si votre commande n&rsquo;arrive pas dans un d\u00e9lai raisonnable, vous devez v\u00e9rifier aupr\u00e8s de votre bureau de douane local s&rsquo;il retient le colis pour le paiement de frais. En outre, certains bureaux de douane enverront une facture distincte pour vos frais de douane, qui pourra vous parvenir plusieurs semaines apr\u00e8s la r\u00e9ception de votre envoi.<\/p>\n<p>Veuillez vous familiariser avec les lois douani\u00e8res de votre pays avant de passer votre commande !<\/p>\n\t\t<\/div>\n\t\t\t\t\t<\/div>\n\n\t\n<\/div>\n<h4>D\u00e9douanement et autres probl\u00e8mes d&rsquo;exp\u00e9dition<\/h4>\n<p>En tant qu&rsquo;importateur, vous \u00eates seul responsable du d\u00e9douanement des marchandises et de tout probl\u00e8me pouvant r\u00e9sulter d&rsquo;une inspection, d&rsquo;une retenue ou d&rsquo;un refus. En g\u00e9n\u00e9ral, le destinataire des paquets exp\u00e9di\u00e9s est consid\u00e9r\u00e9 comme l&rsquo;importateur dans tous les cas probl\u00e9matiques.<\/p>\n<p><!-- d4ed00a2e4db1b57dc2df4e174412179 --><\/p>\n","protected":false},"excerpt":{"rendered":"<p>Next-Food insectes comestibles \u00e0 vendre &#8211; Exp\u00e9dition Informations g\u00e9n\u00e9rales sur l&rsquo;exp\u00e9dition Les articles en stock seront exp\u00e9di\u00e9s dans un d\u00e9lai de 1 \u00e0 2 jours ouvrables. Les articles qui ne sont pas en stock sont signal\u00e9s comme tels sur le site. Si vous avez besoin d&rsquo;une commande programm\u00e9e avec des options sp\u00e9ciales, veuillez nous contacter [&#8230;]\n","protected":false},"author":1519,"featured_media":0,"parent":0,"menu_order":0,"comment_status":"closed","ping_status":"closed","template":"","meta":{"footnotes":""},"class_list":["post-10469","page","type-page","status-publish","hentry"],"_links":{"self":[{"href":"https:\/\/www.next-food.net\/fr\/wp-json\/wp\/v2\/pages\/10469","targetHints":{"allow":["GET"]}}],"collection":[{"href":"https:\/\/www.next-food.net\/fr\/wp-json\/wp\/v2\/pages"}],"about":[{"href":"https:\/\/www.next-food.net\/fr\/wp-json\/wp\/v2\/types\/page"}],"author":[{"embeddable":true,"href":"https:\/\/www.next-food.net\/fr\/wp-json\/wp\/v2\/users\/1519"}],"replies":[{"embeddable":true,"href":"https:\/\/www.next-food.net\/fr\/wp-json\/wp\/v2\/comments?post=10469"}],"version-history":[{"count":1,"href":"https:\/\/www.next-food.net\/fr\/wp-json\/wp\/v2\/pages\/10469\/revisions"}],"predecessor-version":[{"id":20702,"href":"https:\/\/www.next-food.net\/fr\/wp-json\/wp\/v2\/pages\/10469\/revisions\/20702"}],"wp:attachment":[{"href":"https:\/\/www.next-food.net\/fr\/wp-json\/wp\/v2\/media?parent=10469"}],"curies":[{"name":"wp","href":"https:\/\/api.w.org\/{rel}","templated":true}]}}