{"id":10450,"date":"2018-04-13T10:05:39","date_gmt":"2018-04-13T09:05:39","guid":{"rendered":"https:\/\/www.next-food.net\/?page_id=10450"},"modified":"2020-04-04T21:46:56","modified_gmt":"2020-04-04T20:46:56","slug":"conditions-dutilisation","status":"publish","type":"page","link":"https:\/\/www.next-food.net\/fr\/conditions-dutilisation\/","title":{"rendered":"Conditions d&rsquo;utilisation"},"content":{"rendered":"<section class=\"fw-main-row-custom fw-main-row-top fw-section-no-padding  auto  fw-section-position-back tf-sh-64e0663cde6b731401d2260df445c579\">\n<div class=\"fw-container\">\n<div class=\"fw-row\">\n<div id=\"column-5e88f240267a6\" class=\"fw-col-sm-12 tf-sh-4825e700b574ed8f3f02be374c60e7dd\">\n<div class=\"fw-wrap-col-inner clearfix  \">\n<div class=\"fw-col-inner\">\n<div class=\"fw-text-box tf-sh-665715ece97479a531966ddcc251d0e8 \">\n<div class=\"fw-text-inner\">\n<h2 style=\"text-align: center\">Next-Food vente d\u2019insectes comestibles \u2013 Conditions d\u2019utilisation<\/h2>\n<h2 style=\"text-align: center\">Conditions G\u00e9n\u00e9rales de vente<\/h2>\n<h3>Article 1 : Objet<\/h3>\n<p>La pr\u00e9sente convention a pour objet de pr\u00e9voir les conditions de vente et de livraison des produits num\u00e9riques propos\u00e9s \u00e0 la vente, sur le site internet accessible sous l\u2019adresse <a href=\"https:\/\/www.next-food.net\/\">https:\/\/www.next-food.net\/<\/a><\/p>\n<p>Dans ce qui suit :<\/p>\n<p>\u00ab Produits \u00bb d\u00e9signe les produits vendus sur le site Next-Food<br \/>\u00ab Site \u00bb d\u00e9signe le site Next-Food<br \/>\u00ab L\u2019entreprise \u00bb d\u00e9signe l\u2019auteur des Produits sous le statut d\u2019auto-entrepreneur<br \/>La passation d\u2019une commande par le Client sur le Site, implique l\u2019acceptation par celui-ci, sans r\u00e9serves, des pr\u00e9sentes Conditions G\u00e9n\u00e9rales de Vente.<br \/>Les pr\u00e9sentes conditions sont modifiables \u00e0 tout moment sans pr\u00e9avis par L\u2019entreprise.<\/p>\n<h3>Article 2 : Les produits et services<\/h3>\n<p>Les produits sont prot\u00e9g\u00e9s par les lois fran\u00e7aises et internationales sur le droit d\u2019auteur.<br \/>Toute reproduction ou modification totale ou partielle de ces Produits est strictement interdite et exposerait leur d\u00e9tenteur \u00e0 des poursuites.<br \/>Chaque produit de Next-Food achet\u00e9 par le client est \u00e0 titre personnel.<br \/>Toute reproduction ou revente est strictement interdite et exposerait leur d\u00e9tenteur \u00e0 des poursuites.<br \/>Voir les conditions d\u2019inscription.<\/p>\n<h3>Article 3 : Commande<\/h3>\n<p>L\u2019 Entreprise se r\u00e9serve le droit d\u2019annuler ou de refuser toute commande d\u2019un client avec lequel il existerait un litige relatif au paiement d\u2019une commande ant\u00e9rieure. L\u2019archivage des paiements via Paypal est effectu\u00e9 sur un support fiable et durable pouvant \u00eatre produit \u00e0 titre de preuve.<br \/>Toutes les commandes sont r\u00e9alis\u00e9es exclusivement via le site Internet Next-Food.<br \/>Le paiement s\u2019effectue \u00e0 la commande.<br \/>Le client doit \u00eatre \u00e2g\u00e9 d\u2019au moins 18 ans et avoir la capacit\u00e9 juridique ou \u00eatre titulaire d\u2019une autorisation parentale pour effectuer une commande sur le Site.<br \/>Le clic sur le bouton \u00ab Commander \u00bb, sur l\u2019\u00e9cran constitue une signature \u00e9lectronique qui certifie express\u00e9ment le consentement sans r\u00e9serve du client aux pr\u00e9sentes conditions g\u00e9n\u00e9rales de vente. Le client peut abandonner sa commande jusqu\u2019\u00e0 la validation du paiement de sa commande.<\/p>\n<h3>Article 4 : Le prix<\/h3>\n<p>Le prix des produits est indiqu\u00e9 en euros toutes taxes comprises. Toutes les commandes sont factur\u00e9es en euros et payables en euros.<br \/>En raison du statut d\u2019auto-entrepreneur de L\u2019entreprise, les prix sont calcul\u00e9s sans TVA.<\/p>\n<h3>Article 5 : Paiement<\/h3>\n<p>Les commandes sont payables en euros, dollars et la plupart des devises, via notre plateforme de paiement.<br \/><a href=\"\/wp-content\/uploads\/2018\/03\/Secure-Payment.jpg\"><img decoding=\"async\" class=\"size-medium wp-image-9534 aligncenter\" src=\"https:\/\/www.next-food.net\/wp-content\/uploads\/2018\/03\/Secure-Payment-300x65.jpg\" alt=\"\" width=\"300\" height=\"65\" title=\"\" srcset=\"https:\/\/www.next-food.net\/wp-content\/uploads\/2018\/03\/Secure-Payment-300x65.jpg 300w, https:\/\/www.next-food.net\/wp-content\/uploads\/2018\/03\/Secure-Payment.jpg 427w\" sizes=\"(max-width: 300px) 100vw, 300px\" \/><\/a><\/p>\n<p>Le paiement des commandes s\u2019effectue sur le site 2CheckOut :<br \/>\u2022 soit par carte bancaire (sont accept\u00e9es la plupart des cartes bancaires : Carte Bleue, Visa, MasterCard, American Express\u2026)<br \/>\u2022 soit par Paypal si le client est d\u00e9j\u00e0 inscrit aupr\u00e8s de Paypal. Le co\u00fbt du paiement au moyen du Service Paypal est enti\u00e8rement \u00e0 la charge de Next-Food, et n\u2019implique pas pour le client l\u2019ouverture pr\u00e9alable d\u2019un compte Paypal.<br \/>2CheckOut proc\u00e8dera au d\u00e9bit de la carte bancaire du client au moment de la validation de son paiement en ligne.<br \/>2CheckOut garantit la s\u00e9curit\u00e9 et la confidentialit\u00e9 des donn\u00e9es relatives aux cartes bancaires.<br \/>2CheckOut a en effet adopt\u00e9 le proc\u00e9d\u00e9 de cryptage SSL, lequel assure la fiabilit\u00e9 des \u00e9changes et transactions en cryptant au moment de leur saisie toutes les donn\u00e9es personnelles indispensables pour traiter les commandes, telles qu\u2019adresses, email, num\u00e9ro de carte bancaire et coordonn\u00e9es bancaires.<br \/>Les coordonn\u00e9es bancaires du client sont ainsi crypt\u00e9es et transmises directement sur 2CheckOut via une connexion s\u00e9curis\u00e9e, sans transiter par le Site Next-Food.<br \/>La transaction bancaire est effectu\u00e9e au moment de la commande.<br \/>\u00c0 partir de la validation de la saisie du code de la carte bancaire ou de la validation du paiement sur 2CheckOut, la commande est confirm\u00e9e et ne peut plus \u00eatre annul\u00e9e ni rembours\u00e9e.<\/p>\n<h3>Article 6 : Programme d\u2019affiliation<\/h3>\n<p>L\u2019entreprise a mis en place un programme d\u2019affiliation pour la vente de la licence de personnalisation .<br \/>L\u2019inscription est gratuite. Les termes et conditions de ce programme sont visibles sur le Site.<br \/>Les commissions vous seront vers\u00e9es mensuellement, sans minimum, au plus tard 40 jours apr\u00e8s la vente.<br \/>Le paiement des commissions se fait uniquement par Paypal.<\/p>\n<h3>Article 7 : Droit de r\u00e9tractation<\/h3>\n<p>S\u2019agissant de produits livr\u00e9s \u00e9lectroniquement, l\u2019entreprise n\u2019offre aucun remboursement ou droit de r\u00e9tractation sur les produits pr\u00e9sent\u00e9s sur le site. L\u2019achat de ces produits est donc ferme et d\u00e9finitif.<\/p>\n<h3>Article 8 : Protection des donn\u00e9es personnelles<\/h3>\n<p>Pour s\u2019inscrire \u00e0 la newsletter du site, les informations telles que adresse email, pr\u00e9nom\u2026 sont demand\u00e9es au client. Ces informations ne sont en aucun cas divulgu\u00e9es \u00e0 des tiers.<br \/>Conform\u00e9ment \u00e0 la loi du 6 janvier 1978 relative \u00e0 l\u2019informatique, aux fichiers et aux libert\u00e9s et \u00e0 l\u2019article 43 de la loi du 30 septembre 1986 modifi\u00e9e, le Site a fait l\u2019objet d\u2019une d\u00e9claration aupr\u00e8s de la Commission nationale informatique et libert\u00e9s (CNIL) sous le N\u00b01248142.<br \/>Toute personne inscrite sur le Site dispose ainsi d\u2019un droit d\u2019acc\u00e8s et de rectification aux donn\u00e9es personnelles la concernant.<\/p>\n<h3>Article 9 : Responsabilit\u00e9s<\/h3>\n<p>Les produits propos\u00e9s sont conformes \u00e0 la l\u00e9gislation fran\u00e7aise en vigueur.<br \/>La responsabilit\u00e9 de L\u2019entreprise ne saurait \u00eatre engag\u00e9e en cas de non-respect de la l\u00e9gislation du pays.<br \/>Il appartient \u00e0 l\u2019acheteur de v\u00e9rifier aupr\u00e8s des autorit\u00e9s locales les possibilit\u00e9s d\u2019utilisation des produits command\u00e9s.<\/p>\n<h3>Article 10 : Droit applicable \u2013 Litiges<\/h3>\n<p>Les pr\u00e9sentes Conditions G\u00e9n\u00e9rales de vente sont r\u00e9gies exclusivement par les lois fran\u00e7aises ind\u00e9pendamment du lieu de r\u00e9sidence habituel de l\u2019utilisateur et m\u00eame en cas de conflit de lois.<br \/>Tout litige sera du ressort exclusif des Tribunaux.<\/p>\n<\/p><\/div>\n<\/div><\/div>\n<\/p><\/div>\n<\/div>\n<\/div><\/div>\n<\/section>\n<p><!-- f5114f2903614d398cf7a19aab47f5bb --><\/p>\n","protected":false},"excerpt":{"rendered":"<p>Next-Food vente d\u2019insectes comestibles \u2013 Conditions d\u2019utilisation Conditions G\u00e9n\u00e9rales de vente Article 1 : Objet La pr\u00e9sente convention a pour objet de pr\u00e9voir les conditions de vente et de livraison des produits num\u00e9riques propos\u00e9s \u00e0 la vente, sur le site internet accessible sous l\u2019adresse https:\/\/www.next-food.net\/ Dans ce qui suit : \u00ab Produits \u00bb d\u00e9signe les [&#8230;]\n","protected":false},"author":1527,"featured_media":0,"parent":0,"menu_order":0,"comment_status":"closed","ping_status":"closed","template":"","meta":{"footnotes":""},"class_list":["post-10450","page","type-page","status-publish","hentry"],"_links":{"self":[{"href":"https:\/\/www.next-food.net\/fr\/wp-json\/wp\/v2\/pages\/10450","targetHints":{"allow":["GET"]}}],"collection":[{"href":"https:\/\/www.next-food.net\/fr\/wp-json\/wp\/v2\/pages"}],"about":[{"href":"https:\/\/www.next-food.net\/fr\/wp-json\/wp\/v2\/types\/page"}],"author":[{"embeddable":true,"href":"https:\/\/www.next-food.net\/fr\/wp-json\/wp\/v2\/users\/1527"}],"replies":[{"embeddable":true,"href":"https:\/\/www.next-food.net\/fr\/wp-json\/wp\/v2\/comments?post=10450"}],"version-history":[{"count":0,"href":"https:\/\/www.next-food.net\/fr\/wp-json\/wp\/v2\/pages\/10450\/revisions"}],"wp:attachment":[{"href":"https:\/\/www.next-food.net\/fr\/wp-json\/wp\/v2\/media?parent=10450"}],"curies":[{"name":"wp","href":"https:\/\/api.w.org\/{rel}","templated":true}]}}