{"id":10426,"date":"2018-04-13T09:23:30","date_gmt":"2018-04-13T08:23:30","guid":{"rendered":"https:\/\/www.next-food.net\/?page_id=10426"},"modified":"2022-11-30T14:07:20","modified_gmt":"2022-11-30T13:07:20","slug":"paiement-securise","status":"publish","type":"page","link":"https:\/\/www.next-food.net\/fr\/paiement-securise\/","title":{"rendered":"Paiement s\u00e9curis\u00e9"},"content":{"rendered":"\n\t<section class=\"section\" id=\"section_948629001\">\n\t\t<div class=\"section-bg fill\" >\n\t\t\t\t\t\t\t\t\t\n\t\t\t\n\n\t\t<\/div>\n\n\t\t\n\n\t\t<div class=\"section-content relative\">\n\t\t\t\n<div class=\"row\"  id=\"row-204095586\">\n\n\t<div id=\"col-1336128239\" class=\"col small-12 large-12\"  >\n\t\t\t\t<div class=\"col-inner text-center\"  >\n\t\t\t\n\t\t\t\n\t<div id=\"text-1979652846\" class=\"text\">\n\t\t\n<h3>2Checkout r\u00e9pond au plus haut niveau de conformit\u00e9 PCI<\/h3>\n\t\t\n<style>\n#text-1979652846 {\n  font-size: 1.5rem;\n  line-height: 1.9;\n  text-align: center;\n}\n<\/style>\n\t<\/div>\n\t\n\t<div id=\"text-2268310829\" class=\"text\">\n\t\t\n<p>La norme de s\u00e9curit\u00e9 des donn\u00e9es de l&rsquo;industrie des cartes de paiement a \u00e9t\u00e9 \u00e9labor\u00e9e pour prot\u00e9ger les consommateurs et leurs donn\u00e9es, quel que soit l&rsquo;endroit o\u00f9 ils font leurs achats ou le canal qu&rsquo;ils utilisent. Les commer\u00e7ants en ligne peu scrupuleux peuvent ruiner la confiance dont un consommateur a besoin pour se sentir \u00e0 l&rsquo;aise et confiant en achetant en ligne.\n<\/p>\n\t\t\n<style>\n#text-2268310829 {\n  text-align: left;\n}\n<\/style>\n\t<\/div>\n\t\n\t\t<\/div>\n\t\t\t\t\n<style>\n#col-1336128239 > .col-inner {\n  padding: 15px 0px 0px 0px;\n}\n<\/style>\n\t<\/div>\n\n\t\n<\/div>\n<div class=\"row align-middle\"  id=\"row-624807443\">\n\n\t<div id=\"col-1898162514\" class=\"col medium-8 small-12 large-8\"  >\n\t\t\t\t<div class=\"col-inner\"  >\n\t\t\t\n\t\t\t\n<p><strong>2Checkout est certifi\u00e9 PCI niveau 1<\/strong> &#8211; le plus haut niveau de certification possible. Nos centres de donn\u00e9es redondants stockent et cryptent des millions de comptes de cartes de cr\u00e9dit afin que vous puissiez vous concentrer sur votre activit\u00e9 et non sur la s\u00e9curit\u00e9 des cartes de cr\u00e9dit.<\/p>\n\t\t<\/div>\n\t\t\t\t\t<\/div>\n\n\t\n\n\t<div id=\"col-1993652261\" class=\"col medium-4 small-12 large-4\"  >\n\t\t\t\t<div class=\"col-inner\"  >\n\t\t\t\n\t\t\t\n\t<div class=\"img has-hover x md-x lg-x y md-y lg-y\" id=\"image_2136839392\">\n\t\t\t\t\t\t\t\t<div class=\"img-inner dark\" >\n\t\t\t<img decoding=\"async\" width=\"229\" height=\"300\" src=\"https:\/\/www.next-food.net\/wp-content\/uploads\/2018\/03\/Secure-Payment2.jpg\" class=\"attachment-original size-original\" alt=\"Insecte comestible : ver \u00e0 soie\" title=\"\">\t\t\t\t\t\t\n\t\t\t\t\t<\/div>\n\t\t\t\t\t\t\t\t\n<style>\n#image_2136839392 {\n  width: 70%;\n}\n<\/style>\n\t<\/div>\n\t\n\t\t<\/div>\n\t\t\t\t\t<\/div>\n\n\t\n<\/div>\n<div class=\"row\"  id=\"row-1402624351\">\n\n\t<div id=\"col-1041007946\" class=\"col small-12 large-12\"  >\n\t\t\t\t<div class=\"col-inner text-center\"  >\n\t\t\t\n\t\t\t\n\t<div id=\"text-2375955957\" class=\"text\">\n\t\t\n<h3>Protection contre la fraude pour votre entreprise<\/h3>\n\t\t\n<style>\n#text-2375955957 {\n  font-size: 1.5rem;\n  line-height: 1.9;\n  text-align: center;\n}\n<\/style>\n\t<\/div>\n\t\n\t<div id=\"text-2307515547\" class=\"text\">\n\t\t\n<p>Checkout s&rsquo;engage \u00e0 vous prot\u00e9ger, ainsi que votre entreprise et vos clients, contre les activit\u00e9s frauduleuses. Nous proposons une <strong>strat\u00e9gie de d\u00e9fense \u00e0 trois niveaux pour identifier les activit\u00e9s frauduleuses<\/strong> et emp\u00eacher la fraude d&rsquo;avoir un impact sur vos op\u00e9rations. Notre approche est rigoureuse et directe.<\/p>\n<p>Nous utilisons des algorithmes statistiques et des techniques de collecte de donn\u00e9es pour \u00e9valuer <strong>plus de 300 variables en moins de 3 secondes afin d&rsquo;identifier les marqueurs de fraude.<\/strong> Nos algorithmes sont exclusifs \u00e0 notre entreprise et personnalis\u00e9s en fonction des diff\u00e9rents secteurs et zones g\u00e9ographiques.<\/p>\n\t\t\n<style>\n#text-2307515547 {\n  text-align: left;\n}\n<\/style>\n\t<\/div>\n\t\n\t<div class=\"img has-hover x md-x lg-x y md-y lg-y\" id=\"image_452960058\">\n\t\t\t\t\t\t\t\t<div class=\"img-inner dark\" >\n\t\t\t<img decoding=\"async\" width=\"427\" height=\"92\" src=\"https:\/\/www.next-food.net\/wp-content\/uploads\/2018\/03\/Secure-Payment.jpg\" class=\"attachment-original size-original\" alt=\"Insecte comestible : ver a soie\" srcset=\"https:\/\/www.next-food.net\/wp-content\/uploads\/2018\/03\/Secure-Payment.jpg 427w, https:\/\/www.next-food.net\/wp-content\/uploads\/2018\/03\/Secure-Payment-300x65.jpg 300w\" sizes=\"(max-width: 427px) 100vw, 427px\" title=\"\">\t\t\t\t\t\t\n\t\t\t\t\t<\/div>\n\t\t\t\t\t\t\t\t\n<style>\n#image_452960058 {\n  width: 57%;\n}\n<\/style>\n\t<\/div>\n\t\n\t\t<\/div>\n\t\t\t\t\t<\/div>\n\n\t\n<\/div>\n\t\t<\/div>\n\n\t\t\n<style>\n#section_948629001 {\n  padding-top: 15px;\n  padding-bottom: 15px;\n}\n<\/style>\n\t<\/section>\n\t\n","protected":false},"excerpt":{"rendered":"","protected":false},"author":1519,"featured_media":0,"parent":0,"menu_order":0,"comment_status":"closed","ping_status":"closed","template":"","meta":{"footnotes":""},"class_list":["post-10426","page","type-page","status-publish","hentry"],"_links":{"self":[{"href":"https:\/\/www.next-food.net\/fr\/wp-json\/wp\/v2\/pages\/10426","targetHints":{"allow":["GET"]}}],"collection":[{"href":"https:\/\/www.next-food.net\/fr\/wp-json\/wp\/v2\/pages"}],"about":[{"href":"https:\/\/www.next-food.net\/fr\/wp-json\/wp\/v2\/types\/page"}],"author":[{"embeddable":true,"href":"https:\/\/www.next-food.net\/fr\/wp-json\/wp\/v2\/users\/1519"}],"replies":[{"embeddable":true,"href":"https:\/\/www.next-food.net\/fr\/wp-json\/wp\/v2\/comments?post=10426"}],"version-history":[{"count":0,"href":"https:\/\/www.next-food.net\/fr\/wp-json\/wp\/v2\/pages\/10426\/revisions"}],"wp:attachment":[{"href":"https:\/\/www.next-food.net\/fr\/wp-json\/wp\/v2\/media?parent=10426"}],"curies":[{"name":"wp","href":"https:\/\/api.w.org\/{rel}","templated":true}]}}