{"id":10399,"date":"2018-03-22T12:07:24","date_gmt":"2018-03-22T11:07:24","guid":{"rendered":"https:\/\/www.next-food.net\/?page_id=10399"},"modified":"2023-10-01T23:19:59","modified_gmt":"2023-10-01T22:19:59","slug":"a-propos","status":"publish","type":"page","link":"https:\/\/www.next-food.net\/fr\/a-propos\/","title":{"rendered":"A propos de nous"},"content":{"rendered":"\n\t<section class=\"section\" id=\"section_828445913\">\n\t\t<div class=\"section-bg fill\" >\n\t\t\t\t\t\t\t\t\t\n\t\t\t\n\n\t\t<\/div>\n\n\t\t\n\n\t\t<div class=\"section-content relative\">\n\t\t\t\n<div class=\"row\"  id=\"row-2033403929\">\n\n\t<div id=\"col-1723203155\" class=\"col small-12 large-12\"  >\n\t\t\t\t<div class=\"col-inner text-center\"  >\n\t\t\t\n\t\t\t\n\t<div id=\"text-2616812006\" class=\"text\">\n\t\t\n<h2>\u00c0 propos de Next-Food<\/h2>\n\t\t\n<style>\n#text-2616812006 {\n  font-size: 1.5rem;\n  line-height: 1.9;\n  text-align: center;\n}\n<\/style>\n\t<\/div>\n\t\n\t<div id=\"text-2066587315\" class=\"text\">\n\t\t\n<p>Next-Food est le num\u00e9ro 1 de la production et de la distribution internationale d&rsquo;insectes comestibles ! Depuis 2013, nous avons d\u00e9velopp\u00e9 des techniques de culture entomo et des coop\u00e9ratives d&rsquo;\u00e9conomie durable pour vous offrir le meilleur des insectes comestibles. Dans le cadre d&rsquo;une culture \u00e9co-responsable, nous avons d\u00e9velopp\u00e9 notre ferme avec des normes \u00e9lev\u00e9es pour assurer la tra\u00e7abilit\u00e9.<\/p>\n\t\t\n<style>\n#text-2066587315 {\n  text-align: left;\n}\n<\/style>\n\t<\/div>\n\t\n\t<div id=\"text-3467318808\" class=\"text\">\n\t\t\n<p>Notre processus de culture et de s\u00e9chage est respectueux de l&rsquo;environnement, n&rsquo;utilise aucun produit chimique et est r\u00e9alis\u00e9 selon des processus stricts et de multiples contr\u00f4les de qualit\u00e9. Notre ferme en Tha\u00eflande utilise de l&rsquo;\u00e9lectricit\u00e9 gratuite pour \u00e9lever les grillons, ce qui est tr\u00e8s respectueux de l&rsquo;environnement. Aucun contr\u00f4le climatique n&rsquo;est n\u00e9cessaire en raison de l&rsquo;humidit\u00e9 et les insectes sont s\u00e9ch\u00e9s \u00e0 l&rsquo;aide d&rsquo;un d\u00e9shydrateur sans \u00e9nergie. Les insectes sont d\u00e9shydrat\u00e9s mais peuvent \u00eatre r\u00e9hydrat\u00e9s en les pla\u00e7ant dans de l&rsquo;eau bouillante pendant 10 \u00e0 15 minutes. Le fait d&rsquo;avoir une ferme durable garantit la meilleure qualit\u00e9 d&rsquo;insectes comestibles.<\/p>\n<p>Nous sommes connus dans le monde entier pour nos insectes comestibles de haute qualit\u00e9 et notre large gamme de produits pr\u00eats \u00e0 consommer est emball\u00e9e et pr\u00eate \u00e0 l&rsquo;exportation. Nos clients r\u00e9guliers sont situ\u00e9s en Europe, aux \u00c9tats-Unis et en Australasie.<\/p>\n\t\t\n<style>\n#text-3467318808 {\n  text-align: left;\n}\n<\/style>\n\t<\/div>\n\t\n\t\t<\/div>\n\t\t\t\t\n<style>\n#col-1723203155 > .col-inner {\n  padding: 15px 0px 0px 0px;\n}\n<\/style>\n\t<\/div>\n\n\t\n<\/div>\n<div class=\"row align-middle\"  id=\"row-1226876378\">\n\n\t<div id=\"col-1572684514\" class=\"col medium-8 small-12 large-8\"  >\n\t\t\t\t<div class=\"col-inner\"  >\n\t\t\t\n\t\t\t\n\t<div id=\"text-3590374117\" class=\"text\">\n\t\t\n\t\t\n<style>\n#text-3590374117 {\n  font-size: 1.5rem;\n  line-height: 1.9;\n  text-align: left;\n}\n<\/style>\n\t<\/div>\n\t\n<p>Apr\u00e8s avoir termin\u00e9 mes \u00e9tudes en aquaculture, je me suis int\u00e9ress\u00e9 \u00e0 l&rsquo;\u00e9levage d&rsquo;insectes apr\u00e8s un voyage en Tha\u00eflande. Au d\u00e9part, j&rsquo;ai pens\u00e9 d\u00e9velopper une alimentation \u00e0 base de poisson et d&rsquo;insectes pour r\u00e9duire l&rsquo;impact de la consommation de prot\u00e9ines animales. Apr\u00e8s avoir approfondi mes recherches sur des documents de la FAO, j&rsquo;ai r\u00e9alis\u00e9 qu&rsquo;il y avait peut-\u00eatre un avenir dans la consommation d&rsquo;insectes comestibles par l&rsquo;homme. J&rsquo;ai donc d\u00e9cid\u00e9 de mettre de c\u00f4t\u00e9 le projet d&rsquo;aquaculture et j&rsquo;ai commenc\u00e9 le projet d&rsquo;entomophagie.<\/p>\n<p>Apr\u00e8s 1 an de recherche pour installer une \u00e9co-ferme et d\u00e9velopper des techniques d&rsquo;\u00e9levage et de conditionnement des produits, j&rsquo;ai commenc\u00e9 la vente en gros en Europe.<\/p>\n<p>Dipl\u00f4m\u00e9 en gestion d&rsquo;\u00e9closerie en Australie, j&rsquo;ai \u00e9t\u00e9 form\u00e9 \u00e0 l&rsquo;\u00e9conomie durable et \u00e0 la protection de l&rsquo;environnement. C&rsquo;est pourquoi j&rsquo;ai choisi la Tha\u00eflande pour notre ferme, o\u00f9 la temp\u00e9rature est stable dans les 30\u00b0C, et il n&rsquo;y a pas besoin de contr\u00f4le de temp\u00e9rature. Les grillons y sont \u00e9lev\u00e9s en plein air et ne n\u00e9cessitent aucune \u00e9nergie. Pour la d\u00e9shydratation des produits, apr\u00e8s avoir fait plus de recherches sur les installations disponibles, j&rsquo;ai d\u00e9cid\u00e9 de me concentrer sur une \u00e9nergie 100% naturelle. Contrairement \u00e0 la lyophilisation qui consomme 2 kWh\/kg ou au d\u00e9shydrateur \u00e9lectrique.<\/p>\n\t\t<\/div>\n\t\t\t\t\t<\/div>\n\n\t\n\n\t<div id=\"col-5445350\" class=\"col medium-4 small-12 large-4\"  >\n\t\t\t\t<div class=\"col-inner\"  >\n\t\t\t\n\t\t\t\n<div class=\"uxb-no-content uxb-image\">Upload Image...<\/div>\n\t\t<\/div>\n\t\t\t\t\t<\/div>\n\n\t\n<\/div>\n<div class=\"row\"  id=\"row-342540368\">\n\n\t<div id=\"col-1703272728\" class=\"col small-12 large-12\"  >\n\t\t\t\t<div class=\"col-inner\"  >\n\t\t\t\n\t\t\t\n\t<div id=\"text-4218132789\" class=\"text\">\n\t\t\n<h2>Pourquoi manger des insectes ?<\/h2>\n\t\t\n<style>\n#text-4218132789 {\n  font-size: 1.5rem;\n  line-height: 1.9;\n  text-align: center;\n}\n<\/style>\n\t<\/div>\n\t\n\t<div id=\"text-2805129944\" class=\"text\">\n\t\t\n<p>La consommation d&rsquo;insectes remonte \u00e0 la nuit des temps mais elle est aussi tr\u00e8s contemporaine&#8230; L&rsquo;entomophagie, ou consommation d&rsquo;insectes, fait partie des traditions de nombreuses civilisations, mais aujourd&rsquo;hui, quelque 2,5 milliards de personnes dans le monde consomment quotidiennement des insectes. 1 400 esp\u00e8ces d&rsquo;insectes et de vers sont consomm\u00e9es par les humains dans pr\u00e8s de 90 pays sur diff\u00e9rents continents.<\/p>\n<p>Plusieurs \u00e9tudes r\u00e9centes ont encourag\u00e9 les recherches sur la consommation d&rsquo;insectes, dont la FAO, qui a pour objectif de lutter contre la malnutrition gr\u00e2ce aux apports des insectes.<\/p>\n<p>Insectes comestibles-1-5On estime que les insectes font partie des repas traditionnels d&rsquo;au moins 2 milliards de personnes. Plus de 1 900 esp\u00e8ces sont r\u00e9f\u00e9renc\u00e9es comme alimentation humaine. Les insectes fournissent de nombreux services \u00e9cologiques essentiels \u00e0 la survie de l&rsquo;humanit\u00e9.<\/p>\n<p>Les insectes comestibles jouent \u00e9galement un r\u00f4le important dans la reproduction des plantes par la pollinisation, am\u00e9liorent la fertilit\u00e9 des sols par la bioconversion des d\u00e9chets, luttent contre les parasites gr\u00e2ce \u00e0 la lutte biologique naturelle et fournissent une grande vari\u00e9t\u00e9 de produits tels que le miel, la soie et la valeur m\u00e9dicinale.<\/p>\n<p>Les insectes les plus consomm\u00e9s dans le monde sont les col\u00e9opt\u00e8res (31%), les chenilles (18%), les abeilles, les gu\u00eapes et les fourmis (14%). Viennent ensuite les sauterelles, criquets et grillons (13%), les cigales, cicadelles, cochenilles et punaises (10%), les termites (3%), les libellules (3%), les mouches (2%) et les insectes appartenant \u00e0 d&rsquo;autres niveaux (5%). Nous proposons une large gamme d&rsquo;insectes comestibles, pr\u00eats \u00e0 \u00eatre d\u00e9gust\u00e9s, \u00e9labor\u00e9s selon un processus strict et de multiples contr\u00f4les de qualit\u00e9. Tous nos produits sont emball\u00e9s, pr\u00eats pour l&rsquo;exportation et l&rsquo;importation, en Europe, aux \u00c9tats-Unis, en Australie et en Asie. N&rsquo;h\u00e9sitez pas \u00e0 devenir distributeur de nos produits.<\/p>\n\t\t\n<style>\n#text-2805129944 {\n  text-align: left;\n}\n<\/style>\n\t<\/div>\n\t\n<div class=\"row\"  id=\"row-49471900\">\n\n\t<div id=\"col-84276215\" class=\"col small-12 large-12\"  >\n\t\t\t\t<div class=\"col-inner\"  >\n\t\t\t\n\t\t\t\n\t\t<\/div>\n\t\t\t\t\t<\/div>\n\n\t\n<\/div>\n\t<div id=\"text-505129924\" class=\"text\">\n\t\t\n<p>Selon la FAO (Organisation des Nations unies pour l&rsquo;alimentation et l&rsquo;agriculture), nous serons 9 \u00e0 10 milliards sur Terre en 2050. Notre syst\u00e8me actuel ne pourra plus r\u00e9pondre \u00e0 nos besoins nutritionnels. C&rsquo;est l\u00e0 que l&rsquo;entomophagie peut \u00eatre retenue comme solution.<\/p>\n\t\t\n<style>\n#text-505129924 {\n  text-align: left;\n}\n<\/style>\n\t<\/div>\n\t\n\t\t<\/div>\n\t\t\t\t\t<\/div>\n\n\t\n<\/div>\n<div class=\"row\"  id=\"row-183529605\">\n\n\t<div id=\"col-1382393092\" class=\"col small-12 large-12\"  >\n\t\t\t\t<div class=\"col-inner\"  >\n\t\t\t\n\t\t\t\n\t<div id=\"text-3354914859\" class=\"text\">\n\t\t\n<h3>Avantages pour la sant\u00e9<\/h3>\n<ul>\n<li>Les insectes constituent une alternative alimentaire saine.<\/li>\n<li>De nombreux insectes sont riches en prot\u00e9ines et en bonnes graisses, et pr\u00e9sentent des taux \u00e9lev\u00e9s de calcium, de fer et de zinc.<\/li>\n<\/ul>\n<p>Les insectes font d\u00e9j\u00e0 traditionnellement partie de nombreux menus nationaux ou r\u00e9gionaux. Dans certains pays, les insectes sont consid\u00e9r\u00e9s comme un plat de choix o\u00f9 ils sont plus chers que la viande.<\/p>\n<h3>Avantage pour l&rsquo;environnement<\/h3>\n<ul>\n<li>Les bioproduits issus de l&rsquo;alimentation des insectes \u00e9mettent beaucoup moins de gaz \u00e0 effet de serre que la plupart des animaux d&rsquo;\u00e9levage (le m\u00e9thane, par exemple, n&rsquo;est produit que par un petit nombre de groupes d&rsquo;insectes).<\/li>\n<li>L&rsquo;\u00e9levage d&rsquo;insectes n&rsquo;est pas n\u00e9cessairement li\u00e9 \u00e0 la terre et l&rsquo;augmentation de la production ne n\u00e9cessite pas plus de terres, alors que la production d&rsquo;aliments pour animaux n\u00e9cessite plus de terres.<\/li>\n<li>Les \u00e9missions d&rsquo;ammoniac li\u00e9es \u00e0 l&rsquo;\u00e9levage d&rsquo;insectes sont beaucoup plus faibles que celles caus\u00e9es par le b\u00e9tail conventionnel, y compris les porcs.<\/li>\n<li>Parce qu&rsquo;ils ont le sang froid, les insectes transforment tr\u00e8s efficacement leurs aliments prot\u00e9in\u00e9s (les grillons, par exemple, ont besoin de 12 fois moins d&rsquo;aliments que les bovins, de 4 fois moins que les moutons et de la moiti\u00e9 de ceux dont ont besoin les porcs et les poulets de chair pour produire la m\u00eame quantit\u00e9 de prot\u00e9ines).<\/li>\n<\/ul>\n<p>Next food propose une large gamme d&rsquo;insectes comestibles, pr\u00eats \u00e0 \u00eatre d\u00e9gust\u00e9s, d\u00e9velopp\u00e9s selon un processus strict, pr\u00eats \u00e0 \u00eatre export\u00e9s et import\u00e9s.<\/p>\n\t\t\n<style>\n#text-3354914859 {\n  text-align: left;\n}\n<\/style>\n\t<\/div>\n\t\n\t\t<\/div>\n\t\t\t\t\t<\/div>\n\n\t\n<\/div>\n\t<div id=\"text-1344006241\" class=\"text\">\n\t\t\n<h2>Achetez vos insectes en toute s\u00e9curit\u00e9<\/h2>\n\t\t\n<style>\n#text-1344006241 {\n  font-size: 1.5rem;\n  line-height: 1.9;\n  text-align: center;\n}\n<\/style>\n\t<\/div>\n\t\n\t<div id=\"text-3293534465\" class=\"text\">\n\t\t\n<p>Chez Next-Food, nous apportons un soin particulier \u00e0 la production de nos insectes comestibles. Nous sommes install\u00e9s en Tha\u00eflande pour la production de nos produits ainsi que pour leur traitement et leur conditionnement et sommes contr\u00f4l\u00e9s par des laboratoires europ\u00e9ens. Nous inspectons rigoureusement les fermes de nos partenaires qui sont soumises \u00e0 un ensemble de normes strictes afin de garantir une fra\u00eecheur et une tra\u00e7abilit\u00e9 sans faille. Next food est la solution pour les professionnels et les particuliers qui ont le go\u00fbt de l&rsquo;aventure.<\/p>\n\t\t\n<style>\n#text-3293534465 {\n  text-align: left;\n}\n<\/style>\n\t<\/div>\n\t\n\t<div class=\"img has-hover x md-x lg-x y md-y lg-y\" id=\"image_1718178579\">\n\t\t\t\t\t\t\t\t<div class=\"img-inner dark\" style=\"margin:0px 0px 15px 0px;\">\n\t\t\t<img decoding=\"async\" width=\"1020\" height=\"347\" src=\"https:\/\/www.next-food.net\/wp-content\/uploads\/2018\/03\/Farm-1024x348.jpg\" class=\"attachment-large size-large\" alt=\"ferme des insectes comestibles\" srcset=\"https:\/\/www.next-food.net\/wp-content\/uploads\/2018\/03\/Farm-1024x348.jpg 1024w, https:\/\/www.next-food.net\/wp-content\/uploads\/2018\/03\/Farm-300x102.jpg 300w, https:\/\/www.next-food.net\/wp-content\/uploads\/2018\/03\/Farm-768x261.jpg 768w, https:\/\/www.next-food.net\/wp-content\/uploads\/2018\/03\/Farm-600x204.jpg 600w\" sizes=\"(max-width: 1020px) 100vw, 1020px\" title=\"\">\t\t\t\t\t\t\n\t\t\t\t\t<\/div>\n\t\t\t\t\t\t\t\t\n<style>\n#image_1718178579 {\n  width: 100%;\n}\n<\/style>\n\t<\/div>\n\t\n\t<div id=\"text-2465378193\" class=\"text\">\n\t\t\n<p>Depuis 2013, nous avons d\u00e9velopp\u00e9 des techniques de culture entomo et des coop\u00e9ratives d&rsquo;\u00e9conomie durable pour vous offrir le meilleur des insectes comestibles. Sur un mode \u00e9co de culture responsable, nous avons d\u00e9velopp\u00e9 notre exploitation avec rigueur pour assurer la tra\u00e7abilit\u00e9 sur tous nos produits, mais aussi le respect du d\u00e9veloppement \u00e9conomique pour nos partenaires avec une attention particuli\u00e8re sur l&rsquo;impact environnemental de nos productions.<\/p>\n\t\t\n<style>\n#text-2465378193 {\n  text-align: left;\n}\n<\/style>\n\t<\/div>\n\t\n\t<div class=\"img has-hover x md-x lg-x y md-y lg-y\" id=\"image_1574151166\">\n\t\t\t\t\t\t\t\t<div class=\"img-inner dark\" style=\"margin:0px 0px 15px 0px;\">\n\t\t\t<img decoding=\"async\" width=\"800\" height=\"448\" src=\"https:\/\/www.next-food.net\/wp-content\/uploads\/2018\/03\/Factory.jpg\" class=\"attachment-large size-large\" alt=\"Insectes \u00e0 manger : Criquet\" srcset=\"https:\/\/www.next-food.net\/wp-content\/uploads\/2018\/03\/Factory.jpg 800w, https:\/\/www.next-food.net\/wp-content\/uploads\/2018\/03\/Factory-300x168.jpg 300w, https:\/\/www.next-food.net\/wp-content\/uploads\/2018\/03\/Factory-768x430.jpg 768w, https:\/\/www.next-food.net\/wp-content\/uploads\/2018\/03\/Factory-295x166.jpg 295w, https:\/\/www.next-food.net\/wp-content\/uploads\/2018\/03\/Factory-600x336.jpg 600w\" sizes=\"(max-width: 800px) 100vw, 800px\" title=\"\">\t\t\t\t\t\t\n\t\t\t\t\t<\/div>\n\t\t\t\t\t\t\t\t\n<style>\n#image_1574151166 {\n  width: 100%;\n}\n<\/style>\n\t<\/div>\n\t\n\t<div id=\"text-2342995454\" class=\"text\">\n\t\t\n<h2>Un autre impact pour notre plan\u00e8te<\/h2>\n\t\t\n<style>\n#text-2342995454 {\n  font-size: 1.5rem;\n  line-height: 1.9;\n  text-align: center;\n}\n<\/style>\n\t<\/div>\n\t\n\t<div id=\"text-3995636634\" class=\"text\">\n\t\t\n<p>La consommation d&rsquo;insectes comestibles permet de r\u00e9duire les \u00e9missions de CO2 dans l&rsquo;atmosph\u00e8re. En comparaison, la production de grillons domestiques rejette 78 fois moins de CO2 que la production de viande bovine. L&rsquo;\u00e9levage d&rsquo;insectes n\u00e9cessite beaucoup moins de surface agraire que les exploitations dites conventionnelles.<\/p>\n<p>Cette \u00e9conomie importante \u00e0 la surface de la culture peut \u00e9galement minimiser l&rsquo;impact de la d\u00e9forestation. Les insectes sont beaucoup moins gourmands en eau et en nourriture, du fait de leur m\u00e9tabolisme \u00e0 sang froid, en fait beaucoup d&rsquo;animaux ont besoin de produire de la chaleur pour survivre et consomment donc une partie de la nourriture qui leur est donn\u00e9e, par exemple vous pouvez produire jusqu&rsquo;\u00e0 9 kilos d&rsquo;insectes avec 10 kilos de nourriture alors que l&rsquo;on obtiendrait seulement 1 kilo de b\u0153uf et 3 kilos de porc.<\/p>\n\t\t\n<style>\n#text-3995636634 {\n  text-align: left;\n}\n<\/style>\n\t<\/div>\n\t\n<div class=\"row row-small\"  id=\"row-2059535030\">\n\n\t<div id=\"col-422075024\" class=\"col medium-8 small-12 large-8\"  >\n\t\t\t\t<div class=\"col-inner\"  >\n\t\t\t\n\t\t\t\n\t<div class=\"img has-hover x md-x lg-x y md-y lg-y\" id=\"image_332189146\">\n\t\t\t\t\t\t\t\t<div class=\"img-inner image-cover dark\" style=\"padding-top:300px;\">\n\t\t\t<img decoding=\"async\" width=\"850\" height=\"478\" src=\"https:\/\/www.next-food.net\/wp-content\/uploads\/2015\/01\/silk-worm-3.jpg\" class=\"attachment-large size-large\" alt=\"Vers \u00e0 soie | Insectes comestibles &quot;Bombyx Mori pupae&quot;\" srcset=\"https:\/\/www.next-food.net\/wp-content\/uploads\/2015\/01\/silk-worm-3.jpg 850w, https:\/\/www.next-food.net\/wp-content\/uploads\/2015\/01\/silk-worm-3-300x169.jpg 300w, https:\/\/www.next-food.net\/wp-content\/uploads\/2015\/01\/silk-worm-3-768x432.jpg 768w, https:\/\/www.next-food.net\/wp-content\/uploads\/2015\/01\/silk-worm-3-614x346.jpg 614w, https:\/\/www.next-food.net\/wp-content\/uploads\/2015\/01\/silk-worm-3-295x166.jpg 295w, https:\/\/www.next-food.net\/wp-content\/uploads\/2015\/01\/silk-worm-3-590x332.jpg 590w, https:\/\/www.next-food.net\/wp-content\/uploads\/2015\/01\/silk-worm-3-600x337.jpg 600w\" sizes=\"(max-width: 850px) 100vw, 850px\" title=\"\">\t\t\t\t\t\t\n\t\t\t\t\t<\/div>\n\t\t\t\t\t\t\t\t\n<style>\n#image_332189146 {\n  width: 100%;\n}\n<\/style>\n\t<\/div>\n\t\n\t\t<\/div>\n\t\t\t\t\t<\/div>\n\n\t\n\n\t<div id=\"col-1748745331\" class=\"col medium-4 small-12 large-4\"  >\n\t\t\t\t<div class=\"col-inner\"  >\n\t\t\t\n\t\t\t\n\t<div class=\"img has-hover x md-x lg-x y md-y lg-y\" id=\"image_1417402653\">\n\t\t\t\t\t\t\t\t<div class=\"img-inner image-cover dark\" style=\"padding-top:300px;\">\n\t\t\t<img decoding=\"async\" width=\"300\" height=\"399\" src=\"https:\/\/www.next-food.net\/wp-content\/uploads\/2018\/03\/scorpion1.jpg\" class=\"attachment-large size-large\" alt=\"Le Scorpion | Insecte Comestible \u00bb Scorpion Noir \u00bb\" srcset=\"https:\/\/www.next-food.net\/wp-content\/uploads\/2018\/03\/scorpion1.jpg 300w, https:\/\/www.next-food.net\/wp-content\/uploads\/2018\/03\/scorpion1-226x300.jpg 226w, https:\/\/www.next-food.net\/wp-content\/uploads\/2018\/03\/scorpion1-295x393.jpg 295w\" sizes=\"(max-width: 300px) 100vw, 300px\" title=\"\">\t\t\t\t\t\t\n\t\t\t\t\t<\/div>\n\t\t\t\t\t\t\t\t\n<style>\n#image_1417402653 {\n  width: 100%;\n}\n<\/style>\n\t<\/div>\n\t\n\t\t<\/div>\n\t\t\t\t\t<\/div>\n\n\t\n<\/div>\n\t\t<\/div>\n\n\t\t\n<style>\n#section_828445913 {\n  padding-top: 15px;\n  padding-bottom: 15px;\n}\n<\/style>\n\t<\/section>\n\t\n","protected":false},"excerpt":{"rendered":"<p>Bienvenue chez Next Food, fabricant d&rsquo;insectes comestibles s\u00e9ch\u00e9s pr\u00eats \u00e0 consommer. Nous \u00e9levons des insectes depuis 2013.La Tha\u00eflande est durable pour le projet d&rsquo;insectes comestibles. Manger des insectes est bon pour la sant\u00e9 et l&rsquo;environnement. Les insectes ont \u00e9t\u00e9 choisis par la F.A.O. comme solution au manque de ressources dans le monde.<\/p>\n","protected":false},"author":1519,"featured_media":0,"parent":0,"menu_order":0,"comment_status":"closed","ping_status":"closed","template":"","meta":{"footnotes":""},"class_list":["post-10399","page","type-page","status-publish","hentry"],"_links":{"self":[{"href":"https:\/\/www.next-food.net\/fr\/wp-json\/wp\/v2\/pages\/10399","targetHints":{"allow":["GET"]}}],"collection":[{"href":"https:\/\/www.next-food.net\/fr\/wp-json\/wp\/v2\/pages"}],"about":[{"href":"https:\/\/www.next-food.net\/fr\/wp-json\/wp\/v2\/types\/page"}],"author":[{"embeddable":true,"href":"https:\/\/www.next-food.net\/fr\/wp-json\/wp\/v2\/users\/1519"}],"replies":[{"embeddable":true,"href":"https:\/\/www.next-food.net\/fr\/wp-json\/wp\/v2\/comments?post=10399"}],"version-history":[{"count":2,"href":"https:\/\/www.next-food.net\/fr\/wp-json\/wp\/v2\/pages\/10399\/revisions"}],"predecessor-version":[{"id":21642,"href":"https:\/\/www.next-food.net\/fr\/wp-json\/wp\/v2\/pages\/10399\/revisions\/21642"}],"wp:attachment":[{"href":"https:\/\/www.next-food.net\/fr\/wp-json\/wp\/v2\/media?parent=10399"}],"curies":[{"name":"wp","href":"https:\/\/api.w.org\/{rel}","templated":true}]}}