{"id":9998,"date":"2015-12-04T14:15:00","date_gmt":"2015-12-04T13:15:00","guid":{"rendered":"https:\/\/www.next-food.net\/product\/grillos-con-pimienta-dulce\/"},"modified":"2026-02-08T17:52:50","modified_gmt":"2026-02-08T16:52:50","slug":"grillos-con-pimienta-dulce","status":"publish","type":"product","link":"https:\/\/www.next-food.net\/es\/producto\/grillos-con-pimienta-dulce\/","title":{"rendered":"Grillos (peque\u00f1os) | Insectos comestibles \u00abPimienta Dulce\u00bb"},"content":{"rendered":"<h2>Grillo: Sutilezas y sabores para este insecto comestible<\/h2>\n<p>La dulzura del az\u00facar y el picante de la guindilla: esto es lo que Next-Food te ofrece con toda sencillez para dar sabor a los famosos <em>grillos<\/em> comestibles. Es un verdadero placer para los entom\u00f3fagos y una oportunidad para probar las delicias de los <em>insectos comestibles<\/em> para aquellos que nunca los han probado.<\/p>\n<h3>Ideal como aperitivo insecto o ensalada<\/h3>\n<p>Para elaborar <em>grillos<\/em> con pimiento dulce, Next-Food selecciona los mejores ejemplares de su cr\u00eda eco-responsable.<\/p>\n<p>Para cumplir con las normas, estos <em>insectos para comer<\/em> se hierven antes de secarse y se envasan en sobres de 25 g.<\/p>\n<p>Next Food garantiza la frescura de los <em>insectos comestibles<\/em> antes de cualquier preparaci\u00f3n y preserva la autenticidad del sabor de los <em>grillos<\/em> comestibles.<\/p>\n<p>Como aperitivo, en sopa o integrando recetas conocidas, este <em>insecto comestible<\/em> es un magn\u00edfico sustituto de patatas fritas, cacahuetes, carnes e incluso pescados.<\/p>\n<p>Disponibles en next-food.net, estos <em>insectos alimentarios<\/em> traen sabores que har\u00e1n las delicias de las papilas gustativas de los entom\u00f3fagos y sorprender\u00e1n a los ne\u00f3fitos. Para ordenar algunos, visite next-food.net!<\/p>\n<h2>Entomofagia: prote\u00edna de insecto<\/h2>\n<p>Actualmente, la cr\u00eda intensiva de animales proporciona la mayor parte de las prote\u00ednas que consumimos en todo el mundo. Sin embargo, esta pr\u00e1ctica es conocida por sus impactos ambientales debido a los gases de efecto invernadero y el amon\u00edaco.<\/p>\n<p>Al optar por la <em>cr\u00eda de insectos<\/em> como el <em>grillo<\/em>, el , los <em>gusanos de seda<\/em>\u2026 Next Food apuesta por pr\u00e1cticas mucho menos contaminantes y sobre todo menos energ\u00e9ticas -consumidor.<\/p>\n<p>De hecho, en comparaci\u00f3n con la cr\u00eda de cerdos, una cr\u00eda de <em>grillo<\/em>, por ejemplo, tiene 4 veces menos di\u00f3xido de carbono y \u00f3xido nitroso, 5 veces menos metano y 10 veces menos &#8216;amon\u00edaco&#8217;. Adem\u00e1s, los <em>insectos comestibles<\/em> transmiten menos enfermedades a los humanos. El riesgo de contraer la gripe despu\u00e9s de comer <em>insectos<\/em> <em>a la parrilla<\/em> es casi nulo.<\/p>\n<p>Hoy tenemos nada menos que 1.400 especies de insectos comestibles. Muchos de ellos nos resultan familiares. Este es el caso de los grillos, las hormigas, las orugas y las langostas. Adem\u00e1s, hay diferentes formas de degustarlos. Los puedes comer en papilla, como aperitivo, en <strong>chocolate de insectos<\/strong>, caramelizados&#8230; \u00a1As\u00ed que, compra todo tipo de insectos comestibles en next-food.net!<\/p>\n","protected":false},"excerpt":{"rendered":"        <div id=\"woocommerce-multi-currency-1\"\r\n             class=\"woocommerce-multi-currency wmc-shortcode plain-horizontal layout3 \"\r\n             data-layout=\"layout3\" data-flag_size=\"0.6\">\r\n            <input type=\"hidden\" class=\"wmc-current-url\" value=\"\/es\/wp-json\/wp\/v2\/product\/9998\">\r\n\t\t\t                <div class=\"wmc-currency wmc-active\">\r\n\t\t\t\t\t                    <a rel=\"nofollow\" title=\"European Union\" class=\"wmc-currency-redirect\"\r\n                       href=\"\/es\/wp-json\/wp\/v2\/product\/9998?wmc-currency=EUR\" data-currency=\"EUR\">\r\n                        <i style=\"transform: scale(0.6); margin: -8px -12px\"\r\n                           class=\"vi-flag-64 flag-eu \"><\/i>\r\n                    <\/a>\r\n                <\/div>\r\n\t\t\t\t                <div class=\"wmc-currency \">\r\n\t\t\t\t\t                    <a rel=\"nofollow\" title=\"Estados Unidos (EEUU)\" class=\"wmc-currency-redirect\"\r\n                       href=\"\/es\/wp-json\/wp\/v2\/product\/9998?wmc-currency=USD\" data-currency=\"USD\">\r\n                        <i style=\"transform: scale(0.6); margin: -8px -12px\"\r\n                           class=\"vi-flag-64 flag-us \"><\/i>\r\n                    <\/a>\r\n                <\/div>\r\n\t\t\t\t        <\/div>\r\n\t\t Elegir Moneda<\/p>\n<p>Peque\u00f1os <em>Grillos, Insectos Comestibles<\/em> preparados con pimiento dulce &#8211; Gryllus Bimaculatus<br \/>\n(La bolsa de 25 g)<\/p>\n<p>El <em>grillo<\/em> excelente <em>insecto comestible<\/em> con sabor a salsa de pimiento dulce. Una delicia con guindilla mezclada con az\u00facar\u2026 \u00a1Un sabor a \u00abreviensy\u00bb!<\/p>\n","protected":false},"featured_media":9999,"comment_status":"open","ping_status":"closed","template":"","meta":[],"product_brand":[],"product_cat":[371],"product_tag":[],"class_list":{"0":"post-9998","1":"product","2":"type-product","3":"status-publish","4":"has-post-thumbnail","6":"product_cat-flavoured-es","8":"first","9":"instock","10":"shipping-taxable","11":"purchasable","12":"product-type-simple"},"_links":{"self":[{"href":"https:\/\/www.next-food.net\/es\/wp-json\/wp\/v2\/product\/9998","targetHints":{"allow":["GET"]}}],"collection":[{"href":"https:\/\/www.next-food.net\/es\/wp-json\/wp\/v2\/product"}],"about":[{"href":"https:\/\/www.next-food.net\/es\/wp-json\/wp\/v2\/types\/product"}],"replies":[{"embeddable":true,"href":"https:\/\/www.next-food.net\/es\/wp-json\/wp\/v2\/comments?post=9998"}],"wp:featuredmedia":[{"embeddable":true,"href":"https:\/\/www.next-food.net\/es\/wp-json\/wp\/v2\/media\/9999"}],"wp:attachment":[{"href":"https:\/\/www.next-food.net\/es\/wp-json\/wp\/v2\/media?parent=9998"}],"wp:term":[{"taxonomy":"product_brand","embeddable":true,"href":"https:\/\/www.next-food.net\/es\/wp-json\/wp\/v2\/product_brand?post=9998"},{"taxonomy":"product_cat","embeddable":true,"href":"https:\/\/www.next-food.net\/es\/wp-json\/wp\/v2\/product_cat?post=9998"},{"taxonomy":"product_tag","embeddable":true,"href":"https:\/\/www.next-food.net\/es\/wp-json\/wp\/v2\/product_tag?post=9998"}],"curies":[{"name":"wp","href":"https:\/\/api.w.org\/{rel}","templated":true}]}}