{"id":9992,"date":"2015-03-12T10:37:50","date_gmt":"2015-03-12T09:37:50","guid":{"rendered":"https:\/\/www.next-food.net\/product\/grillos-con-curry-tailandes\/"},"modified":"2025-11-14T15:40:27","modified_gmt":"2025-11-14T14:40:27","slug":"grillos-con-curry-tailandes","status":"publish","type":"product","link":"https:\/\/www.next-food.net\/es\/producto\/grillos-con-curry-tailandes\/","title":{"rendered":"Grillos | Insectos comestibles con \u00abCurry Thai\u00bb"},"content":{"rendered":"<h2>Los Sabores de Asia: Insecto Comestible \u00abGrillos al Curry Tailand\u00e9s\u00bb<\/h2>\n<p>Los <em>grillos comestibles<\/em> con curry tailand\u00e9s no dejan de seducir a los amantes de la cocina oriental. De hecho, estos <em>alimentos de insectos<\/em> con sabor son un concentrado de aromas y sabores t\u00edpicos de Tailandia e India.<\/p>\n<h3>Grillon y Curry: \u00a1La \u00abmezcla\u00bb excepcional!<\/h3>\n<p>Para deleite de los aficionados a la <em>entomofagia<\/em> y con el fin de reconciliar a los reticentes, Nex-Food y su chef ofrecen <em>Grillos comestibles<\/em> con curry tailand\u00e9s inspirados en el boo paht pong karee o el Thai curry de cangrejo Es un plato que parad\u00f3jicamente ilustra la sencillez de la cocina tailandesa y la riqueza de aromas y sabores que all\u00ed se encuentran.<\/p>\n<p>Degustando este manjar, los amantes del <em>aperitivo de insectos<\/em> no tendr\u00e1n problema en deshacerse de los habituales cacahuetes. Mientras proporcionan prote\u00ednas, brindan la alegr\u00eda de saborear sin preocuparse por la grasa.<\/p>\n<p>De hecho, los <em>grillos comestibles<\/em> son bajos en l\u00edpidos, lo que los convierte en un aperitivo ligero por excelencia. Adem\u00e1s, las fibras que contienen son muy beneficiosas para la salud al ayudar a la digesti\u00f3n. Adem\u00e1s, aportan omega 3 esencial para el ser humano. As\u00ed que encuentra nuevos sabores, \u00ab<em>compra insectos comestibles<\/em>\u00bb en next-food.net<strong>.<\/strong><\/p>\n<h2>Entomofagia: \u00a1comer con placer y hacer bien a tu cuerpo!<\/h2>\n<p>Para estar sanos, los humanos necesitan 90 g de prote\u00edna por 1 kg de peso corporal por d\u00eda. Por lo tanto, un hombre de 70 kg tiene un requerimiento diario de 63 g. En Francia, m\u00e1s de la mitad de estas prote\u00ednas son de origen animal. Sin embargo, la elecci\u00f3n de la <em>prote\u00edna de insecto<\/em> tambi\u00e9n es una excelente opci\u00f3n.<\/p>\n<p>De hecho, 100 g de carne de pollo, por ejemplo, solo aportan la mitad de este requerimiento nutricional. Por su parte, a igual peso, los <em>grillos comestibles<\/em> la cubren por completo. Adem\u00e1s, la producci\u00f3n de <em>insectos comestibles<\/em> es mucho menos costosa y tiene un impacto muy limitado en el medio ambiente.<\/p>\n<p>Entonces, para convertirse en <em>entomofagia<\/em>, visite nuestro sitio next-food.net y ordene <em>grillos comestibles<\/em> empaquetados en sobres de 25 g. Los entom\u00f3fagos informados eligen nuestros productos por su calidad y su sabor. Estos <em>insectos alimentarios<\/em> cumplen con las normas y reglamentos de higiene franceses.<\/p>\n","protected":false},"excerpt":{"rendered":"        <div id=\"woocommerce-multi-currency-1\"\r\n             class=\"woocommerce-multi-currency wmc-shortcode plain-horizontal layout3 \"\r\n             data-layout=\"layout3\" data-flag_size=\"0.6\">\r\n            <input type=\"hidden\" class=\"wmc-current-url\" value=\"\/es\/wp-json\/wp\/v2\/product\/9992\">\r\n\t\t\t                <div class=\"wmc-currency wmc-active\">\r\n\t\t\t\t\t                    <a rel=\"nofollow\" title=\"European Union\" class=\"wmc-currency-redirect\"\r\n                       href=\"\/es\/wp-json\/wp\/v2\/product\/9992?wmc-currency=EUR\" data-currency=\"EUR\">\r\n                        <i style=\"transform: scale(0.6); margin: -8px -12px\"\r\n                           class=\"vi-flag-64 flag-eu \"><\/i>\r\n                    <\/a>\r\n                <\/div>\r\n\t\t\t\t                <div class=\"wmc-currency \">\r\n\t\t\t\t\t                    <a rel=\"nofollow\" title=\"Estados Unidos (EEUU)\" class=\"wmc-currency-redirect\"\r\n                       href=\"\/es\/wp-json\/wp\/v2\/product\/9992?wmc-currency=USD\" data-currency=\"USD\">\r\n                        <i style=\"transform: scale(0.6); margin: -8px -12px\"\r\n                           class=\"vi-flag-64 flag-us \"><\/i>\r\n                    <\/a>\r\n                <\/div>\r\n\t\t\t\t        <\/div>\r\n\t\t Elegir Moneda<\/p>\n<p><em>Grillos, insectos comestibles<\/em> preparados con \u201cThai Curry\u201d \u2013 Gryllus Bimaculatus<br \/>\n(La bolsa de 25 g)<\/p>\n<p>\u00bfEres fan\u00e1tico de los sabores asi\u00e1ticos y ex\u00f3ticos?<\/p>\n<p>Nuestro chef se inspir\u00f3 en el plato boo paht pong karee (curry de cangrejo tailand\u00e9s) al preparar los <em>insectos comestibles<\/em> \u00ab<em>grillo<\/em>\u00ab, \u00a1de la misma manera! es delicioso ! Evoca la cocina india y china\u2026<\/p>\n","protected":false},"featured_media":9993,"comment_status":"open","ping_status":"closed","template":"","meta":[],"product_brand":[],"product_cat":[371],"product_tag":[],"class_list":{"0":"post-9992","1":"product","2":"type-product","3":"status-publish","4":"has-post-thumbnail","6":"product_cat-flavoured-es","8":"first","9":"instock","10":"shipping-taxable","11":"purchasable","12":"product-type-simple"},"_links":{"self":[{"href":"https:\/\/www.next-food.net\/es\/wp-json\/wp\/v2\/product\/9992","targetHints":{"allow":["GET"]}}],"collection":[{"href":"https:\/\/www.next-food.net\/es\/wp-json\/wp\/v2\/product"}],"about":[{"href":"https:\/\/www.next-food.net\/es\/wp-json\/wp\/v2\/types\/product"}],"replies":[{"embeddable":true,"href":"https:\/\/www.next-food.net\/es\/wp-json\/wp\/v2\/comments?post=9992"}],"wp:featuredmedia":[{"embeddable":true,"href":"https:\/\/www.next-food.net\/es\/wp-json\/wp\/v2\/media\/9993"}],"wp:attachment":[{"href":"https:\/\/www.next-food.net\/es\/wp-json\/wp\/v2\/media?parent=9992"}],"wp:term":[{"taxonomy":"product_brand","embeddable":true,"href":"https:\/\/www.next-food.net\/es\/wp-json\/wp\/v2\/product_brand?post=9992"},{"taxonomy":"product_cat","embeddable":true,"href":"https:\/\/www.next-food.net\/es\/wp-json\/wp\/v2\/product_cat?post=9992"},{"taxonomy":"product_tag","embeddable":true,"href":"https:\/\/www.next-food.net\/es\/wp-json\/wp\/v2\/product_tag?post=9992"}],"curies":[{"name":"wp","href":"https:\/\/api.w.org\/{rel}","templated":true}]}}