{"id":9982,"date":"2015-12-04T13:54:38","date_gmt":"2015-12-04T12:54:38","guid":{"rendered":"https:\/\/www.next-food.net\/product\/grillos-de-albahaca-tailandesa\/"},"modified":"2025-12-06T05:52:55","modified_gmt":"2025-12-06T04:52:55","slug":"grillos-de-albahaca-tailandesa","status":"publish","type":"product","link":"https:\/\/www.next-food.net\/es\/producto\/grillos-de-albahaca-tailandesa\/","title":{"rendered":"grillos | Insectos comestibles con \u00abalbahaca tailandesa\u00bb"},"content":{"rendered":"<h2>Insecto comestible: \u00a1sabores como si estuvieras all\u00ed!<\/h2>\n<p>Productor de <strong>insectos comestibles<\/strong>, Next-Food presenta sus <em>insectos comestibles<\/em> fruto de una cuidadosa selecci\u00f3n en su crianza eco-responsable.<\/p>\n<p>Elaborados con estricto respeto a la calidad, conservan la autenticidad de su sabor y calidad nutricional.<\/p>\n<h2>Insect Apero: El grillo con albahaca tailandesa<\/h2>\n<p>Para introducirte en los sabores ex\u00f3ticos de Asia, hemos preparado <strong>grillos<\/strong> con albahaca tailandesa. Considerada un elixir de larga vida en la India, la albahaca sagrada aporta su sabor t\u00edpicamente picante. Acompa\u00f1a a la mayor\u00eda de platos de pa\u00edses asi\u00e1ticos<\/p>\n<p>\u00a1Lo ideal es consumir este <em>insecto comestible<\/em> como aperitivo para descubrir sus sabores y tener esta explosi\u00f3n de sabores en la boca!<\/p>\n<p>Para ello, simplemente fr\u00ede los <strong>insectos para comer<\/strong> durante unos minutos y listo.<\/p>\n<p>Adem\u00e1s, puedes consumir estos <em>insectos para comer<\/em> en bu\u00f1uelos.<\/p>\n<p>Preparar la masa y enrollar en ella el grillo NEXT FOOD. Luego fre\u00edr el <em>insecto alimentario<\/em> en aceite hirviendo. Tambi\u00e9n se pueden endulzar o caramelizar y tomar como postre.<\/p>\n<p>Por valores nutricionales, 100 g de grillos comestibles representan m\u00e1s prote\u00edna que 100 g de carne, pero con menos grasa. De hecho, los grillos son significativamente bajos en grasa en comparaci\u00f3n con la carne. Para la producci\u00f3n, la carne de vacuno cuesta tres veces m\u00e1s en comparaci\u00f3n con los <em>insectos comestibles<\/em>.<\/p>\n<h3>Insectos comestibles, fuente de prote\u00ednas<\/h3>\n<p>Desde un punto de vista ecol\u00f3gico, la producci\u00f3n de <em>insectos comestibles<\/em> es menos contaminante en comparaci\u00f3n con la producci\u00f3n de carne tradicional. Con una ingesta de nutrientes mucho mayor, condiciones de producci\u00f3n ventajosas tanto desde el punto de vista financiero como ambiental, los c\u00e1lculos se hacen r\u00e1pidamente. Los insectos son la mejor opci\u00f3n para alimentar a los 9.000 millones de personas que poblar\u00e1n el planeta en 2050.<\/p>\n<p>Y si las costumbres parecen resistir, las cifras lo contradicen. Especialistas aseguran que a trav\u00e9s de alimentos como jugos, mermeladas, sopas enlatadas, cada franc\u00e9s consume 500 g de insectos al a\u00f1o. Esto representa 31.500 toneladas por a\u00f1o. De hecho, algunos tintes se basan en extractos de insectos como la cochinilla. En total, <em>comer bichos<\/em> es bueno para la salud, el gusto y el medio ambiente<\/p>\n","protected":false},"excerpt":{"rendered":"        <div id=\"woocommerce-multi-currency-1\"\r\n             class=\"woocommerce-multi-currency wmc-shortcode plain-horizontal layout3 \"\r\n             data-layout=\"layout3\" data-flag_size=\"0.6\">\r\n            <input type=\"hidden\" class=\"wmc-current-url\" value=\"\/es\/wp-json\/wp\/v2\/product\/9982\">\r\n\t\t\t                <div class=\"wmc-currency wmc-active\">\r\n\t\t\t\t\t                    <a rel=\"nofollow\" title=\"European Union\" class=\"wmc-currency-redirect\"\r\n                       href=\"\/es\/wp-json\/wp\/v2\/product\/9982?wmc-currency=EUR\" data-currency=\"EUR\">\r\n                        <i style=\"transform: scale(0.6); margin: -8px -12px\"\r\n                           class=\"vi-flag-64 flag-eu \"><\/i>\r\n                    <\/a>\r\n                <\/div>\r\n\t\t\t\t                <div class=\"wmc-currency \">\r\n\t\t\t\t\t                    <a rel=\"nofollow\" title=\"Estados Unidos (EEUU)\" class=\"wmc-currency-redirect\"\r\n                       href=\"\/es\/wp-json\/wp\/v2\/product\/9982?wmc-currency=USD\" data-currency=\"USD\">\r\n                        <i style=\"transform: scale(0.6); margin: -8px -12px\"\r\n                           class=\"vi-flag-64 flag-us \"><\/i>\r\n                    <\/a>\r\n                <\/div>\r\n\t\t\t\t        <\/div>\r\n\t\t Elegir Moneda<\/p>\n<p><em>Grillos, Insectos Comestibles<\/em> preparados con Albahaca Tailandesa &#8211; Gryllus Bimaculatus<br \/>\n(La bolsa de 25 g)<\/p>\n<p>Pad krapao es uno de los platos m\u00e1s populares y adorados de Tailandia, con un sabor delicioso. Se prepara con todo tipo de carnes. Nuestro chef ha revisado la receta a la <em>entomofagia<\/em> con el <em>grillo<\/em>. La albahaca morada aporta su sabor picante \u00fanico. La albahaca sagrada se ha considerado durante mucho tiempo un elixir de larga vida en la India&#8230;<\/p>\n<p>\u00a1Una explosi\u00f3n en boca y sabores ex\u00f3ticos para nuestro <em>insecto para comer<\/em> como aperitivo!<\/p>\n","protected":false},"featured_media":9983,"comment_status":"open","ping_status":"closed","template":"","meta":[],"product_brand":[],"product_cat":[371],"product_tag":[],"class_list":{"0":"post-9982","1":"product","2":"type-product","3":"status-publish","4":"has-post-thumbnail","6":"product_cat-flavoured-es","8":"first","9":"instock","10":"shipping-taxable","11":"purchasable","12":"product-type-simple"},"_links":{"self":[{"href":"https:\/\/www.next-food.net\/es\/wp-json\/wp\/v2\/product\/9982","targetHints":{"allow":["GET"]}}],"collection":[{"href":"https:\/\/www.next-food.net\/es\/wp-json\/wp\/v2\/product"}],"about":[{"href":"https:\/\/www.next-food.net\/es\/wp-json\/wp\/v2\/types\/product"}],"replies":[{"embeddable":true,"href":"https:\/\/www.next-food.net\/es\/wp-json\/wp\/v2\/comments?post=9982"}],"wp:featuredmedia":[{"embeddable":true,"href":"https:\/\/www.next-food.net\/es\/wp-json\/wp\/v2\/media\/9983"}],"wp:attachment":[{"href":"https:\/\/www.next-food.net\/es\/wp-json\/wp\/v2\/media?parent=9982"}],"wp:term":[{"taxonomy":"product_brand","embeddable":true,"href":"https:\/\/www.next-food.net\/es\/wp-json\/wp\/v2\/product_brand?post=9982"},{"taxonomy":"product_cat","embeddable":true,"href":"https:\/\/www.next-food.net\/es\/wp-json\/wp\/v2\/product_cat?post=9982"},{"taxonomy":"product_tag","embeddable":true,"href":"https:\/\/www.next-food.net\/es\/wp-json\/wp\/v2\/product_tag?post=9982"}],"curies":[{"name":"wp","href":"https:\/\/api.w.org\/{rel}","templated":true}]}}