{"id":9722,"date":"2015-01-24T14:52:36","date_gmt":"2015-01-24T13:52:36","guid":{"rendered":"https:\/\/www.next-food.net\/produit\/gusanos-de-seda-bombyx-mori-pupae\/"},"modified":"2026-02-22T20:35:06","modified_gmt":"2026-02-22T19:35:06","slug":"gusanos-de-seda-bombyx-mori-pupae","status":"publish","type":"product","link":"https:\/\/www.next-food.net\/es\/producto\/gusanos-de-seda-bombyx-mori-pupae\/","title":{"rendered":"Gusanos de seda | Insectos comestibles \u00abBombyx Mori pupae\u00bb"},"content":{"rendered":"<h2>Insectos para comer: gusanos de seda o Bombyx Mori<\/h2>\n<p>Derivado de las mariposas <em>Bombyx mori<\/em>, los <em>gusanos de seda<\/em> comestibles son orugas que se alimentan exclusivamente de hojas de morera. Despu\u00e9s de que los huevos eclosionan, las larvas se alimentan y despu\u00e9s de aproximadamente un mes, hacen sus capullos que se hierven para recuperar la seda que se va a tejer.<\/p>\n<h3>Bombyx Mori: Gusanos de seda &#8211; \u00a1Crujientes y suaves al mismo tiempo!<\/h3>\n<p>De estos pasos, obtenemos gusanos particularmente sabrosos. Crujientes, se distinguen por su sabor dulce entre almendra y avellana. Los fans de la <em>entomofagia<\/em> no dudan en comparar su textura con las galletas blandas: crujientes por fuera y tiernas y fundentes por dentro.<\/p>\n<p>Hay mil y una formas de disfrutar de <a href=\"https:\/\/www.next-food.net\/es\/producto\/gusanos-de-seda-bombyx-mori-pupae\/\">gusanos de seda comestibles<\/a>. Sin embargo, como en toda degustaci\u00f3n de \u00ab<em>comida de insectos<\/em>\u00ab, el <em>insecto a la parrilla<\/em> sigue siendo la mejor manera de descubrir todos los sabores de los <em>gusanos de seda<\/em> &gt;. De hecho, se pueden servir con salsas o ensalada. Es excelente para un aperitivo. Una vez que te acostumbres al sabor, puedes incorporarlo en varias recetas.<\/p>\n<p>As\u00ed, para tu <em>aperitivo de insectos<\/em> \u00abfiesta\u00bb o para cualquier otro plato, estos <em>insectos comestibles<\/em> est\u00e1n disponibles en sobres de 25 g a 1.000 g en nuestra tienda de <a href=\"https:\/\/www.next-food.net\/es\/insectos-lisos\/\">insectos comestibles online<\/a>. \u00a1Ve a next-food.net para conseguir algunos!<\/p>\n<h3>Calidad nutricional del insecto a comer: Gusano de seda<\/h3>\n<p>Los <em>gusanos de seda<\/em> comestibles o <em>Bombyx Mori<\/em> son conocidos por su calidad nutricional. De hecho, 100 g de gusanos de seda representan 389 kcal con 80 g de prote\u00edna, 8 g de carbohidratos y 8 g de l\u00edpidos. Para la misma cantidad de carne de res, solo hay 17,5 g de prote\u00edna, 20 g de l\u00edpidos y nada de carbohidratos para 250 kcal.<\/p>\n<p>Es por ello que la dieta del <em>gusano de seda<\/em> es prescrita por la medicina tradicional china para tratar determinadas dolencias. En cualquier caso, se recomiendan para dietas hiperproteicas con escaso contenido en grasas. Por lo tanto, son una opci\u00f3n real para reemplazar la carne como fuente de prote\u00ednas.<\/p>\n<p>Para preservar la salud de los entom\u00f3fagos y de cualquiera que busque <a title=\"comprar insectos\" href=\"https:\/\/www.next-food.net\/fr\/\">comprar insectos<\/a>, ofrecemos en next -food.net <em>insectos comestibles<\/em> de excelente calidad y frescura. Desde la crianza o la recolecci\u00f3n hasta el empaque, todos los productos son rastreables y cumplen con los est\u00e1ndares de calidad requeridos.<\/p>\n","protected":false},"excerpt":{"rendered":"        <div id=\"woocommerce-multi-currency-1\"\r\n             class=\"woocommerce-multi-currency wmc-shortcode plain-horizontal layout3 \"\r\n             data-layout=\"layout3\" data-flag_size=\"0.6\">\r\n            <input type=\"hidden\" class=\"wmc-current-url\" value=\"\/es\/wp-json\/wp\/v2\/product\/9722\">\r\n\t\t\t                <div class=\"wmc-currency wmc-active\">\r\n\t\t\t\t\t                    <a rel=\"nofollow\" title=\"European Union\" class=\"wmc-currency-redirect\"\r\n                       href=\"\/es\/wp-json\/wp\/v2\/product\/9722?wmc-currency=EUR\" data-currency=\"EUR\">\r\n                        <i style=\"transform: scale(0.6); margin: -8px -12px\"\r\n                           class=\"vi-flag-64 flag-eu \"><\/i>\r\n                    <\/a>\r\n                <\/div>\r\n\t\t\t\t                <div class=\"wmc-currency \">\r\n\t\t\t\t\t                    <a rel=\"nofollow\" title=\"Estados Unidos (EEUU)\" class=\"wmc-currency-redirect\"\r\n                       href=\"\/es\/wp-json\/wp\/v2\/product\/9722?wmc-currency=USD\" data-currency=\"USD\">\r\n                        <i style=\"transform: scale(0.6); margin: -8px -12px\"\r\n                           class=\"vi-flag-64 flag-us \"><\/i>\r\n                    <\/a>\r\n                <\/div>\r\n\t\t\t\t        <\/div>\r\n\t\t Elegir Moneda<\/p>\n<p><em>Gusanos de seda<\/em>, <em>Insectos comestibles<\/em> \u2013 <em>Bombyx Mori<\/em> pupas<\/p>\n<p>Particularmente popular en la cocina coreana, el <em>gusano de seda<\/em> es un <em>insecto alimentario<\/em> con muchas cualidades nutricionales. Su textura crujiente y sus suaves sabores a avellana y almendra hacen del gusano de seda un manjar que suele gustar al mayor n\u00famero.<\/p>\n","protected":false},"featured_media":9723,"comment_status":"open","ping_status":"closed","template":"","meta":[],"product_brand":[],"product_cat":[361],"product_tag":[],"class_list":{"0":"post-9722","1":"product","2":"type-product","3":"status-publish","4":"has-post-thumbnail","6":"product_cat-plain-insects-es","8":"first","9":"outofstock","10":"sale","11":"shipping-taxable","12":"purchasable","13":"product-type-variable","14":"has-default-attributes"},"_links":{"self":[{"href":"https:\/\/www.next-food.net\/es\/wp-json\/wp\/v2\/product\/9722","targetHints":{"allow":["GET"]}}],"collection":[{"href":"https:\/\/www.next-food.net\/es\/wp-json\/wp\/v2\/product"}],"about":[{"href":"https:\/\/www.next-food.net\/es\/wp-json\/wp\/v2\/types\/product"}],"replies":[{"embeddable":true,"href":"https:\/\/www.next-food.net\/es\/wp-json\/wp\/v2\/comments?post=9722"}],"wp:featuredmedia":[{"embeddable":true,"href":"https:\/\/www.next-food.net\/es\/wp-json\/wp\/v2\/media\/9723"}],"wp:attachment":[{"href":"https:\/\/www.next-food.net\/es\/wp-json\/wp\/v2\/media?parent=9722"}],"wp:term":[{"taxonomy":"product_brand","embeddable":true,"href":"https:\/\/www.next-food.net\/es\/wp-json\/wp\/v2\/product_brand?post=9722"},{"taxonomy":"product_cat","embeddable":true,"href":"https:\/\/www.next-food.net\/es\/wp-json\/wp\/v2\/product_cat?post=9722"},{"taxonomy":"product_tag","embeddable":true,"href":"https:\/\/www.next-food.net\/es\/wp-json\/wp\/v2\/product_tag?post=9722"}],"curies":[{"name":"wp","href":"https:\/\/api.w.org\/{rel}","templated":true}]}}