{"id":9707,"date":"2015-03-06T09:24:14","date_gmt":"2015-03-06T08:24:14","guid":{"rendered":"https:\/\/www.next-food.net\/produit\/tarentulas-haplopelma-albostriatum\/"},"modified":"2025-12-11T10:47:13","modified_gmt":"2025-12-11T09:47:13","slug":"tarentulas-haplopelma-albostriatum","status":"publish","type":"product","link":"https:\/\/www.next-food.net\/es\/producto\/tarentulas-haplopelma-albostriatum\/","title":{"rendered":"Ara\u00f1a Tar\u00e1ntula | Insectos comestibles \u00abHaplopelma Albostriatum\u00bb"},"content":{"rendered":"<h2>Tar\u00e1ntula: \u00a1Un insecto para comer de elecci\u00f3n!<\/h2>\n<p>Las <a href=\"https:\/\/www.next-food.net\/es\/producto\/tarentulas-haplopelma-albostriatum\/\">tar\u00e1ntulas comestibles<\/a> o <i>Haplopelma Albostriatum<\/i> (nombre cient\u00edfico) tambi\u00e9n se denominan tar\u00e1ntulas cebra. Durante la dictadura de los Jemeres Rojos, cuando la comida escaseaba, eran una importante fuente de prote\u00ednas para los camboyanos. Hoy en d\u00eda, es parte integral de los platos m\u00e1s apreciados por los entusiastas de la <em>entomofagia<\/em>.<\/p>\n<h3>Spider: una explosi\u00f3n de sabor para este insecto alimentario<\/h3>\n<p>La <strong>tar\u00e1ntula<\/strong> comestible se puede comer sola y como <em>aperitivo de insectos<\/em>. Para apreciar su sabor \u00fanico, simplemente fr\u00edelos y saz\u00f3nelos delicadamente. Al degustarlos, descubrimos piernas con una textura crujiente y abdomen suave. Encontramos una carne blanca y delicada en las otras partes. La <em>Tar\u00e1ntula<\/em> <em>Insecto Comestible<\/em>, fue hervida y deshidratada por varias horas. Este proceso los hace algo fr\u00e1giles, pero esto no afecta su sabor ni el placer que uno puede sentir al comerlos.<\/p>\n<p>Para la degustaci\u00f3n, la <em>tar\u00e1ntula<\/em> comestible se come sin acompa\u00f1amiento. Por otro lado, puedes sumergirlos en una salsa y tomarlos con arroz si te preocupa el sabor. Exactamente, las opiniones difieren sobre el sabor. Algunos hablan de un regusto a avellana o almendra, otros encuentran el sabor a cangrejo.<\/p>\n<p>Sin embargo, lo cierto es que todos son casi un\u00e1nimes en la calidad de su sabor. Para descubrir usted mismo el sabor de la <em>tar\u00e1ntula<\/em> comestible o para abastecerse de <em>ara\u00f1as<\/em> comestibles en casa, no dude en pedirlas en <a title=\"www .next-food .net\" href=\"https:\/\/www.next-food.net\/es\">next-food.net<\/a>!<\/p>\n<h2>Ara\u00f1a | Tar\u00e1ntula: informaci\u00f3n nutricional<\/h2>\n<p>Al igual que la <em>tar\u00e1ntula<\/em>, <a href=\"https:\/\/www.next-food.net\/es\/insectos-lisos\/\">comestibles insectos<\/a> son probablemente una de las fuentes de alimentos m\u00e1s importantes del futuro. De hecho, teniendo en cuenta la tasa de conversi\u00f3n de alimentos, 10 kg de alimentos dan 1 kg de carne de res, 3 kg de cerdo, 5 kg de aves y 9 kg de insectos. Esta cifra atestigua todo el potencial de los <em>insectos comestibles<\/em> en la producci\u00f3n de prote\u00ednas.<\/p>\n<p>En comparaci\u00f3n con la cr\u00eda convencional, la entomocultura solo moviliza un peque\u00f1o recurso. Desde esta perspectiva, el impacto ambiental de la cr\u00eda de <em>insectos para comer<\/em> es muy limitado. Por ejemplo, una granja de carne de vacuno emite 80 veces m\u00e1s CO2 que una granja de <em>grillos<\/em>.<\/p>\n<p>Consciente de estas potencialidades, la entomocultura comienza a ganar impulso en Francia. Entonces, como muchos entusiastas de la <em>entomofagia<\/em> en el pa\u00eds, \u00a1venga y haga sus compras en nuestro sitio!<\/p>\n","protected":false},"excerpt":{"rendered":"        <div id=\"woocommerce-multi-currency-1\"\r\n             class=\"woocommerce-multi-currency wmc-shortcode plain-horizontal layout3 \"\r\n             data-layout=\"layout3\" data-flag_size=\"0.6\">\r\n            <input type=\"hidden\" class=\"wmc-current-url\" value=\"\/es\/wp-json\/wp\/v2\/product\/9707\">\r\n\t\t\t                <div class=\"wmc-currency wmc-active\">\r\n\t\t\t\t\t                    <a rel=\"nofollow\" title=\"European Union\" class=\"wmc-currency-redirect\"\r\n                       href=\"\/es\/wp-json\/wp\/v2\/product\/9707?wmc-currency=EUR\" data-currency=\"EUR\">\r\n                        <i style=\"transform: scale(0.6); margin: -8px -12px\"\r\n                           class=\"vi-flag-64 flag-eu \"><\/i>\r\n                    <\/a>\r\n                <\/div>\r\n\t\t\t\t                <div class=\"wmc-currency \">\r\n\t\t\t\t\t                    <a rel=\"nofollow\" title=\"Estados Unidos (EEUU)\" class=\"wmc-currency-redirect\"\r\n                       href=\"\/es\/wp-json\/wp\/v2\/product\/9707?wmc-currency=USD\" data-currency=\"USD\">\r\n                        <i style=\"transform: scale(0.6); margin: -8px -12px\"\r\n                           class=\"vi-flag-64 flag-us \"><\/i>\r\n                    <\/a>\r\n                <\/div>\r\n\t\t\t\t        <\/div>\r\n\t\t Elegir Moneda<\/p>\n<p><em>Ara\u00f1a<\/em> Tar\u00e1ntula <em>Insecto comestible<\/em> &#8211; Haplopelma Albostriatum<\/p>\n<p>Mezcla de texturas y sabores para este insecto comestible de los mejores con su sabor a avellana, cangrejo<\/p>\n<p>\u00a1En frituras, este <em>alimento de insectos<\/em> es una delicia!<\/p>\n","protected":false},"featured_media":9708,"comment_status":"open","ping_status":"closed","template":"","meta":[],"product_brand":[],"product_cat":[361],"product_tag":[],"class_list":{"0":"post-9707","1":"product","2":"type-product","3":"status-publish","4":"has-post-thumbnail","6":"product_cat-plain-insects-es","8":"first","9":"outofstock","10":"shipping-taxable","11":"purchasable","12":"product-type-simple"},"_links":{"self":[{"href":"https:\/\/www.next-food.net\/es\/wp-json\/wp\/v2\/product\/9707","targetHints":{"allow":["GET"]}}],"collection":[{"href":"https:\/\/www.next-food.net\/es\/wp-json\/wp\/v2\/product"}],"about":[{"href":"https:\/\/www.next-food.net\/es\/wp-json\/wp\/v2\/types\/product"}],"replies":[{"embeddable":true,"href":"https:\/\/www.next-food.net\/es\/wp-json\/wp\/v2\/comments?post=9707"}],"wp:featuredmedia":[{"embeddable":true,"href":"https:\/\/www.next-food.net\/es\/wp-json\/wp\/v2\/media\/9708"}],"wp:attachment":[{"href":"https:\/\/www.next-food.net\/es\/wp-json\/wp\/v2\/media?parent=9707"}],"wp:term":[{"taxonomy":"product_brand","embeddable":true,"href":"https:\/\/www.next-food.net\/es\/wp-json\/wp\/v2\/product_brand?post=9707"},{"taxonomy":"product_cat","embeddable":true,"href":"https:\/\/www.next-food.net\/es\/wp-json\/wp\/v2\/product_cat?post=9707"},{"taxonomy":"product_tag","embeddable":true,"href":"https:\/\/www.next-food.net\/es\/wp-json\/wp\/v2\/product_tag?post=9707"}],"curies":[{"name":"wp","href":"https:\/\/api.w.org\/{rel}","templated":true}]}}