{"id":12486,"date":"2018-09-04T19:27:07","date_gmt":"2018-09-04T18:30:31","guid":{"rendered":"https:\/\/www.next-food.net\/?post_type=product&#038;p=12486"},"modified":"2025-12-06T10:47:09","modified_gmt":"2025-12-06T09:47:09","slug":"edible-scorpion","status":"publish","type":"product","link":"https:\/\/www.next-food.net\/es\/producto\/edible-scorpion\/","title":{"rendered":"El escorpi\u00f3n| Insectos comestibles \u00abDorado de Manchouri\u00bb"},"content":{"rendered":"<h2>El escorpi\u00f3n: los mejores insectos comestibles<\/h2>\n<p>Envasado en una bolsa de 4 escorpiones, este <em>insecto comestible<\/em> te sorprender\u00e1 y sin duda sorprender\u00e1 a tus invitados.<\/p>\n<p>Para disfrutar como un <em>aperitivo de insectos<\/em> o en cualquier momento del d\u00eda como un capricho <em>el escorpi\u00f3n<\/em> es suculento, inesperado y muy nutritivo.<\/p>\n<p>Por supuesto, el consumo de este <em>insecto alimentario<\/em> \u00abel Escorpi\u00f3n\u00bb es absolutamente libre de riesgos ya que se trata de forma cuidadosa y espec\u00edfica y luego se fr\u00ede para neutralizar por completo su veneno.<\/p>\n<p>Por supuesto, <em>comer insectos<\/em> como \u00ab<em>el escorpi\u00f3n<\/em>\u00bb no presenta por tanto ning\u00fan riesgo, al contrario, se trata de un <em>insecto comestible<\/em> con excepcionales aportes nutricionales y energ\u00e9ticos.<\/p>\n<p>En realidad, no es estrictamente un insecto ya que es una de las especies clasificadas dentro de los ar\u00e1cnidos (ara\u00f1as); sin embargo, se convierte en una especie de insecto una vez que el procesamiento y la cocci\u00f3n lo convierten en <em>Insecto comestible<\/em>.<\/p>\n<p>Tanto los conocedores como los catadores ocasionales le dir\u00e1n que encuentran excelentes cualidades de sabor, un sabor pronunciado a palomitas de ma\u00edz, luego un tocino deliciosamente picante, lo que lo convierte en un bocadillo popular que no carece de originalidad.<\/p>\n<h2>El Escorpi\u00f3n: \u00a1este insecto comestible de Asia que te quiere bien!<\/h2>\n<p><em>El escorpi\u00f3n comestible<\/em> se consume desde hace mucho tiempo en China y otros pa\u00edses asi\u00e1ticos de donde es originario, y tambi\u00e9n es muy utilizado en la medicina tradicional china desde hace muchos a\u00f1os ya que tiene beneficios sobre la circulaci\u00f3n, enfermedades cardiovasculares, urticaria, funciones biliares, trastornos visuales y ataques epil\u00e9pticos. Lo cual no es tan sorprendente, siendo el escorpi\u00f3n uno de los animales m\u00e1s resistentes ante las condiciones atmosf\u00e9ricas y ambientales extremas.<br \/>\n<em>Comprar insectos comestibles<\/em> como \u00ab<em>el escorpi\u00f3n dorado<\/em>\u00bb y degustarlos con familiares y amigos, es asegurar un momento agradable, original e innovador. Y es tambi\u00e9n una oportunidad para aprovechar los beneficios nutricionales de un insecto comestible con reconocidas virtudes.<\/p>\n","protected":false},"excerpt":{"rendered":"        <div id=\"woocommerce-multi-currency-1\"\r\n             class=\"woocommerce-multi-currency wmc-shortcode plain-horizontal layout3 \"\r\n             data-layout=\"layout3\" data-flag_size=\"0.6\">\r\n            <input type=\"hidden\" class=\"wmc-current-url\" value=\"\/es\/wp-json\/wp\/v2\/product\/12486\">\r\n\t\t\t                <div class=\"wmc-currency wmc-active\">\r\n\t\t\t\t\t                    <a rel=\"nofollow\" title=\"European Union\" class=\"wmc-currency-redirect\"\r\n                       href=\"\/es\/wp-json\/wp\/v2\/product\/12486?wmc-currency=EUR\" data-currency=\"EUR\">\r\n                        <i style=\"transform: scale(0.6); margin: -8px -12px\"\r\n                           class=\"vi-flag-64 flag-eu \"><\/i>\r\n                    <\/a>\r\n                <\/div>\r\n\t\t\t\t                <div class=\"wmc-currency \">\r\n\t\t\t\t\t                    <a rel=\"nofollow\" title=\"Estados Unidos (EEUU)\" class=\"wmc-currency-redirect\"\r\n                       href=\"\/es\/wp-json\/wp\/v2\/product\/12486?wmc-currency=USD\" data-currency=\"USD\">\r\n                        <i style=\"transform: scale(0.6); margin: -8px -12px\"\r\n                           class=\"vi-flag-64 flag-us \"><\/i>\r\n                    <\/a>\r\n                <\/div>\r\n\t\t\t\t        <\/div>\r\n\t\t Elegir moneda<\/p>\n<p><em>El escorpi\u00f3n dorado de Manchuria<\/em>, <em>insecto comestible<\/em> por excelencia, tiene un sabor a palomitas de ma\u00edz.<\/p>\n<p>Este <em>insecto para comer<\/em> se puede \u00abfritar\u00bb como un <em>insecto a la parrilla<\/em> para un aperitivo, por ejemplo. Algunos incluso lo usan en bebidas alcoh\u00f3licas.<\/p>\n<p>Para una primera experiencia en entomofagia, comience probando este <em>alimento de insectos<\/em> como aperitivo, \u00a1en un ambiente festivo!<\/p>\n","protected":false},"featured_media":12478,"comment_status":"open","ping_status":"closed","template":"","meta":[],"product_brand":[],"product_cat":[361],"product_tag":[],"class_list":{"0":"post-12486","1":"product","2":"type-product","3":"status-publish","4":"has-post-thumbnail","6":"product_cat-plain-insects-es","8":"first","9":"outofstock","10":"shipping-taxable","11":"purchasable","12":"product-type-simple"},"_links":{"self":[{"href":"https:\/\/www.next-food.net\/es\/wp-json\/wp\/v2\/product\/12486","targetHints":{"allow":["GET"]}}],"collection":[{"href":"https:\/\/www.next-food.net\/es\/wp-json\/wp\/v2\/product"}],"about":[{"href":"https:\/\/www.next-food.net\/es\/wp-json\/wp\/v2\/types\/product"}],"replies":[{"embeddable":true,"href":"https:\/\/www.next-food.net\/es\/wp-json\/wp\/v2\/comments?post=12486"}],"wp:featuredmedia":[{"embeddable":true,"href":"https:\/\/www.next-food.net\/es\/wp-json\/wp\/v2\/media\/12478"}],"wp:attachment":[{"href":"https:\/\/www.next-food.net\/es\/wp-json\/wp\/v2\/media?parent=12486"}],"wp:term":[{"taxonomy":"product_brand","embeddable":true,"href":"https:\/\/www.next-food.net\/es\/wp-json\/wp\/v2\/product_brand?post=12486"},{"taxonomy":"product_cat","embeddable":true,"href":"https:\/\/www.next-food.net\/es\/wp-json\/wp\/v2\/product_cat?post=12486"},{"taxonomy":"product_tag","embeddable":true,"href":"https:\/\/www.next-food.net\/es\/wp-json\/wp\/v2\/product_tag?post=12486"}],"curies":[{"name":"wp","href":"https:\/\/api.w.org\/{rel}","templated":true}]}}