{"id":12421,"date":"2018-08-24T15:12:05","date_gmt":"2018-08-24T14:12:05","guid":{"rendered":"https:\/\/www.next-food.net\/product\/hormigas-comestibles-negras\/"},"modified":"2026-04-09T10:47:10","modified_gmt":"2026-04-09T09:47:10","slug":"hormigas-comestibles-negras","status":"publish","type":"product","link":"https:\/\/www.next-food.net\/es\/producto\/hormigas-comestibles-negras\/","title":{"rendered":"Hormigas | Insectos comestibles \u00abhormiga negra\u00bb"},"content":{"rendered":"<h2>Hormigas | \u00a1Bichos de comida picante!<\/h2>\n<p>Deshidratado y envasado en bolsa de 10gr<\/p>\n<p>En los pr\u00f3ximos a\u00f1os, tendremos que confiar en nuevas formas de alimentarnos, muchos pa\u00edses del mundo en Am\u00e9rica Central, \u00c1frica, Asia y cada vez m\u00e1s en Europa lo han entendido bien: Los insectos comestibles son fuentes importantes y saludables de prote\u00ednas, y por lo tanto son un excelente sustituto de la carne.<\/p>\n<p>La hormiga negra es uno de los insectos perfectamente comestibles para comer e incluso es suculenta, puedes decorar la mayor\u00eda de tus platos con ellas, aportar\u00e1n un lado picante, crujiente y original, suficiente para deleitar tus papilas gustativas y crear sorpresa y marcar el esp\u00edritus de sus invitados.<\/p>\n<p>La hormiga negra tambi\u00e9n se puede comer como aperitivo y sustituye ventajosamente a las patatas fritas y los cacahuetes desde el punto de vista diet\u00e9tico.<\/p>\n<h2>Hormiga | \u00a1Un insecto comestible explosivo!<\/h2>\n<p>La hormiga negra se puede comer con todo, su sabor \u00e1cido, dulce y su lado crujiente decoran agradablemente tus entradas, platos principales, ensaladas y postres.<\/p>\n<p>No es necesaria ninguna transformaci\u00f3n, la hormiga negra, insecto comestible en sobre est\u00e1 deshidratada y lista para usar, por lo que puedes degustarlas tal cual como un capricho o para acompa\u00f1ar tus aperitivos o utilizarlas en tus platos favoritos, como condimento o composici\u00f3n. ingrediente por derecho propio.<\/p>\n<p>Da rienda suelta a tu imaginaci\u00f3n y tu creatividad, sin duda te sorprender\u00e1 gratamente ver cu\u00e1nto ganar\u00e1 en sabor, nutrici\u00f3n y originalidad tu cocina.<\/p>\n<h2>Hormiga | Un insecto para comer, Un beneficio para tu salud<\/h2>\n<p>La poblaci\u00f3n de nuestro hermoso planeta est\u00e1 en constante aumento, la cr\u00eda de animales y la producci\u00f3n de carne animal es costosa y no es posible en algunos rincones del mundo sin la construcci\u00f3n de grandes infraestructuras y por lo tanto inaccesible para poblaciones ya de por s\u00ed desfavorecidas. Incluso en nuestros pa\u00edses desarrollados, comprar carne regularmente no est\u00e1 al alcance de todos, ni mucho menos. Es por eso que la ONU y los OMG que intervienen en los pa\u00edses desfavorecidos alientan cada vez m\u00e1s a las poblaciones a consumir insectos comestibles.<\/p>\n<p>La hormiga negra, insecto alimentario, entre otros, es una excelente fuente de prote\u00ednas, sales minerales y vitaminas, lo que permite sustituir la carne o reducir su consumo.<\/p>\n<p>Los insectos comestibles en general, las hormigas negras en particular, tienen un futuro brillante por delante y, sin duda, se convertir\u00e1n r\u00e1pidamente en una parte integral de nuestra dieta.<\/p>\n","protected":false},"excerpt":{"rendered":"        <div id=\"woocommerce-multi-currency-1\"\r\n             class=\"woocommerce-multi-currency wmc-shortcode plain-horizontal layout3 \"\r\n             data-layout=\"layout3\" data-flag_size=\"0.6\">\r\n            <input type=\"hidden\" class=\"wmc-current-url\" value=\"\/es\/wp-json\/wp\/v2\/product\/12421\">\r\n\t\t\t                <div class=\"wmc-currency wmc-active\">\r\n\t\t\t\t\t                    <a rel=\"nofollow\" title=\"European Union\" class=\"wmc-currency-redirect\"\r\n                       href=\"\/es\/wp-json\/wp\/v2\/product\/12421?wmc-currency=EUR\" data-currency=\"EUR\">\r\n                        <i style=\"transform: scale(0.6); margin: -8px -12px\"\r\n                           class=\"vi-flag-64 flag-eu \"><\/i>\r\n                    <\/a>\r\n                <\/div>\r\n\t\t\t\t                <div class=\"wmc-currency \">\r\n\t\t\t\t\t                    <a rel=\"nofollow\" title=\"Estados Unidos (EEUU)\" class=\"wmc-currency-redirect\"\r\n                       href=\"\/es\/wp-json\/wp\/v2\/product\/12421?wmc-currency=USD\" data-currency=\"USD\">\r\n                        <i style=\"transform: scale(0.6); margin: -8px -12px\"\r\n                           class=\"vi-flag-64 flag-us \"><\/i>\r\n                    <\/a>\r\n                <\/div>\r\n\t\t\t\t        <\/div>\r\n\t\t Elegir moneda<br \/>\nLa <em>hormiga<\/em> negra es un insecto comestible asombroso en su diversidad de usos. Suculentas, este <em>insecto para comer<\/em> te permitir\u00e1 decorar la mayor\u00eda de tus platos, aportar\u00e1n un lado picante, crujiente y original, suficiente para deleitar tus papilas gustativas y crear sorpresa y marcar el \u00e1nimo de tus invitados .<\/p>\n","protected":false},"featured_media":12410,"comment_status":"open","ping_status":"closed","template":"","meta":[],"product_brand":[],"product_cat":[361],"product_tag":[],"class_list":{"0":"post-12421","1":"product","2":"type-product","3":"status-publish","4":"has-post-thumbnail","6":"product_cat-plain-insects-es","8":"first","9":"outofstock","10":"shipping-taxable","11":"purchasable","12":"product-type-simple"},"_links":{"self":[{"href":"https:\/\/www.next-food.net\/es\/wp-json\/wp\/v2\/product\/12421","targetHints":{"allow":["GET"]}}],"collection":[{"href":"https:\/\/www.next-food.net\/es\/wp-json\/wp\/v2\/product"}],"about":[{"href":"https:\/\/www.next-food.net\/es\/wp-json\/wp\/v2\/types\/product"}],"replies":[{"embeddable":true,"href":"https:\/\/www.next-food.net\/es\/wp-json\/wp\/v2\/comments?post=12421"}],"wp:featuredmedia":[{"embeddable":true,"href":"https:\/\/www.next-food.net\/es\/wp-json\/wp\/v2\/media\/12410"}],"wp:attachment":[{"href":"https:\/\/www.next-food.net\/es\/wp-json\/wp\/v2\/media?parent=12421"}],"wp:term":[{"taxonomy":"product_brand","embeddable":true,"href":"https:\/\/www.next-food.net\/es\/wp-json\/wp\/v2\/product_brand?post=12421"},{"taxonomy":"product_cat","embeddable":true,"href":"https:\/\/www.next-food.net\/es\/wp-json\/wp\/v2\/product_cat?post=12421"},{"taxonomy":"product_tag","embeddable":true,"href":"https:\/\/www.next-food.net\/es\/wp-json\/wp\/v2\/product_tag?post=12421"}],"curies":[{"name":"wp","href":"https:\/\/api.w.org\/{rel}","templated":true}]}}