{"id":10240,"date":"2015-01-24T14:58:27","date_gmt":"2015-01-24T13:58:27","guid":{"rendered":"https:\/\/www.next-food.net\/product\/hormigas-tejedoras-oecophylla-smaragdina\/"},"modified":"2025-05-13T09:03:37","modified_gmt":"2025-05-13T08:03:37","slug":"hormigas-tejedoras-oecophylla-smaragdina","status":"publish","type":"product","link":"https:\/\/www.next-food.net\/es\/producto\/hormigas-tejedoras-oecophylla-smaragdina\/","title":{"rendered":"hormiga (tejedora) | Insectos comestibles \u00abOecophylla Smaragdina\u00bb"},"content":{"rendered":"<h2>Hormiga: \u00a1Otro insecto para comer!<\/h2>\n<p>La <em>hormiga<\/em> tejedora construye su nido con hojas cosidas con la seda producida por sus larvas. Se encuentran en los \u00e1rboles, en una altura posada. Las colonias de hormigas tejedoras son fundadas por una hembra, la <a href=\"https:\/\/www.next-food.net\/wp-content\/uploads\/2018\/03\/edible-ants.jpg\"><img decoding=\"async\" class=\" wp-image-10579 alignright\" src=\"https:\/\/www.next-food.net\/wp-content\/uploads\/2018\/03\/edible-ants.jpg\" alt=\"\" width=\"248\" height=\"440\" title=\"\" srcset=\"https:\/\/www.next-food.net\/wp-content\/uploads\/2018\/03\/edible-ants.jpg 1800w, https:\/\/www.next-food.net\/wp-content\/uploads\/2018\/03\/edible-ants-169x300.jpg 169w, https:\/\/www.next-food.net\/wp-content\/uploads\/2018\/03\/edible-ants-768x1365.jpg 768w, https:\/\/www.next-food.net\/wp-content\/uploads\/2018\/03\/edible-ants-576x1024.jpg 576w, https:\/\/www.next-food.net\/wp-content\/uploads\/2018\/03\/edible-ants-295x524.jpg 295w, https:\/\/www.next-food.net\/wp-content\/uploads\/2018\/03\/edible-ants-590x1048.jpg 590w, https:\/\/www.next-food.net\/wp-content\/uploads\/2018\/03\/edible-ants-600x1067.jpg 600w\" sizes=\"(max-width: 248px) 100vw, 248px\" \/><\/a>reina, que pone su primera ristra de huevos en una hoja y los protege hasta que se convierten en obreras maduras. Luego, las obreras construir\u00e1n nidos de hojas. Las colonias pueden ser extremadamente grandes, constan de m\u00e1s de cien nidos que cubren muchos \u00e1rboles y posiblemente contienen m\u00e1s de medio mill\u00f3n de obreras. En sobres de 25 g, Next-Food lo ofrece a los entusiastas de la <em>entomofagia<\/em> ya aquellos que buscan un descubrimiento o un desaf\u00edo.<\/p>\n<h2>La Hormiga, un insecto alimentario en ensaladas o chocolate<\/h2>\n<p>Es un plato muy popular en el sudeste asi\u00e1tico. Sin embargo, debido a la dificultad de recolecci\u00f3n que se limita a unos pocos meses del a\u00f1o, se vuelven tan raros como valiosos. Como resultado, el consumo se reserva para tiempos espec\u00edficos. \u00a1Visite nuestro sitio next-food.net y podr\u00e1 pedir hormigas tejedoras comestibles envasadas en sobres de 25 g!<\/p>\n<p>La <em>hormiga<\/em> tejedora se reconoce por su sabor \u00e1cido y ligeramente picante, lo que la convierte en un excelente <em>insecto apero<\/em>. Tambi\u00e9n van de maravilla con ensaladas de temporada, mientras que otros las prefieren de postre, con chocolate.<\/p>\n<h3>Hormigas Tejedoras: La receta<\/h3>\n<p>Nada mejor que las recetas de insectos donde los condimentos est\u00e1n bien dosificados para revelar todos sus sabores. Los verrines con <em>hormigas tejedoras<\/em> son uno de ellos. Incluye 60 g de hormigas, 4 yogures griegos, un pepino, 3 cucharaditas de comino, menta, pimienta y sal.<\/p>\n<p>Para la preparaci\u00f3n se mezclan en una ensaladera el pepino troceado y el yogur antes de a\u00f1adir las hormigas, la menta picada y el comino. Termine condimentando con sal y pimienta. Durante una hora, coloque la ensaladera cubierta con film transparente en el refrigerador. Presentar la preparaci\u00f3n en los vasitos. Servir con unos toques decorativos. \u00a1Ordene <em>hormigas tejedoras<\/em> comestibles ahora en next-food.net!<\/p>\n<h2>Entomofagia: \u00bfy las vitaminas?<\/h2>\n<p>Como la mayor\u00eda de los <em>insectos comestibles<\/em>, las <em>hormigas tejedoras<\/em> son ricas en nutrientes. Gracias a la particularidad de su dieta, que se compone esencialmente de hojas, son muy ricas en vitamina C. La <em>hormiga<\/em> tambi\u00e9n tiene un aporte considerable de calcio con un contenido en l\u00edpidos inferior al 17%.<\/p>\n<p>La <em>hormiga<\/em> comestible tambi\u00e9n contiene un nivel interesante de carbohidratos que no se encuentran en la carne. En definitiva, son un excelente complemento alimenticio para reducir el riesgo de enfermedades cardiovasculares.<\/p>\n","protected":false},"excerpt":{"rendered":"        <div id=\"woocommerce-multi-currency-1\"\r\n             class=\"woocommerce-multi-currency wmc-shortcode plain-horizontal layout3 \"\r\n             data-layout=\"layout3\" data-flag_size=\"0.6\">\r\n            <input type=\"hidden\" class=\"wmc-current-url\" value=\"\/es\/wp-json\/wp\/v2\/product\/10240\">\r\n\t\t\t                <div class=\"wmc-currency wmc-active\">\r\n\t\t\t\t\t                    <a rel=\"nofollow\" title=\"European Union\" class=\"wmc-currency-redirect\"\r\n                       href=\"\/es\/wp-json\/wp\/v2\/product\/10240?wmc-currency=EUR\" data-currency=\"EUR\">\r\n                        <i style=\"transform: scale(0.6); margin: -8px -12px\"\r\n                           class=\"vi-flag-64 flag-eu \"><\/i>\r\n                    <\/a>\r\n                <\/div>\r\n\t\t\t\t                <div class=\"wmc-currency \">\r\n\t\t\t\t\t                    <a rel=\"nofollow\" title=\"Estados Unidos (EEUU)\" class=\"wmc-currency-redirect\"\r\n                       href=\"\/es\/wp-json\/wp\/v2\/product\/10240?wmc-currency=USD\" data-currency=\"USD\">\r\n                        <i style=\"transform: scale(0.6); margin: -8px -12px\"\r\n                           class=\"vi-flag-64 flag-us \"><\/i>\r\n                    <\/a>\r\n                <\/div>\r\n\t\t\t\t        <\/div>\r\n\t\t Elegir Moneda<\/p>\n<p><em>Hormiga<\/em> Weaver, <em>Insectos comestibles<\/em>\u2013 Oecophylla Smaragdina<\/p>\n<p>La <em>hormiga<\/em> con su sabor especiado combina perfectamente con muchos platos y permite que se incorporen a muchos platos tradicionales, cuyo sabor realzar\u00e1n con delicadeza, \u00a1pero que se pueden comer solos con la misma facilidad!<\/p>\n","protected":false},"featured_media":10241,"comment_status":"open","ping_status":"closed","template":"","meta":[],"product_brand":[],"product_cat":[361],"product_tag":[],"class_list":{"0":"post-10240","1":"product","2":"type-product","3":"status-publish","4":"has-post-thumbnail","6":"product_cat-plain-insects-es","8":"first","9":"outofstock","10":"sale","11":"shipping-taxable","12":"purchasable","13":"product-type-variable","14":"has-default-attributes"},"_links":{"self":[{"href":"https:\/\/www.next-food.net\/es\/wp-json\/wp\/v2\/product\/10240","targetHints":{"allow":["GET"]}}],"collection":[{"href":"https:\/\/www.next-food.net\/es\/wp-json\/wp\/v2\/product"}],"about":[{"href":"https:\/\/www.next-food.net\/es\/wp-json\/wp\/v2\/types\/product"}],"replies":[{"embeddable":true,"href":"https:\/\/www.next-food.net\/es\/wp-json\/wp\/v2\/comments?post=10240"}],"wp:featuredmedia":[{"embeddable":true,"href":"https:\/\/www.next-food.net\/es\/wp-json\/wp\/v2\/media\/10241"}],"wp:attachment":[{"href":"https:\/\/www.next-food.net\/es\/wp-json\/wp\/v2\/media?parent=10240"}],"wp:term":[{"taxonomy":"product_brand","embeddable":true,"href":"https:\/\/www.next-food.net\/es\/wp-json\/wp\/v2\/product_brand?post=10240"},{"taxonomy":"product_cat","embeddable":true,"href":"https:\/\/www.next-food.net\/es\/wp-json\/wp\/v2\/product_cat?post=10240"},{"taxonomy":"product_tag","embeddable":true,"href":"https:\/\/www.next-food.net\/es\/wp-json\/wp\/v2\/product_tag?post=10240"}],"curies":[{"name":"wp","href":"https:\/\/api.w.org\/{rel}","templated":true}]}}