{"id":10154,"date":"2015-01-24T17:49:10","date_gmt":"2015-01-24T16:49:10","guid":{"rendered":"https:\/\/www.next-food.net\/product\/chinche-de-agua-gigante-belostomatidae\/"},"modified":"2025-09-14T10:49:18","modified_gmt":"2025-09-14T09:49:18","slug":"chinche-de-agua-gigante-belostomatidae","status":"publish","type":"product","link":"https:\/\/www.next-food.net\/es\/producto\/chinche-de-agua-gigante-belostomatidae\/","title":{"rendered":"Insecto de agua gigante | Insectos comestibles \u00abBelostomatidae\u00bb"},"content":{"rendered":"<h2 style=\"text-align: allow;\">Insecto comestible con sabor a gambas a la plancha<\/h2>\n<p style=\"text-align: justify;\">(La bolsa de 2 piezas)<\/p>\n<p style=\"text-align: justify;\">Su apariencia lo convierte en uno de los <em>insectos comestibles<\/em> que menos apetito despertar\u00e1n, pero ser\u00eda un error creer que este insecto no contiene no tantas cualidades gustativas como sus otros cong\u00e9neres. Y s\u00ed, <em>comer insectos<\/em> requiere un poco de desaf\u00edo. Recuerda la llegada del Sushi y los miedos ligados al consumo de pescado crudo y f\u00e1cilmente te dar\u00e1s cuenta de que empezar a <em>comer insectos<\/em> es un obst\u00e1culo que no es insalvable\u2026 Y el gusanillo del gigante de agua, es el garant\u00eda para hacer el descubrimiento de sabores nuevos e innovadores!<br \/>\nDe color marr\u00f3n, la <strong>chinche de agua comestible gigante<\/strong> o escorpi\u00f3n de agua gigante se reconoce por su forma ovalada, cuerpo aplanado y 3 pares de patas largas. Carn\u00edvoros, los insectos acu\u00e1ticos gigantes son insectos que viven en estanques y lagos. Sus patas delanteras se utilizan para atrapar a sus presas, lo que recuerda al escorpi\u00f3n, de ah\u00ed su nombre \u00abescorpiones de agua\u00bb. Debido a su apariencia de escorpi\u00f3n y la estructura m\u00e1s pesada de un insecto, a menudo es impensable para la mayor\u00eda de las personas consumir estos <em>insectos alimenticios<\/em>. \u00bfLa vista de ellos te causa vacilaci\u00f3n o aprensi\u00f3n? Es una reacci\u00f3n normal, pero no dejes que eso te enga\u00f1e: los <em>bichos de agua gigantes<\/em> comestibles tienen un sabor incre\u00edble y un valor nutricional incomparable.<\/p>\n<h2>Entomofagia e insectos alimentarios: una explosi\u00f3n de sabores<\/h2>\n<p>A primera vista, el <em>insecto de agua gigante<\/em> comestible no es muy apetecible; sin embargo, seg\u00fan los seguidores de la <em>entomofagia<\/em>, confiar en este instinto es un error. En efecto, este <em>insecto comestible<\/em> se distingue por su sabor similar al de las gambas a la plancha, que resulta muy suculento. Antiguamente rebozado con ma\u00edz por los aztecas, todav\u00eda hoy es muy apreciado por los mexicanos y se encuentra en las recetas t\u00edpicas de la regi\u00f3n. Muy aficionados a este <em>insecto para comer<\/em>, los tailandeses lo machacan antes de mezclarlo con los condimentos.<\/p>\n<p>As\u00ed se obtiene el <em>nam prik mangda<\/em> que suele acompa\u00f1ar a las verduras y al arroz. As\u00ed que, si a\u00fan no has probado el sabor de este manjar, perm\u00edtete una peque\u00f1a aventura de sabor pidiendo un sobre de 25 g de <em>insectos de agua gigantes<\/em> comestibles en next-food.net.<\/p>\n<h3><strong>Y para tu salud: Prote\u00edna de insectos<\/strong><\/h3>\n<p>Para aquellos que a\u00fan no han conquistado el wok de ocho bichos, es necesario comenzar con un aperitivo de <em>bichos de agua gigantes<\/em> comestibles. Poni\u00e9ndolo en lugar de las habituales patatas fritas o cacahuetes, asistimos a una aut\u00e9ntica explosi\u00f3n de sabores en boca. Adem\u00e1s, los ni\u00f1os lo comen como un regalo en Tailandia. Como todos los <em>insectos comestibles<\/em>, la <em>chinche de agua gigante<\/em> tiene un importante aporte nutricional. Desde prote\u00ednas hasta omega 3, pasando por vitaminas, carbohidratos y minerales, los nutrientes que contiene son m\u00e1s importantes que los que se encuentran en la carne, la leche, el pescado&#8230;<\/p>\n<p>Para hacernos una idea, un adulto de 70 kg necesita un aporte diario de 58 g de prote\u00edna. Por lo tanto, se necesitan 100 g de carne seca para llenarlo. Sin embargo, al optar por harinas de insectos o por <em>una chinche de agua gigante<\/em> seca, un poco menos de 78 g son suficientes. Si est\u00e1s tentado o simplemente eres fan\u00e1tico de la <em>entomofagia<\/em>, compra todo tipo de <em>insectos para comer<\/em> en next-food.net.<\/p>\n","protected":false},"excerpt":{"rendered":"        <div id=\"woocommerce-multi-currency-1\"\r\n             class=\"woocommerce-multi-currency wmc-shortcode plain-horizontal layout3 \"\r\n             data-layout=\"layout3\" data-flag_size=\"0.6\">\r\n            <input type=\"hidden\" class=\"wmc-current-url\" value=\"\/es\/wp-json\/wp\/v2\/product\/10154\">\r\n\t\t\t                <div class=\"wmc-currency wmc-active\">\r\n\t\t\t\t\t                    <a rel=\"nofollow\" title=\"European Union\" class=\"wmc-currency-redirect\"\r\n                       href=\"\/es\/wp-json\/wp\/v2\/product\/10154?wmc-currency=EUR\" data-currency=\"EUR\">\r\n                        <i style=\"transform: scale(0.6); margin: -8px -12px\"\r\n                           class=\"vi-flag-64 flag-eu \"><\/i>\r\n                    <\/a>\r\n                <\/div>\r\n\t\t\t\t                <div class=\"wmc-currency \">\r\n\t\t\t\t\t                    <a rel=\"nofollow\" title=\"Estados Unidos (EEUU)\" class=\"wmc-currency-redirect\"\r\n                       href=\"\/es\/wp-json\/wp\/v2\/product\/10154?wmc-currency=USD\" data-currency=\"USD\">\r\n                        <i style=\"transform: scale(0.6); margin: -8px -12px\"\r\n                           class=\"vi-flag-64 flag-us \"><\/i>\r\n                    <\/a>\r\n                <\/div>\r\n\t\t\t\t        <\/div>\r\n\t\t Elegir Moneda<\/p>\n<p>Chinche de agua gigante, &lt;em&gt;Insectos comestibles&lt;\/em&gt; \u00abBelostomatidae\u00bb&lt;i&gt;&lt;\/i&gt;<\/p>\n<p>La bolsa de 2 piezas<\/p>\n<p>Su apariencia lo convierte en uno de los &lt;em&gt;insectos comestibles&lt;\/em&gt; para comer que menos apetito despertar\u00e1n, pero ser\u00eda un error creer que este insecto no contiene tantas cualidades gustativas como sus otros cong\u00e9neres.<\/p>\n<p>Su sabor: \u00a1Una nota de gambas a la plancha!<\/p>\n","protected":false},"featured_media":10157,"comment_status":"open","ping_status":"closed","template":"","meta":[],"product_brand":[],"product_cat":[361],"product_tag":[],"class_list":{"0":"post-10154","1":"product","2":"type-product","3":"status-publish","4":"has-post-thumbnail","6":"product_cat-plain-insects-es","8":"first","9":"outofstock","10":"shipping-taxable","11":"purchasable","12":"product-type-simple"},"_links":{"self":[{"href":"https:\/\/www.next-food.net\/es\/wp-json\/wp\/v2\/product\/10154","targetHints":{"allow":["GET"]}}],"collection":[{"href":"https:\/\/www.next-food.net\/es\/wp-json\/wp\/v2\/product"}],"about":[{"href":"https:\/\/www.next-food.net\/es\/wp-json\/wp\/v2\/types\/product"}],"replies":[{"embeddable":true,"href":"https:\/\/www.next-food.net\/es\/wp-json\/wp\/v2\/comments?post=10154"}],"wp:featuredmedia":[{"embeddable":true,"href":"https:\/\/www.next-food.net\/es\/wp-json\/wp\/v2\/media\/10157"}],"wp:attachment":[{"href":"https:\/\/www.next-food.net\/es\/wp-json\/wp\/v2\/media?parent=10154"}],"wp:term":[{"taxonomy":"product_brand","embeddable":true,"href":"https:\/\/www.next-food.net\/es\/wp-json\/wp\/v2\/product_brand?post=10154"},{"taxonomy":"product_cat","embeddable":true,"href":"https:\/\/www.next-food.net\/es\/wp-json\/wp\/v2\/product_cat?post=10154"},{"taxonomy":"product_tag","embeddable":true,"href":"https:\/\/www.next-food.net\/es\/wp-json\/wp\/v2\/product_tag?post=10154"}],"curies":[{"name":"wp","href":"https:\/\/api.w.org\/{rel}","templated":true}]}}