{"id":10106,"date":"2015-01-24T18:01:00","date_gmt":"2015-01-24T17:01:00","guid":{"rendered":"https:\/\/www.next-food.net\/product\/mini-saltamontes-schistocerca\/"},"modified":"2025-06-26T18:51:43","modified_gmt":"2025-06-26T17:51:43","slug":"mini-saltamontes-schistocerca","status":"publish","type":"product","link":"https:\/\/www.next-food.net\/es\/producto\/mini-saltamontes-schistocerca\/","title":{"rendered":"Saltamontes (Mini) | Insectos comestibles \u00abSchistocerca\u00bb"},"content":{"rendered":"<h2>Saltamontes: \u00a1un sabroso insecto para comer!<\/h2>\n<p>Crujiente y sabroso, ideal como aperitivo, el mini-<em>saltamontes<\/em> comestible es un plato muy apreciado tanto por los grandes amantes de los <em>insectos comestibles<\/em> como por los curiosos. Es resistente gracias a su exoesqueleto, lo que lo convierte en un excelente <em>insecto comestible<\/em> apto para asar a la parrilla y cocinar a fuego fuerte.<\/p>\n<h3>Saltamontes: La receta de este insecto comestible<\/h3>\n<p>Para la preparaci\u00f3n, la receta de <em>saltamontes<\/em> a la plancha es seguramente la m\u00e1s popular. Para tener \u00e9xito, debes congelarlos durante una hora. Luego se meten en horno precalentado a 90\u00b0C por 1 a 2 horas. Para comprobar si est\u00e1n listos, trit\u00faralos con una cuchara. Se retiran en cuanto la textura es crujiente. Para realzar el sabor, se pueden sazonar con aceite de oliva, sal y pimienta.<\/p>\n<p>El mini <em>saltamontes<\/em> comestible frito en mantequilla y ajo tambi\u00e9n es una delicia. Muy sencilla, la receta consiste en derretir y reducir la mantequilla a fuego lento antes de dorar los ajos. A\u00f1adir, a continuaci\u00f3n, los <em>insectos comestibles<\/em> que doramos durante 10 a 15 minutos, removiendo regularmente. Para pon\u00e9rtelo m\u00e1s f\u00e1cil, opta por nuestros sobres de 25 g de mini saltamontes comestibles disponibles en next-food.net.<\/p>\n<h2>Prote\u00edna de Insecto: El Saltamontes<\/h2>\n<p>Los ort\u00f3pteros, a los que pertenecen los minisaltamontes comestibles, son los <em>insectos comedores<\/em> que contienen m\u00e1s prote\u00ednas. Por otro lado, tienen un contenido en grasas que ronda el 16%. Adem\u00e1s, contienen nutrientes muy valiosos para la salud como las vitaminas, el calcio es especialmente el omega 3 cuyo aporte solo puede ser nutricional.<\/p>\n<p>Si se adquieren las bondades de los mini saltamontes comestibles, no debes aventurarte a atraparlos en tus jardines. Por su tama\u00f1o y color, se confunden f\u00e1cilmente con peligrosos saltamontes. Adem\u00e1s, es probable que est\u00e9n cubiertos de residuos de plaguicidas.<\/p>\n<p>Por ello, los entusiastas experimentados de la <em>entomofagia<\/em> recomiendan a aquellos que quieran probar el sabor de los <em>insectos comestibles<\/em> que los compren en tiendas especializadas. As\u00ed, Next-Food ha puesto en marcha un sistema de entomocultivo para producir insectos de calidad que respeten el ciclo natural de los insectos y las normas sanitarias vigentes. Entonces, visite next-food.net para pedir mini saltamontes comestibles.<\/p>\n","protected":false},"excerpt":{"rendered":"        <div id=\"woocommerce-multi-currency-1\"\r\n             class=\"woocommerce-multi-currency wmc-shortcode plain-horizontal layout3 \"\r\n             data-layout=\"layout3\" data-flag_size=\"0.6\">\r\n            <input type=\"hidden\" class=\"wmc-current-url\" value=\"\/es\/wp-json\/wp\/v2\/product\/10106\">\r\n\t\t\t                <div class=\"wmc-currency wmc-active\">\r\n\t\t\t\t\t                    <a rel=\"nofollow\" title=\"European Union\" class=\"wmc-currency-redirect\"\r\n                       href=\"\/es\/wp-json\/wp\/v2\/product\/10106?wmc-currency=EUR\" data-currency=\"EUR\">\r\n                        <i style=\"transform: scale(0.6); margin: -8px -12px\"\r\n                           class=\"vi-flag-64 flag-eu \"><\/i>\r\n                    <\/a>\r\n                <\/div>\r\n\t\t\t\t                <div class=\"wmc-currency \">\r\n\t\t\t\t\t                    <a rel=\"nofollow\" title=\"Estados Unidos (EEUU)\" class=\"wmc-currency-redirect\"\r\n                       href=\"\/es\/wp-json\/wp\/v2\/product\/10106?wmc-currency=USD\" data-currency=\"USD\">\r\n                        <i style=\"transform: scale(0.6); margin: -8px -12px\"\r\n                           class=\"vi-flag-64 flag-us \"><\/i>\r\n                    <\/a>\r\n                <\/div>\r\n\t\t\t\t        <\/div>\r\n\t\t Elegir Moneda<\/p>\n<p><em>Saltamontes<\/em> (mini), <em>Insectos comestibles<\/em> &#8211; Schistocerca<\/p>\n<p>En <em>insecto apero<\/em> o <em>insecto a la plancha<\/em>, este crujiente y sabroso saltamontes te encantar\u00e1<\/p>\n","protected":false},"featured_media":10107,"comment_status":"open","ping_status":"closed","template":"","meta":[],"product_brand":[],"product_cat":[361],"product_tag":[],"class_list":{"0":"post-10106","1":"product","2":"type-product","3":"status-publish","4":"has-post-thumbnail","6":"product_cat-plain-insects-es","8":"first","9":"outofstock","10":"sale","11":"shipping-taxable","12":"purchasable","13":"product-type-variable","14":"has-default-attributes"},"_links":{"self":[{"href":"https:\/\/www.next-food.net\/es\/wp-json\/wp\/v2\/product\/10106","targetHints":{"allow":["GET"]}}],"collection":[{"href":"https:\/\/www.next-food.net\/es\/wp-json\/wp\/v2\/product"}],"about":[{"href":"https:\/\/www.next-food.net\/es\/wp-json\/wp\/v2\/types\/product"}],"replies":[{"embeddable":true,"href":"https:\/\/www.next-food.net\/es\/wp-json\/wp\/v2\/comments?post=10106"}],"wp:featuredmedia":[{"embeddable":true,"href":"https:\/\/www.next-food.net\/es\/wp-json\/wp\/v2\/media\/10107"}],"wp:attachment":[{"href":"https:\/\/www.next-food.net\/es\/wp-json\/wp\/v2\/media?parent=10106"}],"wp:term":[{"taxonomy":"product_brand","embeddable":true,"href":"https:\/\/www.next-food.net\/es\/wp-json\/wp\/v2\/product_brand?post=10106"},{"taxonomy":"product_cat","embeddable":true,"href":"https:\/\/www.next-food.net\/es\/wp-json\/wp\/v2\/product_cat?post=10106"},{"taxonomy":"product_tag","embeddable":true,"href":"https:\/\/www.next-food.net\/es\/wp-json\/wp\/v2\/product_tag?post=10106"}],"curies":[{"name":"wp","href":"https:\/\/api.w.org\/{rel}","templated":true}]}}