{"id":10085,"date":"2018-03-13T21:33:15","date_gmt":"2018-03-13T20:33:15","guid":{"rendered":"https:\/\/www.next-food.net\/product\/escarabajos-phyllophaga\/"},"modified":"2026-02-23T11:44:38","modified_gmt":"2026-02-23T10:44:38","slug":"escarabajos-phyllophaga","status":"publish","type":"product","link":"https:\/\/www.next-food.net\/es\/producto\/escarabajos-phyllophaga\/","title":{"rendered":"Escarabajos | Insectos comestibles (Phyllophaga)"},"content":{"rendered":"<h2>Escarabajo: \u00a1otro insecto comestible de elecci\u00f3n!<\/h2>\n<p>Con su crujido \u00fanico, los escarabajos son una excelente fuente de prote\u00ednas y calcio. Escarabajo | Insecto comestible (Phyllophaga). Vivas, estas peque\u00f1as criaturas son nocturnas, as\u00ed que si quieres ser sensible a sus h\u00e1bitos, disfr\u00fatalas por la noche como snack, aderezo de pizza, ba\u00f1adas en salsa picante o como quieras: eso es lo que ellos hubieran deseado\u2026<\/p>\n<p>Estos insectos secos, como el escarabajo comestible, se encuentran f\u00e1cilmente en los jardines sin darse cuenta de lo que podr\u00eda traer. De hecho, tienen propiedades nutricionales excepcionales.<\/p>\n<h3>Insecto que se come: El escarabajo<\/h3>\n<p>El escarabajo comestible es parte de la familia de los escarabajos. Con un ciclo de vida de 3 a\u00f1os, sus larvas viven en el suelo y se alimentan de las ra\u00edces de las plantas. Una vez adultos, salen de la tierra y vuelan a fines de la primavera. En esta etapa, comen las hojas tiernas de los cogollos.<\/p>\n<p>Una vez cosechados, estos insectos comestibles se limpian, cocinan y deshidratan inmediatamente para preservar su contenido de nutrientes.<\/p>\n<p>De esta forma, somos capaces de satisfacer a un exigente aficionado a la entomofagia. Por lo tanto, no dude en consultar el sitio next-food.net para pedir escarabajos comestibles envasados en sobres de 25 g.<\/p>\n<h2>Escarabajo: insecto al gusto sabroso<\/h2>\n<p>Por la misma cantidad de carne, los escarabajos comestibles tienen cinco veces m\u00e1s prote\u00edna y tres veces menos grasa. Con su forma redondeada, tienen m\u00e1s nutrientes que algunos insectos comestibles. Adem\u00e1s, con un razonable \u00edndice de hidratos de carbono, calcio y sobre todo omega 3, son un manjar y de calidad.<\/p>\n<p>Los escarabajos comestibles, tanto crujientes como tiernos, tienen un sabor bastante familiar. Algunos encuentran en \u00e9l el sabor de las palomitas de ma\u00edz y otros recuerdan el tocino cuando se saltea en mantequilla. \u00a1Entom\u00f3fagos informados o aventureros del gusto, vayan a next-food.net para conseguir escarabajos comestibles!<\/p>\n<h2>Recetas sabrosas para insectos de comida.<\/h2>\n<p>Hay diferentes formas de degustar el escarabajo comestible. Se puede comer como aperitivo acompa\u00f1ado de mayonesa, guindilla u otras salsas. Tambi\u00e9n se pueden usar como aderezo para pizza o simplemente saborearlos como insectos a la parrilla.<\/p>\n<p>Para una preparaci\u00f3n m\u00e1s elaborada pero sin dejar de ser sencilla, saltear los escarabajos para comer con aceite o mantequilla durante 5 minutos. Despu\u00e9s de quitar el exceso de grasa, agregue salsa de soja antes de volver a ponerlo al fuego. Puede agregar curry o salsa picante para darle m\u00e1s sabor al plato.<\/p>\n","protected":false},"excerpt":{"rendered":"        <div id=\"woocommerce-multi-currency-1\"\r\n             class=\"woocommerce-multi-currency wmc-shortcode plain-horizontal layout3 \"\r\n             data-layout=\"layout3\" data-flag_size=\"0.6\">\r\n            <input type=\"hidden\" class=\"wmc-current-url\" value=\"\/es\/wp-json\/wp\/v2\/product\/10085\">\r\n\t\t\t                <div class=\"wmc-currency wmc-active\">\r\n\t\t\t\t\t                    <a rel=\"nofollow\" title=\"European Union\" class=\"wmc-currency-redirect\"\r\n                       href=\"\/es\/wp-json\/wp\/v2\/product\/10085?wmc-currency=EUR\" data-currency=\"EUR\">\r\n                        <i style=\"transform: scale(0.6); margin: -8px -12px\"\r\n                           class=\"vi-flag-64 flag-eu \"><\/i>\r\n                    <\/a>\r\n                <\/div>\r\n\t\t\t\t                <div class=\"wmc-currency \">\r\n\t\t\t\t\t                    <a rel=\"nofollow\" title=\"Estados Unidos (EEUU)\" class=\"wmc-currency-redirect\"\r\n                       href=\"\/es\/wp-json\/wp\/v2\/product\/10085?wmc-currency=USD\" data-currency=\"USD\">\r\n                        <i style=\"transform: scale(0.6); margin: -8px -12px\"\r\n                           class=\"vi-flag-64 flag-us \"><\/i>\r\n                    <\/a>\r\n                <\/div>\r\n\t\t\t\t        <\/div>\r\n\t\t Elegir moneda<\/p>\n<p>&nbsp;<\/p>\n<p>Los <em>Escarabajos, Insectos Comestibles<\/em> &#8211; Phyllophaga<\/p>\n<p>\u00a1Esta &#8216;elecci\u00f3n&#8217; de insecto para comer sabe a palomitas de ma\u00edz!<\/p>\n<p>\u00a1Excelente elecci\u00f3n para este <em>aperitivo de insectos<\/em>!<\/p>\n","protected":false},"featured_media":10086,"comment_status":"open","ping_status":"closed","template":"","meta":[],"product_brand":[],"product_cat":[361],"product_tag":[],"class_list":{"0":"post-10085","1":"product","2":"type-product","3":"status-publish","4":"has-post-thumbnail","6":"product_cat-plain-insects-es","8":"first","9":"outofstock","10":"shipping-taxable","11":"purchasable","12":"product-type-variable","13":"has-default-attributes"},"_links":{"self":[{"href":"https:\/\/www.next-food.net\/es\/wp-json\/wp\/v2\/product\/10085","targetHints":{"allow":["GET"]}}],"collection":[{"href":"https:\/\/www.next-food.net\/es\/wp-json\/wp\/v2\/product"}],"about":[{"href":"https:\/\/www.next-food.net\/es\/wp-json\/wp\/v2\/types\/product"}],"replies":[{"embeddable":true,"href":"https:\/\/www.next-food.net\/es\/wp-json\/wp\/v2\/comments?post=10085"}],"wp:featuredmedia":[{"embeddable":true,"href":"https:\/\/www.next-food.net\/es\/wp-json\/wp\/v2\/media\/10086"}],"wp:attachment":[{"href":"https:\/\/www.next-food.net\/es\/wp-json\/wp\/v2\/media?parent=10085"}],"wp:term":[{"taxonomy":"product_brand","embeddable":true,"href":"https:\/\/www.next-food.net\/es\/wp-json\/wp\/v2\/product_brand?post=10085"},{"taxonomy":"product_cat","embeddable":true,"href":"https:\/\/www.next-food.net\/es\/wp-json\/wp\/v2\/product_cat?post=10085"},{"taxonomy":"product_tag","embeddable":true,"href":"https:\/\/www.next-food.net\/es\/wp-json\/wp\/v2\/product_tag?post=10085"}],"curies":[{"name":"wp","href":"https:\/\/api.w.org\/{rel}","templated":true}]}}