{"id":10066,"date":"2018-03-13T21:51:03","date_gmt":"2018-03-13T20:51:03","guid":{"rendered":"https:\/\/www.next-food.net\/product\/cigarra-cicadidae\/"},"modified":"2026-03-12T13:19:37","modified_gmt":"2026-03-12T12:19:37","slug":"cigarra-cicadidae","status":"publish","type":"product","link":"https:\/\/www.next-food.net\/es\/producto\/cigarra-cicadidae\/","title":{"rendered":"cigarra | Insectos comestibles"},"content":{"rendered":"<h2><strong>cigarra | \u00a1Un insecto comestible de elecci\u00f3n!<\/strong><\/h2>\n<p>Cantidad en bolsa de 20g<\/p>\n<p>Por la delicadeza de su sabor, la <em>cigarra<\/em> es un <em>insecto comestible<\/em> muy buscado por los amantes de la <em>entomofagia<\/em>. Una delicia ! la <em>cigarra<\/em> se consume en varios pa\u00edses.<\/p>\n<p>De hecho, este <em>insecto devorador<\/em> \u00abla <em>cigarra<\/em>\u00bb se alimenta de savia que le da un sabor \u00fanico cercano a la nuez.<\/p>\n<p>Por la delicadeza de su sabor, la cigarra es un <em>alimento de insectos<\/em> muy buscado por los amantes de los <em>insectos comestibles<\/em>.<\/p>\n<p>Muy aficionado a este plato, Arist\u00f3teles y los griegos en general, incluso lo elogiaron. Para el gran placer de los <strong>entom\u00f3fagos<\/strong> o incluso para las personas que quieran probar suerte simplemente con la degustaci\u00f3n de este insecto comestible.<\/p>\n<p>Next-Food ofrece cigarras en sobres de 20 g.<\/p>\n<h2><strong>\u00bfQuieres probar: \u00abComer insectos\u00bb?<\/strong><\/h2>\n<p>Los conocedores describen el sabor de la cigarra a su manera.<\/p>\n<p>As\u00ed, estos \u00faltimos hablan de un sabor cercano a las nueces. Esto se debe a la savia de la que se alimenta.<\/p>\n<p>Adem\u00e1s, algunos encuentran el sabor del camar\u00f3n. En cualquier caso, las opiniones coinciden en un punto: la <em>cigarra<\/em> tiene un sabor exquisito.<\/p>\n<p>No obstante, para apreciar el sabor \u00fanico de este <strong>insecto comestible<\/strong>, recomendamos una preparaci\u00f3n sencilla:<\/p>\n<p>Una pizca de sal, cebolla y unas gotas de aceite para fre\u00edr son suficientes para que suelte su sabor con facilidad.<\/p>\n<p>La <em>cigarra<\/em> se puede comer como cena o como \u00ab<em>aperitivo de insectos\u00bb<\/em>.<\/p>\n<p>No deja de ser muy sencillo que encontremos la receta del insecto <em>chicharra<\/em> a la plancha con menta silvestre.<\/p>\n<p>Todav\u00eda es necesaria una peque\u00f1a recomendaci\u00f3n para los fan\u00e1ticos de la fritura: unos segundos son suficientes para cocinar la cigarra.<\/p>\n<p>\u00a1Encuentre cigarras comestibles naturales de calidad y econ\u00f3micas aqu\u00ed!<\/p>\n<h2>La cigarra: \u00a1Otro insecto comestible que te quiere bien!<\/h2>\n<p>En relaci\u00f3n con diversos problemas alimentarios, los <em>insectos comestibles<\/em> son una verdadera alternativa alimentaria.<\/p>\n<p>De hecho, seg\u00fan los especialistas, tiene un aporte proteico m\u00e1s rico que la carne y los l\u00e1cteos, los huevos y las verduras. As\u00ed, la prote\u00edna puede alcanzar las tres cuartas partes del peso seco.<\/p>\n<p>Adem\u00e1s, al igual que los <strong>insectos comestibles<\/strong> en general, la <em>cigarra<\/em> tiene solo un 16% de grasa, mientras que la carne tiene un \u00edndice del 48%. Esto lo convierte en un excelente men\u00fa sustituto para aquellos que quieren mantener la l\u00ednea mientras recargan energ\u00eda. Finalmente, los especialistas sostienen que los <em>come insectos<\/em> son una fuente de alimento. De hecho, a diferencia de los animales de granja tradicionales, solo muestran enfermedades comunes muy raras con los humanos. \u00a1Compra en next-food.net todo tipo de insectos comestibles!<\/p>\n<p>Poca informaci\u00f3n algunas cigarras en USA tienen un ciclo de reproducci\u00f3n de 17 a\u00f1os antes de dejar escuchar su canto y en China se coloca una cigarra de jade en la boca de los muertos, s\u00edmbolo de vida eterna y resurrecci\u00f3n en el m\u00e1s all\u00e1. Hay 3390 especies de cicadidae en el mundo.<\/p>\n","protected":false},"excerpt":{"rendered":"        <div id=\"woocommerce-multi-currency-1\"\r\n             class=\"woocommerce-multi-currency wmc-shortcode plain-horizontal layout3 \"\r\n             data-layout=\"layout3\" data-flag_size=\"0.6\">\r\n            <input type=\"hidden\" class=\"wmc-current-url\" value=\"\/es\/wp-json\/wp\/v2\/product\/10066\">\r\n\t\t\t                <div class=\"wmc-currency wmc-active\">\r\n\t\t\t\t\t                    <a rel=\"nofollow\" title=\"European Union\" class=\"wmc-currency-redirect\"\r\n                       href=\"\/es\/wp-json\/wp\/v2\/product\/10066?wmc-currency=EUR\" data-currency=\"EUR\">\r\n                        <i style=\"transform: scale(0.6); margin: -8px -12px\"\r\n                           class=\"vi-flag-64 flag-eu \"><\/i>\r\n                    <\/a>\r\n                <\/div>\r\n\t\t\t\t                <div class=\"wmc-currency \">\r\n\t\t\t\t\t                    <a rel=\"nofollow\" title=\"Estados Unidos (EEUU)\" class=\"wmc-currency-redirect\"\r\n                       href=\"\/es\/wp-json\/wp\/v2\/product\/10066?wmc-currency=USD\" data-currency=\"USD\">\r\n                        <i style=\"transform: scale(0.6); margin: -8px -12px\"\r\n                           class=\"vi-flag-64 flag-us \"><\/i>\r\n                    <\/a>\r\n                <\/div>\r\n\t\t\t\t        <\/div>\r\n\t\t Elegir Moneda<\/p>\n<p>La <em>cigarra<\/em>, uno de los <em>insectos comestibles<\/em> m\u00e1s apreciados por los especialistas en <em>entomofagia<\/em>. Un sutil sabor a nuez har\u00e1 las delicias de sus papilas gustativas.<\/p>\n","protected":false},"featured_media":10067,"comment_status":"open","ping_status":"closed","template":"","meta":[],"product_brand":[],"product_cat":[361],"product_tag":[],"class_list":{"0":"post-10066","1":"product","2":"type-product","3":"status-publish","4":"has-post-thumbnail","6":"product_cat-plain-insects-es","8":"first","9":"instock","10":"shipping-taxable","11":"purchasable","12":"product-type-simple"},"_links":{"self":[{"href":"https:\/\/www.next-food.net\/es\/wp-json\/wp\/v2\/product\/10066","targetHints":{"allow":["GET"]}}],"collection":[{"href":"https:\/\/www.next-food.net\/es\/wp-json\/wp\/v2\/product"}],"about":[{"href":"https:\/\/www.next-food.net\/es\/wp-json\/wp\/v2\/types\/product"}],"replies":[{"embeddable":true,"href":"https:\/\/www.next-food.net\/es\/wp-json\/wp\/v2\/comments?post=10066"}],"wp:featuredmedia":[{"embeddable":true,"href":"https:\/\/www.next-food.net\/es\/wp-json\/wp\/v2\/media\/10067"}],"wp:attachment":[{"href":"https:\/\/www.next-food.net\/es\/wp-json\/wp\/v2\/media?parent=10066"}],"wp:term":[{"taxonomy":"product_brand","embeddable":true,"href":"https:\/\/www.next-food.net\/es\/wp-json\/wp\/v2\/product_brand?post=10066"},{"taxonomy":"product_cat","embeddable":true,"href":"https:\/\/www.next-food.net\/es\/wp-json\/wp\/v2\/product_cat?post=10066"},{"taxonomy":"product_tag","embeddable":true,"href":"https:\/\/www.next-food.net\/es\/wp-json\/wp\/v2\/product_tag?post=10066"}],"curies":[{"name":"wp","href":"https:\/\/api.w.org\/{rel}","templated":true}]}}