{"id":10054,"date":"2017-07-10T12:21:52","date_gmt":"2017-07-10T11:21:52","guid":{"rendered":"https:\/\/www.next-food.net\/product\/little-edible-crickets-caliente-y-picante\/"},"modified":"2026-03-09T15:59:16","modified_gmt":"2026-03-09T14:59:16","slug":"little-edible-crickets-caliente-y-picante","status":"publish","type":"product","link":"https:\/\/www.next-food.net\/es\/producto\/little-edible-crickets-caliente-y-picante\/","title":{"rendered":"Grillos (peque\u00f1os) | Insectos comestibles \u00abcalientes y picantes\u00bb"},"content":{"rendered":"<h2><strong>Cr\u00edquet | Insectos para comer como aperitivo: \u00a1Cuidado con las papilas gustativas!<\/strong><\/h2>\n<p>Para las personas que aman los <em>insectos comestibles<\/em> y los pimientos, Next-Food ha preparado peque\u00f1os grillos comestibles calientes y picantes&#8230;<\/p>\n<h2>Comer insectos y prote\u00ednas de insectos<\/h2>\n<p>La guindilla es un condimento utilizado habitualmente en las cocinas orientales. Algunos alaban sus virtudes afrodis\u00edacas, mientras que otros simplemente las toman por diversi\u00f3n.<\/p>\n<p>Para aquellos que tambi\u00e9n aprecian los <em>insectos comestibles<\/em>, los peque\u00f1os grillos picantes y picantes est\u00e1n destinados a ellos.<\/p>\n<p>Adem\u00e1s, reputados especialistas sostienen que el pimiento ayuda a la l\u00ednea. Combinando este beneficio con el bajo contenido en grasas y el alto contenido en prote\u00ednas de los grillos comestibles, obtenemos el mejor aliado de quienes quieren adelgazar.<\/p>\n<p>Adem\u00e1s, los peque\u00f1os grillos comestibles tienen un interesante aporte de omega 3. De hecho, el cuerpo humano no puede producir este tipo de nutriente que es necesario para el cuerpo. Por lo tanto, el apoyo externo es m\u00e1s que necesario. \u00a1As\u00ed que pide tus peque\u00f1os <strong>grillos<\/strong> comestibles calientes y picantes ahora en next-food.net!<\/p>\n<h2><strong>Entomofagia: \u00a1Salta un grillo!<\/strong><\/h2>\n<p>En algunos pa\u00edses, la <strong>entomofagia<\/strong> est\u00e1 arraigada en su cultura. En Europa, los <em>insectos comestibles<\/em> tienen el estatus de \u00abnuevo alimento\u00bb seg\u00fan la normativa de la Comisi\u00f3n Europea.<\/p>\n<p>Sin embargo, los insectos comestibles se descubren en m\u00faltiples facetas para convencer a los m\u00e1s reacios.<\/p>\n<p>Sin embargo, la mejor manera de obtener su primer bocado de <em>bichos para comer<\/em> es con <em>bichos<\/em> con sabor.<\/p>\n<p>As\u00ed, el ne\u00f3fito tendr\u00e1 la oportunidad de centrarse \u00fanicamente en los sabores que nuestro chef trabaja de forma natural.<\/p>\n<p>Para ello, hay que empezar cerrando los ojos y centr\u00e1ndonos en los aromas. Una vez imbuidos de estos sabores, puedes prolongar los placeres con un peque\u00f1o bocado de <em>insectos a la parrilla<\/em> que trituras delicadamente para descubrir los sabores.<\/p>\n<p>El <strong>insecto comestible<\/strong> con formas familiares tambi\u00e9n es eficaz para dar el salto a la <em>entomofagia<\/em>. Para esta opci\u00f3n, los grillos peque\u00f1os que son visualmente muy similares a las papas fritas son excelentes. \u00a1Entonces, inicie sesi\u00f3n en next-food.net y ordene los <em>insectos comestibles<\/em> con sabor que m\u00e1s le convengan!<\/p>\n","protected":false},"excerpt":{"rendered":"        <div id=\"woocommerce-multi-currency-1\"\r\n             class=\"woocommerce-multi-currency wmc-shortcode plain-horizontal layout3 \"\r\n             data-layout=\"layout3\" data-flag_size=\"0.6\">\r\n            <input type=\"hidden\" class=\"wmc-current-url\" value=\"\/es\/wp-json\/wp\/v2\/product\/10054\">\r\n\t\t\t                <div class=\"wmc-currency wmc-active\">\r\n\t\t\t\t\t                    <a rel=\"nofollow\" title=\"European Union\" class=\"wmc-currency-redirect\"\r\n                       href=\"\/es\/wp-json\/wp\/v2\/product\/10054?wmc-currency=EUR\" data-currency=\"EUR\">\r\n                        <i style=\"transform: scale(0.6); margin: -8px -12px\"\r\n                           class=\"vi-flag-64 flag-eu \"><\/i>\r\n                    <\/a>\r\n                <\/div>\r\n\t\t\t\t                <div class=\"wmc-currency \">\r\n\t\t\t\t\t                    <a rel=\"nofollow\" title=\"Estados Unidos (EEUU)\" class=\"wmc-currency-redirect\"\r\n                       href=\"\/es\/wp-json\/wp\/v2\/product\/10054?wmc-currency=USD\" data-currency=\"USD\">\r\n                        <i style=\"transform: scale(0.6); margin: -8px -12px\"\r\n                           class=\"vi-flag-64 flag-us \"><\/i>\r\n                    <\/a>\r\n                <\/div>\r\n\t\t\t\t        <\/div>\r\n\t\t Elegir Moneda<\/p>\n<p>Grillos Peque\u00f1os, <em>Insectos Comestibles<\/em> Preparados Calientes y Picantes\u2013 Acheta Domesticus<br \/>\n(La bolsa de 25 g)<\/p>\n<p>Con amigos, en familia o simplemente por la noche: un <em>aperitivo de insectos<\/em> preparado por nuestro chef, \u00a1ligeramente picante!<\/p>\n","protected":false},"featured_media":10055,"comment_status":"open","ping_status":"closed","template":"","meta":[],"product_brand":[],"product_cat":[371],"product_tag":[],"class_list":{"0":"post-10054","1":"product","2":"type-product","3":"status-publish","4":"has-post-thumbnail","6":"product_cat-flavoured-es","8":"first","9":"instock","10":"shipping-taxable","11":"purchasable","12":"product-type-simple"},"_links":{"self":[{"href":"https:\/\/www.next-food.net\/es\/wp-json\/wp\/v2\/product\/10054","targetHints":{"allow":["GET"]}}],"collection":[{"href":"https:\/\/www.next-food.net\/es\/wp-json\/wp\/v2\/product"}],"about":[{"href":"https:\/\/www.next-food.net\/es\/wp-json\/wp\/v2\/types\/product"}],"replies":[{"embeddable":true,"href":"https:\/\/www.next-food.net\/es\/wp-json\/wp\/v2\/comments?post=10054"}],"wp:featuredmedia":[{"embeddable":true,"href":"https:\/\/www.next-food.net\/es\/wp-json\/wp\/v2\/media\/10055"}],"wp:attachment":[{"href":"https:\/\/www.next-food.net\/es\/wp-json\/wp\/v2\/media?parent=10054"}],"wp:term":[{"taxonomy":"product_brand","embeddable":true,"href":"https:\/\/www.next-food.net\/es\/wp-json\/wp\/v2\/product_brand?post=10054"},{"taxonomy":"product_cat","embeddable":true,"href":"https:\/\/www.next-food.net\/es\/wp-json\/wp\/v2\/product_cat?post=10054"},{"taxonomy":"product_tag","embeddable":true,"href":"https:\/\/www.next-food.net\/es\/wp-json\/wp\/v2\/product_tag?post=10054"}],"curies":[{"name":"wp","href":"https:\/\/api.w.org\/{rel}","templated":true}]}}