{"id":10048,"date":"2017-07-10T11:08:31","date_gmt":"2017-07-10T10:08:31","guid":{"rendered":"https:\/\/www.next-food.net\/product\/pequenos-grillos-saben-a-salsa-bbq\/"},"modified":"2026-02-08T17:52:50","modified_gmt":"2026-02-08T16:52:50","slug":"pequenos-grillos-saben-a-salsa-bbq","status":"publish","type":"product","link":"https:\/\/www.next-food.net\/es\/producto\/pequenos-grillos-saben-a-salsa-bbq\/","title":{"rendered":"Grillos (peque\u00f1os) | Insectos Comestibles \u00abSalsa BBQ\u00bb"},"content":{"rendered":"<h2><strong>Chips con sabor a barbacoa o H\u00e1gase bien naturalmente: Insectos para comer<\/strong><\/h2>\n<p>Al adoptar una dieta diferente a la de los amantes de la carne, los entom\u00f3fagos obtienen principalmente prote\u00ednas de <em>insectos comestibles<\/em>. Para diversificar sabores y placeres, Next-Food presenta peque\u00f1os <strong>grillos<\/strong> comestibles con sabor a salsa BBQ\u2026<\/p>\n<h2>Prueba bien la entomofagia por primera vez<\/h2>\n<p>Originaria de los Estados Unidos, la barbacoa es una salsa marr\u00f3n a base de mostaza, salsa de soja, salsa inglesa, vinagre de sidra de miel l\u00edquido y cebolla. Estos ingredientes lo convierten en una mezcla marr\u00f3n que es un delicioso acompa\u00f1amiento para las barbacoas.<\/p>\n<p>Para deleite de los amantes de los <strong>insectos comestibles<\/strong>, los peque\u00f1os grillos que comen habitualmente como aperitivo est\u00e1n disponibles en salsa BBQ de Next-Food.<\/p>\n<p>Estos <em>insectos comestibles<\/em> son un gran sustituto de las gambas en recetas como el arroz frito o la paella. Con prote\u00edna y omega 3 adem\u00e1s, los insectos comestibles con sabor no tienen nada que envidiar a los filetes.<\/p>\n<p>Adem\u00e1s, son el producto ideal para una primera degustaci\u00f3n de <strong>insectos<\/strong> <strong>para comer<\/strong>. De hecho, los ne\u00f3fitos no tendr\u00e1n problemas para redescubrir el sabor de la carne en los peque\u00f1os grillos comestibles con sabor a salsa BBQ. Entonces, eche un vistazo a next-food.net para pedir los peque\u00f1os grillos como aperitivo, \u00a1disponibles en salsa BBQ!<\/p>\n<h3><strong>Insecto alimentario: entomofagia para ne\u00f3fitos<\/strong><\/h3>\n<p>Tras haber superado la etapa de la primera cata de insectos comestibles, el nuevo <strong>entom\u00f3fago<\/strong> puede emprender una aventura gustativa. Para ello, el sitio next-food.net ofrece muchos sabores con sus <em>insectos comestibles<\/em>.<\/p>\n<p>Desde la albahaca tailandesa hasta las algas aonori pasando por la lima, el pimiento dulce, el satay, el wasabi&#8230; todo el mundo tendr\u00e1 algo para enriquecer su cultura gustativa en un viaje a trav\u00e9s de las especias y los condimentos que hacen famoso a Oriente.<\/p>\n<p>Para acompa\u00f1ar al entom\u00f3fago en su b\u00fasqueda, Next-Food ofrece a sus clientes insectos de calidad de sus granjas eco-responsables. Criados con t\u00e9cnicas innovadoras, crecen en condiciones naturales que optimizan su calidad. \u00a1Entonces, inicie sesi\u00f3n en next-food.net para ordenar los insectos comestibles de su elecci\u00f3n!<\/p>\n<p>Durante estas diferentes etapas, los insectos comestibles son tratados de forma que se optimice su sabor. Por lo tanto, permiten que todos aporten un toque de originalidad a su men\u00fa. Adem\u00e1s, no faltan recetas adaptadas a los insectos.<\/p>\n","protected":false},"excerpt":{"rendered":"        <div id=\"woocommerce-multi-currency-1\"\r\n             class=\"woocommerce-multi-currency wmc-shortcode plain-horizontal layout3 \"\r\n             data-layout=\"layout3\" data-flag_size=\"0.6\">\r\n            <input type=\"hidden\" class=\"wmc-current-url\" value=\"\/es\/wp-json\/wp\/v2\/product\/10048\">\r\n\t\t\t                <div class=\"wmc-currency wmc-active\">\r\n\t\t\t\t\t                    <a rel=\"nofollow\" title=\"European Union\" class=\"wmc-currency-redirect\"\r\n                       href=\"\/es\/wp-json\/wp\/v2\/product\/10048?wmc-currency=EUR\" data-currency=\"EUR\">\r\n                        <i style=\"transform: scale(0.6); margin: -8px -12px\"\r\n                           class=\"vi-flag-64 flag-eu \"><\/i>\r\n                    <\/a>\r\n                <\/div>\r\n\t\t\t\t                <div class=\"wmc-currency \">\r\n\t\t\t\t\t                    <a rel=\"nofollow\" title=\"Estados Unidos (EEUU)\" class=\"wmc-currency-redirect\"\r\n                       href=\"\/es\/wp-json\/wp\/v2\/product\/10048?wmc-currency=USD\" data-currency=\"USD\">\r\n                        <i style=\"transform: scale(0.6); margin: -8px -12px\"\r\n                           class=\"vi-flag-64 flag-us \"><\/i>\r\n                    <\/a>\r\n                <\/div>\r\n\t\t\t\t        <\/div>\r\n\t\t Elegir Moneda<\/p>\n<p>Peque\u00f1os <em>Grillos, Insectos Comestibles<\/em> Preparados con Sabor a Salsa BBQ \u2013 Acheta Domesticus<br \/>\n(La bolsa de 25 g)<\/p>\n<p>\u00a1Conoces esa sensaci\u00f3n insaciable de la salsa BBQ!<\/p>\n<p>El Top de la <em>entomofagia<\/em>, insectos comestibles: \u00a1los grillos saben a salsa BBQ!<\/p>\n","protected":false},"featured_media":10049,"comment_status":"open","ping_status":"closed","template":"","meta":[],"product_brand":[],"product_cat":[371],"product_tag":[],"class_list":{"0":"post-10048","1":"product","2":"type-product","3":"status-publish","4":"has-post-thumbnail","6":"product_cat-flavoured-es","8":"first","9":"instock","10":"shipping-taxable","11":"purchasable","12":"product-type-simple"},"_links":{"self":[{"href":"https:\/\/www.next-food.net\/es\/wp-json\/wp\/v2\/product\/10048","targetHints":{"allow":["GET"]}}],"collection":[{"href":"https:\/\/www.next-food.net\/es\/wp-json\/wp\/v2\/product"}],"about":[{"href":"https:\/\/www.next-food.net\/es\/wp-json\/wp\/v2\/types\/product"}],"replies":[{"embeddable":true,"href":"https:\/\/www.next-food.net\/es\/wp-json\/wp\/v2\/comments?post=10048"}],"wp:featuredmedia":[{"embeddable":true,"href":"https:\/\/www.next-food.net\/es\/wp-json\/wp\/v2\/media\/10049"}],"wp:attachment":[{"href":"https:\/\/www.next-food.net\/es\/wp-json\/wp\/v2\/media?parent=10048"}],"wp:term":[{"taxonomy":"product_brand","embeddable":true,"href":"https:\/\/www.next-food.net\/es\/wp-json\/wp\/v2\/product_brand?post=10048"},{"taxonomy":"product_cat","embeddable":true,"href":"https:\/\/www.next-food.net\/es\/wp-json\/wp\/v2\/product_cat?post=10048"},{"taxonomy":"product_tag","embeddable":true,"href":"https:\/\/www.next-food.net\/es\/wp-json\/wp\/v2\/product_tag?post=10048"}],"curies":[{"name":"wp","href":"https:\/\/api.w.org\/{rel}","templated":true}]}}