{"id":10042,"date":"2018-01-17T14:35:17","date_gmt":"2018-01-17T13:35:17","guid":{"rendered":"https:\/\/www.next-food.net\/product\/insectos-pequenos-grillos-sal-y-vinagre-comestibles\/"},"modified":"2026-01-03T21:53:24","modified_gmt":"2026-01-03T20:53:24","slug":"insectos-pequenos-grillos-sal-y-vinagre-comestibles","status":"publish","type":"product","link":"https:\/\/www.next-food.net\/es\/producto\/insectos-pequenos-grillos-sal-y-vinagre-comestibles\/","title":{"rendered":"Grillos (peque\u00f1os) | Insectos Comestibles \u00abSal y Vinagre\u00bb"},"content":{"rendered":"<h2><strong>Cr\u00edquet | \u00bfInsecto comestible o man\u00ed?<\/strong><\/h2>\n<p>Next-Food Artesano Productor eco-responsable de <strong>insectos comestibles<\/strong> te invita a probar y sustituir los productos de aperitivo \u00abindustriales\u00bb por <em>insectos comestibles<\/em> naturales!<\/p>\n<p>Next Food, te ofrece una amplia gama de <em>insectos para comer<\/em>, para probar, para degustar, \u00a1cocinados por nuestro Chef!<\/p>\n<h2><strong>Cr\u00edquet | Otra forma de comer insectos<\/strong><\/h2>\n<p>Para los aficionados que busquen un aperitivo original y quieran sustituir productos industriales grasos que contengan productos dudosos, les sugerimos con la prote\u00edna adem\u00e1s, los peque\u00f1os insectos comestibles <strong>grillos<\/strong> sal y vinagre.<\/p>\n<p>En efecto, estos <em>insectos a la parrilla<\/em> son un excelente aperitivo abriendo el apetito de los comensales.<\/p>\n<p>El peque\u00f1o <em>grillo<\/em> es tambi\u00e9n el ingrediente ideal para preparar ensaladas ligeras y proteicas. Estos <em>insectos alimentarios<\/em> aportar\u00e1n sabor a tu preparaci\u00f3n.<\/p>\n<p>Tambi\u00e9n puedes decorar tus verduras y ma\u00edz con este peque\u00f1o <em>grillo<\/em>. Un peque\u00f1o giro en la sart\u00e9n los har\u00e1 crujientes. Para ello bastan unos minutos. Un ligero toque de aceite de oliva o de s\u00e9samo y \u00a1listo! Eso es !<\/p>\n<p>El valor nutricional del <strong>grillo<\/strong> te sorprender\u00e1. Son ricas en prote\u00edna y fibra con un contenido de grasa inferior al 6%.<\/p>\n<p>Adem\u00e1s, hay Omega 3, calcio, magnesio&#8230; As\u00ed que consulta el sitio next-food.net y pide tus <em>insectos<\/em> peque\u00f1os grillos comestibles de sal y vinagre.<\/p>\n<h2>\u00a1Prueba la entomofagia y empieza con el grillo!<\/h2>\n<p>La primera vez, tendemos a aprehender la primera picadura de un <em>insecto comestible.<\/em><\/p>\n<p>Nuestro consejo es empezar con <strong>harina de insectos<\/strong> que se puede incorporar a la elaboraci\u00f3n de pan o bizcochos.<\/p>\n<p>Para los amantes de la cocina casera y la masa fresca, la <em>harina de insectos<\/em> comestible te ofrece la posibilidad de preparar pasta con un bajo contenido en <strong>gluten<\/strong>. Para ello basta con sustituir una parte m\u00e1s o menos importante de la harina de trigo por harina de grillo, por ejemplo.<\/p>\n<p>Buscando ingredientes de calidad para su preparaci\u00f3n culinaria o de reposter\u00eda, eche un vistazo a nuestro sitio next-food.net para pedir la <strong>harina de grillo<\/strong>. Como exige la normativa europea, despu\u00e9s de una clasificaci\u00f3n cuidadosa, los insectos comestibles se hierven y deshidratan antes de envasar cualquier otra preparaci\u00f3n. As\u00ed que haz lo que hacen los entom\u00f3fagos expertos y ordena tus <em>insectos comestibles<\/em> en next-food.net.<\/p>\n","protected":false},"excerpt":{"rendered":"        <div id=\"woocommerce-multi-currency-1\"\r\n             class=\"woocommerce-multi-currency wmc-shortcode plain-horizontal layout3 \"\r\n             data-layout=\"layout3\" data-flag_size=\"0.6\">\r\n            <input type=\"hidden\" class=\"wmc-current-url\" value=\"\/es\/wp-json\/wp\/v2\/product\/10042\">\r\n\t\t\t                <div class=\"wmc-currency wmc-active\">\r\n\t\t\t\t\t                    <a rel=\"nofollow\" title=\"European Union\" class=\"wmc-currency-redirect\"\r\n                       href=\"\/es\/wp-json\/wp\/v2\/product\/10042?wmc-currency=EUR\" data-currency=\"EUR\">\r\n                        <i style=\"transform: scale(0.6); margin: -8px -12px\"\r\n                           class=\"vi-flag-64 flag-eu \"><\/i>\r\n                    <\/a>\r\n                <\/div>\r\n\t\t\t\t                <div class=\"wmc-currency \">\r\n\t\t\t\t\t                    <a rel=\"nofollow\" title=\"Estados Unidos (EEUU)\" class=\"wmc-currency-redirect\"\r\n                       href=\"\/es\/wp-json\/wp\/v2\/product\/10042?wmc-currency=USD\" data-currency=\"USD\">\r\n                        <i style=\"transform: scale(0.6); margin: -8px -12px\"\r\n                           class=\"vi-flag-64 flag-us \"><\/i>\r\n                    <\/a>\r\n                <\/div>\r\n\t\t\t\t        <\/div>\r\n\t\t Choose Currency<\/p>\n<p>Peque\u00f1os <em>Grillos, insectos comestibles<\/em> preparados en sal y vinagre \u2013 Acheta Domesticus<br \/>\n(La bolsa de 25 g)<\/p>\n<p>El Mosto del <em>insecto apero<\/em>: \u00a1Los <em>insectos comestibles<\/em> \u00abpeque\u00f1os grillos a la sal y vinagre\u00bb preparados por nuestro Chef!<\/p>\n","protected":false},"featured_media":10043,"comment_status":"open","ping_status":"closed","template":"","meta":[],"product_brand":[],"product_cat":[371],"product_tag":[],"class_list":{"0":"post-10042","1":"product","2":"type-product","3":"status-publish","4":"has-post-thumbnail","6":"product_cat-flavoured-es","8":"first","9":"instock","10":"shipping-taxable","11":"purchasable","12":"product-type-simple"},"_links":{"self":[{"href":"https:\/\/www.next-food.net\/es\/wp-json\/wp\/v2\/product\/10042","targetHints":{"allow":["GET"]}}],"collection":[{"href":"https:\/\/www.next-food.net\/es\/wp-json\/wp\/v2\/product"}],"about":[{"href":"https:\/\/www.next-food.net\/es\/wp-json\/wp\/v2\/types\/product"}],"replies":[{"embeddable":true,"href":"https:\/\/www.next-food.net\/es\/wp-json\/wp\/v2\/comments?post=10042"}],"wp:featuredmedia":[{"embeddable":true,"href":"https:\/\/www.next-food.net\/es\/wp-json\/wp\/v2\/media\/10043"}],"wp:attachment":[{"href":"https:\/\/www.next-food.net\/es\/wp-json\/wp\/v2\/media?parent=10042"}],"wp:term":[{"taxonomy":"product_brand","embeddable":true,"href":"https:\/\/www.next-food.net\/es\/wp-json\/wp\/v2\/product_brand?post=10042"},{"taxonomy":"product_cat","embeddable":true,"href":"https:\/\/www.next-food.net\/es\/wp-json\/wp\/v2\/product_cat?post=10042"},{"taxonomy":"product_tag","embeddable":true,"href":"https:\/\/www.next-food.net\/es\/wp-json\/wp\/v2\/product_tag?post=10042"}],"curies":[{"name":"wp","href":"https:\/\/api.w.org\/{rel}","templated":true}]}}