{"id":10036,"date":"2016-05-23T22:52:49","date_gmt":"2016-05-23T21:52:49","guid":{"rendered":"https:\/\/www.next-food.net\/product\/grillos-de-tom-yum\/"},"modified":"2025-12-06T10:47:11","modified_gmt":"2025-12-06T09:47:11","slug":"grillos-de-tom-yum","status":"publish","type":"product","link":"https:\/\/www.next-food.net\/es\/producto\/grillos-de-tom-yum\/","title":{"rendered":"grillos | Insectos comestibles \u00abTom Yum\u00bb"},"content":{"rendered":"<h2>Cricket: \u00a1El chef TOP de los insectos comestibles!<\/h2>\n<p>Hoy en d\u00eda, los productos y las recetas de <em>insectos comestibles<\/em> se multiplican y los entom\u00f3fagos tienen muchas opciones. Una vez m\u00e1s, Next-Food los enriquece con grillos Tom Yum.<\/p>\n<h3>Langosta comestible: la receta que no te dejar\u00e1 indiferente<\/h3>\n<p>Quienes est\u00e9n familiarizados con Tailandia y sus sabores reconocer\u00e1n los sabores de una sopa Tom Yum.<\/p>\n<p>El limoncillo y las hojas de combava aportan aromas refrescantes y la acidez del lim\u00f3n realza el sabor de los grillos. Por \u00faltimo, un toque de guindilla seguro que te abre el apetito.<\/p>\n<p>Particularmente buscados por los entom\u00f3fagos, los grillos comestibles se distinguen por su rico sabor y textura. Para los que las prefieren con verduras crudas, solo ten\u00e9is que preparar las ensaladas con un ali\u00f1o ligero antes de a\u00f1adir los <strong>grillos<\/strong> tom yum que transmitir\u00e1n su sabor a la preparaci\u00f3n. Excelentes como <strong>aperitivo de insectos<\/strong>, est\u00e1n disponibles en bolsitas en next-food.net. Entonces, haz tu pedido.<\/p>\n<h2>Insectos comestibles: \u00a1conquistando Occidente!<\/h2>\n<p>Las ideas preconcebidas son tenaces, pero los tiempos cambian y los h\u00e1bitos evolucionan. Los <em>insectos comestibles<\/em> comienzan a aparecer regularmente en los platos de algunos hogares franceses. De hecho, los especialistas ofrecen grillos a la parrilla, <em>gusanos de la harina<\/em>, <em>langostas<\/em> comestibles\u2026 en diferentes recetas para seducir incluso a los amantes m\u00e1s ac\u00e9rrimos de los filetes de carne.<\/p>\n<p>Por lo tanto, es bastante natural que encontremos <em>insectos alimentarios<\/em> en brochetas o a la parrilla en medio de aperitivos cl\u00e1sicos como embutidos, queso, cacahuetes&#8230; En algunas noches, los aperitivos habituales se sustituyen por completo por <em >insectos apero<\/em><strong>.<\/strong><\/p>\n<h2>Aperitivo de insectos o Insecto en ensalada: ligereza, \u00a1hazte bien!<\/h2>\n<p>Esta elecci\u00f3n a menudo se explica por el sabor o incluso por la tendencia ecol\u00f3gica del momento. Sin embargo, la raz\u00f3n que surge con mayor frecuencia se refiere a la ingesta de nutrientes que tiene una gran cantidad de prote\u00ednas y, especialmente, el bajo nivel de grasa que contiene el <em>insecto comestible<\/em>.<\/p>\n<p>Por sus cualidades nutritivas, los <em>insectos comestibles<\/em> son aptos para picar en cualquier momento. De hecho, a diferencia de los alimentos ricos en grasas y az\u00facares, no presentan riesgos para los adultos como la obesidad o la diabetes. Por el contrario, se consideran ligeros o livianos.<\/p>\n<p>As\u00ed que, para una ocasi\u00f3n especial o para una simple degustaci\u00f3n, echa un vistazo a next-food.net y pide los insectos comestibles que m\u00e1s te convengan.<\/p>\n","protected":false},"excerpt":{"rendered":"        <div id=\"woocommerce-multi-currency-1\"\r\n             class=\"woocommerce-multi-currency wmc-shortcode plain-horizontal layout3 \"\r\n             data-layout=\"layout3\" data-flag_size=\"0.6\">\r\n            <input type=\"hidden\" class=\"wmc-current-url\" value=\"\/es\/wp-json\/wp\/v2\/product\/10036\">\r\n\t\t\t                <div class=\"wmc-currency wmc-active\">\r\n\t\t\t\t\t                    <a rel=\"nofollow\" title=\"European Union\" class=\"wmc-currency-redirect\"\r\n                       href=\"\/es\/wp-json\/wp\/v2\/product\/10036?wmc-currency=EUR\" data-currency=\"EUR\">\r\n                        <i style=\"transform: scale(0.6); margin: -8px -12px\"\r\n                           class=\"vi-flag-64 flag-eu \"><\/i>\r\n                    <\/a>\r\n                <\/div>\r\n\t\t\t\t                <div class=\"wmc-currency \">\r\n\t\t\t\t\t                    <a rel=\"nofollow\" title=\"Estados Unidos (EEUU)\" class=\"wmc-currency-redirect\"\r\n                       href=\"\/es\/wp-json\/wp\/v2\/product\/10036?wmc-currency=USD\" data-currency=\"USD\">\r\n                        <i style=\"transform: scale(0.6); margin: -8px -12px\"\r\n                           class=\"vi-flag-64 flag-us \"><\/i>\r\n                    <\/a>\r\n                <\/div>\r\n\t\t\t\t        <\/div>\r\n\t\t Elegir Moneda<\/p>\n<p><em>Grillo, Insectos Comestibles<\/em> preparado en Tom Yum &#8211; Gryllus Bimaculatus<br \/>\n(La bolsa de 25 g)<\/p>\n<p>El plato tailand\u00e9s m\u00e1s famoso del mundo, un plato tradicional del centro de Tailandia y Laos. En esta sopa clara, especiada y agridulce, encontramos ingredientes como hierba de lim\u00f3n, hoja de lima, galanga, guindilla: una mezcla de especias saludables. Una receta de <em>insectos comestibles<\/em> preparada por nuestro Chef, <em>estilo entomofagia<\/em>, con grillos.<\/p>\n","protected":false},"featured_media":10037,"comment_status":"open","ping_status":"closed","template":"","meta":[],"product_brand":[],"product_cat":[371],"product_tag":[],"class_list":{"0":"post-10036","1":"product","2":"type-product","3":"status-publish","4":"has-post-thumbnail","6":"product_cat-flavoured-es","8":"first","9":"instock","10":"shipping-taxable","11":"purchasable","12":"product-type-simple"},"_links":{"self":[{"href":"https:\/\/www.next-food.net\/es\/wp-json\/wp\/v2\/product\/10036","targetHints":{"allow":["GET"]}}],"collection":[{"href":"https:\/\/www.next-food.net\/es\/wp-json\/wp\/v2\/product"}],"about":[{"href":"https:\/\/www.next-food.net\/es\/wp-json\/wp\/v2\/types\/product"}],"replies":[{"embeddable":true,"href":"https:\/\/www.next-food.net\/es\/wp-json\/wp\/v2\/comments?post=10036"}],"wp:featuredmedia":[{"embeddable":true,"href":"https:\/\/www.next-food.net\/es\/wp-json\/wp\/v2\/media\/10037"}],"wp:attachment":[{"href":"https:\/\/www.next-food.net\/es\/wp-json\/wp\/v2\/media?parent=10036"}],"wp:term":[{"taxonomy":"product_brand","embeddable":true,"href":"https:\/\/www.next-food.net\/es\/wp-json\/wp\/v2\/product_brand?post=10036"},{"taxonomy":"product_cat","embeddable":true,"href":"https:\/\/www.next-food.net\/es\/wp-json\/wp\/v2\/product_cat?post=10036"},{"taxonomy":"product_tag","embeddable":true,"href":"https:\/\/www.next-food.net\/es\/wp-json\/wp\/v2\/product_tag?post=10036"}],"curies":[{"name":"wp","href":"https:\/\/api.w.org\/{rel}","templated":true}]}}