{"id":10022,"date":"2015-12-04T13:56:17","date_gmt":"2015-12-04T12:56:17","guid":{"rendered":"https:\/\/www.next-food.net\/product\/grillos-de-algas-aonori\/"},"modified":"2025-11-16T18:55:44","modified_gmt":"2025-11-16T17:55:44","slug":"grillos-de-algas-aonori","status":"publish","type":"product","link":"https:\/\/www.next-food.net\/es\/producto\/grillos-de-algas-aonori\/","title":{"rendered":"grillos | Insectos comestibles con \u00abAlga Aonori\u00bb"},"content":{"rendered":"<h2>Grillos: \u00a1Los sabores de la entomofagia!<\/h2>\n<p>Los entom\u00f3fagos seguramente conocen el sabor del <em>grillo<\/em> comestible. Sin embargo, por esta vez, adem\u00e1s de sus sabores, te hacen descubrir los de aonori, algas ricas en magnesio, calcio, minerales, vitaminas A, C, E y B, amino\u00e1cido\u2026<\/p>\n<h2>Una receta de insectos al estilo japon\u00e9s<\/h2>\n<p>Muy popular entre los japoneses, esta alga da un sabor agradable a los platos. As\u00ed acompa\u00f1a habitualmente al sushi. Adem\u00e1s de <em>prote\u00edna de insecto<\/em>, los grillos con alga Aonori aportan nutrientes muy beneficiosos para la salud. Entonces, pida Grillos con algas Aonori ahora en Next-food.net.<\/p>\n<p>Excelente como aperitivo o como tentempi\u00e9, se puede disfrutar solo \u00ab<em>grillo<\/em>\u00bb como cacahuetes, patatas fritas o galletas o sumergido en una salsa de su elecci\u00f3n. Por otro lado, hay que tener cuidado con el exceso de especias a riesgo de enmascarar el sabor y el aroma de las algas. En brocheta van muy bien con cervezas<\/p>\n<h3>Insecto alimentario: una de las soluciones para nuestra alimentaci\u00f3n del futuro<\/h3>\n<p>Para el a\u00f1o 2050, la tierra tendr\u00e1 nada menos que 9 mil millones de personas, lo que constituye un verdadero desaf\u00edo para la humanidad. De hecho, para satisfacer las necesidades alimentarias de esta poblaci\u00f3n, la producci\u00f3n agr\u00edcola simplemente tiene que aumentar en un 70% seg\u00fan cifras de la FAO. Desde esta perspectiva, la opci\u00f3n de los <strong>insectos comestibles<\/strong> se convierte en una soluci\u00f3n casi obvia.<\/p>\n<p>Adem\u00e1s, al comer, todos los animales convierten los alimentos en prote\u00ednas, grasas y otros nutrientes para aumentar de peso. La tasa de esta conversi\u00f3n es fenomenal en los insectos. Por ejemplo, para 10 kg de comida permita que el cerdo y el pollo ganen 3 kg y 5 kg respectivamente. En cuanto a los <em>insectos comestibles<\/em>, alcanza los 9 kg.<\/p>\n<p>Sin ning\u00fan riesgo para la salud, los <strong>insectos comestibles<\/strong> que te ofrecemos en next-food.net te har\u00e1n cambiar de opini\u00f3n. De hecho, estos insectos comestibles se cr\u00edan en condiciones naturales y \u00f3ptimas.<\/p>\n<p>Nuestro proceso y nuestra intratable selecci\u00f3n de <em>insectos comestibles<\/em> nos lleva a hervirlos y luego secarlos. Todo en una perspectiva totalmente eco-responsable.<\/p>\n<p>Adem\u00e1s, tenemos mucho cuidado de preservar los sabores y las cualidades nutricionales del <em>alimento de insectos<\/em><\/p>\n","protected":false},"excerpt":{"rendered":"        <div id=\"woocommerce-multi-currency-1\"\r\n             class=\"woocommerce-multi-currency wmc-shortcode plain-horizontal layout3 \"\r\n             data-layout=\"layout3\" data-flag_size=\"0.6\">\r\n            <input type=\"hidden\" class=\"wmc-current-url\" value=\"\/es\/wp-json\/wp\/v2\/product\/10022\">\r\n\t\t\t                <div class=\"wmc-currency wmc-active\">\r\n\t\t\t\t\t                    <a rel=\"nofollow\" title=\"European Union\" class=\"wmc-currency-redirect\"\r\n                       href=\"\/es\/wp-json\/wp\/v2\/product\/10022?wmc-currency=EUR\" data-currency=\"EUR\">\r\n                        <i style=\"transform: scale(0.6); margin: -8px -12px\"\r\n                           class=\"vi-flag-64 flag-eu \"><\/i>\r\n                    <\/a>\r\n                <\/div>\r\n\t\t\t\t                <div class=\"wmc-currency \">\r\n\t\t\t\t\t                    <a rel=\"nofollow\" title=\"Estados Unidos (EEUU)\" class=\"wmc-currency-redirect\"\r\n                       href=\"\/es\/wp-json\/wp\/v2\/product\/10022?wmc-currency=USD\" data-currency=\"USD\">\r\n                        <i style=\"transform: scale(0.6); margin: -8px -12px\"\r\n                           class=\"vi-flag-64 flag-us \"><\/i>\r\n                    <\/a>\r\n                <\/div>\r\n\t\t\t\t        <\/div>\r\n\t\t Elegir Moneda<br \/>\n<em>Grillo, Insectos Comestibles<\/em> preparado con \u00abAlga Aonori\u00bb &#8211; Gryllus Bimaculatus<br \/>\n(La bolsa de 25 g)<\/p>\n<p>Para los amantes del sabor japon\u00e9s, nuestro chef prepar\u00f3 esta <em>comida de insectos<\/em> con alga Aonori. El alga Aonori es rica en minerales como calcio, magnesio, litio, adem\u00e1s de vitaminas y amino\u00e1cidos: una combinaci\u00f3n perfecta desde el punto de vista diet\u00e9tico.<\/p>\n<p>Las algas Aonori aportan un sabor a \u00abyodo\u00bb al <em>cricket<\/em><\/p>\n","protected":false},"featured_media":10023,"comment_status":"open","ping_status":"closed","template":"","meta":[],"product_brand":[],"product_cat":[371],"product_tag":[],"class_list":{"0":"post-10022","1":"product","2":"type-product","3":"status-publish","4":"has-post-thumbnail","6":"product_cat-flavoured-es","8":"first","9":"instock","10":"shipping-taxable","11":"purchasable","12":"product-type-simple"},"_links":{"self":[{"href":"https:\/\/www.next-food.net\/es\/wp-json\/wp\/v2\/product\/10022","targetHints":{"allow":["GET"]}}],"collection":[{"href":"https:\/\/www.next-food.net\/es\/wp-json\/wp\/v2\/product"}],"about":[{"href":"https:\/\/www.next-food.net\/es\/wp-json\/wp\/v2\/types\/product"}],"replies":[{"embeddable":true,"href":"https:\/\/www.next-food.net\/es\/wp-json\/wp\/v2\/comments?post=10022"}],"wp:featuredmedia":[{"embeddable":true,"href":"https:\/\/www.next-food.net\/es\/wp-json\/wp\/v2\/media\/10023"}],"wp:attachment":[{"href":"https:\/\/www.next-food.net\/es\/wp-json\/wp\/v2\/media?parent=10022"}],"wp:term":[{"taxonomy":"product_brand","embeddable":true,"href":"https:\/\/www.next-food.net\/es\/wp-json\/wp\/v2\/product_brand?post=10022"},{"taxonomy":"product_cat","embeddable":true,"href":"https:\/\/www.next-food.net\/es\/wp-json\/wp\/v2\/product_cat?post=10022"},{"taxonomy":"product_tag","embeddable":true,"href":"https:\/\/www.next-food.net\/es\/wp-json\/wp\/v2\/product_tag?post=10022"}],"curies":[{"name":"wp","href":"https:\/\/api.w.org\/{rel}","templated":true}]}}