{"id":10016,"date":"2015-12-04T12:38:42","date_gmt":"2015-12-04T11:38:42","guid":{"rendered":"https:\/\/www.next-food.net\/product\/grillos-con-wasabi\/"},"modified":"2025-12-06T05:52:55","modified_gmt":"2025-12-06T04:52:55","slug":"grillos-con-wasabi","status":"publish","type":"product","link":"https:\/\/www.next-food.net\/es\/producto\/grillos-con-wasabi\/","title":{"rendered":"grillos | Insectos comestibles preparados con \u00abWasabi\u00bb"},"content":{"rendered":"<h2>Grillos comestibles: \u00a1Pon fuego!<\/h2>\n<p>Los <em>grillos comestibles<\/em> son muy populares entre los aficionados a la lentomofagia. Incluso atraen m\u00e1s all\u00e1 de los c\u00edrculos de consumidores habituales de <em>insectos alimentarios<\/em>. Por tanto, es natural que se elijan para preparar <em>insectos comestibles<\/em> aromatizados con salsas como el wasabi.<\/p>\n<h2>Insect to Eat: La calidad y frescura de Next Food<\/h2>\n<p>Wasabi es una salsa hecha de una planta de monta\u00f1a del mismo nombre. Suele encontrarse en Jap\u00f3n, en la regi\u00f3n de Shizuoka, en las laderas del famos\u00edsimo monte Fuji. Tiene un sabor muy agradable y una particularidad: es fuerte, pero no picante como la guindilla.<\/p>\n<p>Puedes descubrir su sutileza tomando un <em>aperitivo de insectos<\/em> como el <em>grillo<\/em> con Wasabi. Incluso los entusiastas experimentados de la <em>entomofagia<\/em> pueden sorprenderse con esta combinaci\u00f3n de sabores. De hecho, el <em>insecto alimentario<\/em> que constituye este producto se selecciona entre miles y miles de <em>grillos comestibles<\/em><\/p>\n<p>Tras la selecci\u00f3n, son meticulosamente elaborados y envasados \u200b\u200bin situ para conservar todos los aromas. Entonces, \u00bfte tienta <em>comer insectos<\/em>?<\/p>\n<p>Haz como los entusiastas de la <em>entomofagia<\/em> m\u00e1s exigentes, pide tus <em>insectos comestibles<\/em> naturales o de sabores en next-food.net.<\/p>\n<h3>Insecto alimentario en Europa<\/h3>\n<p>En Europa, el consumo de <em>insecto<\/em> se remonta a la antig\u00fcedad como muy tarde. Arist\u00f3teles incluso elogia ciertos <em>come insectos<\/em> que eran verdaderos manjares para los antiguos romanos y griegos. Por lo tanto, <em>comer insectos<\/em> no es nada nuevo y la cantidad de entom\u00f3fagos en el mundo supera con creces los 2 mil millones de individuos.<\/p>\n<p>Actualmente, la venta de &#8216;<em>insectos comestibles<\/em>&#8216; est\u00e1 estrictamente regulada. De hecho, la ley exige que los gerentes de una tienda de insectos comestibles deban probar que sus productos no presentan ning\u00fan peligro para la salud de los consumidores.<\/p>\n<p>Por su parte, para poder ofrecer los mejores productos a los consumidores, Next-Food solo ofrece insectos (como la <em>langosta comestible<\/em>) com\u00fanmente consumidos por millones, incluso miles de millones de entom\u00f3fagos. Al cumplir con los criterios de tama\u00f1o y calidad, pasan por una cadena de preparaci\u00f3n y envasado que cumple con las normas de higiene vigentes.<\/p>\n","protected":false},"excerpt":{"rendered":"        <div id=\"woocommerce-multi-currency-1\"\r\n             class=\"woocommerce-multi-currency wmc-shortcode plain-horizontal layout3 \"\r\n             data-layout=\"layout3\" data-flag_size=\"0.6\">\r\n            <input type=\"hidden\" class=\"wmc-current-url\" value=\"\/es\/wp-json\/wp\/v2\/product\/10016\">\r\n\t\t\t                <div class=\"wmc-currency wmc-active\">\r\n\t\t\t\t\t                    <a rel=\"nofollow\" title=\"European Union\" class=\"wmc-currency-redirect\"\r\n                       href=\"\/es\/wp-json\/wp\/v2\/product\/10016?wmc-currency=EUR\" data-currency=\"EUR\">\r\n                        <i style=\"transform: scale(0.6); margin: -8px -12px\"\r\n                           class=\"vi-flag-64 flag-eu \"><\/i>\r\n                    <\/a>\r\n                <\/div>\r\n\t\t\t\t                <div class=\"wmc-currency \">\r\n\t\t\t\t\t                    <a rel=\"nofollow\" title=\"Estados Unidos (EEUU)\" class=\"wmc-currency-redirect\"\r\n                       href=\"\/es\/wp-json\/wp\/v2\/product\/10016?wmc-currency=USD\" data-currency=\"USD\">\r\n                        <i style=\"transform: scale(0.6); margin: -8px -12px\"\r\n                           class=\"vi-flag-64 flag-us \"><\/i>\r\n                    <\/a>\r\n                <\/div>\r\n\t\t\t\t        <\/div>\r\n\t\t Elegir Moneda<\/p>\n<p><em>Grillo, insectos comestibles<\/em> preparado con \u00abWasabi\u00bb \u2013 Gryllus Bimaculatus (bolsa de 25g)<\/p>\n<p><em>Grillo<\/em> ali\u00f1ado con wasabi. La mostaza japonesa, el wasabi es de la misma familia que el br\u00f3coli, el repollo&#8230; Crece de forma silvestre en los arroyos de monta\u00f1a de Jap\u00f3n como el Monte Fuji. El uso regular de wasabi ser\u00eda parcialmente responsable de la salud y la longevidad de los japoneses. La investigaci\u00f3n cient\u00edfica est\u00e1 en curso sobre el tema&#8230;<\/p>\n<p>\u00a1Dale sabor a tus <em>insectos para comer<\/em>!<\/p>\n","protected":false},"featured_media":10017,"comment_status":"open","ping_status":"closed","template":"","meta":[],"product_brand":[],"product_cat":[371],"product_tag":[],"class_list":{"0":"post-10016","1":"product","2":"type-product","3":"status-publish","4":"has-post-thumbnail","6":"product_cat-flavoured-es","8":"first","9":"instock","10":"shipping-taxable","11":"purchasable","12":"product-type-simple"},"_links":{"self":[{"href":"https:\/\/www.next-food.net\/es\/wp-json\/wp\/v2\/product\/10016","targetHints":{"allow":["GET"]}}],"collection":[{"href":"https:\/\/www.next-food.net\/es\/wp-json\/wp\/v2\/product"}],"about":[{"href":"https:\/\/www.next-food.net\/es\/wp-json\/wp\/v2\/types\/product"}],"replies":[{"embeddable":true,"href":"https:\/\/www.next-food.net\/es\/wp-json\/wp\/v2\/comments?post=10016"}],"wp:featuredmedia":[{"embeddable":true,"href":"https:\/\/www.next-food.net\/es\/wp-json\/wp\/v2\/media\/10017"}],"wp:attachment":[{"href":"https:\/\/www.next-food.net\/es\/wp-json\/wp\/v2\/media?parent=10016"}],"wp:term":[{"taxonomy":"product_brand","embeddable":true,"href":"https:\/\/www.next-food.net\/es\/wp-json\/wp\/v2\/product_brand?post=10016"},{"taxonomy":"product_cat","embeddable":true,"href":"https:\/\/www.next-food.net\/es\/wp-json\/wp\/v2\/product_cat?post=10016"},{"taxonomy":"product_tag","embeddable":true,"href":"https:\/\/www.next-food.net\/es\/wp-json\/wp\/v2\/product_tag?post=10016"}],"curies":[{"name":"wp","href":"https:\/\/api.w.org\/{rel}","templated":true}]}}